{"id":610107,"date":"2025-10-24T14:44:49","date_gmt":"2025-10-24T12:44:49","guid":{"rendered":"https:\/\/selleetools.com\/?post_type=product&#038;p=610107"},"modified":"2025-12-02T21:06:42","modified_gmt":"2025-12-02T20:06:42","slug":"tirtir-uv-shield-sun-scereen-50-ml-krem-z-filtrem-spf50","status":"publish","type":"product","link":"https:\/\/selleetools.com\/pl\/product\/tirtir-uv-shield-sun-scereen-50-ml-krem-z-filtrem-spf50\/","title":{"rendered":"TIRTIR UV SHIELD SUN SCEREEN 50 ml &#8211; krem z filtrem SPF50+"},"content":{"rendered":"<p>Lekki krem z wysok\u0105 ochron\u0105 SPF50+, kt\u00f3ry skutecznie chroni przed promieniowaniem UVA i UVB, jednocze\u015bnie dbaj\u0105c o kondycj\u0119 sk\u00f3ry. Dzi\u0119ki po\u0142\u0105czeniu kwasu hialuronowego, kolagenu ro\u015blinnego, aloesu i pantenolu, zapewnia intensywne nawil\u017cenie, ukojenie i komfort noszenia przez ca\u0142y dzie\u0144.<\/p>\n<p>Formu\u0142a szybko si\u0119 wch\u0142ania, nie pozostawia t\u0142ustej warstwy ani bia\u0142ych \u015blad\u00f3w, dzi\u0119ki czemu \u015bwietnie sprawdzi si\u0119 zar\u00f3wno solo, jak i pod makija\u017c. Odpowiedni do codziennego stosowania, r\u00f3wnie\u017c przy cerze wra\u017cliwej.<\/p>\n<p>Korzy\u015bci:<br \/>\nSkuteczna ochrona SPF50+ przed UVA i UVB<br \/>\nG\u0142\u0119bokie nawil\u017cenie dzi\u0119ki kwasowi hialuronowemu i kolagenowi ro\u015blinnemu<br \/>\nUkojenie podra\u017cnie\u0144 \u2013 aloes i pantenol<br \/>\nLekka, niet\u0142usta konsystencja bez bia\u0142ej warstwy<br \/>\nIdealny pod makija\u017c, odpowiedni na co dzie\u0144<\/p>\n<p>Spos\u00f3b u\u017cycia: Na\u0142\u00f3\u017c r\u00f3wnomiernie na oczyszczon\u0105 sk\u00f3r\u0119 twarzy i szyi 15 minut przed ekspozycj\u0105 na s\u0142o\u0144ce. Aplikacj\u0119 powtarzaj co 2\u20133 godziny oraz po k\u0105pieli lub osuszeniu sk\u00f3ry r\u0119cznikiem.<\/p>\n","protected":false},"excerpt":{"rendered":"<p>Lekki krem z wysok\u0105 ochron\u0105 SPF50+, kt\u00f3ry skutecznie chroni przed promieniowaniem UVA i UVB, jednocze\u015bnie dbaj\u0105c o kondycj\u0119 sk\u00f3ry. Dzi\u0119ki po\u0142\u0105czeniu kwasu hialuronowego, kolagenu ro\u015blinnego, aloesu i pantenolu, zapewnia intensywne nawil\u017cenie, ukojenie i komfort noszenia przez ca\u0142y dzie\u0144. Formu\u0142a szybko si\u0119 wch\u0142ania, nie pozostawia t\u0142ustej warstwy ani bia\u0142ych \u015blad\u00f3w, dzi\u0119ki czemu \u015bwietnie sprawdzi si\u0119 zar\u00f3wno &#8230; <a title=\"TIRTIR UV SHIELD SUN SCEREEN 50 ml &#8211; krem z filtrem SPF50+\" class=\"read-more\" href=\"https:\/\/selleetools.com\/pl\/product\/tirtir-uv-shield-sun-scereen-50-ml-krem-z-filtrem-spf50\/\">Read more<span class=\"screen-reader-text\">TIRTIR UV SHIELD SUN SCEREEN 50 ml &#8211; krem z filtrem SPF50+<\/span><\/a><\/p>\n","protected":false},"featured_media":610105,"comment_status":"open","ping_status":"closed","template":"","meta":{"_links_to":"","_links_to_target":""},"yoast_head":"<!-- This site is optimized with the Yoast SEO plugin v19.4 - https:\/\/yoast.com\/wordpress\/plugins\/seo\/ -->\n<title>TIRTIR UV SHIELD SUN SCEREEN 50 ml - krem z filtrem SPF50+ - Selleetools.com<\/title>\n<meta name=\"robots\" content=\"index, follow, max-snippet:-1, max-image-preview:large, max-video-preview:-1\" \/>\n<link rel=\"canonical\" href=\"https:\/\/selleetools.com\/pl\/product\/tirtir-uv-shield-sun-scereen-50-ml-krem-z-filtrem-spf50\/\" \/>\n<meta property=\"og:locale\" content=\"pl_PL\" \/>\n<meta property=\"og:type\" content=\"article\" \/>\n<meta property=\"og:title\" content=\"TIRTIR UV SHIELD SUN SCEREEN 50 ml - krem z filtrem SPF50+ - Selleetools.com\" \/>\n<meta property=\"og:description\" content=\"Lekki krem z wysok\u0105 ochron\u0105 SPF50+, kt\u00f3ry skutecznie chroni przed promieniowaniem UVA i UVB, jednocze\u015bnie dbaj\u0105c o kondycj\u0119 sk\u00f3ry. Dzi\u0119ki po\u0142\u0105czeniu kwasu hialuronowego, kolagenu ro\u015blinnego, aloesu i pantenolu, zapewnia intensywne nawil\u017cenie, ukojenie i komfort noszenia przez ca\u0142y dzie\u0144. Formu\u0142a szybko si\u0119 wch\u0142ania, nie pozostawia t\u0142ustej warstwy ani bia\u0142ych \u015blad\u00f3w, dzi\u0119ki czemu \u015bwietnie sprawdzi si\u0119 zar\u00f3wno ... Read moreTIRTIR UV SHIELD SUN SCEREEN 50 ml &#8211; krem z filtrem SPF50+\" \/>\n<meta property=\"og:url\" content=\"https:\/\/selleetools.com\/pl\/product\/tirtir-uv-shield-sun-scereen-50-ml-krem-z-filtrem-spf50\/\" \/>\n<meta property=\"og:site_name\" content=\"Selleetools.com\" \/>\n<meta property=\"article:modified_time\" content=\"2025-12-02T20:06:42+00:00\" \/>\n<meta property=\"og:image\" content=\"https:\/\/selleetools.com\/wp-content\/uploads\/2025\/10\/ea928b2ca9b15d6c3cad564e81acdd71.png\" \/>\n\t<meta property=\"og:image:width\" content=\"1200\" \/>\n\t<meta property=\"og:image:height\" content=\"1200\" \/>\n\t<meta property=\"og:image:type\" content=\"image\/png\" \/>\n<meta name=\"twitter:card\" content=\"summary_large_image\" \/>\n<meta name=\"twitter:label1\" content=\"Est. reading time\" \/>\n\t<meta name=\"twitter:data1\" content=\"1 minuta\" \/>\n<!-- \/ Yoast SEO plugin. -->","yoast_head_json":{"title":"TIRTIR UV SHIELD SUN SCEREEN 50 ml - krem z filtrem SPF50+ - Selleetools.com","robots":{"index":"index","follow":"follow","max-snippet":"max-snippet:-1","max-image-preview":"max-image-preview:large","max-video-preview":"max-video-preview:-1"},"canonical":"https:\/\/selleetools.com\/pl\/product\/tirtir-uv-shield-sun-scereen-50-ml-krem-z-filtrem-spf50\/","og_locale":"pl_PL","og_type":"article","og_title":"TIRTIR UV SHIELD SUN SCEREEN 50 ml - krem z filtrem SPF50+ - Selleetools.com","og_description":"Lekki krem z wysok\u0105 ochron\u0105 SPF50+, kt\u00f3ry skutecznie chroni przed promieniowaniem UVA i UVB, jednocze\u015bnie dbaj\u0105c o kondycj\u0119 sk\u00f3ry. Dzi\u0119ki po\u0142\u0105czeniu kwasu hialuronowego, kolagenu ro\u015blinnego, aloesu i pantenolu, zapewnia intensywne nawil\u017cenie, ukojenie i komfort noszenia przez ca\u0142y dzie\u0144. Formu\u0142a szybko si\u0119 wch\u0142ania, nie pozostawia t\u0142ustej warstwy ani bia\u0142ych \u015blad\u00f3w, dzi\u0119ki czemu \u015bwietnie sprawdzi si\u0119 zar\u00f3wno ... Read moreTIRTIR UV SHIELD SUN SCEREEN 50 ml &#8211; krem z filtrem SPF50+","og_url":"https:\/\/selleetools.com\/pl\/product\/tirtir-uv-shield-sun-scereen-50-ml-krem-z-filtrem-spf50\/","og_site_name":"Selleetools.com","article_modified_time":"2025-12-02T20:06:42+00:00","og_image":[{"width":1200,"height":1200,"url":"https:\/\/selleetools.com\/wp-content\/uploads\/2025\/10\/ea928b2ca9b15d6c3cad564e81acdd71.png","type":"image\/png"}],"twitter_card":"summary_large_image","twitter_misc":{"Est. reading time":"1 minuta"},"schema":{"@context":"https:\/\/schema.org","@graph":[{"@type":"Organization","@id":"https:\/\/selleetools.com\/#organization","name":"Selleetools","url":"https:\/\/selleetools.com\/","sameAs":[],"logo":{"@type":"ImageObject","inLanguage":"pl-PL","@id":"https:\/\/selleetools.com\/#\/schema\/logo\/image\/","url":"https:\/\/selleetools.com\/wp-content\/uploads\/2021\/10\/logo-dark.png","contentUrl":"https:\/\/selleetools.com\/wp-content\/uploads\/2021\/10\/logo-dark.png","width":320,"height":76,"caption":"Selleetools"},"image":{"@id":"https:\/\/selleetools.com\/#\/schema\/logo\/image\/"}},{"@type":"WebSite","@id":"https:\/\/selleetools.com\/#website","url":"https:\/\/selleetools.com\/","name":"Selleetools.com","description":"","publisher":{"@id":"https:\/\/selleetools.com\/#organization"},"potentialAction":[{"@type":"SearchAction","target":{"@type":"EntryPoint","urlTemplate":"https:\/\/selleetools.com\/?s={search_term_string}"},"query-input":"required name=search_term_string"}],"inLanguage":"pl-PL"},{"@type":"WebPage","@id":"https:\/\/selleetools.com\/pl\/product\/tirtir-uv-shield-sun-scereen-50-ml-krem-z-filtrem-spf50\/","url":"https:\/\/selleetools.com\/pl\/product\/tirtir-uv-shield-sun-scereen-50-ml-krem-z-filtrem-spf50\/","name":"TIRTIR UV SHIELD SUN SCEREEN 50 ml - krem z filtrem SPF50+ - Selleetools.com","isPartOf":{"@id":"https:\/\/selleetools.com\/#website"},"datePublished":"2025-10-24T12:44:49+00:00","dateModified":"2025-12-02T20:06:42+00:00","breadcrumb":{"@id":"https:\/\/selleetools.com\/pl\/product\/tirtir-uv-shield-sun-scereen-50-ml-krem-z-filtrem-spf50\/#breadcrumb"},"inLanguage":"pl-PL","potentialAction":[{"@type":"ReadAction","target":["https:\/\/selleetools.com\/pl\/product\/tirtir-uv-shield-sun-scereen-50-ml-krem-z-filtrem-spf50\/"]}]},{"@type":"BreadcrumbList","@id":"https:\/\/selleetools.com\/pl\/product\/tirtir-uv-shield-sun-scereen-50-ml-krem-z-filtrem-spf50\/#breadcrumb","itemListElement":[{"@type":"ListItem","position":1,"name":"Home","item":"https:\/\/selleetools.com\/pl\/"},{"@type":"ListItem","position":2,"name":"Katalog","item":"https:\/\/selleetools.com\/pl\/katalog\/"},{"@type":"ListItem","position":3,"name":"TIRTIR UV SHIELD SUN SCEREEN 50 ml &#8211; krem z filtrem SPF50+"}]}]}},"_links":{"self":[{"href":"https:\/\/selleetools.com\/pl\/wp-json\/wp\/v2\/product\/610107"}],"collection":[{"href":"https:\/\/selleetools.com\/pl\/wp-json\/wp\/v2\/product"}],"about":[{"href":"https:\/\/selleetools.com\/pl\/wp-json\/wp\/v2\/types\/product"}],"replies":[{"embeddable":true,"href":"https:\/\/selleetools.com\/pl\/wp-json\/wp\/v2\/comments?post=610107"}],"wp:featuredmedia":[{"embeddable":true,"href":"https:\/\/selleetools.com\/pl\/wp-json\/wp\/v2\/media\/610105"}],"wp:attachment":[{"href":"https:\/\/selleetools.com\/pl\/wp-json\/wp\/v2\/media?parent=610107"}],"curies":[{"name":"wp","href":"https:\/\/api.w.org\/{rel}","templated":true}]}}