{"id":610080,"date":"2025-10-24T14:44:21","date_gmt":"2025-10-24T12:44:21","guid":{"rendered":"https:\/\/selleetools.com\/?post_type=product&#038;p=610080"},"modified":"2025-11-21T10:41:09","modified_gmt":"2025-11-21T09:41:09","slug":"medicube-age-r-booster-pro-ex-pink-urzadzenie-do-pielegnacji-twarzy","status":"publish","type":"product","link":"https:\/\/selleetools.com\/pl\/product\/medicube-age-r-booster-pro-ex-pink-urzadzenie-do-pielegnacji-twarzy\/","title":{"rendered":"Medicube AGE-R BOOSTER PRO EX PINK &#8211; urz\u0105dzenie do piel\u0119gnacji twarzy"},"content":{"rendered":"<p>Zaawansowane urz\u0105dzenie piel\u0119gnacyjne nowej generacji, kt\u00f3re \u0142\u0105czy w sobie 6 innowacyjnych technologii: elektroporacj\u0119, mikropr\u0105d, EMS, mikronak\u0142ucia elektryczne, terapi\u0119 \u015bwiat\u0142em LED i wibracje soniczne. AGE-R Booster Pro to domowe urz\u0105dzenie o jako\u015bci profesjonalnego sprz\u0119tu kosmetologicznego \u2013 zaprojektowane, aby poprawi\u0107 wch\u0142anianie kosmetyk\u00f3w, uj\u0119drni\u0107 sk\u00f3r\u0119, zredukowa\u0107 widoczno\u015b\u0107 por\u00f3w i nada\u0107 cerze zdrowy, promienny wygl\u0105d.<\/p>\n<p>Dzi\u0119ki czterem trybom pracy mo\u017cesz dopasowa\u0107 zabieg do potrzeb sk\u00f3ry:<br \/>\nBooster Mode (Electroporation) \u2013 zwi\u0119ksza wch\u0142anianie sk\u0142adnik\u00f3w aktywnych, poprawia nawil\u017cenie i blask sk\u00f3ry.<br \/>\nMC Mode (Microcurrent) \u2013 dzia\u0142a na linie mimiczne, wzmacnia napi\u0119cie sk\u00f3ry i poprawia kontur twarzy.<br \/>\nDerma Shot Mode (EMS) \u2013 stymuluje mi\u0119\u015bnie twarzy, uj\u0119drnia i zmniejsza opadaj\u0105ce partie sk\u00f3ry.<br \/>\nAir Shot Mode (Electric Needles) \u2013 wspiera elastyczno\u015b\u0107 por\u00f3w, redukuje ich widoczno\u015b\u0107 i wyg\u0142adza powierzchni\u0119 sk\u00f3ry.<\/p>\n<p>Urz\u0105dzenie wyposa\u017cone jest tak\u017ce w terapi\u0119 \u015bwiat\u0142em LED w 5 kolorach, kt\u00f3re odpowiadaj\u0105 na r\u00f3\u017cne potrzeby sk\u00f3ry \u2013 od kontroli sebum, przez rozja\u015bnianie, a\u017c po popraw\u0119 j\u0119drno\u015bci i wsparcie dzia\u0142ania kosmetyk\u00f3w.<\/p>\n<p>Korzy\u015bci:<br \/>\nPoprawia wch\u0142anianie sk\u0142adnik\u00f3w aktywnych a\u017c o 785%<br \/>\nWzmacnia nawil\u017cenie i elastyczno\u015b\u0107 sk\u00f3ry<br \/>\nRozja\u015bnia przebarwienia i wyr\u00f3wnuje koloryt<br \/>\nRedukuje widoczno\u015b\u0107 por\u00f3w i wyg\u0142adza sk\u00f3r\u0119<br \/>\nUj\u0119drnia i poprawia kontur twarzy<br \/>\nBezpieczne, bezbolesne i odpowiednie dla ka\u017cdego typu sk\u00f3ry<\/p>\n<p>Nowoczesne funkcje dodatkowe:<br \/>\nCzujnik kontaktu ze sk\u00f3r\u0105 \u2013 uruchamia LED tylko przy prawid\u0142owym u\u017cytkowaniu<br \/>\nWsp\u00f3\u0142praca z aplikacj\u0105 AGE-R App \u2013 spersonalizowane programy, kalendarz piel\u0119gnacyjny, \u015bledzenie efekt\u00f3w<br \/>\n5 rodzaj\u00f3w wibracji dopasowanych do tryb\u00f3w piel\u0119gnacji<\/p>\n<p>Spos\u00f3b u\u017cycia:<br \/>\nBooster Mode, MC Mode, Derma Shot Mode \u2013 1\u20133 razy dziennie (5\u201310 min)<br \/>\nAir Shot Mode \u2013 2\u20133 razy w tygodniu (ok. 5 min)<br \/>\nU\u017cywaj na oczyszczon\u0105 sk\u00f3r\u0119 po aplikacji serum lub kremu.<\/p>\n","protected":false},"excerpt":{"rendered":"<p>Zaawansowane urz\u0105dzenie piel\u0119gnacyjne nowej generacji, kt\u00f3re \u0142\u0105czy w sobie 6 innowacyjnych technologii: elektroporacj\u0119, mikropr\u0105d, EMS, mikronak\u0142ucia elektryczne, terapi\u0119 \u015bwiat\u0142em LED i wibracje soniczne. AGE-R Booster Pro to domowe urz\u0105dzenie o jako\u015bci profesjonalnego sprz\u0119tu kosmetologicznego \u2013 zaprojektowane, aby poprawi\u0107 wch\u0142anianie kosmetyk\u00f3w, uj\u0119drni\u0107 sk\u00f3r\u0119, zredukowa\u0107 widoczno\u015b\u0107 por\u00f3w i nada\u0107 cerze zdrowy, promienny wygl\u0105d. Dzi\u0119ki czterem trybom pracy &#8230; <a title=\"Medicube AGE-R BOOSTER PRO EX PINK &#8211; urz\u0105dzenie do piel\u0119gnacji twarzy\" class=\"read-more\" href=\"https:\/\/selleetools.com\/pl\/product\/medicube-age-r-booster-pro-ex-pink-urzadzenie-do-pielegnacji-twarzy\/\">Read more<span class=\"screen-reader-text\">Medicube AGE-R BOOSTER PRO EX PINK &#8211; urz\u0105dzenie do piel\u0119gnacji twarzy<\/span><\/a><\/p>\n","protected":false},"featured_media":610078,"comment_status":"open","ping_status":"closed","template":"","meta":{"_links_to":"","_links_to_target":""},"yoast_head":"<!-- This site is optimized with the Yoast SEO plugin v19.4 - https:\/\/yoast.com\/wordpress\/plugins\/seo\/ -->\n<title>Medicube AGE-R BOOSTER PRO EX PINK - urz\u0105dzenie do piel\u0119gnacji twarzy - Selleetools.com<\/title>\n<meta name=\"robots\" content=\"index, follow, max-snippet:-1, max-image-preview:large, max-video-preview:-1\" \/>\n<link rel=\"canonical\" href=\"https:\/\/admincentral.selleetools.com\/product\/medicube-age-r-booster-pro-ex-pink-urzadzenie-do-pielegnacji-twarzy\/\" \/>\n<meta property=\"og:locale\" content=\"pl_PL\" \/>\n<meta property=\"og:type\" content=\"article\" \/>\n<meta property=\"og:title\" content=\"Medicube AGE-R BOOSTER PRO EX PINK - urz\u0105dzenie do piel\u0119gnacji twarzy - Selleetools.com\" \/>\n<meta property=\"og:description\" content=\"Zaawansowane urz\u0105dzenie piel\u0119gnacyjne nowej generacji, kt\u00f3re \u0142\u0105czy w sobie 6 innowacyjnych technologii: elektroporacj\u0119, mikropr\u0105d, EMS, mikronak\u0142ucia elektryczne, terapi\u0119 \u015bwiat\u0142em LED i wibracje soniczne. AGE-R Booster Pro to domowe urz\u0105dzenie o jako\u015bci profesjonalnego sprz\u0119tu kosmetologicznego \u2013 zaprojektowane, aby poprawi\u0107 wch\u0142anianie kosmetyk\u00f3w, uj\u0119drni\u0107 sk\u00f3r\u0119, zredukowa\u0107 widoczno\u015b\u0107 por\u00f3w i nada\u0107 cerze zdrowy, promienny wygl\u0105d. Dzi\u0119ki czterem trybom pracy ... Read moreMedicube AGE-R BOOSTER PRO EX PINK &#8211; urz\u0105dzenie do piel\u0119gnacji twarzy\" \/>\n<meta property=\"og:url\" content=\"https:\/\/admincentral.selleetools.com\/product\/medicube-age-r-booster-pro-ex-pink-urzadzenie-do-pielegnacji-twarzy\/\" \/>\n<meta property=\"og:site_name\" content=\"Selleetools.com\" \/>\n<meta property=\"article:modified_time\" content=\"2025-11-21T09:41:09+00:00\" \/>\n<meta property=\"og:image\" content=\"https:\/\/selleetools.com\/wp-content\/uploads\/2025\/10\/14b55d19e373f17fc810bd30e9d420d3.png\" \/>\n\t<meta property=\"og:image:width\" content=\"1200\" \/>\n\t<meta property=\"og:image:height\" content=\"1200\" \/>\n\t<meta property=\"og:image:type\" content=\"image\/png\" \/>\n<meta name=\"twitter:card\" content=\"summary_large_image\" \/>\n<meta name=\"twitter:label1\" content=\"Est. reading time\" \/>\n\t<meta name=\"twitter:data1\" content=\"2 minuty\" \/>\n<!-- \/ Yoast SEO plugin. -->","yoast_head_json":{"title":"Medicube AGE-R BOOSTER PRO EX PINK - urz\u0105dzenie do piel\u0119gnacji twarzy - Selleetools.com","robots":{"index":"index","follow":"follow","max-snippet":"max-snippet:-1","max-image-preview":"max-image-preview:large","max-video-preview":"max-video-preview:-1"},"canonical":"https:\/\/admincentral.selleetools.com\/product\/medicube-age-r-booster-pro-ex-pink-urzadzenie-do-pielegnacji-twarzy\/","og_locale":"pl_PL","og_type":"article","og_title":"Medicube AGE-R BOOSTER PRO EX PINK - urz\u0105dzenie do piel\u0119gnacji twarzy - Selleetools.com","og_description":"Zaawansowane urz\u0105dzenie piel\u0119gnacyjne nowej generacji, kt\u00f3re \u0142\u0105czy w sobie 6 innowacyjnych technologii: elektroporacj\u0119, mikropr\u0105d, EMS, mikronak\u0142ucia elektryczne, terapi\u0119 \u015bwiat\u0142em LED i wibracje soniczne. AGE-R Booster Pro to domowe urz\u0105dzenie o jako\u015bci profesjonalnego sprz\u0119tu kosmetologicznego \u2013 zaprojektowane, aby poprawi\u0107 wch\u0142anianie kosmetyk\u00f3w, uj\u0119drni\u0107 sk\u00f3r\u0119, zredukowa\u0107 widoczno\u015b\u0107 por\u00f3w i nada\u0107 cerze zdrowy, promienny wygl\u0105d. Dzi\u0119ki czterem trybom pracy ... Read moreMedicube AGE-R BOOSTER PRO EX PINK &#8211; urz\u0105dzenie do piel\u0119gnacji twarzy","og_url":"https:\/\/admincentral.selleetools.com\/product\/medicube-age-r-booster-pro-ex-pink-urzadzenie-do-pielegnacji-twarzy\/","og_site_name":"Selleetools.com","article_modified_time":"2025-11-21T09:41:09+00:00","og_image":[{"width":1200,"height":1200,"url":"https:\/\/selleetools.com\/wp-content\/uploads\/2025\/10\/14b55d19e373f17fc810bd30e9d420d3.png","type":"image\/png"}],"twitter_card":"summary_large_image","twitter_misc":{"Est. reading time":"2 minuty"},"schema":{"@context":"https:\/\/schema.org","@graph":[{"@type":"Organization","@id":"https:\/\/selleetools.com\/#organization","name":"Selleetools","url":"https:\/\/selleetools.com\/","sameAs":[],"logo":{"@type":"ImageObject","inLanguage":"pl-PL","@id":"https:\/\/selleetools.com\/#\/schema\/logo\/image\/","url":"https:\/\/selleetools.com\/wp-content\/uploads\/2021\/10\/logo-dark.png","contentUrl":"https:\/\/selleetools.com\/wp-content\/uploads\/2021\/10\/logo-dark.png","width":320,"height":76,"caption":"Selleetools"},"image":{"@id":"https:\/\/selleetools.com\/#\/schema\/logo\/image\/"}},{"@type":"WebSite","@id":"https:\/\/selleetools.com\/#website","url":"https:\/\/selleetools.com\/","name":"Selleetools.com","description":"","publisher":{"@id":"https:\/\/selleetools.com\/#organization"},"potentialAction":[{"@type":"SearchAction","target":{"@type":"EntryPoint","urlTemplate":"https:\/\/selleetools.com\/?s={search_term_string}"},"query-input":"required name=search_term_string"}],"inLanguage":"pl-PL"},{"@type":"WebPage","@id":"https:\/\/admincentral.selleetools.com\/product\/medicube-age-r-booster-pro-ex-pink-urzadzenie-do-pielegnacji-twarzy\/","url":"https:\/\/admincentral.selleetools.com\/product\/medicube-age-r-booster-pro-ex-pink-urzadzenie-do-pielegnacji-twarzy\/","name":"Medicube AGE-R BOOSTER PRO EX PINK - urz\u0105dzenie do piel\u0119gnacji twarzy - Selleetools.com","isPartOf":{"@id":"https:\/\/selleetools.com\/#website"},"datePublished":"2025-10-24T12:44:21+00:00","dateModified":"2025-11-21T09:41:09+00:00","breadcrumb":{"@id":"https:\/\/admincentral.selleetools.com\/product\/medicube-age-r-booster-pro-ex-pink-urzadzenie-do-pielegnacji-twarzy\/#breadcrumb"},"inLanguage":"pl-PL","potentialAction":[{"@type":"ReadAction","target":["https:\/\/admincentral.selleetools.com\/product\/medicube-age-r-booster-pro-ex-pink-urzadzenie-do-pielegnacji-twarzy\/"]}]},{"@type":"BreadcrumbList","@id":"https:\/\/admincentral.selleetools.com\/product\/medicube-age-r-booster-pro-ex-pink-urzadzenie-do-pielegnacji-twarzy\/#breadcrumb","itemListElement":[{"@type":"ListItem","position":1,"name":"Home","item":"https:\/\/selleetools.com\/pl\/"},{"@type":"ListItem","position":2,"name":"Katalog","item":"https:\/\/selleetools.com\/pl\/katalog\/"},{"@type":"ListItem","position":3,"name":"Medicube AGE-R BOOSTER PRO EX PINK &#8211; urz\u0105dzenie do piel\u0119gnacji twarzy"}]}]}},"_links":{"self":[{"href":"https:\/\/selleetools.com\/pl\/wp-json\/wp\/v2\/product\/610080"}],"collection":[{"href":"https:\/\/selleetools.com\/pl\/wp-json\/wp\/v2\/product"}],"about":[{"href":"https:\/\/selleetools.com\/pl\/wp-json\/wp\/v2\/types\/product"}],"replies":[{"embeddable":true,"href":"https:\/\/selleetools.com\/pl\/wp-json\/wp\/v2\/comments?post=610080"}],"wp:featuredmedia":[{"embeddable":true,"href":"https:\/\/selleetools.com\/pl\/wp-json\/wp\/v2\/media\/610078"}],"wp:attachment":[{"href":"https:\/\/selleetools.com\/pl\/wp-json\/wp\/v2\/media?parent=610080"}],"curies":[{"name":"wp","href":"https:\/\/api.w.org\/{rel}","templated":true}]}}