{"id":610077,"date":"2025-10-24T14:44:19","date_gmt":"2025-10-24T12:44:19","guid":{"rendered":"https:\/\/selleetools.com\/?post_type=product&#038;p=610077"},"modified":"2025-11-05T12:01:57","modified_gmt":"2025-11-05T11:01:57","slug":"cos-de-baha-gn-galactomyces-94-serum-30ml-serum-rozjasniajaco-nawilzajace","status":"publish","type":"product","link":"https:\/\/selleetools.com\/pl\/product\/cos-de-baha-gn-galactomyces-94-serum-30ml-serum-rozjasniajaco-nawilzajace\/","title":{"rendered":"COS DE BAHA &#8211; GN Galactomyces 94 Serum, 30ml serum rozja\u015bniaj\u0105co-nawil\u017caj\u0105ce"},"content":{"rendered":"<p>Lekkie, wodne serum stworzone z my\u015bl\u0105 o sk\u00f3rze matowej, nier\u00f3wnej i pozbawionej blasku. Formu\u0142a z 94% Galactomyces Ferment Filtrate intensywnie nawil\u017ca, wyg\u0142adza i poprawia elastyczno\u015b\u0107 sk\u00f3ry. Dodatek niacynamidu (2%) wspiera barier\u0119 ochronn\u0105, reguluje wydzielanie sebum i dzia\u0142a przeciwzapalnie, a kwas hialuronowy dba o g\u0142\u0119bokie nawodnienie. Regularne stosowanie sprawia, \u017ce sk\u00f3ra staje si\u0119 roz\u015bwietlona, mi\u0119kka, j\u0119drna i bardziej odporna na czynniki zewn\u0119trzne.<\/p>\n<p>Korzy\u015bci dla sk\u00f3ry<br \/>\nIntensywnie nawil\u017ca i poprawia spr\u0119\u017cysto\u015b\u0107 sk\u00f3ry.<br \/>\nWyg\u0142adza i poprawia struktur\u0119 cery.<br \/>\nRoz\u015bwietla i nadaje zdrowy blask.<br \/>\nWzmacnia barier\u0119 hydrolipidow\u0105.<br \/>\nReguluje nadmiar sebum i zmniejsza widoczno\u015b\u0107 por\u00f3w.<br \/>\n\u0141agodzi podra\u017cnienia i zaczerwienienia.<br \/>\nPoprawia og\u00f3lny koloryt sk\u00f3ry.<\/p>\n<p>Spos\u00f3b u\u017cycia: Stosuj 2\u20133 razy w tygodniu, wieczorem na oczyszczon\u0105 i stonizowan\u0105 sk\u00f3r\u0119. Na\u0142\u00f3\u017c kilka kropli serum na twarz i delikatnie wklep dla lepszego wch\u0142oni\u0119cia. Nast\u0119pnie u\u017cyj kremu nawil\u017caj\u0105cego. W ci\u0105gu dnia zawsze nak\u0142adaj krem z filtrem SPF.<\/p>\n","protected":false},"excerpt":{"rendered":"<p>Lekkie, wodne serum stworzone z my\u015bl\u0105 o sk\u00f3rze matowej, nier\u00f3wnej i pozbawionej blasku. Formu\u0142a z 94% Galactomyces Ferment Filtrate intensywnie nawil\u017ca, wyg\u0142adza i poprawia elastyczno\u015b\u0107 sk\u00f3ry. Dodatek niacynamidu (2%) wspiera barier\u0119 ochronn\u0105, reguluje wydzielanie sebum i dzia\u0142a przeciwzapalnie, a kwas hialuronowy dba o g\u0142\u0119bokie nawodnienie. Regularne stosowanie sprawia, \u017ce sk\u00f3ra staje si\u0119 roz\u015bwietlona, mi\u0119kka, j\u0119drna &#8230; <a title=\"COS DE BAHA &#8211; GN Galactomyces 94 Serum, 30ml serum rozja\u015bniaj\u0105co-nawil\u017caj\u0105ce\" class=\"read-more\" href=\"https:\/\/selleetools.com\/pl\/product\/cos-de-baha-gn-galactomyces-94-serum-30ml-serum-rozjasniajaco-nawilzajace\/\">Read more<span class=\"screen-reader-text\">COS DE BAHA &#8211; GN Galactomyces 94 Serum, 30ml serum rozja\u015bniaj\u0105co-nawil\u017caj\u0105ce<\/span><\/a><\/p>\n","protected":false},"featured_media":610075,"comment_status":"open","ping_status":"closed","template":"","meta":{"_links_to":"","_links_to_target":""},"yoast_head":"<!-- This site is optimized with the Yoast SEO plugin v19.4 - https:\/\/yoast.com\/wordpress\/plugins\/seo\/ -->\n<title>COS DE BAHA - GN Galactomyces 94 Serum, 30ml serum rozja\u015bniaj\u0105co-nawil\u017caj\u0105ce - Selleetools.com<\/title>\n<meta name=\"robots\" content=\"index, follow, max-snippet:-1, max-image-preview:large, max-video-preview:-1\" \/>\n<link rel=\"canonical\" href=\"https:\/\/selleetools.com\/product\/cos-de-baha-gn-galactomyces-94-serum-30ml-serum-rozjasniajaco-nawilzajace\/\" \/>\n<meta property=\"og:locale\" content=\"pl_PL\" \/>\n<meta property=\"og:type\" content=\"article\" \/>\n<meta property=\"og:title\" content=\"COS DE BAHA - GN Galactomyces 94 Serum, 30ml serum rozja\u015bniaj\u0105co-nawil\u017caj\u0105ce - Selleetools.com\" \/>\n<meta property=\"og:description\" content=\"Lekkie, wodne serum stworzone z my\u015bl\u0105 o sk\u00f3rze matowej, nier\u00f3wnej i pozbawionej blasku. Formu\u0142a z 94% Galactomyces Ferment Filtrate intensywnie nawil\u017ca, wyg\u0142adza i poprawia elastyczno\u015b\u0107 sk\u00f3ry. Dodatek niacynamidu (2%) wspiera barier\u0119 ochronn\u0105, reguluje wydzielanie sebum i dzia\u0142a przeciwzapalnie, a kwas hialuronowy dba o g\u0142\u0119bokie nawodnienie. Regularne stosowanie sprawia, \u017ce sk\u00f3ra staje si\u0119 roz\u015bwietlona, mi\u0119kka, j\u0119drna ... Read moreCOS DE BAHA &#8211; GN Galactomyces 94 Serum, 30ml serum rozja\u015bniaj\u0105co-nawil\u017caj\u0105ce\" \/>\n<meta property=\"og:url\" content=\"https:\/\/selleetools.com\/product\/cos-de-baha-gn-galactomyces-94-serum-30ml-serum-rozjasniajaco-nawilzajace\/\" \/>\n<meta property=\"og:site_name\" content=\"Selleetools.com\" \/>\n<meta property=\"article:modified_time\" content=\"2025-11-05T11:01:57+00:00\" \/>\n<meta property=\"og:image\" content=\"https:\/\/selleetools.com\/wp-content\/uploads\/2025\/10\/7bfd1273887392b7b607aad64161f685.png\" \/>\n\t<meta property=\"og:image:width\" content=\"1200\" \/>\n\t<meta property=\"og:image:height\" content=\"1200\" \/>\n\t<meta property=\"og:image:type\" content=\"image\/png\" \/>\n<meta name=\"twitter:card\" content=\"summary_large_image\" \/>\n<meta name=\"twitter:label1\" content=\"Est. reading time\" \/>\n\t<meta name=\"twitter:data1\" content=\"1 minuta\" \/>\n<!-- \/ Yoast SEO plugin. -->","yoast_head_json":{"title":"COS DE BAHA - GN Galactomyces 94 Serum, 30ml serum rozja\u015bniaj\u0105co-nawil\u017caj\u0105ce - Selleetools.com","robots":{"index":"index","follow":"follow","max-snippet":"max-snippet:-1","max-image-preview":"max-image-preview:large","max-video-preview":"max-video-preview:-1"},"canonical":"https:\/\/selleetools.com\/product\/cos-de-baha-gn-galactomyces-94-serum-30ml-serum-rozjasniajaco-nawilzajace\/","og_locale":"pl_PL","og_type":"article","og_title":"COS DE BAHA - GN Galactomyces 94 Serum, 30ml serum rozja\u015bniaj\u0105co-nawil\u017caj\u0105ce - Selleetools.com","og_description":"Lekkie, wodne serum stworzone z my\u015bl\u0105 o sk\u00f3rze matowej, nier\u00f3wnej i pozbawionej blasku. Formu\u0142a z 94% Galactomyces Ferment Filtrate intensywnie nawil\u017ca, wyg\u0142adza i poprawia elastyczno\u015b\u0107 sk\u00f3ry. Dodatek niacynamidu (2%) wspiera barier\u0119 ochronn\u0105, reguluje wydzielanie sebum i dzia\u0142a przeciwzapalnie, a kwas hialuronowy dba o g\u0142\u0119bokie nawodnienie. Regularne stosowanie sprawia, \u017ce sk\u00f3ra staje si\u0119 roz\u015bwietlona, mi\u0119kka, j\u0119drna ... Read moreCOS DE BAHA &#8211; GN Galactomyces 94 Serum, 30ml serum rozja\u015bniaj\u0105co-nawil\u017caj\u0105ce","og_url":"https:\/\/selleetools.com\/product\/cos-de-baha-gn-galactomyces-94-serum-30ml-serum-rozjasniajaco-nawilzajace\/","og_site_name":"Selleetools.com","article_modified_time":"2025-11-05T11:01:57+00:00","og_image":[{"width":1200,"height":1200,"url":"https:\/\/selleetools.com\/wp-content\/uploads\/2025\/10\/7bfd1273887392b7b607aad64161f685.png","type":"image\/png"}],"twitter_card":"summary_large_image","twitter_misc":{"Est. reading time":"1 minuta"},"schema":{"@context":"https:\/\/schema.org","@graph":[{"@type":"Organization","@id":"https:\/\/selleetools.com\/#organization","name":"Selleetools","url":"https:\/\/selleetools.com\/","sameAs":[],"logo":{"@type":"ImageObject","inLanguage":"pl-PL","@id":"https:\/\/selleetools.com\/#\/schema\/logo\/image\/","url":"https:\/\/selleetools.com\/wp-content\/uploads\/2021\/10\/logo-dark.png","contentUrl":"https:\/\/selleetools.com\/wp-content\/uploads\/2021\/10\/logo-dark.png","width":320,"height":76,"caption":"Selleetools"},"image":{"@id":"https:\/\/selleetools.com\/#\/schema\/logo\/image\/"}},{"@type":"WebSite","@id":"https:\/\/selleetools.com\/#website","url":"https:\/\/selleetools.com\/","name":"Selleetools.com","description":"","publisher":{"@id":"https:\/\/selleetools.com\/#organization"},"potentialAction":[{"@type":"SearchAction","target":{"@type":"EntryPoint","urlTemplate":"https:\/\/selleetools.com\/?s={search_term_string}"},"query-input":"required name=search_term_string"}],"inLanguage":"pl-PL"},{"@type":"WebPage","@id":"https:\/\/selleetools.com\/product\/cos-de-baha-gn-galactomyces-94-serum-30ml-serum-rozjasniajaco-nawilzajace\/","url":"https:\/\/selleetools.com\/product\/cos-de-baha-gn-galactomyces-94-serum-30ml-serum-rozjasniajaco-nawilzajace\/","name":"COS DE BAHA - GN Galactomyces 94 Serum, 30ml serum rozja\u015bniaj\u0105co-nawil\u017caj\u0105ce - Selleetools.com","isPartOf":{"@id":"https:\/\/selleetools.com\/#website"},"datePublished":"2025-10-24T12:44:19+00:00","dateModified":"2025-11-05T11:01:57+00:00","breadcrumb":{"@id":"https:\/\/selleetools.com\/product\/cos-de-baha-gn-galactomyces-94-serum-30ml-serum-rozjasniajaco-nawilzajace\/#breadcrumb"},"inLanguage":"pl-PL","potentialAction":[{"@type":"ReadAction","target":["https:\/\/selleetools.com\/product\/cos-de-baha-gn-galactomyces-94-serum-30ml-serum-rozjasniajaco-nawilzajace\/"]}]},{"@type":"BreadcrumbList","@id":"https:\/\/selleetools.com\/product\/cos-de-baha-gn-galactomyces-94-serum-30ml-serum-rozjasniajaco-nawilzajace\/#breadcrumb","itemListElement":[{"@type":"ListItem","position":1,"name":"Home","item":"https:\/\/selleetools.com\/pl\/"},{"@type":"ListItem","position":2,"name":"Katalog","item":"https:\/\/selleetools.com\/pl\/katalog\/"},{"@type":"ListItem","position":3,"name":"COS DE BAHA &#8211; GN Galactomyces 94 Serum, 30ml serum rozja\u015bniaj\u0105co-nawil\u017caj\u0105ce"}]}]}},"_links":{"self":[{"href":"https:\/\/selleetools.com\/pl\/wp-json\/wp\/v2\/product\/610077"}],"collection":[{"href":"https:\/\/selleetools.com\/pl\/wp-json\/wp\/v2\/product"}],"about":[{"href":"https:\/\/selleetools.com\/pl\/wp-json\/wp\/v2\/types\/product"}],"replies":[{"embeddable":true,"href":"https:\/\/selleetools.com\/pl\/wp-json\/wp\/v2\/comments?post=610077"}],"wp:featuredmedia":[{"embeddable":true,"href":"https:\/\/selleetools.com\/pl\/wp-json\/wp\/v2\/media\/610075"}],"wp:attachment":[{"href":"https:\/\/selleetools.com\/pl\/wp-json\/wp\/v2\/media?parent=610077"}],"curies":[{"name":"wp","href":"https:\/\/api.w.org\/{rel}","templated":true}]}}