{"id":610074,"date":"2025-10-24T14:44:16","date_gmt":"2025-10-24T12:44:16","guid":{"rendered":"https:\/\/selleetools.com\/?post_type=product&#038;p=610074"},"modified":"2025-11-05T12:01:54","modified_gmt":"2025-11-05T11:01:54","slug":"cos-de-baha-g-glycolic-acid-10-aha-serum-30ml-serum-zluszczajace-z-kwasem-aha","status":"publish","type":"product","link":"https:\/\/selleetools.com\/pl\/product\/cos-de-baha-g-glycolic-acid-10-aha-serum-30ml-serum-zluszczajace-z-kwasem-aha\/","title":{"rendered":"COS DE BAHA &#8211; G Glycolic Acid 10 AHA Serum, 30ml serum z\u0142uszczaj\u0105ce z kwasem AHA"},"content":{"rendered":"<p>Lekka, wodna formu\u0142a, kt\u00f3ra dzia\u0142a jak delikatny peeling chemiczny. 10% kwas glikolowy (AHA) skutecznie usuwa martwe kom\u00f3rki nask\u00f3rka, pobudza procesy regeneracji i odnowy sk\u00f3ry, a tym samym poprawia jej struktur\u0119 i nadaje zdrowy blask. Dodatek aloesu \u0142agodzi podra\u017cnienia, intensywnie nawil\u017ca i dzia\u0142a koj\u0105co, zapewniaj\u0105c komfort nawet podczas kuracji z\u0142uszczaj\u0105cej. Regularne stosowanie wyg\u0142adza cer\u0119, zmniejsza szorstko\u015b\u0107 i wyr\u00f3wnuje koloryt.<\/p>\n<p>Korzy\u015bci dla sk\u00f3ry<br \/>\nUsuwa martwe kom\u00f3rki nask\u00f3rka i odblokowuje pory.<br \/>\nPobudza procesy odnowy i regeneracji sk\u00f3ry.<br \/>\nWyg\u0142adza i rozja\u015bnia cer\u0119.<br \/>\nPoprawia jej elastyczno\u015b\u0107 i mi\u0119kko\u015b\u0107.<br \/>\n\u0141agodzi podra\u017cnienia i koi dzi\u0119ki ekstraktowi z aloesu.<br \/>\nNawil\u017ca i wspiera naturaln\u0105 barier\u0119 ochronn\u0105 sk\u00f3ry.<\/p>\n<p>Spos\u00f3b u\u017cycia<br \/>\nStosuj 2\u20133 razy w tygodniu, wieczorem na oczyszczon\u0105 i stonizowan\u0105 sk\u00f3r\u0119. Na\u0142\u00f3\u017c kilka kropli serum i delikatnie wklep dla lepszego wch\u0142oni\u0119cia, nast\u0119pnie u\u017cyj kremu nawil\u017caj\u0105cego. W ci\u0105gu dnia obowi\u0105zkowo stosuj krem z wysokim filtrem SPF.<\/p>\n","protected":false},"excerpt":{"rendered":"<p>Lekka, wodna formu\u0142a, kt\u00f3ra dzia\u0142a jak delikatny peeling chemiczny. 10% kwas glikolowy (AHA) skutecznie usuwa martwe kom\u00f3rki nask\u00f3rka, pobudza procesy regeneracji i odnowy sk\u00f3ry, a tym samym poprawia jej struktur\u0119 i nadaje zdrowy blask. Dodatek aloesu \u0142agodzi podra\u017cnienia, intensywnie nawil\u017ca i dzia\u0142a koj\u0105co, zapewniaj\u0105c komfort nawet podczas kuracji z\u0142uszczaj\u0105cej. Regularne stosowanie wyg\u0142adza cer\u0119, zmniejsza szorstko\u015b\u0107 &#8230; <a title=\"COS DE BAHA &#8211; G Glycolic Acid 10 AHA Serum, 30ml serum z\u0142uszczaj\u0105ce z kwasem AHA\" class=\"read-more\" href=\"https:\/\/selleetools.com\/pl\/product\/cos-de-baha-g-glycolic-acid-10-aha-serum-30ml-serum-zluszczajace-z-kwasem-aha\/\">Read more<span class=\"screen-reader-text\">COS DE BAHA &#8211; G Glycolic Acid 10 AHA Serum, 30ml serum z\u0142uszczaj\u0105ce z kwasem AHA<\/span><\/a><\/p>\n","protected":false},"featured_media":610072,"comment_status":"open","ping_status":"closed","template":"","meta":{"_links_to":"","_links_to_target":""},"yoast_head":"<!-- This site is optimized with the Yoast SEO plugin v19.4 - https:\/\/yoast.com\/wordpress\/plugins\/seo\/ -->\n<title>COS DE BAHA - G Glycolic Acid 10 AHA Serum, 30ml serum z\u0142uszczaj\u0105ce z kwasem AHA - Selleetools.com<\/title>\n<meta name=\"robots\" content=\"index, follow, max-snippet:-1, max-image-preview:large, max-video-preview:-1\" \/>\n<link rel=\"canonical\" href=\"https:\/\/selleetools.com\/pl\/product\/cos-de-baha-g-glycolic-acid-10-aha-serum-30ml-serum-zluszczajace-z-kwasem-aha\/\" \/>\n<meta property=\"og:locale\" content=\"pl_PL\" \/>\n<meta property=\"og:type\" content=\"article\" \/>\n<meta property=\"og:title\" content=\"COS DE BAHA - G Glycolic Acid 10 AHA Serum, 30ml serum z\u0142uszczaj\u0105ce z kwasem AHA - Selleetools.com\" \/>\n<meta property=\"og:description\" content=\"Lekka, wodna formu\u0142a, kt\u00f3ra dzia\u0142a jak delikatny peeling chemiczny. 10% kwas glikolowy (AHA) skutecznie usuwa martwe kom\u00f3rki nask\u00f3rka, pobudza procesy regeneracji i odnowy sk\u00f3ry, a tym samym poprawia jej struktur\u0119 i nadaje zdrowy blask. Dodatek aloesu \u0142agodzi podra\u017cnienia, intensywnie nawil\u017ca i dzia\u0142a koj\u0105co, zapewniaj\u0105c komfort nawet podczas kuracji z\u0142uszczaj\u0105cej. Regularne stosowanie wyg\u0142adza cer\u0119, zmniejsza szorstko\u015b\u0107 ... Read moreCOS DE BAHA &#8211; G Glycolic Acid 10 AHA Serum, 30ml serum z\u0142uszczaj\u0105ce z kwasem AHA\" \/>\n<meta property=\"og:url\" content=\"https:\/\/selleetools.com\/pl\/product\/cos-de-baha-g-glycolic-acid-10-aha-serum-30ml-serum-zluszczajace-z-kwasem-aha\/\" \/>\n<meta property=\"og:site_name\" content=\"Selleetools.com\" \/>\n<meta property=\"article:modified_time\" content=\"2025-11-05T11:01:54+00:00\" \/>\n<meta property=\"og:image\" content=\"https:\/\/selleetools.com\/wp-content\/uploads\/2025\/10\/e018179c9a6cb1515d70034240da4326.png\" \/>\n\t<meta property=\"og:image:width\" content=\"1200\" \/>\n\t<meta property=\"og:image:height\" content=\"1200\" \/>\n\t<meta property=\"og:image:type\" content=\"image\/png\" \/>\n<meta name=\"twitter:card\" content=\"summary_large_image\" \/>\n<meta name=\"twitter:label1\" content=\"Est. reading time\" \/>\n\t<meta name=\"twitter:data1\" content=\"1 minuta\" \/>\n<!-- \/ Yoast SEO plugin. -->","yoast_head_json":{"title":"COS DE BAHA - G Glycolic Acid 10 AHA Serum, 30ml serum z\u0142uszczaj\u0105ce z kwasem AHA - Selleetools.com","robots":{"index":"index","follow":"follow","max-snippet":"max-snippet:-1","max-image-preview":"max-image-preview:large","max-video-preview":"max-video-preview:-1"},"canonical":"https:\/\/selleetools.com\/pl\/product\/cos-de-baha-g-glycolic-acid-10-aha-serum-30ml-serum-zluszczajace-z-kwasem-aha\/","og_locale":"pl_PL","og_type":"article","og_title":"COS DE BAHA - G Glycolic Acid 10 AHA Serum, 30ml serum z\u0142uszczaj\u0105ce z kwasem AHA - Selleetools.com","og_description":"Lekka, wodna formu\u0142a, kt\u00f3ra dzia\u0142a jak delikatny peeling chemiczny. 10% kwas glikolowy (AHA) skutecznie usuwa martwe kom\u00f3rki nask\u00f3rka, pobudza procesy regeneracji i odnowy sk\u00f3ry, a tym samym poprawia jej struktur\u0119 i nadaje zdrowy blask. Dodatek aloesu \u0142agodzi podra\u017cnienia, intensywnie nawil\u017ca i dzia\u0142a koj\u0105co, zapewniaj\u0105c komfort nawet podczas kuracji z\u0142uszczaj\u0105cej. Regularne stosowanie wyg\u0142adza cer\u0119, zmniejsza szorstko\u015b\u0107 ... Read moreCOS DE BAHA &#8211; G Glycolic Acid 10 AHA Serum, 30ml serum z\u0142uszczaj\u0105ce z kwasem AHA","og_url":"https:\/\/selleetools.com\/pl\/product\/cos-de-baha-g-glycolic-acid-10-aha-serum-30ml-serum-zluszczajace-z-kwasem-aha\/","og_site_name":"Selleetools.com","article_modified_time":"2025-11-05T11:01:54+00:00","og_image":[{"width":1200,"height":1200,"url":"https:\/\/selleetools.com\/wp-content\/uploads\/2025\/10\/e018179c9a6cb1515d70034240da4326.png","type":"image\/png"}],"twitter_card":"summary_large_image","twitter_misc":{"Est. reading time":"1 minuta"},"schema":{"@context":"https:\/\/schema.org","@graph":[{"@type":"Organization","@id":"https:\/\/selleetools.com\/#organization","name":"Selleetools","url":"https:\/\/selleetools.com\/","sameAs":[],"logo":{"@type":"ImageObject","inLanguage":"pl-PL","@id":"https:\/\/selleetools.com\/#\/schema\/logo\/image\/","url":"https:\/\/selleetools.com\/wp-content\/uploads\/2021\/10\/logo-dark.png","contentUrl":"https:\/\/selleetools.com\/wp-content\/uploads\/2021\/10\/logo-dark.png","width":320,"height":76,"caption":"Selleetools"},"image":{"@id":"https:\/\/selleetools.com\/#\/schema\/logo\/image\/"}},{"@type":"WebSite","@id":"https:\/\/selleetools.com\/#website","url":"https:\/\/selleetools.com\/","name":"Selleetools.com","description":"","publisher":{"@id":"https:\/\/selleetools.com\/#organization"},"potentialAction":[{"@type":"SearchAction","target":{"@type":"EntryPoint","urlTemplate":"https:\/\/selleetools.com\/?s={search_term_string}"},"query-input":"required name=search_term_string"}],"inLanguage":"pl-PL"},{"@type":"WebPage","@id":"https:\/\/selleetools.com\/pl\/product\/cos-de-baha-g-glycolic-acid-10-aha-serum-30ml-serum-zluszczajace-z-kwasem-aha\/","url":"https:\/\/selleetools.com\/pl\/product\/cos-de-baha-g-glycolic-acid-10-aha-serum-30ml-serum-zluszczajace-z-kwasem-aha\/","name":"COS DE BAHA - G Glycolic Acid 10 AHA Serum, 30ml serum z\u0142uszczaj\u0105ce z kwasem AHA - Selleetools.com","isPartOf":{"@id":"https:\/\/selleetools.com\/#website"},"datePublished":"2025-10-24T12:44:16+00:00","dateModified":"2025-11-05T11:01:54+00:00","breadcrumb":{"@id":"https:\/\/selleetools.com\/pl\/product\/cos-de-baha-g-glycolic-acid-10-aha-serum-30ml-serum-zluszczajace-z-kwasem-aha\/#breadcrumb"},"inLanguage":"pl-PL","potentialAction":[{"@type":"ReadAction","target":["https:\/\/selleetools.com\/pl\/product\/cos-de-baha-g-glycolic-acid-10-aha-serum-30ml-serum-zluszczajace-z-kwasem-aha\/"]}]},{"@type":"BreadcrumbList","@id":"https:\/\/selleetools.com\/pl\/product\/cos-de-baha-g-glycolic-acid-10-aha-serum-30ml-serum-zluszczajace-z-kwasem-aha\/#breadcrumb","itemListElement":[{"@type":"ListItem","position":1,"name":"Home","item":"https:\/\/selleetools.com\/pl\/"},{"@type":"ListItem","position":2,"name":"Katalog","item":"https:\/\/selleetools.com\/pl\/katalog\/"},{"@type":"ListItem","position":3,"name":"COS DE BAHA &#8211; G Glycolic Acid 10 AHA Serum, 30ml serum z\u0142uszczaj\u0105ce z kwasem AHA"}]}]}},"_links":{"self":[{"href":"https:\/\/selleetools.com\/pl\/wp-json\/wp\/v2\/product\/610074"}],"collection":[{"href":"https:\/\/selleetools.com\/pl\/wp-json\/wp\/v2\/product"}],"about":[{"href":"https:\/\/selleetools.com\/pl\/wp-json\/wp\/v2\/types\/product"}],"replies":[{"embeddable":true,"href":"https:\/\/selleetools.com\/pl\/wp-json\/wp\/v2\/comments?post=610074"}],"wp:featuredmedia":[{"embeddable":true,"href":"https:\/\/selleetools.com\/pl\/wp-json\/wp\/v2\/media\/610072"}],"wp:attachment":[{"href":"https:\/\/selleetools.com\/pl\/wp-json\/wp\/v2\/media?parent=610074"}],"curies":[{"name":"wp","href":"https:\/\/api.w.org\/{rel}","templated":true}]}}