{"id":610071,"date":"2025-10-24T14:44:13","date_gmt":"2025-10-24T12:44:13","guid":{"rendered":"https:\/\/selleetools.com\/?post_type=product&#038;p=610071"},"modified":"2025-11-05T12:01:38","modified_gmt":"2025-11-05T11:01:38","slug":"cos-de-baha-a5-azelaic-acid-5-serum-30ml-serum-z-5-kwasem-azelainowym","status":"publish","type":"product","link":"https:\/\/selleetools.com\/pl\/product\/cos-de-baha-a5-azelaic-acid-5-serum-30ml-serum-z-5-kwasem-azelainowym\/","title":{"rendered":"COS DE BAHA &#8211; A5 Azelaic Acid 5% Serum, 30ml serum z 5% kwasem azelainowym"},"content":{"rendered":"<p>Lekka, wodna formu\u0142a, kt\u00f3ra jednocze\u015bnie dzia\u0142a koj\u0105co, rozja\u015bniaj\u0105co i regeneruj\u0105co. 5% kwas azelainowy skutecznie redukuje tr\u0105dzik, zaczerwienienia i przebarwienia, a dodatkowo wyr\u00f3wnuje koloryt sk\u00f3ry. W po\u0142\u0105czeniu z niacynamidem (2%), serum wspiera barier\u0119 ochronn\u0105, reguluje wydzielanie sebum i poprawia elastyczno\u015b\u0107 sk\u00f3ry. Obecno\u015b\u0107 kwasu hialuronowego i pantenolu zapewnia intensywne nawil\u017cenie, \u0142agodzi podra\u017cnienia i wspiera regeneracj\u0119 nask\u00f3rka.<\/p>\n<p>Korzy\u015bci dla sk\u00f3ry<br \/>\nZmniejsza wypryski i widoczno\u015b\u0107 zaczerwienie\u0144.<br \/>\nRozja\u015bnia przebarwienia i wyr\u00f3wnuje koloryt cery.<br \/>\nWzmacnia barier\u0119 ochronn\u0105 sk\u00f3ry.<br \/>\nReguluje nadmierne wydzielanie sebum.<br \/>\nIntensywnie nawil\u017ca i poprawia spr\u0119\u017cysto\u015b\u0107 sk\u00f3ry.<br \/>\nKoi podra\u017cnienia i wspomaga procesy regeneracyjne.<\/p>\n<p>Spos\u00f3b u\u017cycia<br \/>\nStosuj codziennie rano i\/lub wieczorem na oczyszczon\u0105 i stonizowan\u0105 sk\u00f3r\u0119. Na\u0142\u00f3\u017c kilka kropli serum, delikatnie wklep i poczekaj do wch\u0142oni\u0119cia, nast\u0119pnie u\u017cyj kremu nawil\u017caj\u0105cego. W ci\u0105gu dnia zaleca si\u0119 stosowanie kremu z filtrem SPF.<\/p>\n","protected":false},"excerpt":{"rendered":"<p>Lekka, wodna formu\u0142a, kt\u00f3ra jednocze\u015bnie dzia\u0142a koj\u0105co, rozja\u015bniaj\u0105co i regeneruj\u0105co. 5% kwas azelainowy skutecznie redukuje tr\u0105dzik, zaczerwienienia i przebarwienia, a dodatkowo wyr\u00f3wnuje koloryt sk\u00f3ry. W po\u0142\u0105czeniu z niacynamidem (2%), serum wspiera barier\u0119 ochronn\u0105, reguluje wydzielanie sebum i poprawia elastyczno\u015b\u0107 sk\u00f3ry. Obecno\u015b\u0107 kwasu hialuronowego i pantenolu zapewnia intensywne nawil\u017cenie, \u0142agodzi podra\u017cnienia i wspiera regeneracj\u0119 nask\u00f3rka. Korzy\u015bci &#8230; <a title=\"COS DE BAHA &#8211; A5 Azelaic Acid 5% Serum, 30ml serum z 5% kwasem azelainowym\" class=\"read-more\" href=\"https:\/\/selleetools.com\/pl\/product\/cos-de-baha-a5-azelaic-acid-5-serum-30ml-serum-z-5-kwasem-azelainowym\/\">Read more<span class=\"screen-reader-text\">COS DE BAHA &#8211; A5 Azelaic Acid 5% Serum, 30ml serum z 5% kwasem azelainowym<\/span><\/a><\/p>\n","protected":false},"featured_media":610069,"comment_status":"open","ping_status":"closed","template":"","meta":{"_links_to":"","_links_to_target":""},"yoast_head":"<!-- This site is optimized with the Yoast SEO plugin v19.4 - https:\/\/yoast.com\/wordpress\/plugins\/seo\/ -->\n<title>COS DE BAHA - A5 Azelaic Acid 5% Serum, 30ml serum z 5% kwasem azelainowym - Selleetools.com<\/title>\n<meta name=\"robots\" content=\"index, follow, max-snippet:-1, max-image-preview:large, max-video-preview:-1\" \/>\n<link rel=\"canonical\" href=\"https:\/\/selleetools.com\/pl\/product\/cos-de-baha-a5-azelaic-acid-5-serum-30ml-serum-z-5-kwasem-azelainowym\/\" \/>\n<meta property=\"og:locale\" content=\"pl_PL\" \/>\n<meta property=\"og:type\" content=\"article\" \/>\n<meta property=\"og:title\" content=\"COS DE BAHA - A5 Azelaic Acid 5% Serum, 30ml serum z 5% kwasem azelainowym - Selleetools.com\" \/>\n<meta property=\"og:description\" content=\"Lekka, wodna formu\u0142a, kt\u00f3ra jednocze\u015bnie dzia\u0142a koj\u0105co, rozja\u015bniaj\u0105co i regeneruj\u0105co. 5% kwas azelainowy skutecznie redukuje tr\u0105dzik, zaczerwienienia i przebarwienia, a dodatkowo wyr\u00f3wnuje koloryt sk\u00f3ry. W po\u0142\u0105czeniu z niacynamidem (2%), serum wspiera barier\u0119 ochronn\u0105, reguluje wydzielanie sebum i poprawia elastyczno\u015b\u0107 sk\u00f3ry. Obecno\u015b\u0107 kwasu hialuronowego i pantenolu zapewnia intensywne nawil\u017cenie, \u0142agodzi podra\u017cnienia i wspiera regeneracj\u0119 nask\u00f3rka. Korzy\u015bci ... Read moreCOS DE BAHA &#8211; A5 Azelaic Acid 5% Serum, 30ml serum z 5% kwasem azelainowym\" \/>\n<meta property=\"og:url\" content=\"https:\/\/selleetools.com\/pl\/product\/cos-de-baha-a5-azelaic-acid-5-serum-30ml-serum-z-5-kwasem-azelainowym\/\" \/>\n<meta property=\"og:site_name\" content=\"Selleetools.com\" \/>\n<meta property=\"article:modified_time\" content=\"2025-11-05T11:01:38+00:00\" \/>\n<meta property=\"og:image\" content=\"https:\/\/selleetools.com\/wp-content\/uploads\/2025\/10\/267357e04d49e4f655e94ed4d0d57e7f.png\" \/>\n\t<meta property=\"og:image:width\" content=\"1200\" \/>\n\t<meta property=\"og:image:height\" content=\"1200\" \/>\n\t<meta property=\"og:image:type\" content=\"image\/png\" \/>\n<meta name=\"twitter:card\" content=\"summary_large_image\" \/>\n<meta name=\"twitter:label1\" content=\"Est. reading time\" \/>\n\t<meta name=\"twitter:data1\" content=\"1 minuta\" \/>\n<!-- \/ Yoast SEO plugin. -->","yoast_head_json":{"title":"COS DE BAHA - A5 Azelaic Acid 5% Serum, 30ml serum z 5% kwasem azelainowym - Selleetools.com","robots":{"index":"index","follow":"follow","max-snippet":"max-snippet:-1","max-image-preview":"max-image-preview:large","max-video-preview":"max-video-preview:-1"},"canonical":"https:\/\/selleetools.com\/pl\/product\/cos-de-baha-a5-azelaic-acid-5-serum-30ml-serum-z-5-kwasem-azelainowym\/","og_locale":"pl_PL","og_type":"article","og_title":"COS DE BAHA - A5 Azelaic Acid 5% Serum, 30ml serum z 5% kwasem azelainowym - Selleetools.com","og_description":"Lekka, wodna formu\u0142a, kt\u00f3ra jednocze\u015bnie dzia\u0142a koj\u0105co, rozja\u015bniaj\u0105co i regeneruj\u0105co. 5% kwas azelainowy skutecznie redukuje tr\u0105dzik, zaczerwienienia i przebarwienia, a dodatkowo wyr\u00f3wnuje koloryt sk\u00f3ry. W po\u0142\u0105czeniu z niacynamidem (2%), serum wspiera barier\u0119 ochronn\u0105, reguluje wydzielanie sebum i poprawia elastyczno\u015b\u0107 sk\u00f3ry. Obecno\u015b\u0107 kwasu hialuronowego i pantenolu zapewnia intensywne nawil\u017cenie, \u0142agodzi podra\u017cnienia i wspiera regeneracj\u0119 nask\u00f3rka. Korzy\u015bci ... Read moreCOS DE BAHA &#8211; A5 Azelaic Acid 5% Serum, 30ml serum z 5% kwasem azelainowym","og_url":"https:\/\/selleetools.com\/pl\/product\/cos-de-baha-a5-azelaic-acid-5-serum-30ml-serum-z-5-kwasem-azelainowym\/","og_site_name":"Selleetools.com","article_modified_time":"2025-11-05T11:01:38+00:00","og_image":[{"width":1200,"height":1200,"url":"https:\/\/selleetools.com\/wp-content\/uploads\/2025\/10\/267357e04d49e4f655e94ed4d0d57e7f.png","type":"image\/png"}],"twitter_card":"summary_large_image","twitter_misc":{"Est. reading time":"1 minuta"},"schema":{"@context":"https:\/\/schema.org","@graph":[{"@type":"Organization","@id":"https:\/\/selleetools.com\/#organization","name":"Selleetools","url":"https:\/\/selleetools.com\/","sameAs":[],"logo":{"@type":"ImageObject","inLanguage":"pl-PL","@id":"https:\/\/selleetools.com\/#\/schema\/logo\/image\/","url":"https:\/\/selleetools.com\/wp-content\/uploads\/2021\/10\/logo-dark.png","contentUrl":"https:\/\/selleetools.com\/wp-content\/uploads\/2021\/10\/logo-dark.png","width":320,"height":76,"caption":"Selleetools"},"image":{"@id":"https:\/\/selleetools.com\/#\/schema\/logo\/image\/"}},{"@type":"WebSite","@id":"https:\/\/selleetools.com\/#website","url":"https:\/\/selleetools.com\/","name":"Selleetools.com","description":"","publisher":{"@id":"https:\/\/selleetools.com\/#organization"},"potentialAction":[{"@type":"SearchAction","target":{"@type":"EntryPoint","urlTemplate":"https:\/\/selleetools.com\/?s={search_term_string}"},"query-input":"required name=search_term_string"}],"inLanguage":"pl-PL"},{"@type":"WebPage","@id":"https:\/\/selleetools.com\/pl\/product\/cos-de-baha-a5-azelaic-acid-5-serum-30ml-serum-z-5-kwasem-azelainowym\/","url":"https:\/\/selleetools.com\/pl\/product\/cos-de-baha-a5-azelaic-acid-5-serum-30ml-serum-z-5-kwasem-azelainowym\/","name":"COS DE BAHA - A5 Azelaic Acid 5% Serum, 30ml serum z 5% kwasem azelainowym - Selleetools.com","isPartOf":{"@id":"https:\/\/selleetools.com\/#website"},"datePublished":"2025-10-24T12:44:13+00:00","dateModified":"2025-11-05T11:01:38+00:00","breadcrumb":{"@id":"https:\/\/selleetools.com\/pl\/product\/cos-de-baha-a5-azelaic-acid-5-serum-30ml-serum-z-5-kwasem-azelainowym\/#breadcrumb"},"inLanguage":"pl-PL","potentialAction":[{"@type":"ReadAction","target":["https:\/\/selleetools.com\/pl\/product\/cos-de-baha-a5-azelaic-acid-5-serum-30ml-serum-z-5-kwasem-azelainowym\/"]}]},{"@type":"BreadcrumbList","@id":"https:\/\/selleetools.com\/pl\/product\/cos-de-baha-a5-azelaic-acid-5-serum-30ml-serum-z-5-kwasem-azelainowym\/#breadcrumb","itemListElement":[{"@type":"ListItem","position":1,"name":"Home","item":"https:\/\/selleetools.com\/pl\/"},{"@type":"ListItem","position":2,"name":"Katalog","item":"https:\/\/selleetools.com\/pl\/katalog\/"},{"@type":"ListItem","position":3,"name":"COS DE BAHA &#8211; A5 Azelaic Acid 5% Serum, 30ml serum z 5% kwasem azelainowym"}]}]}},"_links":{"self":[{"href":"https:\/\/selleetools.com\/pl\/wp-json\/wp\/v2\/product\/610071"}],"collection":[{"href":"https:\/\/selleetools.com\/pl\/wp-json\/wp\/v2\/product"}],"about":[{"href":"https:\/\/selleetools.com\/pl\/wp-json\/wp\/v2\/types\/product"}],"replies":[{"embeddable":true,"href":"https:\/\/selleetools.com\/pl\/wp-json\/wp\/v2\/comments?post=610071"}],"wp:featuredmedia":[{"embeddable":true,"href":"https:\/\/selleetools.com\/pl\/wp-json\/wp\/v2\/media\/610069"}],"wp:attachment":[{"href":"https:\/\/selleetools.com\/pl\/wp-json\/wp\/v2\/media?parent=610071"}],"curies":[{"name":"wp","href":"https:\/\/api.w.org\/{rel}","templated":true}]}}