{"id":610065,"date":"2025-10-24T14:44:07","date_gmt":"2025-10-24T12:44:07","guid":{"rendered":"https:\/\/selleetools.com\/?post_type=product&#038;p=610065"},"modified":"2025-11-21T10:41:11","modified_gmt":"2025-11-21T09:41:11","slug":"cos-de-baha-rs-retinol-2-5-serum-30ml-serum-przeciwstarzeniowe","status":"publish","type":"product","link":"https:\/\/selleetools.com\/pl\/product\/cos-de-baha-rs-retinol-2-5-serum-30ml-serum-przeciwstarzeniowe\/","title":{"rendered":"COS DE BAHA &#8211; RS Retinol 2.5 Serum, 30ml serum przeciwstarzeniowe"},"content":{"rendered":"<p>Lekkie, wodniste serum z 2,5% roztworem retinolu, stworzone, by redukowa\u0107 pierwsze oznaki starzenia. Regularnie stosowane wspiera regeneracj\u0119 sk\u00f3ry, wyg\u0142adza zmarszczki i poprawia jej elastyczno\u015b\u0107. Wzbogacone o niacynamid i kwas hialuronowy, wzmacnia barier\u0119 ochronn\u0105, reguluje wydzielanie sebum, a jednocze\u015bnie intensywnie nawil\u017ca i koi podra\u017cnienia. Idealne zar\u00f3wno dla os\u00f3b rozpoczynaj\u0105cych przygod\u0119 z retinolem, jak i dla tych, kt\u00f3rzy szukaj\u0105 delikatnej, ale skutecznej piel\u0119gnacji anti-aging.<\/p>\n<p>Korzy\u015bci dla sk\u00f3ry:<br \/>\nZmniejsza widoczno\u015b\u0107 zmarszczek i drobnych linii.<br \/>\nPoprawia j\u0119drno\u015b\u0107, elastyczno\u015b\u0107 i g\u0142adko\u015b\u0107 sk\u00f3ry.<br \/>\nReguluje wydzielanie sebum, ograniczaj\u0105c niedoskona\u0142o\u015bci.<br \/>\nWyr\u00f3wnuje koloryt i rozja\u015bnia cer\u0119.<br \/>\nIntensywnie nawil\u017ca, daj\u0105c efekt wypocz\u0119tej i promiennej sk\u00f3ry.<br \/>\nWzmacnia barier\u0119 ochronn\u0105 i koi podra\u017cnienia.<\/p>\n<p>Spos\u00f3b u\u017cycia: Stosuj wieczorem, 2\u20133 razy w tygodniu. Na oczyszczon\u0105 i stonizowan\u0105 sk\u00f3r\u0119 na\u0142\u00f3\u017c kilka kropel serum, nast\u0119pnie u\u017cyj kremu nawil\u017caj\u0105cego. Wprowadzaj retinol stopniowo, obserwuj\u0105c reakcj\u0119 sk\u00f3ry. W trakcie kuracji obowi\u0105zkowo stosuj krem z filtrem SPF w ci\u0105gu dnia.<\/p>\n","protected":false},"excerpt":{"rendered":"<p>Lekkie, wodniste serum z 2,5% roztworem retinolu, stworzone, by redukowa\u0107 pierwsze oznaki starzenia. Regularnie stosowane wspiera regeneracj\u0119 sk\u00f3ry, wyg\u0142adza zmarszczki i poprawia jej elastyczno\u015b\u0107. Wzbogacone o niacynamid i kwas hialuronowy, wzmacnia barier\u0119 ochronn\u0105, reguluje wydzielanie sebum, a jednocze\u015bnie intensywnie nawil\u017ca i koi podra\u017cnienia. Idealne zar\u00f3wno dla os\u00f3b rozpoczynaj\u0105cych przygod\u0119 z retinolem, jak i dla tych, &#8230; <a title=\"COS DE BAHA &#8211; RS Retinol 2.5 Serum, 30ml serum przeciwstarzeniowe\" class=\"read-more\" href=\"https:\/\/selleetools.com\/pl\/product\/cos-de-baha-rs-retinol-2-5-serum-30ml-serum-przeciwstarzeniowe\/\">Read more<span class=\"screen-reader-text\">COS DE BAHA &#8211; RS Retinol 2.5 Serum, 30ml serum przeciwstarzeniowe<\/span><\/a><\/p>\n","protected":false},"featured_media":610063,"comment_status":"open","ping_status":"closed","template":"","meta":{"_links_to":"","_links_to_target":""},"yoast_head":"<!-- This site is optimized with the Yoast SEO plugin v19.4 - https:\/\/yoast.com\/wordpress\/plugins\/seo\/ -->\n<title>COS DE BAHA - RS Retinol 2.5 Serum, 30ml serum przeciwstarzeniowe - Selleetools.com<\/title>\n<meta name=\"robots\" content=\"index, follow, max-snippet:-1, max-image-preview:large, max-video-preview:-1\" \/>\n<link rel=\"canonical\" href=\"https:\/\/admincentral.selleetools.com\/pl\/product\/cos-de-baha-rs-retinol-2-5-serum-30ml-serum-przeciwstarzeniowe\/\" \/>\n<meta property=\"og:locale\" content=\"pl_PL\" \/>\n<meta property=\"og:type\" content=\"article\" \/>\n<meta property=\"og:title\" content=\"COS DE BAHA - RS Retinol 2.5 Serum, 30ml serum przeciwstarzeniowe - Selleetools.com\" \/>\n<meta property=\"og:description\" content=\"Lekkie, wodniste serum z 2,5% roztworem retinolu, stworzone, by redukowa\u0107 pierwsze oznaki starzenia. Regularnie stosowane wspiera regeneracj\u0119 sk\u00f3ry, wyg\u0142adza zmarszczki i poprawia jej elastyczno\u015b\u0107. Wzbogacone o niacynamid i kwas hialuronowy, wzmacnia barier\u0119 ochronn\u0105, reguluje wydzielanie sebum, a jednocze\u015bnie intensywnie nawil\u017ca i koi podra\u017cnienia. Idealne zar\u00f3wno dla os\u00f3b rozpoczynaj\u0105cych przygod\u0119 z retinolem, jak i dla tych, ... Read moreCOS DE BAHA &#8211; RS Retinol 2.5 Serum, 30ml serum przeciwstarzeniowe\" \/>\n<meta property=\"og:url\" content=\"https:\/\/admincentral.selleetools.com\/pl\/product\/cos-de-baha-rs-retinol-2-5-serum-30ml-serum-przeciwstarzeniowe\/\" \/>\n<meta property=\"og:site_name\" content=\"Selleetools.com\" \/>\n<meta property=\"article:modified_time\" content=\"2025-11-21T09:41:11+00:00\" \/>\n<meta property=\"og:image\" content=\"https:\/\/selleetools.com\/wp-content\/uploads\/2025\/10\/4f4321695084ef61753110e11c2977cb.png\" \/>\n\t<meta property=\"og:image:width\" content=\"1200\" \/>\n\t<meta property=\"og:image:height\" content=\"1200\" \/>\n\t<meta property=\"og:image:type\" content=\"image\/png\" \/>\n<meta name=\"twitter:card\" content=\"summary_large_image\" \/>\n<meta name=\"twitter:label1\" content=\"Est. reading time\" \/>\n\t<meta name=\"twitter:data1\" content=\"1 minuta\" \/>\n<!-- \/ Yoast SEO plugin. -->","yoast_head_json":{"title":"COS DE BAHA - RS Retinol 2.5 Serum, 30ml serum przeciwstarzeniowe - Selleetools.com","robots":{"index":"index","follow":"follow","max-snippet":"max-snippet:-1","max-image-preview":"max-image-preview:large","max-video-preview":"max-video-preview:-1"},"canonical":"https:\/\/admincentral.selleetools.com\/pl\/product\/cos-de-baha-rs-retinol-2-5-serum-30ml-serum-przeciwstarzeniowe\/","og_locale":"pl_PL","og_type":"article","og_title":"COS DE BAHA - RS Retinol 2.5 Serum, 30ml serum przeciwstarzeniowe - Selleetools.com","og_description":"Lekkie, wodniste serum z 2,5% roztworem retinolu, stworzone, by redukowa\u0107 pierwsze oznaki starzenia. Regularnie stosowane wspiera regeneracj\u0119 sk\u00f3ry, wyg\u0142adza zmarszczki i poprawia jej elastyczno\u015b\u0107. Wzbogacone o niacynamid i kwas hialuronowy, wzmacnia barier\u0119 ochronn\u0105, reguluje wydzielanie sebum, a jednocze\u015bnie intensywnie nawil\u017ca i koi podra\u017cnienia. Idealne zar\u00f3wno dla os\u00f3b rozpoczynaj\u0105cych przygod\u0119 z retinolem, jak i dla tych, ... Read moreCOS DE BAHA &#8211; RS Retinol 2.5 Serum, 30ml serum przeciwstarzeniowe","og_url":"https:\/\/admincentral.selleetools.com\/pl\/product\/cos-de-baha-rs-retinol-2-5-serum-30ml-serum-przeciwstarzeniowe\/","og_site_name":"Selleetools.com","article_modified_time":"2025-11-21T09:41:11+00:00","og_image":[{"width":1200,"height":1200,"url":"https:\/\/selleetools.com\/wp-content\/uploads\/2025\/10\/4f4321695084ef61753110e11c2977cb.png","type":"image\/png"}],"twitter_card":"summary_large_image","twitter_misc":{"Est. reading time":"1 minuta"},"schema":{"@context":"https:\/\/schema.org","@graph":[{"@type":"Organization","@id":"https:\/\/selleetools.com\/#organization","name":"Selleetools","url":"https:\/\/selleetools.com\/","sameAs":[],"logo":{"@type":"ImageObject","inLanguage":"pl-PL","@id":"https:\/\/selleetools.com\/#\/schema\/logo\/image\/","url":"https:\/\/selleetools.com\/wp-content\/uploads\/2021\/10\/logo-dark.png","contentUrl":"https:\/\/selleetools.com\/wp-content\/uploads\/2021\/10\/logo-dark.png","width":320,"height":76,"caption":"Selleetools"},"image":{"@id":"https:\/\/selleetools.com\/#\/schema\/logo\/image\/"}},{"@type":"WebSite","@id":"https:\/\/selleetools.com\/#website","url":"https:\/\/selleetools.com\/","name":"Selleetools.com","description":"","publisher":{"@id":"https:\/\/selleetools.com\/#organization"},"potentialAction":[{"@type":"SearchAction","target":{"@type":"EntryPoint","urlTemplate":"https:\/\/selleetools.com\/?s={search_term_string}"},"query-input":"required name=search_term_string"}],"inLanguage":"pl-PL"},{"@type":"WebPage","@id":"https:\/\/admincentral.selleetools.com\/pl\/product\/cos-de-baha-rs-retinol-2-5-serum-30ml-serum-przeciwstarzeniowe\/","url":"https:\/\/admincentral.selleetools.com\/pl\/product\/cos-de-baha-rs-retinol-2-5-serum-30ml-serum-przeciwstarzeniowe\/","name":"COS DE BAHA - RS Retinol 2.5 Serum, 30ml serum przeciwstarzeniowe - Selleetools.com","isPartOf":{"@id":"https:\/\/selleetools.com\/#website"},"datePublished":"2025-10-24T12:44:07+00:00","dateModified":"2025-11-21T09:41:11+00:00","breadcrumb":{"@id":"https:\/\/admincentral.selleetools.com\/pl\/product\/cos-de-baha-rs-retinol-2-5-serum-30ml-serum-przeciwstarzeniowe\/#breadcrumb"},"inLanguage":"pl-PL","potentialAction":[{"@type":"ReadAction","target":["https:\/\/admincentral.selleetools.com\/pl\/product\/cos-de-baha-rs-retinol-2-5-serum-30ml-serum-przeciwstarzeniowe\/"]}]},{"@type":"BreadcrumbList","@id":"https:\/\/admincentral.selleetools.com\/pl\/product\/cos-de-baha-rs-retinol-2-5-serum-30ml-serum-przeciwstarzeniowe\/#breadcrumb","itemListElement":[{"@type":"ListItem","position":1,"name":"Home","item":"https:\/\/selleetools.com\/pl\/"},{"@type":"ListItem","position":2,"name":"Katalog","item":"https:\/\/selleetools.com\/pl\/katalog\/"},{"@type":"ListItem","position":3,"name":"COS DE BAHA &#8211; RS Retinol 2.5 Serum, 30ml serum przeciwstarzeniowe"}]}]}},"_links":{"self":[{"href":"https:\/\/selleetools.com\/pl\/wp-json\/wp\/v2\/product\/610065"}],"collection":[{"href":"https:\/\/selleetools.com\/pl\/wp-json\/wp\/v2\/product"}],"about":[{"href":"https:\/\/selleetools.com\/pl\/wp-json\/wp\/v2\/types\/product"}],"replies":[{"embeddable":true,"href":"https:\/\/selleetools.com\/pl\/wp-json\/wp\/v2\/comments?post=610065"}],"wp:featuredmedia":[{"embeddable":true,"href":"https:\/\/selleetools.com\/pl\/wp-json\/wp\/v2\/media\/610063"}],"wp:attachment":[{"href":"https:\/\/selleetools.com\/pl\/wp-json\/wp\/v2\/media?parent=610065"}],"curies":[{"name":"wp","href":"https:\/\/api.w.org\/{rel}","templated":true}]}}