{"id":610056,"date":"2025-10-24T14:43:58","date_gmt":"2025-10-24T12:43:58","guid":{"rendered":"https:\/\/selleetools.com\/?post_type=product&#038;p=610056"},"modified":"2026-02-13T20:30:15","modified_gmt":"2026-02-13T19:30:15","slug":"cos-de-baha-tn-tranexamic-acid-niacinamide-serum-30ml","status":"publish","type":"product","link":"https:\/\/selleetools.com\/pl\/product\/cos-de-baha-tn-tranexamic-acid-niacinamide-serum-30ml\/","title":{"rendered":"COS DE BAHA &#8211; TN Tranexamic Acid Niacinamide Serum, 30ml"},"content":{"rendered":"<p>Lekkie serum o wodnistej konsystencji, stworzone, by skutecznie walczy\u0107 z przebarwieniami, szaro\u015bci\u0105 i nier\u00f3wnym kolorytem cery. Formu\u0142a oparta na 5% kwasu traneksamowego i 5% niacynamidu wspomaga redukcj\u0119 ciemnych plam, roz\u015bwietla sk\u00f3r\u0119 oraz wzmacnia jej barier\u0119 ochronn\u0105. Dodatek kwasu hialuronowego intensywnie nawil\u017ca i poprawia elastyczno\u015b\u0107, a ekstrakt z aloesu koi i \u0142agodzi podra\u017cnienia. Serum przy regularnym stosowaniu przywraca cerze \u015bwie\u017co\u015b\u0107, blask i jednolity koloryt.<\/p>\n<p>Korzy\u015bci dla sk\u00f3ry<br \/>\nRedukuje przebarwienia i wyr\u00f3wnuje koloryt.<br \/>\nRozja\u015bnia i poprawia przejrzysto\u015b\u0107 cery.<br \/>\nWzmacnia barier\u0119 ochronn\u0105 i zwi\u0119ksza elastyczno\u015b\u0107.<br \/>\nIntensywnie nawil\u017ca i zatrzymuje wilgo\u0107 w sk\u00f3rze.<br \/>\nReguluje wydzielanie sebum i dzia\u0142a koj\u0105co.<br \/>\nKoi i \u0142agodzi podra\u017cnienia.<\/p>\n<p>Spos\u00f3b u\u017cycia<br \/>\nPo oczyszczeniu i tonizacji, na\u0142\u00f3\u017c kilka kropli serum na twarz i szyj\u0119. Wklep delikatnie dla lepszego wch\u0142oni\u0119cia. Stosuj codziennie rano i wieczorem, zawsze z kremem nawil\u017caj\u0105cym. Rano obowi\u0105zkowo zabezpiecz sk\u00f3r\u0119 filtrem SPF.<\/p>\n","protected":false},"excerpt":{"rendered":"<p>Lekkie serum o wodnistej konsystencji, stworzone, by skutecznie walczy\u0107 z przebarwieniami, szaro\u015bci\u0105 i nier\u00f3wnym kolorytem cery. Formu\u0142a oparta na 5% kwasu traneksamowego i 5% niacynamidu wspomaga redukcj\u0119 ciemnych plam, roz\u015bwietla sk\u00f3r\u0119 oraz wzmacnia jej barier\u0119 ochronn\u0105. Dodatek kwasu hialuronowego intensywnie nawil\u017ca i poprawia elastyczno\u015b\u0107, a ekstrakt z aloesu koi i \u0142agodzi podra\u017cnienia. Serum przy regularnym &#8230; <a title=\"COS DE BAHA &#8211; TN Tranexamic Acid Niacinamide Serum, 30ml\" class=\"read-more\" href=\"https:\/\/selleetools.com\/pl\/product\/cos-de-baha-tn-tranexamic-acid-niacinamide-serum-30ml\/\">Read more<span class=\"screen-reader-text\">COS DE BAHA &#8211; TN Tranexamic Acid Niacinamide Serum, 30ml<\/span><\/a><\/p>\n","protected":false},"featured_media":610054,"comment_status":"open","ping_status":"closed","template":"","meta":{"_links_to":"","_links_to_target":""},"yoast_head":"<!-- This site is optimized with the Yoast SEO plugin v19.4 - https:\/\/yoast.com\/wordpress\/plugins\/seo\/ -->\n<title>COS DE BAHA - TN Tranexamic Acid Niacinamide Serum, 30ml - Selleetools.com<\/title>\n<meta name=\"robots\" content=\"index, follow, max-snippet:-1, max-image-preview:large, max-video-preview:-1\" \/>\n<link rel=\"canonical\" href=\"https:\/\/admincentral.selleetools.com\/pl\/product\/cos-de-baha-tn-tranexamic-acid-niacinamide-serum-30ml\/\" \/>\n<meta property=\"og:locale\" content=\"pl_PL\" \/>\n<meta property=\"og:type\" content=\"article\" \/>\n<meta property=\"og:title\" content=\"COS DE BAHA - TN Tranexamic Acid Niacinamide Serum, 30ml - Selleetools.com\" \/>\n<meta property=\"og:description\" content=\"Lekkie serum o wodnistej konsystencji, stworzone, by skutecznie walczy\u0107 z przebarwieniami, szaro\u015bci\u0105 i nier\u00f3wnym kolorytem cery. Formu\u0142a oparta na 5% kwasu traneksamowego i 5% niacynamidu wspomaga redukcj\u0119 ciemnych plam, roz\u015bwietla sk\u00f3r\u0119 oraz wzmacnia jej barier\u0119 ochronn\u0105. Dodatek kwasu hialuronowego intensywnie nawil\u017ca i poprawia elastyczno\u015b\u0107, a ekstrakt z aloesu koi i \u0142agodzi podra\u017cnienia. Serum przy regularnym ... Read moreCOS DE BAHA &#8211; TN Tranexamic Acid Niacinamide Serum, 30ml\" \/>\n<meta property=\"og:url\" content=\"https:\/\/admincentral.selleetools.com\/pl\/product\/cos-de-baha-tn-tranexamic-acid-niacinamide-serum-30ml\/\" \/>\n<meta property=\"og:site_name\" content=\"Selleetools.com\" \/>\n<meta property=\"article:modified_time\" content=\"2026-02-13T19:30:15+00:00\" \/>\n<meta property=\"og:image\" content=\"https:\/\/selleetools.com\/wp-content\/uploads\/2025\/10\/161d69ea4e8acec8de9ab0c263eab770.png\" \/>\n\t<meta property=\"og:image:width\" content=\"1200\" \/>\n\t<meta property=\"og:image:height\" content=\"1200\" \/>\n\t<meta property=\"og:image:type\" content=\"image\/png\" \/>\n<meta name=\"twitter:card\" content=\"summary_large_image\" \/>\n<meta name=\"twitter:label1\" content=\"Est. reading time\" \/>\n\t<meta name=\"twitter:data1\" content=\"1 minuta\" \/>\n<!-- \/ Yoast SEO plugin. -->","yoast_head_json":{"title":"COS DE BAHA - TN Tranexamic Acid Niacinamide Serum, 30ml - Selleetools.com","robots":{"index":"index","follow":"follow","max-snippet":"max-snippet:-1","max-image-preview":"max-image-preview:large","max-video-preview":"max-video-preview:-1"},"canonical":"https:\/\/admincentral.selleetools.com\/pl\/product\/cos-de-baha-tn-tranexamic-acid-niacinamide-serum-30ml\/","og_locale":"pl_PL","og_type":"article","og_title":"COS DE BAHA - TN Tranexamic Acid Niacinamide Serum, 30ml - Selleetools.com","og_description":"Lekkie serum o wodnistej konsystencji, stworzone, by skutecznie walczy\u0107 z przebarwieniami, szaro\u015bci\u0105 i nier\u00f3wnym kolorytem cery. Formu\u0142a oparta na 5% kwasu traneksamowego i 5% niacynamidu wspomaga redukcj\u0119 ciemnych plam, roz\u015bwietla sk\u00f3r\u0119 oraz wzmacnia jej barier\u0119 ochronn\u0105. Dodatek kwasu hialuronowego intensywnie nawil\u017ca i poprawia elastyczno\u015b\u0107, a ekstrakt z aloesu koi i \u0142agodzi podra\u017cnienia. Serum przy regularnym ... Read moreCOS DE BAHA &#8211; TN Tranexamic Acid Niacinamide Serum, 30ml","og_url":"https:\/\/admincentral.selleetools.com\/pl\/product\/cos-de-baha-tn-tranexamic-acid-niacinamide-serum-30ml\/","og_site_name":"Selleetools.com","article_modified_time":"2026-02-13T19:30:15+00:00","og_image":[{"width":1200,"height":1200,"url":"https:\/\/selleetools.com\/wp-content\/uploads\/2025\/10\/161d69ea4e8acec8de9ab0c263eab770.png","type":"image\/png"}],"twitter_card":"summary_large_image","twitter_misc":{"Est. reading time":"1 minuta"},"schema":{"@context":"https:\/\/schema.org","@graph":[{"@type":"Organization","@id":"https:\/\/selleetools.com\/#organization","name":"Selleetools","url":"https:\/\/selleetools.com\/","sameAs":[],"logo":{"@type":"ImageObject","inLanguage":"pl-PL","@id":"https:\/\/selleetools.com\/#\/schema\/logo\/image\/","url":"https:\/\/selleetools.com\/wp-content\/uploads\/2021\/10\/logo-dark.png","contentUrl":"https:\/\/selleetools.com\/wp-content\/uploads\/2021\/10\/logo-dark.png","width":320,"height":76,"caption":"Selleetools"},"image":{"@id":"https:\/\/selleetools.com\/#\/schema\/logo\/image\/"}},{"@type":"WebSite","@id":"https:\/\/selleetools.com\/#website","url":"https:\/\/selleetools.com\/","name":"Selleetools.com","description":"","publisher":{"@id":"https:\/\/selleetools.com\/#organization"},"potentialAction":[{"@type":"SearchAction","target":{"@type":"EntryPoint","urlTemplate":"https:\/\/selleetools.com\/?s={search_term_string}"},"query-input":"required name=search_term_string"}],"inLanguage":"pl-PL"},{"@type":"WebPage","@id":"https:\/\/admincentral.selleetools.com\/pl\/product\/cos-de-baha-tn-tranexamic-acid-niacinamide-serum-30ml\/","url":"https:\/\/admincentral.selleetools.com\/pl\/product\/cos-de-baha-tn-tranexamic-acid-niacinamide-serum-30ml\/","name":"COS DE BAHA - TN Tranexamic Acid Niacinamide Serum, 30ml - Selleetools.com","isPartOf":{"@id":"https:\/\/selleetools.com\/#website"},"datePublished":"2025-10-24T12:43:58+00:00","dateModified":"2026-02-13T19:30:15+00:00","breadcrumb":{"@id":"https:\/\/admincentral.selleetools.com\/pl\/product\/cos-de-baha-tn-tranexamic-acid-niacinamide-serum-30ml\/#breadcrumb"},"inLanguage":"pl-PL","potentialAction":[{"@type":"ReadAction","target":["https:\/\/admincentral.selleetools.com\/pl\/product\/cos-de-baha-tn-tranexamic-acid-niacinamide-serum-30ml\/"]}]},{"@type":"BreadcrumbList","@id":"https:\/\/admincentral.selleetools.com\/pl\/product\/cos-de-baha-tn-tranexamic-acid-niacinamide-serum-30ml\/#breadcrumb","itemListElement":[{"@type":"ListItem","position":1,"name":"Home","item":"https:\/\/selleetools.com\/pl\/"},{"@type":"ListItem","position":2,"name":"Katalog","item":"https:\/\/selleetools.com\/pl\/katalog\/"},{"@type":"ListItem","position":3,"name":"COS DE BAHA &#8211; TN Tranexamic Acid Niacinamide Serum, 30ml"}]}]}},"_links":{"self":[{"href":"https:\/\/selleetools.com\/pl\/wp-json\/wp\/v2\/product\/610056"}],"collection":[{"href":"https:\/\/selleetools.com\/pl\/wp-json\/wp\/v2\/product"}],"about":[{"href":"https:\/\/selleetools.com\/pl\/wp-json\/wp\/v2\/types\/product"}],"replies":[{"embeddable":true,"href":"https:\/\/selleetools.com\/pl\/wp-json\/wp\/v2\/comments?post=610056"}],"wp:featuredmedia":[{"embeddable":true,"href":"https:\/\/selleetools.com\/pl\/wp-json\/wp\/v2\/media\/610054"}],"wp:attachment":[{"href":"https:\/\/selleetools.com\/pl\/wp-json\/wp\/v2\/media?parent=610056"}],"curies":[{"name":"wp","href":"https:\/\/api.w.org\/{rel}","templated":true}]}}