{"id":610023,"date":"2025-10-24T14:43:26","date_gmt":"2025-10-24T12:43:26","guid":{"rendered":"https:\/\/selleetools.com\/?post_type=product&#038;p=610023"},"modified":"2025-11-04T22:13:16","modified_gmt":"2025-11-04T21:13:16","slug":"medi-peel-red-lacto-collagen-tightening-ampoule-50ml-serum-ujedrniajace","status":"publish","type":"product","link":"https:\/\/selleetools.com\/pl\/product\/medi-peel-red-lacto-collagen-tightening-ampoule-50ml-serum-ujedrniajace\/","title":{"rendered":"MEDI-PEEL Red Lacto Collagen Tightening Ampoule, 50ml &#8211; serum uj\u0119drniaj\u0105ce"},"content":{"rendered":"<p>Skoncentrowana ampu\u0142ka stworzona, aby przywr\u00f3ci\u0107 sk\u00f3rze j\u0119drno\u015b\u0107 i zdrowy wygl\u0105d. Jej lekka, szybko wch\u0142aniaj\u0105ca si\u0119 formu\u0142a intensywnie nawil\u017ca i wspiera naturaln\u0105 regeneracj\u0119, a jednocze\u015bnie dzia\u0142a uj\u0119drniaj\u0105co, poprawiaj\u0105c elastyczno\u015b\u0107 sk\u00f3ry. Regularne stosowanie pomaga widocznie zw\u0119zi\u0107 rozszerzone pory, wyg\u0142adzi\u0107 powierzchni\u0119 sk\u00f3ry i nada\u0107 cerze \u015bwie\u017cy, promienny blask. Produkt zosta\u0142 opracowany z my\u015bl\u0105 o codziennej piel\u0119gnacji \u2013 wzmacnia barier\u0119 ochronn\u0105 sk\u00f3ry, chroni przed utrat\u0105 wilgoci i zapewnia jej zdrow\u0105 r\u00f3wnowag\u0119. <\/p>\n<p>Korzy\u015bci dla sk\u00f3ry:<br \/>\nIntensywne nawil\u017cenie i od\u017cywienie<br \/>\nUj\u0119drnienie i poprawa elastyczno\u015bci<br \/>\nZw\u0119\u017cenie por\u00f3w i wyg\u0142adzenie sk\u00f3ry<br \/>\nRegeneracja i wzmocnienie bariery ochronnej<br \/>\nZdrowy, promienny wygl\u0105d cery<\/p>\n<p>Spos\u00f3b u\u017cycia:<br \/>\nNa oczyszczon\u0105 i stonizowan\u0105 sk\u00f3r\u0119 na\u0142\u00f3\u017c kilka kropli ampu\u0142ki. Delikatnie rozprowad\u017a od \u015brodka twarzy ku zewn\u0105trz i wklep dla lepszego wch\u0142oni\u0119cia. Stosuj codziennie rano i\/lub wieczorem.<\/p>\n","protected":false},"excerpt":{"rendered":"<p>Skoncentrowana ampu\u0142ka stworzona, aby przywr\u00f3ci\u0107 sk\u00f3rze j\u0119drno\u015b\u0107 i zdrowy wygl\u0105d. Jej lekka, szybko wch\u0142aniaj\u0105ca si\u0119 formu\u0142a intensywnie nawil\u017ca i wspiera naturaln\u0105 regeneracj\u0119, a jednocze\u015bnie dzia\u0142a uj\u0119drniaj\u0105co, poprawiaj\u0105c elastyczno\u015b\u0107 sk\u00f3ry. Regularne stosowanie pomaga widocznie zw\u0119zi\u0107 rozszerzone pory, wyg\u0142adzi\u0107 powierzchni\u0119 sk\u00f3ry i nada\u0107 cerze \u015bwie\u017cy, promienny blask. Produkt zosta\u0142 opracowany z my\u015bl\u0105 o codziennej piel\u0119gnacji \u2013 wzmacnia &#8230; <a title=\"MEDI-PEEL Red Lacto Collagen Tightening Ampoule, 50ml &#8211; serum uj\u0119drniaj\u0105ce\" class=\"read-more\" href=\"https:\/\/selleetools.com\/pl\/product\/medi-peel-red-lacto-collagen-tightening-ampoule-50ml-serum-ujedrniajace\/\">Read more<span class=\"screen-reader-text\">MEDI-PEEL Red Lacto Collagen Tightening Ampoule, 50ml &#8211; serum uj\u0119drniaj\u0105ce<\/span><\/a><\/p>\n","protected":false},"featured_media":610021,"comment_status":"open","ping_status":"closed","template":"","meta":{"_links_to":"","_links_to_target":""},"yoast_head":"<!-- This site is optimized with the Yoast SEO plugin v19.4 - https:\/\/yoast.com\/wordpress\/plugins\/seo\/ -->\n<title>MEDI-PEEL Red Lacto Collagen Tightening Ampoule, 50ml - serum uj\u0119drniaj\u0105ce - Selleetools.com<\/title>\n<meta name=\"robots\" content=\"index, follow, max-snippet:-1, max-image-preview:large, max-video-preview:-1\" \/>\n<link rel=\"canonical\" href=\"https:\/\/selleetools.com\/pl\/product\/medi-peel-red-lacto-collagen-tightening-ampoule-50ml-serum-ujedrniajace\/\" \/>\n<meta property=\"og:locale\" content=\"pl_PL\" \/>\n<meta property=\"og:type\" content=\"article\" \/>\n<meta property=\"og:title\" content=\"MEDI-PEEL Red Lacto Collagen Tightening Ampoule, 50ml - serum uj\u0119drniaj\u0105ce - Selleetools.com\" \/>\n<meta property=\"og:description\" content=\"Skoncentrowana ampu\u0142ka stworzona, aby przywr\u00f3ci\u0107 sk\u00f3rze j\u0119drno\u015b\u0107 i zdrowy wygl\u0105d. Jej lekka, szybko wch\u0142aniaj\u0105ca si\u0119 formu\u0142a intensywnie nawil\u017ca i wspiera naturaln\u0105 regeneracj\u0119, a jednocze\u015bnie dzia\u0142a uj\u0119drniaj\u0105co, poprawiaj\u0105c elastyczno\u015b\u0107 sk\u00f3ry. Regularne stosowanie pomaga widocznie zw\u0119zi\u0107 rozszerzone pory, wyg\u0142adzi\u0107 powierzchni\u0119 sk\u00f3ry i nada\u0107 cerze \u015bwie\u017cy, promienny blask. Produkt zosta\u0142 opracowany z my\u015bl\u0105 o codziennej piel\u0119gnacji \u2013 wzmacnia ... Read moreMEDI-PEEL Red Lacto Collagen Tightening Ampoule, 50ml &#8211; serum uj\u0119drniaj\u0105ce\" \/>\n<meta property=\"og:url\" content=\"https:\/\/selleetools.com\/pl\/product\/medi-peel-red-lacto-collagen-tightening-ampoule-50ml-serum-ujedrniajace\/\" \/>\n<meta property=\"og:site_name\" content=\"Selleetools.com\" \/>\n<meta property=\"article:modified_time\" content=\"2025-11-04T21:13:16+00:00\" \/>\n<meta property=\"og:image\" content=\"https:\/\/selleetools.com\/wp-content\/uploads\/2025\/10\/859c37acf2fea1994a4362a13104f7dd.png\" \/>\n\t<meta property=\"og:image:width\" content=\"1200\" \/>\n\t<meta property=\"og:image:height\" content=\"1200\" \/>\n\t<meta property=\"og:image:type\" content=\"image\/png\" \/>\n<meta name=\"twitter:card\" content=\"summary_large_image\" \/>\n<meta name=\"twitter:label1\" content=\"Est. reading time\" \/>\n\t<meta name=\"twitter:data1\" content=\"1 minuta\" \/>\n<!-- \/ Yoast SEO plugin. -->","yoast_head_json":{"title":"MEDI-PEEL Red Lacto Collagen Tightening Ampoule, 50ml - serum uj\u0119drniaj\u0105ce - Selleetools.com","robots":{"index":"index","follow":"follow","max-snippet":"max-snippet:-1","max-image-preview":"max-image-preview:large","max-video-preview":"max-video-preview:-1"},"canonical":"https:\/\/selleetools.com\/pl\/product\/medi-peel-red-lacto-collagen-tightening-ampoule-50ml-serum-ujedrniajace\/","og_locale":"pl_PL","og_type":"article","og_title":"MEDI-PEEL Red Lacto Collagen Tightening Ampoule, 50ml - serum uj\u0119drniaj\u0105ce - Selleetools.com","og_description":"Skoncentrowana ampu\u0142ka stworzona, aby przywr\u00f3ci\u0107 sk\u00f3rze j\u0119drno\u015b\u0107 i zdrowy wygl\u0105d. Jej lekka, szybko wch\u0142aniaj\u0105ca si\u0119 formu\u0142a intensywnie nawil\u017ca i wspiera naturaln\u0105 regeneracj\u0119, a jednocze\u015bnie dzia\u0142a uj\u0119drniaj\u0105co, poprawiaj\u0105c elastyczno\u015b\u0107 sk\u00f3ry. Regularne stosowanie pomaga widocznie zw\u0119zi\u0107 rozszerzone pory, wyg\u0142adzi\u0107 powierzchni\u0119 sk\u00f3ry i nada\u0107 cerze \u015bwie\u017cy, promienny blask. Produkt zosta\u0142 opracowany z my\u015bl\u0105 o codziennej piel\u0119gnacji \u2013 wzmacnia ... Read moreMEDI-PEEL Red Lacto Collagen Tightening Ampoule, 50ml &#8211; serum uj\u0119drniaj\u0105ce","og_url":"https:\/\/selleetools.com\/pl\/product\/medi-peel-red-lacto-collagen-tightening-ampoule-50ml-serum-ujedrniajace\/","og_site_name":"Selleetools.com","article_modified_time":"2025-11-04T21:13:16+00:00","og_image":[{"width":1200,"height":1200,"url":"https:\/\/selleetools.com\/wp-content\/uploads\/2025\/10\/859c37acf2fea1994a4362a13104f7dd.png","type":"image\/png"}],"twitter_card":"summary_large_image","twitter_misc":{"Est. reading time":"1 minuta"},"schema":{"@context":"https:\/\/schema.org","@graph":[{"@type":"Organization","@id":"https:\/\/admincentral.selleetools.com\/pl\/#organization","name":"Selleetools","url":"https:\/\/admincentral.selleetools.com\/pl\/","sameAs":[],"logo":{"@type":"ImageObject","inLanguage":"pl-PL","@id":"https:\/\/admincentral.selleetools.com\/pl\/#\/schema\/logo\/image\/","url":"https:\/\/selleetools.com\/wp-content\/uploads\/2021\/10\/logo-dark.png","contentUrl":"https:\/\/selleetools.com\/wp-content\/uploads\/2021\/10\/logo-dark.png","width":320,"height":76,"caption":"Selleetools"},"image":{"@id":"https:\/\/admincentral.selleetools.com\/pl\/#\/schema\/logo\/image\/"}},{"@type":"WebSite","@id":"https:\/\/admincentral.selleetools.com\/pl\/#website","url":"https:\/\/admincentral.selleetools.com\/pl\/","name":"Selleetools.com","description":"","publisher":{"@id":"https:\/\/admincentral.selleetools.com\/pl\/#organization"},"potentialAction":[{"@type":"SearchAction","target":{"@type":"EntryPoint","urlTemplate":"https:\/\/admincentral.selleetools.com\/pl\/?s={search_term_string}"},"query-input":"required name=search_term_string"}],"inLanguage":"pl-PL"},{"@type":"WebPage","@id":"https:\/\/selleetools.com\/pl\/product\/medi-peel-red-lacto-collagen-tightening-ampoule-50ml-serum-ujedrniajace\/","url":"https:\/\/selleetools.com\/pl\/product\/medi-peel-red-lacto-collagen-tightening-ampoule-50ml-serum-ujedrniajace\/","name":"MEDI-PEEL Red Lacto Collagen Tightening Ampoule, 50ml - serum uj\u0119drniaj\u0105ce - Selleetools.com","isPartOf":{"@id":"https:\/\/admincentral.selleetools.com\/pl\/#website"},"datePublished":"2025-10-24T12:43:26+00:00","dateModified":"2025-11-04T21:13:16+00:00","breadcrumb":{"@id":"https:\/\/selleetools.com\/pl\/product\/medi-peel-red-lacto-collagen-tightening-ampoule-50ml-serum-ujedrniajace\/#breadcrumb"},"inLanguage":"pl-PL","potentialAction":[{"@type":"ReadAction","target":["https:\/\/selleetools.com\/pl\/product\/medi-peel-red-lacto-collagen-tightening-ampoule-50ml-serum-ujedrniajace\/"]}]},{"@type":"BreadcrumbList","@id":"https:\/\/selleetools.com\/pl\/product\/medi-peel-red-lacto-collagen-tightening-ampoule-50ml-serum-ujedrniajace\/#breadcrumb","itemListElement":[{"@type":"ListItem","position":1,"name":"Home","item":"https:\/\/admincentral.selleetools.com\/pl\/"},{"@type":"ListItem","position":2,"name":"Katalog","item":"https:\/\/selleetools.com\/pl\/katalog\/"},{"@type":"ListItem","position":3,"name":"MEDI-PEEL Red Lacto Collagen Tightening Ampoule, 50ml &#8211; serum uj\u0119drniaj\u0105ce"}]}]}},"_links":{"self":[{"href":"https:\/\/selleetools.com\/pl\/wp-json\/wp\/v2\/product\/610023"}],"collection":[{"href":"https:\/\/selleetools.com\/pl\/wp-json\/wp\/v2\/product"}],"about":[{"href":"https:\/\/selleetools.com\/pl\/wp-json\/wp\/v2\/types\/product"}],"replies":[{"embeddable":true,"href":"https:\/\/selleetools.com\/pl\/wp-json\/wp\/v2\/comments?post=610023"}],"wp:featuredmedia":[{"embeddable":true,"href":"https:\/\/selleetools.com\/pl\/wp-json\/wp\/v2\/media\/610021"}],"wp:attachment":[{"href":"https:\/\/selleetools.com\/pl\/wp-json\/wp\/v2\/media?parent=610023"}],"curies":[{"name":"wp","href":"https:\/\/api.w.org\/{rel}","templated":true}]}}