{"id":610002,"date":"2025-10-24T14:43:06","date_gmt":"2025-10-24T12:43:06","guid":{"rendered":"https:\/\/selleetools.com\/?post_type=product&#038;p=610002"},"modified":"2025-11-04T22:11:45","modified_gmt":"2025-11-04T21:11:45","slug":"cos-de-baha-hp-hyaluronic-acid-b5-serum-30ml-serum-nawilzajace","status":"publish","type":"product","link":"https:\/\/selleetools.com\/pl\/product\/cos-de-baha-hp-hyaluronic-acid-b5-serum-30ml-serum-nawilzajace\/","title":{"rendered":"COS DE BAHA &#8211; HP Hyaluronic Acid B5 Serum, 30ml serum nawil\u017caj\u0105ce"},"content":{"rendered":"<p>Lekka, wodna formu\u0142a stworzona dla ka\u017cdego typu sk\u00f3ry, tak\u017ce suchej i wra\u017cliwej. Serum \u0142\u0105czy kwas hialuronowy, pantenol (prowitamina B5) oraz niacynamid, aby intensywnie nawil\u017ca\u0107, \u0142agodzi\u0107 podra\u017cnienia i wzmacnia\u0107 barier\u0119 ochronn\u0105 sk\u00f3ry. Dzia\u0142a koj\u0105co, wspiera naturaln\u0105 regeneracj\u0119 i poprawia elastyczno\u015b\u0107, pozostawiaj\u0105c cer\u0119 j\u0119drn\u0105, roz\u015bwietlon\u0105 i zr\u00f3wnowa\u017con\u0105.<\/p>\n<p>Korzy\u015bci dla sk\u00f3ry<br \/>\nZapewnia intensywne i d\u0142ugotrwa\u0142e nawil\u017cenie.<br \/>\n\u0141agodzi podra\u017cnienia i zaczerwienienia.<br \/>\nWzmacnia barier\u0119 hydrolipidow\u0105 i wspiera regeneracj\u0119 sk\u00f3ry.<br \/>\nKontroluje nadmierne wydzielanie sebum.<br \/>\nRozja\u015bnia przebarwienia i wyr\u00f3wnuje koloryt.<br \/>\nPoprawia spr\u0119\u017cysto\u015b\u0107 i elastyczno\u015b\u0107 sk\u00f3ry.<br \/>\nNadaje cerze zdrowy, \u015bwie\u017cy blask.<\/p>\n<p>Spos\u00f3b u\u017cycia: Stosuj codziennie rano i wieczorem na oczyszczon\u0105 i stonizowan\u0105 sk\u00f3r\u0119. Na\u0142\u00f3\u017c kilka kropli serum na twarz i delikatnie wklep dla lepszego wch\u0142oni\u0119cia. Nast\u0119pnie na\u0142\u00f3\u017c krem nawil\u017caj\u0105cy. W ci\u0105gu dnia zawsze stosuj krem z filtrem SPF.<\/p>\n","protected":false},"excerpt":{"rendered":"<p>Lekka, wodna formu\u0142a stworzona dla ka\u017cdego typu sk\u00f3ry, tak\u017ce suchej i wra\u017cliwej. Serum \u0142\u0105czy kwas hialuronowy, pantenol (prowitamina B5) oraz niacynamid, aby intensywnie nawil\u017ca\u0107, \u0142agodzi\u0107 podra\u017cnienia i wzmacnia\u0107 barier\u0119 ochronn\u0105 sk\u00f3ry. Dzia\u0142a koj\u0105co, wspiera naturaln\u0105 regeneracj\u0119 i poprawia elastyczno\u015b\u0107, pozostawiaj\u0105c cer\u0119 j\u0119drn\u0105, roz\u015bwietlon\u0105 i zr\u00f3wnowa\u017con\u0105. Korzy\u015bci dla sk\u00f3ry Zapewnia intensywne i d\u0142ugotrwa\u0142e nawil\u017cenie. \u0141agodzi podra\u017cnienia &#8230; <a title=\"COS DE BAHA &#8211; HP Hyaluronic Acid B5 Serum, 30ml serum nawil\u017caj\u0105ce\" class=\"read-more\" href=\"https:\/\/selleetools.com\/pl\/product\/cos-de-baha-hp-hyaluronic-acid-b5-serum-30ml-serum-nawilzajace\/\">Read more<span class=\"screen-reader-text\">COS DE BAHA &#8211; HP Hyaluronic Acid B5 Serum, 30ml serum nawil\u017caj\u0105ce<\/span><\/a><\/p>\n","protected":false},"featured_media":610000,"comment_status":"open","ping_status":"closed","template":"","meta":{"_links_to":"","_links_to_target":""},"yoast_head":"<!-- This site is optimized with the Yoast SEO plugin v19.4 - https:\/\/yoast.com\/wordpress\/plugins\/seo\/ -->\n<title>COS DE BAHA - HP Hyaluronic Acid B5 Serum, 30ml serum nawil\u017caj\u0105ce - Selleetools.com<\/title>\n<meta name=\"robots\" content=\"index, follow, max-snippet:-1, max-image-preview:large, max-video-preview:-1\" \/>\n<link rel=\"canonical\" href=\"https:\/\/admincentral.selleetools.com\/pl\/product\/cos-de-baha-hp-hyaluronic-acid-b5-serum-30ml-serum-nawilzajace\/\" \/>\n<meta property=\"og:locale\" content=\"pl_PL\" \/>\n<meta property=\"og:type\" content=\"article\" \/>\n<meta property=\"og:title\" content=\"COS DE BAHA - HP Hyaluronic Acid B5 Serum, 30ml serum nawil\u017caj\u0105ce - Selleetools.com\" \/>\n<meta property=\"og:description\" content=\"Lekka, wodna formu\u0142a stworzona dla ka\u017cdego typu sk\u00f3ry, tak\u017ce suchej i wra\u017cliwej. Serum \u0142\u0105czy kwas hialuronowy, pantenol (prowitamina B5) oraz niacynamid, aby intensywnie nawil\u017ca\u0107, \u0142agodzi\u0107 podra\u017cnienia i wzmacnia\u0107 barier\u0119 ochronn\u0105 sk\u00f3ry. Dzia\u0142a koj\u0105co, wspiera naturaln\u0105 regeneracj\u0119 i poprawia elastyczno\u015b\u0107, pozostawiaj\u0105c cer\u0119 j\u0119drn\u0105, roz\u015bwietlon\u0105 i zr\u00f3wnowa\u017con\u0105. Korzy\u015bci dla sk\u00f3ry Zapewnia intensywne i d\u0142ugotrwa\u0142e nawil\u017cenie. \u0141agodzi podra\u017cnienia ... Read moreCOS DE BAHA &#8211; HP Hyaluronic Acid B5 Serum, 30ml serum nawil\u017caj\u0105ce\" \/>\n<meta property=\"og:url\" content=\"https:\/\/admincentral.selleetools.com\/pl\/product\/cos-de-baha-hp-hyaluronic-acid-b5-serum-30ml-serum-nawilzajace\/\" \/>\n<meta property=\"og:site_name\" content=\"Selleetools.com\" \/>\n<meta property=\"article:modified_time\" content=\"2025-11-04T21:11:45+00:00\" \/>\n<meta property=\"og:image\" content=\"https:\/\/selleetools.com\/wp-content\/uploads\/2025\/10\/82d65e000f5b9db2d4ad4b8652304920.png\" \/>\n\t<meta property=\"og:image:width\" content=\"1200\" \/>\n\t<meta property=\"og:image:height\" content=\"1200\" \/>\n\t<meta property=\"og:image:type\" content=\"image\/png\" \/>\n<meta name=\"twitter:card\" content=\"summary_large_image\" \/>\n<meta name=\"twitter:label1\" content=\"Est. reading time\" \/>\n\t<meta name=\"twitter:data1\" content=\"1 minuta\" \/>\n<!-- \/ Yoast SEO plugin. -->","yoast_head_json":{"title":"COS DE BAHA - HP Hyaluronic Acid B5 Serum, 30ml serum nawil\u017caj\u0105ce - Selleetools.com","robots":{"index":"index","follow":"follow","max-snippet":"max-snippet:-1","max-image-preview":"max-image-preview:large","max-video-preview":"max-video-preview:-1"},"canonical":"https:\/\/admincentral.selleetools.com\/pl\/product\/cos-de-baha-hp-hyaluronic-acid-b5-serum-30ml-serum-nawilzajace\/","og_locale":"pl_PL","og_type":"article","og_title":"COS DE BAHA - HP Hyaluronic Acid B5 Serum, 30ml serum nawil\u017caj\u0105ce - Selleetools.com","og_description":"Lekka, wodna formu\u0142a stworzona dla ka\u017cdego typu sk\u00f3ry, tak\u017ce suchej i wra\u017cliwej. Serum \u0142\u0105czy kwas hialuronowy, pantenol (prowitamina B5) oraz niacynamid, aby intensywnie nawil\u017ca\u0107, \u0142agodzi\u0107 podra\u017cnienia i wzmacnia\u0107 barier\u0119 ochronn\u0105 sk\u00f3ry. Dzia\u0142a koj\u0105co, wspiera naturaln\u0105 regeneracj\u0119 i poprawia elastyczno\u015b\u0107, pozostawiaj\u0105c cer\u0119 j\u0119drn\u0105, roz\u015bwietlon\u0105 i zr\u00f3wnowa\u017con\u0105. Korzy\u015bci dla sk\u00f3ry Zapewnia intensywne i d\u0142ugotrwa\u0142e nawil\u017cenie. \u0141agodzi podra\u017cnienia ... Read moreCOS DE BAHA &#8211; HP Hyaluronic Acid B5 Serum, 30ml serum nawil\u017caj\u0105ce","og_url":"https:\/\/admincentral.selleetools.com\/pl\/product\/cos-de-baha-hp-hyaluronic-acid-b5-serum-30ml-serum-nawilzajace\/","og_site_name":"Selleetools.com","article_modified_time":"2025-11-04T21:11:45+00:00","og_image":[{"width":1200,"height":1200,"url":"https:\/\/selleetools.com\/wp-content\/uploads\/2025\/10\/82d65e000f5b9db2d4ad4b8652304920.png","type":"image\/png"}],"twitter_card":"summary_large_image","twitter_misc":{"Est. reading time":"1 minuta"},"schema":{"@context":"https:\/\/schema.org","@graph":[{"@type":"Organization","@id":"https:\/\/selleetools.com\/#organization","name":"Selleetools","url":"https:\/\/selleetools.com\/","sameAs":[],"logo":{"@type":"ImageObject","inLanguage":"pl-PL","@id":"https:\/\/selleetools.com\/#\/schema\/logo\/image\/","url":"https:\/\/selleetools.com\/wp-content\/uploads\/2021\/10\/logo-dark.png","contentUrl":"https:\/\/selleetools.com\/wp-content\/uploads\/2021\/10\/logo-dark.png","width":320,"height":76,"caption":"Selleetools"},"image":{"@id":"https:\/\/selleetools.com\/#\/schema\/logo\/image\/"}},{"@type":"WebSite","@id":"https:\/\/selleetools.com\/#website","url":"https:\/\/selleetools.com\/","name":"Selleetools.com","description":"","publisher":{"@id":"https:\/\/selleetools.com\/#organization"},"potentialAction":[{"@type":"SearchAction","target":{"@type":"EntryPoint","urlTemplate":"https:\/\/selleetools.com\/?s={search_term_string}"},"query-input":"required name=search_term_string"}],"inLanguage":"pl-PL"},{"@type":"WebPage","@id":"https:\/\/admincentral.selleetools.com\/pl\/product\/cos-de-baha-hp-hyaluronic-acid-b5-serum-30ml-serum-nawilzajace\/","url":"https:\/\/admincentral.selleetools.com\/pl\/product\/cos-de-baha-hp-hyaluronic-acid-b5-serum-30ml-serum-nawilzajace\/","name":"COS DE BAHA - HP Hyaluronic Acid B5 Serum, 30ml serum nawil\u017caj\u0105ce - Selleetools.com","isPartOf":{"@id":"https:\/\/selleetools.com\/#website"},"datePublished":"2025-10-24T12:43:06+00:00","dateModified":"2025-11-04T21:11:45+00:00","breadcrumb":{"@id":"https:\/\/admincentral.selleetools.com\/pl\/product\/cos-de-baha-hp-hyaluronic-acid-b5-serum-30ml-serum-nawilzajace\/#breadcrumb"},"inLanguage":"pl-PL","potentialAction":[{"@type":"ReadAction","target":["https:\/\/admincentral.selleetools.com\/pl\/product\/cos-de-baha-hp-hyaluronic-acid-b5-serum-30ml-serum-nawilzajace\/"]}]},{"@type":"BreadcrumbList","@id":"https:\/\/admincentral.selleetools.com\/pl\/product\/cos-de-baha-hp-hyaluronic-acid-b5-serum-30ml-serum-nawilzajace\/#breadcrumb","itemListElement":[{"@type":"ListItem","position":1,"name":"Home","item":"https:\/\/selleetools.com\/pl\/"},{"@type":"ListItem","position":2,"name":"Katalog","item":"https:\/\/selleetools.com\/pl\/katalog\/"},{"@type":"ListItem","position":3,"name":"COS DE BAHA &#8211; HP Hyaluronic Acid B5 Serum, 30ml serum nawil\u017caj\u0105ce"}]}]}},"_links":{"self":[{"href":"https:\/\/selleetools.com\/pl\/wp-json\/wp\/v2\/product\/610002"}],"collection":[{"href":"https:\/\/selleetools.com\/pl\/wp-json\/wp\/v2\/product"}],"about":[{"href":"https:\/\/selleetools.com\/pl\/wp-json\/wp\/v2\/types\/product"}],"replies":[{"embeddable":true,"href":"https:\/\/selleetools.com\/pl\/wp-json\/wp\/v2\/comments?post=610002"}],"wp:featuredmedia":[{"embeddable":true,"href":"https:\/\/selleetools.com\/pl\/wp-json\/wp\/v2\/media\/610000"}],"wp:attachment":[{"href":"https:\/\/selleetools.com\/pl\/wp-json\/wp\/v2\/media?parent=610002"}],"curies":[{"name":"wp","href":"https:\/\/api.w.org\/{rel}","templated":true}]}}