{"id":609987,"date":"2025-10-24T14:42:52","date_gmt":"2025-10-24T12:42:52","guid":{"rendered":"https:\/\/selleetools.com\/?post_type=product&#038;p=609987"},"modified":"2025-11-04T22:10:58","modified_gmt":"2025-11-04T21:10:58","slug":"medicube-super-cica-daily-quick-mask-30-szt-zestaw-kojacych-masek-w-plachcie","status":"publish","type":"product","link":"https:\/\/selleetools.com\/pl\/product\/medicube-super-cica-daily-quick-mask-30-szt-zestaw-kojacych-masek-w-plachcie\/","title":{"rendered":"Medicube SUPER CICA DAILY QUICK MASK, 30 szt &#8211; zestaw koj\u0105cych masek w p\u0142achcie"},"content":{"rendered":"<p>Ekspresowa maseczka w p\u0142achcie, kt\u00f3ra koi podra\u017cnienia, intensywnie nawil\u017ca i przywraca sk\u00f3rze komfort. Zawiera kompleks Super Cica 7 z ekstraktem z w\u0105kroty azjatyckiej, kt\u00f3ry wzmacnia barier\u0119 ochronn\u0105, redukuje zaczerwienienia i wspiera regeneracj\u0119 sk\u00f3ry. Dodatek ekstraktu z drzewa herbacianego redukuje niedoskona\u0142o\u015bci, a betaina pomaga zatrzyma\u0107 wilgo\u0107, chroni\u0105c sk\u00f3r\u0119 przed przesuszeniem.<br \/>\nDelikatny, biodegradowalny materia\u0142 p\u0142achty doskonale przylega, pozwalaj\u0105c sk\u0142adnikom aktywnym dzia\u0142a\u0107 skutecznie w kr\u00f3tkim czasie. Idealna do codziennego stosowania \u2013 zar\u00f3wno rano, jako szybki zastrzyk nawil\u017cenia przed makija\u017cem, jak i wieczorem, by ukoi\u0107 sk\u00f3r\u0119 po ca\u0142ym dniu.<\/p>\n<p>Korzy\u015bci:<br \/>\nNatychmiast \u0142agodzi podra\u017cnienia i zaczerwienienia<br \/>\nDog\u0142\u0119bnie nawil\u017ca i od\u015bwie\u017ca cer\u0119<br \/>\nObni\u017ca temperatur\u0119 sk\u00f3ry, przynosz\u0105c uczucie ukojenia<br \/>\nWzmacnia naturaln\u0105 barier\u0119 ochronn\u0105<\/p>\n<p>Spos\u00f3b u\u017cycia: Na\u0142\u00f3\u017c maseczk\u0119 na oczyszczon\u0105 sk\u00f3r\u0119, dopasuj do kszta\u0142tu twarzy. Pozostaw na 10 minut, nast\u0119pnie usu\u0144 i delikatnie wklep pozosta\u0142o\u015b\u0107 esencji.<\/p>\n","protected":false},"excerpt":{"rendered":"<p>Ekspresowa maseczka w p\u0142achcie, kt\u00f3ra koi podra\u017cnienia, intensywnie nawil\u017ca i przywraca sk\u00f3rze komfort. Zawiera kompleks Super Cica 7 z ekstraktem z w\u0105kroty azjatyckiej, kt\u00f3ry wzmacnia barier\u0119 ochronn\u0105, redukuje zaczerwienienia i wspiera regeneracj\u0119 sk\u00f3ry. Dodatek ekstraktu z drzewa herbacianego redukuje niedoskona\u0142o\u015bci, a betaina pomaga zatrzyma\u0107 wilgo\u0107, chroni\u0105c sk\u00f3r\u0119 przed przesuszeniem. Delikatny, biodegradowalny materia\u0142 p\u0142achty doskonale przylega, &#8230; <a title=\"Medicube SUPER CICA DAILY QUICK MASK, 30 szt &#8211; zestaw koj\u0105cych masek w p\u0142achcie\" class=\"read-more\" href=\"https:\/\/selleetools.com\/pl\/product\/medicube-super-cica-daily-quick-mask-30-szt-zestaw-kojacych-masek-w-plachcie\/\">Read more<span class=\"screen-reader-text\">Medicube SUPER CICA DAILY QUICK MASK, 30 szt &#8211; zestaw koj\u0105cych masek w p\u0142achcie<\/span><\/a><\/p>\n","protected":false},"featured_media":609985,"comment_status":"open","ping_status":"closed","template":"","meta":{"_links_to":"","_links_to_target":""},"yoast_head":"<!-- This site is optimized with the Yoast SEO plugin v19.4 - https:\/\/yoast.com\/wordpress\/plugins\/seo\/ -->\n<title>Medicube SUPER CICA DAILY QUICK MASK, 30 szt - zestaw koj\u0105cych masek w p\u0142achcie - Selleetools.com<\/title>\n<meta name=\"robots\" content=\"index, follow, max-snippet:-1, max-image-preview:large, max-video-preview:-1\" \/>\n<link rel=\"canonical\" href=\"https:\/\/admincentral.selleetools.com\/pl\/product\/medicube-super-cica-daily-quick-mask-30-szt-zestaw-kojacych-masek-w-plachcie\/\" \/>\n<meta property=\"og:locale\" content=\"pl_PL\" \/>\n<meta property=\"og:type\" content=\"article\" \/>\n<meta property=\"og:title\" content=\"Medicube SUPER CICA DAILY QUICK MASK, 30 szt - zestaw koj\u0105cych masek w p\u0142achcie - Selleetools.com\" \/>\n<meta property=\"og:description\" content=\"Ekspresowa maseczka w p\u0142achcie, kt\u00f3ra koi podra\u017cnienia, intensywnie nawil\u017ca i przywraca sk\u00f3rze komfort. Zawiera kompleks Super Cica 7 z ekstraktem z w\u0105kroty azjatyckiej, kt\u00f3ry wzmacnia barier\u0119 ochronn\u0105, redukuje zaczerwienienia i wspiera regeneracj\u0119 sk\u00f3ry. Dodatek ekstraktu z drzewa herbacianego redukuje niedoskona\u0142o\u015bci, a betaina pomaga zatrzyma\u0107 wilgo\u0107, chroni\u0105c sk\u00f3r\u0119 przed przesuszeniem. Delikatny, biodegradowalny materia\u0142 p\u0142achty doskonale przylega, ... Read moreMedicube SUPER CICA DAILY QUICK MASK, 30 szt &#8211; zestaw koj\u0105cych masek w p\u0142achcie\" \/>\n<meta property=\"og:url\" content=\"https:\/\/admincentral.selleetools.com\/pl\/product\/medicube-super-cica-daily-quick-mask-30-szt-zestaw-kojacych-masek-w-plachcie\/\" \/>\n<meta property=\"og:site_name\" content=\"Selleetools.com\" \/>\n<meta property=\"article:modified_time\" content=\"2025-11-04T21:10:58+00:00\" \/>\n<meta property=\"og:image\" content=\"https:\/\/selleetools.com\/wp-content\/uploads\/2025\/10\/e7472786b41dbab3ca8e957671af9221.png\" \/>\n\t<meta property=\"og:image:width\" content=\"1200\" \/>\n\t<meta property=\"og:image:height\" content=\"1200\" \/>\n\t<meta property=\"og:image:type\" content=\"image\/png\" \/>\n<meta name=\"twitter:card\" content=\"summary_large_image\" \/>\n<meta name=\"twitter:label1\" content=\"Est. reading time\" \/>\n\t<meta name=\"twitter:data1\" content=\"1 minuta\" \/>\n<!-- \/ Yoast SEO plugin. -->","yoast_head_json":{"title":"Medicube SUPER CICA DAILY QUICK MASK, 30 szt - zestaw koj\u0105cych masek w p\u0142achcie - Selleetools.com","robots":{"index":"index","follow":"follow","max-snippet":"max-snippet:-1","max-image-preview":"max-image-preview:large","max-video-preview":"max-video-preview:-1"},"canonical":"https:\/\/admincentral.selleetools.com\/pl\/product\/medicube-super-cica-daily-quick-mask-30-szt-zestaw-kojacych-masek-w-plachcie\/","og_locale":"pl_PL","og_type":"article","og_title":"Medicube SUPER CICA DAILY QUICK MASK, 30 szt - zestaw koj\u0105cych masek w p\u0142achcie - Selleetools.com","og_description":"Ekspresowa maseczka w p\u0142achcie, kt\u00f3ra koi podra\u017cnienia, intensywnie nawil\u017ca i przywraca sk\u00f3rze komfort. Zawiera kompleks Super Cica 7 z ekstraktem z w\u0105kroty azjatyckiej, kt\u00f3ry wzmacnia barier\u0119 ochronn\u0105, redukuje zaczerwienienia i wspiera regeneracj\u0119 sk\u00f3ry. Dodatek ekstraktu z drzewa herbacianego redukuje niedoskona\u0142o\u015bci, a betaina pomaga zatrzyma\u0107 wilgo\u0107, chroni\u0105c sk\u00f3r\u0119 przed przesuszeniem. Delikatny, biodegradowalny materia\u0142 p\u0142achty doskonale przylega, ... Read moreMedicube SUPER CICA DAILY QUICK MASK, 30 szt &#8211; zestaw koj\u0105cych masek w p\u0142achcie","og_url":"https:\/\/admincentral.selleetools.com\/pl\/product\/medicube-super-cica-daily-quick-mask-30-szt-zestaw-kojacych-masek-w-plachcie\/","og_site_name":"Selleetools.com","article_modified_time":"2025-11-04T21:10:58+00:00","og_image":[{"width":1200,"height":1200,"url":"https:\/\/selleetools.com\/wp-content\/uploads\/2025\/10\/e7472786b41dbab3ca8e957671af9221.png","type":"image\/png"}],"twitter_card":"summary_large_image","twitter_misc":{"Est. reading time":"1 minuta"},"schema":{"@context":"https:\/\/schema.org","@graph":[{"@type":"Organization","@id":"https:\/\/selleetools.com\/#organization","name":"Selleetools","url":"https:\/\/selleetools.com\/","sameAs":[],"logo":{"@type":"ImageObject","inLanguage":"pl-PL","@id":"https:\/\/selleetools.com\/#\/schema\/logo\/image\/","url":"https:\/\/selleetools.com\/wp-content\/uploads\/2021\/10\/logo-dark.png","contentUrl":"https:\/\/selleetools.com\/wp-content\/uploads\/2021\/10\/logo-dark.png","width":320,"height":76,"caption":"Selleetools"},"image":{"@id":"https:\/\/selleetools.com\/#\/schema\/logo\/image\/"}},{"@type":"WebSite","@id":"https:\/\/selleetools.com\/#website","url":"https:\/\/selleetools.com\/","name":"Selleetools.com","description":"","publisher":{"@id":"https:\/\/selleetools.com\/#organization"},"potentialAction":[{"@type":"SearchAction","target":{"@type":"EntryPoint","urlTemplate":"https:\/\/selleetools.com\/?s={search_term_string}"},"query-input":"required name=search_term_string"}],"inLanguage":"pl-PL"},{"@type":"WebPage","@id":"https:\/\/admincentral.selleetools.com\/pl\/product\/medicube-super-cica-daily-quick-mask-30-szt-zestaw-kojacych-masek-w-plachcie\/","url":"https:\/\/admincentral.selleetools.com\/pl\/product\/medicube-super-cica-daily-quick-mask-30-szt-zestaw-kojacych-masek-w-plachcie\/","name":"Medicube SUPER CICA DAILY QUICK MASK, 30 szt - zestaw koj\u0105cych masek w p\u0142achcie - Selleetools.com","isPartOf":{"@id":"https:\/\/selleetools.com\/#website"},"datePublished":"2025-10-24T12:42:52+00:00","dateModified":"2025-11-04T21:10:58+00:00","breadcrumb":{"@id":"https:\/\/admincentral.selleetools.com\/pl\/product\/medicube-super-cica-daily-quick-mask-30-szt-zestaw-kojacych-masek-w-plachcie\/#breadcrumb"},"inLanguage":"pl-PL","potentialAction":[{"@type":"ReadAction","target":["https:\/\/admincentral.selleetools.com\/pl\/product\/medicube-super-cica-daily-quick-mask-30-szt-zestaw-kojacych-masek-w-plachcie\/"]}]},{"@type":"BreadcrumbList","@id":"https:\/\/admincentral.selleetools.com\/pl\/product\/medicube-super-cica-daily-quick-mask-30-szt-zestaw-kojacych-masek-w-plachcie\/#breadcrumb","itemListElement":[{"@type":"ListItem","position":1,"name":"Home","item":"https:\/\/selleetools.com\/pl\/"},{"@type":"ListItem","position":2,"name":"Katalog","item":"https:\/\/selleetools.com\/pl\/katalog\/"},{"@type":"ListItem","position":3,"name":"Medicube SUPER CICA DAILY QUICK MASK, 30 szt &#8211; zestaw koj\u0105cych masek w p\u0142achcie"}]}]}},"_links":{"self":[{"href":"https:\/\/selleetools.com\/pl\/wp-json\/wp\/v2\/product\/609987"}],"collection":[{"href":"https:\/\/selleetools.com\/pl\/wp-json\/wp\/v2\/product"}],"about":[{"href":"https:\/\/selleetools.com\/pl\/wp-json\/wp\/v2\/types\/product"}],"replies":[{"embeddable":true,"href":"https:\/\/selleetools.com\/pl\/wp-json\/wp\/v2\/comments?post=609987"}],"wp:featuredmedia":[{"embeddable":true,"href":"https:\/\/selleetools.com\/pl\/wp-json\/wp\/v2\/media\/609985"}],"wp:attachment":[{"href":"https:\/\/selleetools.com\/pl\/wp-json\/wp\/v2\/media?parent=609987"}],"curies":[{"name":"wp","href":"https:\/\/api.w.org\/{rel}","templated":true}]}}