{"id":609916,"date":"2025-10-24T14:41:41","date_gmt":"2025-10-24T12:41:41","guid":{"rendered":"https:\/\/selleetools.com\/?post_type=product&#038;p=609916"},"modified":"2025-11-04T22:10:41","modified_gmt":"2025-11-04T21:10:41","slug":"pyunkang-yul-hand-cream-dancheong-75-ml-krem-do-rak","status":"publish","type":"product","link":"https:\/\/selleetools.com\/pl\/product\/pyunkang-yul-hand-cream-dancheong-75-ml-krem-do-rak\/","title":{"rendered":"Pyunkang yul Hand Cream Dancheong 75 ml &#8211; krem do r\u0105k"},"content":{"rendered":"<p>Bogaty krem do r\u0105k, kt\u00f3ry intensywnie nawil\u017ca i regeneruje such\u0105, spierzchni\u0119t\u0105 sk\u00f3r\u0119. Zawiera ekstrakt z kaktusa \u2013 \u017ar\u00f3d\u0142o witamin i antyoksydant\u00f3w, kt\u00f3re wspieraj\u0105 odbudow\u0119 sk\u00f3ry, oraz pantenol i kwas hialuronowy, kt\u00f3re wzmacniaj\u0105 barier\u0119 ochronn\u0105 i d\u0142ugotrwale zatrzymuj\u0105 wilgo\u0107.<\/p>\n<p>Mas\u0142o shea, olej jojoba i awokado otulaj\u0105 d\u0142onie warstw\u0105 od\u017cywienia, pomagaj\u0105c wyg\u0142adzi\u0107 sk\u00f3rki i przywr\u00f3ci\u0107 mi\u0119kko\u015b\u0107. Lekka konsystencja szybko si\u0119 wch\u0142ania, nie pozostawia lepkiej warstwy i zapewnia natychmiastowy komfort. Naturalna kompozycja olejk\u00f3w eterycznych (pomara\u0144cza, bergamotka, lawenda, geranium, rozmaryn) dodaje kremowi koj\u0105cego aromatu.<\/p>\n<p>Korzy\u015bci:<br \/>\nG\u0142\u0119boko nawil\u017ca i regeneruje such\u0105 sk\u00f3r\u0119 d\u0142oni<br \/>\nWzmacnia barier\u0119 ochronn\u0105 i \u0142agodzi podra\u017cnienia<br \/>\nSzybko si\u0119 wch\u0142ania, nie pozostawia t\u0142ustego filmu<br \/>\nDelikatny, naturalny zapach olejk\u00f3w eterycznych<br \/>\nOdpowiedni tak\u017ce dla sk\u00f3ry wra\u017cliwej, testowany dermatologicznie<\/p>\n<p>Spos\u00f3b u\u017cycia:<br \/>\nNa\u0142\u00f3\u017c niewielk\u0105 ilo\u015b\u0107 kremu na czyste d\u0142onie i delikatnie wmasuj a\u017c do wch\u0142oni\u0119cia. Stosuj zawsze, gdy d\u0142onie wymagaj\u0105 nawil\u017cenia i ochrony.<\/p>\n","protected":false},"excerpt":{"rendered":"<p>Bogaty krem do r\u0105k, kt\u00f3ry intensywnie nawil\u017ca i regeneruje such\u0105, spierzchni\u0119t\u0105 sk\u00f3r\u0119. Zawiera ekstrakt z kaktusa \u2013 \u017ar\u00f3d\u0142o witamin i antyoksydant\u00f3w, kt\u00f3re wspieraj\u0105 odbudow\u0119 sk\u00f3ry, oraz pantenol i kwas hialuronowy, kt\u00f3re wzmacniaj\u0105 barier\u0119 ochronn\u0105 i d\u0142ugotrwale zatrzymuj\u0105 wilgo\u0107. Mas\u0142o shea, olej jojoba i awokado otulaj\u0105 d\u0142onie warstw\u0105 od\u017cywienia, pomagaj\u0105c wyg\u0142adzi\u0107 sk\u00f3rki i przywr\u00f3ci\u0107 mi\u0119kko\u015b\u0107. Lekka &#8230; <a title=\"Pyunkang yul Hand Cream Dancheong 75 ml &#8211; krem do r\u0105k\" class=\"read-more\" href=\"https:\/\/selleetools.com\/pl\/product\/pyunkang-yul-hand-cream-dancheong-75-ml-krem-do-rak\/\">Read more<span class=\"screen-reader-text\">Pyunkang yul Hand Cream Dancheong 75 ml &#8211; krem do r\u0105k<\/span><\/a><\/p>\n","protected":false},"featured_media":609914,"comment_status":"open","ping_status":"closed","template":"","meta":{"_links_to":"","_links_to_target":""},"yoast_head":"<!-- This site is optimized with the Yoast SEO plugin v19.4 - https:\/\/yoast.com\/wordpress\/plugins\/seo\/ -->\n<title>Pyunkang yul Hand Cream Dancheong 75 ml - krem do r\u0105k - Selleetools.com<\/title>\n<meta name=\"robots\" content=\"index, follow, max-snippet:-1, max-image-preview:large, max-video-preview:-1\" \/>\n<link rel=\"canonical\" href=\"https:\/\/selleetools.com\/pl\/product\/pyunkang-yul-hand-cream-dancheong-75-ml-krem-do-rak\/\" \/>\n<meta property=\"og:locale\" content=\"pl_PL\" \/>\n<meta property=\"og:type\" content=\"article\" \/>\n<meta property=\"og:title\" content=\"Pyunkang yul Hand Cream Dancheong 75 ml - krem do r\u0105k - Selleetools.com\" \/>\n<meta property=\"og:description\" content=\"Bogaty krem do r\u0105k, kt\u00f3ry intensywnie nawil\u017ca i regeneruje such\u0105, spierzchni\u0119t\u0105 sk\u00f3r\u0119. Zawiera ekstrakt z kaktusa \u2013 \u017ar\u00f3d\u0142o witamin i antyoksydant\u00f3w, kt\u00f3re wspieraj\u0105 odbudow\u0119 sk\u00f3ry, oraz pantenol i kwas hialuronowy, kt\u00f3re wzmacniaj\u0105 barier\u0119 ochronn\u0105 i d\u0142ugotrwale zatrzymuj\u0105 wilgo\u0107. Mas\u0142o shea, olej jojoba i awokado otulaj\u0105 d\u0142onie warstw\u0105 od\u017cywienia, pomagaj\u0105c wyg\u0142adzi\u0107 sk\u00f3rki i przywr\u00f3ci\u0107 mi\u0119kko\u015b\u0107. Lekka ... Read morePyunkang yul Hand Cream Dancheong 75 ml &#8211; krem do r\u0105k\" \/>\n<meta property=\"og:url\" content=\"https:\/\/selleetools.com\/pl\/product\/pyunkang-yul-hand-cream-dancheong-75-ml-krem-do-rak\/\" \/>\n<meta property=\"og:site_name\" content=\"Selleetools.com\" \/>\n<meta property=\"article:modified_time\" content=\"2025-11-04T21:10:41+00:00\" \/>\n<meta property=\"og:image\" content=\"https:\/\/selleetools.com\/wp-content\/uploads\/2025\/10\/8a00a87fbb4e7a42cacc3e7621753ce0.png\" \/>\n\t<meta property=\"og:image:width\" content=\"1200\" \/>\n\t<meta property=\"og:image:height\" content=\"1200\" \/>\n\t<meta property=\"og:image:type\" content=\"image\/png\" \/>\n<meta name=\"twitter:card\" content=\"summary_large_image\" \/>\n<meta name=\"twitter:label1\" content=\"Est. reading time\" \/>\n\t<meta name=\"twitter:data1\" content=\"1 minuta\" \/>\n<!-- \/ Yoast SEO plugin. -->","yoast_head_json":{"title":"Pyunkang yul Hand Cream Dancheong 75 ml - krem do r\u0105k - Selleetools.com","robots":{"index":"index","follow":"follow","max-snippet":"max-snippet:-1","max-image-preview":"max-image-preview:large","max-video-preview":"max-video-preview:-1"},"canonical":"https:\/\/selleetools.com\/pl\/product\/pyunkang-yul-hand-cream-dancheong-75-ml-krem-do-rak\/","og_locale":"pl_PL","og_type":"article","og_title":"Pyunkang yul Hand Cream Dancheong 75 ml - krem do r\u0105k - Selleetools.com","og_description":"Bogaty krem do r\u0105k, kt\u00f3ry intensywnie nawil\u017ca i regeneruje such\u0105, spierzchni\u0119t\u0105 sk\u00f3r\u0119. Zawiera ekstrakt z kaktusa \u2013 \u017ar\u00f3d\u0142o witamin i antyoksydant\u00f3w, kt\u00f3re wspieraj\u0105 odbudow\u0119 sk\u00f3ry, oraz pantenol i kwas hialuronowy, kt\u00f3re wzmacniaj\u0105 barier\u0119 ochronn\u0105 i d\u0142ugotrwale zatrzymuj\u0105 wilgo\u0107. Mas\u0142o shea, olej jojoba i awokado otulaj\u0105 d\u0142onie warstw\u0105 od\u017cywienia, pomagaj\u0105c wyg\u0142adzi\u0107 sk\u00f3rki i przywr\u00f3ci\u0107 mi\u0119kko\u015b\u0107. Lekka ... Read morePyunkang yul Hand Cream Dancheong 75 ml &#8211; krem do r\u0105k","og_url":"https:\/\/selleetools.com\/pl\/product\/pyunkang-yul-hand-cream-dancheong-75-ml-krem-do-rak\/","og_site_name":"Selleetools.com","article_modified_time":"2025-11-04T21:10:41+00:00","og_image":[{"width":1200,"height":1200,"url":"https:\/\/selleetools.com\/wp-content\/uploads\/2025\/10\/8a00a87fbb4e7a42cacc3e7621753ce0.png","type":"image\/png"}],"twitter_card":"summary_large_image","twitter_misc":{"Est. reading time":"1 minuta"},"schema":{"@context":"https:\/\/schema.org","@graph":[{"@type":"Organization","@id":"https:\/\/selleetools.com\/#organization","name":"Selleetools","url":"https:\/\/selleetools.com\/","sameAs":[],"logo":{"@type":"ImageObject","inLanguage":"pl-PL","@id":"https:\/\/selleetools.com\/#\/schema\/logo\/image\/","url":"https:\/\/selleetools.com\/wp-content\/uploads\/2021\/10\/logo-dark.png","contentUrl":"https:\/\/selleetools.com\/wp-content\/uploads\/2021\/10\/logo-dark.png","width":320,"height":76,"caption":"Selleetools"},"image":{"@id":"https:\/\/selleetools.com\/#\/schema\/logo\/image\/"}},{"@type":"WebSite","@id":"https:\/\/selleetools.com\/#website","url":"https:\/\/selleetools.com\/","name":"Selleetools.com","description":"","publisher":{"@id":"https:\/\/selleetools.com\/#organization"},"potentialAction":[{"@type":"SearchAction","target":{"@type":"EntryPoint","urlTemplate":"https:\/\/selleetools.com\/?s={search_term_string}"},"query-input":"required name=search_term_string"}],"inLanguage":"pl-PL"},{"@type":"WebPage","@id":"https:\/\/selleetools.com\/pl\/product\/pyunkang-yul-hand-cream-dancheong-75-ml-krem-do-rak\/","url":"https:\/\/selleetools.com\/pl\/product\/pyunkang-yul-hand-cream-dancheong-75-ml-krem-do-rak\/","name":"Pyunkang yul Hand Cream Dancheong 75 ml - krem do r\u0105k - Selleetools.com","isPartOf":{"@id":"https:\/\/selleetools.com\/#website"},"datePublished":"2025-10-24T12:41:41+00:00","dateModified":"2025-11-04T21:10:41+00:00","breadcrumb":{"@id":"https:\/\/selleetools.com\/pl\/product\/pyunkang-yul-hand-cream-dancheong-75-ml-krem-do-rak\/#breadcrumb"},"inLanguage":"pl-PL","potentialAction":[{"@type":"ReadAction","target":["https:\/\/selleetools.com\/pl\/product\/pyunkang-yul-hand-cream-dancheong-75-ml-krem-do-rak\/"]}]},{"@type":"BreadcrumbList","@id":"https:\/\/selleetools.com\/pl\/product\/pyunkang-yul-hand-cream-dancheong-75-ml-krem-do-rak\/#breadcrumb","itemListElement":[{"@type":"ListItem","position":1,"name":"Home","item":"https:\/\/selleetools.com\/pl\/"},{"@type":"ListItem","position":2,"name":"Katalog","item":"https:\/\/selleetools.com\/pl\/katalog\/"},{"@type":"ListItem","position":3,"name":"Pyunkang yul Hand Cream Dancheong 75 ml &#8211; krem do r\u0105k"}]}]}},"_links":{"self":[{"href":"https:\/\/selleetools.com\/pl\/wp-json\/wp\/v2\/product\/609916"}],"collection":[{"href":"https:\/\/selleetools.com\/pl\/wp-json\/wp\/v2\/product"}],"about":[{"href":"https:\/\/selleetools.com\/pl\/wp-json\/wp\/v2\/types\/product"}],"replies":[{"embeddable":true,"href":"https:\/\/selleetools.com\/pl\/wp-json\/wp\/v2\/comments?post=609916"}],"wp:featuredmedia":[{"embeddable":true,"href":"https:\/\/selleetools.com\/pl\/wp-json\/wp\/v2\/media\/609914"}],"wp:attachment":[{"href":"https:\/\/selleetools.com\/pl\/wp-json\/wp\/v2\/media?parent=609916"}],"curies":[{"name":"wp","href":"https:\/\/api.w.org\/{rel}","templated":true}]}}