{"id":609913,"date":"2025-10-24T14:41:38","date_gmt":"2025-10-24T12:41:38","guid":{"rendered":"https:\/\/selleetools.com\/?post_type=product&#038;p=609913"},"modified":"2025-11-04T22:10:22","modified_gmt":"2025-11-04T21:10:22","slug":"heimish-all-clean-balm-mandarin-50ml-balsam-do-oczyszczania-twarzy","status":"publish","type":"product","link":"https:\/\/selleetools.com\/pl\/product\/heimish-all-clean-balm-mandarin-50ml-balsam-do-oczyszczania-twarzy\/","title":{"rendered":"Heimish All Clean balm Mandarin 50ml balsam do oczyszczania twarzy"},"content":{"rendered":"<p>Delikatny balsam do demakija\u017cu o \u015bwie\u017cym zapachu mandarynki, kt\u00f3ry skutecznie usuwa wodoodporny makija\u017c, zanieczyszczenia i nadmiar sebum bez konieczno\u015bci podw\u00f3jnego oczyszczania. Unikalna formu\u0142a 3 w 1 zmienia si\u0119 z balsamu w olejek, a nast\u0119pnie w mleczko, pozostawiaj\u0105c sk\u00f3r\u0119 czyst\u0105, mi\u0119kk\u0105 i bez uczucia \u015bci\u0105gni\u0119cia.<br \/>\nWzbogacony o naturalne oleje ro\u015blinne, mas\u0142o shea, ekstrakt z papai i zielonej herbaty, dodatkowo piel\u0119gnuje, wyg\u0142adza i od\u017cywia cer\u0119. \u0141agodny dla sk\u00f3ry i oczu, odpowiedni nawet dla cery wra\u017cliwej.<\/p>\n<p>Korzy\u015bci:<br \/>\nSkutecznie usuwa wodoodporny makija\u017c i zanieczyszczenia<br \/>\nNie wysusza i nie podra\u017cnia, zachowuje naturaln\u0105 r\u00f3wnowag\u0119 sk\u00f3ry<br \/>\nZawiera piel\u0119gnuj\u0105ce oleje i ekstrakty ro\u015blinne<br \/>\n\u015awie\u017cy, energetyzuj\u0105cy zapach mandarynki<br \/>\n100% wega\u0144ski i cruelty-free<\/p>\n<p>Spos\u00f3b u\u017cycia:<br \/>\nZa pomoc\u0105 szpatu\u0142ki nabierz niewielk\u0105 ilo\u015b\u0107 balsamu na such\u0105 sk\u00f3r\u0119 twarzy i delikatnie wmasuj. Dodaj wod\u0119, aby uzyska\u0107 efekt emulsji, a nast\u0119pnie dok\u0142adnie sp\u0142ucz letni\u0105 wod\u0105.<\/p>\n","protected":false},"excerpt":{"rendered":"<p>Delikatny balsam do demakija\u017cu o \u015bwie\u017cym zapachu mandarynki, kt\u00f3ry skutecznie usuwa wodoodporny makija\u017c, zanieczyszczenia i nadmiar sebum bez konieczno\u015bci podw\u00f3jnego oczyszczania. Unikalna formu\u0142a 3 w 1 zmienia si\u0119 z balsamu w olejek, a nast\u0119pnie w mleczko, pozostawiaj\u0105c sk\u00f3r\u0119 czyst\u0105, mi\u0119kk\u0105 i bez uczucia \u015bci\u0105gni\u0119cia. Wzbogacony o naturalne oleje ro\u015blinne, mas\u0142o shea, ekstrakt z papai i &#8230; <a title=\"Heimish All Clean balm Mandarin 50ml balsam do oczyszczania twarzy\" class=\"read-more\" href=\"https:\/\/selleetools.com\/pl\/product\/heimish-all-clean-balm-mandarin-50ml-balsam-do-oczyszczania-twarzy\/\">Read more<span class=\"screen-reader-text\">Heimish All Clean balm Mandarin 50ml balsam do oczyszczania twarzy<\/span><\/a><\/p>\n","protected":false},"featured_media":609911,"comment_status":"open","ping_status":"closed","template":"","meta":{"_links_to":"","_links_to_target":""},"yoast_head":"<!-- This site is optimized with the Yoast SEO plugin v19.4 - https:\/\/yoast.com\/wordpress\/plugins\/seo\/ -->\n<title>Heimish All Clean balm Mandarin 50ml balsam do oczyszczania twarzy - Selleetools.com<\/title>\n<meta name=\"robots\" content=\"index, follow, max-snippet:-1, max-image-preview:large, max-video-preview:-1\" \/>\n<link rel=\"canonical\" href=\"https:\/\/selleetools.com\/pl\/product\/heimish-all-clean-balm-mandarin-50ml-balsam-do-oczyszczania-twarzy\/\" \/>\n<meta property=\"og:locale\" content=\"pl_PL\" \/>\n<meta property=\"og:type\" content=\"article\" \/>\n<meta property=\"og:title\" content=\"Heimish All Clean balm Mandarin 50ml balsam do oczyszczania twarzy - Selleetools.com\" \/>\n<meta property=\"og:description\" content=\"Delikatny balsam do demakija\u017cu o \u015bwie\u017cym zapachu mandarynki, kt\u00f3ry skutecznie usuwa wodoodporny makija\u017c, zanieczyszczenia i nadmiar sebum bez konieczno\u015bci podw\u00f3jnego oczyszczania. Unikalna formu\u0142a 3 w 1 zmienia si\u0119 z balsamu w olejek, a nast\u0119pnie w mleczko, pozostawiaj\u0105c sk\u00f3r\u0119 czyst\u0105, mi\u0119kk\u0105 i bez uczucia \u015bci\u0105gni\u0119cia. Wzbogacony o naturalne oleje ro\u015blinne, mas\u0142o shea, ekstrakt z papai i ... Read moreHeimish All Clean balm Mandarin 50ml balsam do oczyszczania twarzy\" \/>\n<meta property=\"og:url\" content=\"https:\/\/selleetools.com\/pl\/product\/heimish-all-clean-balm-mandarin-50ml-balsam-do-oczyszczania-twarzy\/\" \/>\n<meta property=\"og:site_name\" content=\"Selleetools.com\" \/>\n<meta property=\"article:modified_time\" content=\"2025-11-04T21:10:22+00:00\" \/>\n<meta property=\"og:image\" content=\"https:\/\/selleetools.com\/wp-content\/uploads\/2025\/10\/875f6ea86409298c43f990f376cedff6.png\" \/>\n\t<meta property=\"og:image:width\" content=\"1200\" \/>\n\t<meta property=\"og:image:height\" content=\"1200\" \/>\n\t<meta property=\"og:image:type\" content=\"image\/png\" \/>\n<meta name=\"twitter:card\" content=\"summary_large_image\" \/>\n<meta name=\"twitter:label1\" content=\"Est. reading time\" \/>\n\t<meta name=\"twitter:data1\" content=\"1 minuta\" \/>\n<!-- \/ Yoast SEO plugin. -->","yoast_head_json":{"title":"Heimish All Clean balm Mandarin 50ml balsam do oczyszczania twarzy - Selleetools.com","robots":{"index":"index","follow":"follow","max-snippet":"max-snippet:-1","max-image-preview":"max-image-preview:large","max-video-preview":"max-video-preview:-1"},"canonical":"https:\/\/selleetools.com\/pl\/product\/heimish-all-clean-balm-mandarin-50ml-balsam-do-oczyszczania-twarzy\/","og_locale":"pl_PL","og_type":"article","og_title":"Heimish All Clean balm Mandarin 50ml balsam do oczyszczania twarzy - Selleetools.com","og_description":"Delikatny balsam do demakija\u017cu o \u015bwie\u017cym zapachu mandarynki, kt\u00f3ry skutecznie usuwa wodoodporny makija\u017c, zanieczyszczenia i nadmiar sebum bez konieczno\u015bci podw\u00f3jnego oczyszczania. Unikalna formu\u0142a 3 w 1 zmienia si\u0119 z balsamu w olejek, a nast\u0119pnie w mleczko, pozostawiaj\u0105c sk\u00f3r\u0119 czyst\u0105, mi\u0119kk\u0105 i bez uczucia \u015bci\u0105gni\u0119cia. Wzbogacony o naturalne oleje ro\u015blinne, mas\u0142o shea, ekstrakt z papai i ... Read moreHeimish All Clean balm Mandarin 50ml balsam do oczyszczania twarzy","og_url":"https:\/\/selleetools.com\/pl\/product\/heimish-all-clean-balm-mandarin-50ml-balsam-do-oczyszczania-twarzy\/","og_site_name":"Selleetools.com","article_modified_time":"2025-11-04T21:10:22+00:00","og_image":[{"width":1200,"height":1200,"url":"https:\/\/selleetools.com\/wp-content\/uploads\/2025\/10\/875f6ea86409298c43f990f376cedff6.png","type":"image\/png"}],"twitter_card":"summary_large_image","twitter_misc":{"Est. reading time":"1 minuta"},"schema":{"@context":"https:\/\/schema.org","@graph":[{"@type":"Organization","@id":"https:\/\/selleetools.com\/#organization","name":"Selleetools","url":"https:\/\/selleetools.com\/","sameAs":[],"logo":{"@type":"ImageObject","inLanguage":"pl-PL","@id":"https:\/\/selleetools.com\/#\/schema\/logo\/image\/","url":"https:\/\/selleetools.com\/wp-content\/uploads\/2021\/10\/logo-dark.png","contentUrl":"https:\/\/selleetools.com\/wp-content\/uploads\/2021\/10\/logo-dark.png","width":320,"height":76,"caption":"Selleetools"},"image":{"@id":"https:\/\/selleetools.com\/#\/schema\/logo\/image\/"}},{"@type":"WebSite","@id":"https:\/\/selleetools.com\/#website","url":"https:\/\/selleetools.com\/","name":"Selleetools.com","description":"","publisher":{"@id":"https:\/\/selleetools.com\/#organization"},"potentialAction":[{"@type":"SearchAction","target":{"@type":"EntryPoint","urlTemplate":"https:\/\/selleetools.com\/?s={search_term_string}"},"query-input":"required name=search_term_string"}],"inLanguage":"pl-PL"},{"@type":"WebPage","@id":"https:\/\/selleetools.com\/pl\/product\/heimish-all-clean-balm-mandarin-50ml-balsam-do-oczyszczania-twarzy\/","url":"https:\/\/selleetools.com\/pl\/product\/heimish-all-clean-balm-mandarin-50ml-balsam-do-oczyszczania-twarzy\/","name":"Heimish All Clean balm Mandarin 50ml balsam do oczyszczania twarzy - Selleetools.com","isPartOf":{"@id":"https:\/\/selleetools.com\/#website"},"datePublished":"2025-10-24T12:41:38+00:00","dateModified":"2025-11-04T21:10:22+00:00","breadcrumb":{"@id":"https:\/\/selleetools.com\/pl\/product\/heimish-all-clean-balm-mandarin-50ml-balsam-do-oczyszczania-twarzy\/#breadcrumb"},"inLanguage":"pl-PL","potentialAction":[{"@type":"ReadAction","target":["https:\/\/selleetools.com\/pl\/product\/heimish-all-clean-balm-mandarin-50ml-balsam-do-oczyszczania-twarzy\/"]}]},{"@type":"BreadcrumbList","@id":"https:\/\/selleetools.com\/pl\/product\/heimish-all-clean-balm-mandarin-50ml-balsam-do-oczyszczania-twarzy\/#breadcrumb","itemListElement":[{"@type":"ListItem","position":1,"name":"Home","item":"https:\/\/selleetools.com\/pl\/"},{"@type":"ListItem","position":2,"name":"Katalog","item":"https:\/\/selleetools.com\/pl\/katalog\/"},{"@type":"ListItem","position":3,"name":"Heimish All Clean balm Mandarin 50ml balsam do oczyszczania twarzy"}]}]}},"_links":{"self":[{"href":"https:\/\/selleetools.com\/pl\/wp-json\/wp\/v2\/product\/609913"}],"collection":[{"href":"https:\/\/selleetools.com\/pl\/wp-json\/wp\/v2\/product"}],"about":[{"href":"https:\/\/selleetools.com\/pl\/wp-json\/wp\/v2\/types\/product"}],"replies":[{"embeddable":true,"href":"https:\/\/selleetools.com\/pl\/wp-json\/wp\/v2\/comments?post=609913"}],"wp:featuredmedia":[{"embeddable":true,"href":"https:\/\/selleetools.com\/pl\/wp-json\/wp\/v2\/media\/609911"}],"wp:attachment":[{"href":"https:\/\/selleetools.com\/pl\/wp-json\/wp\/v2\/media?parent=609913"}],"curies":[{"name":"wp","href":"https:\/\/api.w.org\/{rel}","templated":true}]}}