{"id":609875,"date":"2025-10-24T14:41:12","date_gmt":"2025-10-24T12:41:12","guid":{"rendered":"https:\/\/selleetools.com\/?post_type=product&#038;p=609875"},"modified":"2026-04-12T22:30:11","modified_gmt":"2026-04-12T20:30:11","slug":"mediheal-vitamin-c-essential-mask-clear-toning-24-ml-maska-w-plachcie-z-witamina-c","status":"publish","type":"product","link":"https:\/\/selleetools.com\/pl\/product\/mediheal-vitamin-c-essential-mask-clear-toning-24-ml-maska-w-plachcie-z-witamina-c\/","title":{"rendered":"MEDIHEAL Vitamin C Essential Mask Clear Toning 24 ml &#8211; maska w p\u0142achcie z witamin\u0105 C"},"content":{"rendered":"<p>Roz\u015bwietlaj\u0105ca maseczka w p\u0142achcie z witamin\u0105 C, niacynamidem i ekstraktami ro\u015blinnymi. Intensywnie nawil\u017ca, poprawia koloryt cery, rozja\u015bnia przebarwienia i przywraca sk\u00f3rze zdrowy blask. Idealna dla sk\u00f3ry matowej i zm\u0119czonej.<\/p>\n<p>Korzy\u015bci dla sk\u00f3ry:<br \/>\nRozja\u015bnia przebarwienia i wyr\u00f3wnuje koloryt sk\u00f3ry<br \/>\nWyg\u0142adza i poprawia tekstur\u0119 cery<br \/>\nIntensywnie nawil\u017ca i tonizuje<br \/>\nDodaje sk\u00f3rze \u015bwie\u017co\u015bci i promiennego wygl\u0105du<\/p>\n<p>Spos\u00f3b u\u017cycia:<br \/>\nNa oczyszczon\u0105 twarz na\u0142o\u017cy\u0107 mask\u0119, dopasowuj\u0105c j\u0105 do kszta\u0142tu twarzy z omijaniem okolic oczu i ust. Pozostawi\u0107 na 10\u201320 minut. Po zdj\u0119ciu maski delikatnie wklepa\u0107 pozosta\u0142o\u015b\u0107 esencji w sk\u00f3r\u0119 a\u017c do ca\u0142kowitego wch\u0142oni\u0119cia.<\/p>\n","protected":false},"excerpt":{"rendered":"<p>Roz\u015bwietlaj\u0105ca maseczka w p\u0142achcie z witamin\u0105 C, niacynamidem i ekstraktami ro\u015blinnymi. Intensywnie nawil\u017ca, poprawia koloryt cery, rozja\u015bnia przebarwienia i przywraca sk\u00f3rze zdrowy blask. Idealna dla sk\u00f3ry matowej i zm\u0119czonej. Korzy\u015bci dla sk\u00f3ry: Rozja\u015bnia przebarwienia i wyr\u00f3wnuje koloryt sk\u00f3ry Wyg\u0142adza i poprawia tekstur\u0119 cery Intensywnie nawil\u017ca i tonizuje Dodaje sk\u00f3rze \u015bwie\u017co\u015bci i promiennego wygl\u0105du Spos\u00f3b u\u017cycia: &#8230; <a title=\"MEDIHEAL Vitamin C Essential Mask Clear Toning 24 ml &#8211; maska w p\u0142achcie z witamin\u0105 C\" class=\"read-more\" href=\"https:\/\/selleetools.com\/pl\/product\/mediheal-vitamin-c-essential-mask-clear-toning-24-ml-maska-w-plachcie-z-witamina-c\/\">Read more<span class=\"screen-reader-text\">MEDIHEAL Vitamin C Essential Mask Clear Toning 24 ml &#8211; maska w p\u0142achcie z witamin\u0105 C<\/span><\/a><\/p>\n","protected":false},"featured_media":609873,"comment_status":"open","ping_status":"closed","template":"","meta":{"_links_to":"","_links_to_target":""},"yoast_head":"<!-- This site is optimized with the Yoast SEO plugin v19.4 - https:\/\/yoast.com\/wordpress\/plugins\/seo\/ -->\n<title>MEDIHEAL Vitamin C Essential Mask Clear Toning 24 ml - maska w p\u0142achcie z witamin\u0105 C - Selleetools.com<\/title>\n<meta name=\"robots\" content=\"index, follow, max-snippet:-1, max-image-preview:large, max-video-preview:-1\" \/>\n<link rel=\"canonical\" href=\"https:\/\/admincentral.selleetools.com\/pl\/product\/mediheal-vitamin-c-essential-mask-clear-toning-24-ml-maska-w-plachcie-z-witamina-c\/\" \/>\n<meta property=\"og:locale\" content=\"pl_PL\" \/>\n<meta property=\"og:type\" content=\"article\" \/>\n<meta property=\"og:title\" content=\"MEDIHEAL Vitamin C Essential Mask Clear Toning 24 ml - maska w p\u0142achcie z witamin\u0105 C - Selleetools.com\" \/>\n<meta property=\"og:description\" content=\"Roz\u015bwietlaj\u0105ca maseczka w p\u0142achcie z witamin\u0105 C, niacynamidem i ekstraktami ro\u015blinnymi. Intensywnie nawil\u017ca, poprawia koloryt cery, rozja\u015bnia przebarwienia i przywraca sk\u00f3rze zdrowy blask. Idealna dla sk\u00f3ry matowej i zm\u0119czonej. Korzy\u015bci dla sk\u00f3ry: Rozja\u015bnia przebarwienia i wyr\u00f3wnuje koloryt sk\u00f3ry Wyg\u0142adza i poprawia tekstur\u0119 cery Intensywnie nawil\u017ca i tonizuje Dodaje sk\u00f3rze \u015bwie\u017co\u015bci i promiennego wygl\u0105du Spos\u00f3b u\u017cycia: ... Read moreMEDIHEAL Vitamin C Essential Mask Clear Toning 24 ml &#8211; maska w p\u0142achcie z witamin\u0105 C\" \/>\n<meta property=\"og:url\" content=\"https:\/\/admincentral.selleetools.com\/pl\/product\/mediheal-vitamin-c-essential-mask-clear-toning-24-ml-maska-w-plachcie-z-witamina-c\/\" \/>\n<meta property=\"og:site_name\" content=\"Selleetools.com\" \/>\n<meta property=\"article:modified_time\" content=\"2026-04-12T20:30:11+00:00\" \/>\n<meta property=\"og:image\" content=\"https:\/\/selleetools.com\/wp-content\/uploads\/2025\/10\/e0db00f013ea3c92bdc48f563837c3ef.png\" \/>\n\t<meta property=\"og:image:width\" content=\"1200\" \/>\n\t<meta property=\"og:image:height\" content=\"1200\" \/>\n\t<meta property=\"og:image:type\" content=\"image\/png\" \/>\n<meta name=\"twitter:card\" content=\"summary_large_image\" \/>\n<meta name=\"twitter:label1\" content=\"Est. reading time\" \/>\n\t<meta name=\"twitter:data1\" content=\"1 minuta\" \/>\n<!-- \/ Yoast SEO plugin. -->","yoast_head_json":{"title":"MEDIHEAL Vitamin C Essential Mask Clear Toning 24 ml - maska w p\u0142achcie z witamin\u0105 C - Selleetools.com","robots":{"index":"index","follow":"follow","max-snippet":"max-snippet:-1","max-image-preview":"max-image-preview:large","max-video-preview":"max-video-preview:-1"},"canonical":"https:\/\/admincentral.selleetools.com\/pl\/product\/mediheal-vitamin-c-essential-mask-clear-toning-24-ml-maska-w-plachcie-z-witamina-c\/","og_locale":"pl_PL","og_type":"article","og_title":"MEDIHEAL Vitamin C Essential Mask Clear Toning 24 ml - maska w p\u0142achcie z witamin\u0105 C - Selleetools.com","og_description":"Roz\u015bwietlaj\u0105ca maseczka w p\u0142achcie z witamin\u0105 C, niacynamidem i ekstraktami ro\u015blinnymi. Intensywnie nawil\u017ca, poprawia koloryt cery, rozja\u015bnia przebarwienia i przywraca sk\u00f3rze zdrowy blask. Idealna dla sk\u00f3ry matowej i zm\u0119czonej. Korzy\u015bci dla sk\u00f3ry: Rozja\u015bnia przebarwienia i wyr\u00f3wnuje koloryt sk\u00f3ry Wyg\u0142adza i poprawia tekstur\u0119 cery Intensywnie nawil\u017ca i tonizuje Dodaje sk\u00f3rze \u015bwie\u017co\u015bci i promiennego wygl\u0105du Spos\u00f3b u\u017cycia: ... Read moreMEDIHEAL Vitamin C Essential Mask Clear Toning 24 ml &#8211; maska w p\u0142achcie z witamin\u0105 C","og_url":"https:\/\/admincentral.selleetools.com\/pl\/product\/mediheal-vitamin-c-essential-mask-clear-toning-24-ml-maska-w-plachcie-z-witamina-c\/","og_site_name":"Selleetools.com","article_modified_time":"2026-04-12T20:30:11+00:00","og_image":[{"width":1200,"height":1200,"url":"https:\/\/selleetools.com\/wp-content\/uploads\/2025\/10\/e0db00f013ea3c92bdc48f563837c3ef.png","type":"image\/png"}],"twitter_card":"summary_large_image","twitter_misc":{"Est. reading time":"1 minuta"},"schema":{"@context":"https:\/\/schema.org","@graph":[{"@type":"Organization","@id":"https:\/\/selleetools.com\/#organization","name":"Selleetools","url":"https:\/\/selleetools.com\/","sameAs":[],"logo":{"@type":"ImageObject","inLanguage":"pl-PL","@id":"https:\/\/selleetools.com\/#\/schema\/logo\/image\/","url":"https:\/\/selleetools.com\/wp-content\/uploads\/2021\/10\/logo-dark.png","contentUrl":"https:\/\/selleetools.com\/wp-content\/uploads\/2021\/10\/logo-dark.png","width":320,"height":76,"caption":"Selleetools"},"image":{"@id":"https:\/\/selleetools.com\/#\/schema\/logo\/image\/"}},{"@type":"WebSite","@id":"https:\/\/selleetools.com\/#website","url":"https:\/\/selleetools.com\/","name":"Selleetools.com","description":"","publisher":{"@id":"https:\/\/selleetools.com\/#organization"},"potentialAction":[{"@type":"SearchAction","target":{"@type":"EntryPoint","urlTemplate":"https:\/\/selleetools.com\/?s={search_term_string}"},"query-input":"required name=search_term_string"}],"inLanguage":"pl-PL"},{"@type":"WebPage","@id":"https:\/\/admincentral.selleetools.com\/pl\/product\/mediheal-vitamin-c-essential-mask-clear-toning-24-ml-maska-w-plachcie-z-witamina-c\/","url":"https:\/\/admincentral.selleetools.com\/pl\/product\/mediheal-vitamin-c-essential-mask-clear-toning-24-ml-maska-w-plachcie-z-witamina-c\/","name":"MEDIHEAL Vitamin C Essential Mask Clear Toning 24 ml - maska w p\u0142achcie z witamin\u0105 C - Selleetools.com","isPartOf":{"@id":"https:\/\/selleetools.com\/#website"},"datePublished":"2025-10-24T12:41:12+00:00","dateModified":"2026-04-12T20:30:11+00:00","breadcrumb":{"@id":"https:\/\/admincentral.selleetools.com\/pl\/product\/mediheal-vitamin-c-essential-mask-clear-toning-24-ml-maska-w-plachcie-z-witamina-c\/#breadcrumb"},"inLanguage":"pl-PL","potentialAction":[{"@type":"ReadAction","target":["https:\/\/admincentral.selleetools.com\/pl\/product\/mediheal-vitamin-c-essential-mask-clear-toning-24-ml-maska-w-plachcie-z-witamina-c\/"]}]},{"@type":"BreadcrumbList","@id":"https:\/\/admincentral.selleetools.com\/pl\/product\/mediheal-vitamin-c-essential-mask-clear-toning-24-ml-maska-w-plachcie-z-witamina-c\/#breadcrumb","itemListElement":[{"@type":"ListItem","position":1,"name":"Home","item":"https:\/\/selleetools.com\/pl\/"},{"@type":"ListItem","position":2,"name":"Katalog","item":"https:\/\/selleetools.com\/pl\/katalog\/"},{"@type":"ListItem","position":3,"name":"MEDIHEAL Vitamin C Essential Mask Clear Toning 24 ml &#8211; maska w p\u0142achcie z witamin\u0105 C"}]}]}},"_links":{"self":[{"href":"https:\/\/selleetools.com\/pl\/wp-json\/wp\/v2\/product\/609875"}],"collection":[{"href":"https:\/\/selleetools.com\/pl\/wp-json\/wp\/v2\/product"}],"about":[{"href":"https:\/\/selleetools.com\/pl\/wp-json\/wp\/v2\/types\/product"}],"replies":[{"embeddable":true,"href":"https:\/\/selleetools.com\/pl\/wp-json\/wp\/v2\/comments?post=609875"}],"wp:featuredmedia":[{"embeddable":true,"href":"https:\/\/selleetools.com\/pl\/wp-json\/wp\/v2\/media\/609873"}],"wp:attachment":[{"href":"https:\/\/selleetools.com\/pl\/wp-json\/wp\/v2\/media?parent=609875"}],"curies":[{"name":"wp","href":"https:\/\/api.w.org\/{rel}","templated":true}]}}