{"id":609776,"date":"2025-10-24T14:39:32","date_gmt":"2025-10-24T12:39:32","guid":{"rendered":"https:\/\/selleetools.com\/?post_type=product&#038;p=609776"},"modified":"2025-12-02T21:06:53","modified_gmt":"2025-12-02T20:06:53","slug":"pyunkang-yul-ultimate-calming-line-gift-set-kojacy-zestaw-do-pielegnacji-twarzy","status":"publish","type":"product","link":"https:\/\/selleetools.com\/pl\/product\/pyunkang-yul-ultimate-calming-line-gift-set-kojacy-zestaw-do-pielegnacji-twarzy\/","title":{"rendered":"Pyunkang Yul Ultimate Calming Line Gift Set &#8211; koj\u0105cy zestaw do piel\u0119gnacji twarzy"},"content":{"rendered":"<p>Pyunkang Yul Ultimate Calming Line Gift Set to kompletny zestaw do piel\u0119gnacji sk\u00f3ry wra\u017cliwej, podra\u017cnionej i przesuszonej. Zawiera trzy produkty \u2013 tonik 110 ml, ampu\u0142k\u0119 30 ml i krem 30 ml \u2013 kt\u00f3re wsp\u00f3lnie zapewniaj\u0105 intensywne ukojenie, nawil\u017cenie i wzmocnienie bariery sk\u00f3rnej. Formu\u0142y oparte na ekstraktach ro\u015blinnych (m.in. w\u0105krota azjatycka, kora amurskiego korkowca, tarczyca bajkalska) oraz kompleksie ceramid\u00f3w i kwasu hialuronowego przywracaj\u0105 sk\u00f3rze r\u00f3wnowag\u0119, \u0142agodz\u0105 zaczerwienienia i podra\u017cnienia oraz wspomagaj\u0105 regeneracj\u0119. To idealny zestaw na prezent lub jako kuracja dla sk\u00f3ry potrzebuj\u0105cej wyciszenia i dog\u0142\u0119bnej piel\u0119gnacji.<\/p>\n<p>Korzy\u015bci dla sk\u00f3ry:<br \/>\nIntensywne ukojenie podra\u017cnie\u0144 i zaczerwienie\u0144<br \/>\nG\u0142\u0119bokie nawil\u017cenie i od\u017cywienie sk\u00f3ry<br \/>\nWzmocnienie bariery ochronnej i poprawa elastyczno\u015bci<br \/>\nWyr\u00f3wnanie kolorytu i poprawa kondycji sk\u00f3ry<br \/>\nSk\u00f3ra g\u0142adka, mi\u0119kka i pe\u0142na zdrowego blasku<\/p>\n<p>Spos\u00f3b u\u017cycia:<br \/>\nTonik (110 ml): Po oczyszczeniu sk\u00f3ry na\u0142\u00f3\u017c odpowiedni\u0105 ilo\u015b\u0107 na p\u0142atek kosmetyczny lub d\u0142onie i delikatnie przetrzyj twarz, omijaj\u0105c okolice oczu.<br \/>\nAmpu\u0142ka (30 ml): Na\u0142\u00f3\u017c kilka kropli na twarz i delikatnie wklep, aby u\u0142atwi\u0107 wch\u0142anianie.<br \/>\nKrem (30 ml): Na koniec na\u0142\u00f3\u017c krem, rozprowadzaj\u0105c r\u00f3wnomiernie na ca\u0142ej twarzy, aby domkn\u0105\u0107 piel\u0119gnacj\u0119 i zapewni\u0107 sk\u00f3rze d\u0142ugotrwa\u0142e nawil\u017cenie i ukojenie.<\/p>\n","protected":false},"excerpt":{"rendered":"<p>Pyunkang Yul Ultimate Calming Line Gift Set to kompletny zestaw do piel\u0119gnacji sk\u00f3ry wra\u017cliwej, podra\u017cnionej i przesuszonej. Zawiera trzy produkty \u2013 tonik 110 ml, ampu\u0142k\u0119 30 ml i krem 30 ml \u2013 kt\u00f3re wsp\u00f3lnie zapewniaj\u0105 intensywne ukojenie, nawil\u017cenie i wzmocnienie bariery sk\u00f3rnej. Formu\u0142y oparte na ekstraktach ro\u015blinnych (m.in. w\u0105krota azjatycka, kora amurskiego korkowca, tarczyca bajkalska) &#8230; <a title=\"Pyunkang Yul Ultimate Calming Line Gift Set &#8211; koj\u0105cy zestaw do piel\u0119gnacji twarzy\" class=\"read-more\" href=\"https:\/\/selleetools.com\/pl\/product\/pyunkang-yul-ultimate-calming-line-gift-set-kojacy-zestaw-do-pielegnacji-twarzy\/\">Read more<span class=\"screen-reader-text\">Pyunkang Yul Ultimate Calming Line Gift Set &#8211; koj\u0105cy zestaw do piel\u0119gnacji twarzy<\/span><\/a><\/p>\n","protected":false},"featured_media":609774,"comment_status":"open","ping_status":"closed","template":"","meta":{"_links_to":"","_links_to_target":""},"yoast_head":"<!-- This site is optimized with the Yoast SEO plugin v19.4 - https:\/\/yoast.com\/wordpress\/plugins\/seo\/ -->\n<title>Pyunkang Yul Ultimate Calming Line Gift Set - koj\u0105cy zestaw do piel\u0119gnacji twarzy - Selleetools.com<\/title>\n<meta name=\"robots\" content=\"index, follow, max-snippet:-1, max-image-preview:large, max-video-preview:-1\" \/>\n<link rel=\"canonical\" href=\"https:\/\/selleetools.com\/pl\/product\/pyunkang-yul-ultimate-calming-line-gift-set-kojacy-zestaw-do-pielegnacji-twarzy\/\" \/>\n<meta property=\"og:locale\" content=\"pl_PL\" \/>\n<meta property=\"og:type\" content=\"article\" \/>\n<meta property=\"og:title\" content=\"Pyunkang Yul Ultimate Calming Line Gift Set - koj\u0105cy zestaw do piel\u0119gnacji twarzy - Selleetools.com\" \/>\n<meta property=\"og:description\" content=\"Pyunkang Yul Ultimate Calming Line Gift Set to kompletny zestaw do piel\u0119gnacji sk\u00f3ry wra\u017cliwej, podra\u017cnionej i przesuszonej. Zawiera trzy produkty \u2013 tonik 110 ml, ampu\u0142k\u0119 30 ml i krem 30 ml \u2013 kt\u00f3re wsp\u00f3lnie zapewniaj\u0105 intensywne ukojenie, nawil\u017cenie i wzmocnienie bariery sk\u00f3rnej. Formu\u0142y oparte na ekstraktach ro\u015blinnych (m.in. w\u0105krota azjatycka, kora amurskiego korkowca, tarczyca bajkalska) ... Read morePyunkang Yul Ultimate Calming Line Gift Set &#8211; koj\u0105cy zestaw do piel\u0119gnacji twarzy\" \/>\n<meta property=\"og:url\" content=\"https:\/\/selleetools.com\/pl\/product\/pyunkang-yul-ultimate-calming-line-gift-set-kojacy-zestaw-do-pielegnacji-twarzy\/\" \/>\n<meta property=\"og:site_name\" content=\"Selleetools.com\" \/>\n<meta property=\"article:modified_time\" content=\"2025-12-02T20:06:53+00:00\" \/>\n<meta property=\"og:image\" content=\"https:\/\/selleetools.com\/wp-content\/uploads\/2025\/10\/fd6869c3892a5edb307a0e05630dd3e9.jpg\" \/>\n\t<meta property=\"og:image:width\" content=\"1200\" \/>\n\t<meta property=\"og:image:height\" content=\"1200\" \/>\n\t<meta property=\"og:image:type\" content=\"image\/jpeg\" \/>\n<meta name=\"twitter:card\" content=\"summary_large_image\" \/>\n<meta name=\"twitter:label1\" content=\"Est. reading time\" \/>\n\t<meta name=\"twitter:data1\" content=\"1 minuta\" \/>\n<!-- \/ Yoast SEO plugin. -->","yoast_head_json":{"title":"Pyunkang Yul Ultimate Calming Line Gift Set - koj\u0105cy zestaw do piel\u0119gnacji twarzy - Selleetools.com","robots":{"index":"index","follow":"follow","max-snippet":"max-snippet:-1","max-image-preview":"max-image-preview:large","max-video-preview":"max-video-preview:-1"},"canonical":"https:\/\/selleetools.com\/pl\/product\/pyunkang-yul-ultimate-calming-line-gift-set-kojacy-zestaw-do-pielegnacji-twarzy\/","og_locale":"pl_PL","og_type":"article","og_title":"Pyunkang Yul Ultimate Calming Line Gift Set - koj\u0105cy zestaw do piel\u0119gnacji twarzy - Selleetools.com","og_description":"Pyunkang Yul Ultimate Calming Line Gift Set to kompletny zestaw do piel\u0119gnacji sk\u00f3ry wra\u017cliwej, podra\u017cnionej i przesuszonej. Zawiera trzy produkty \u2013 tonik 110 ml, ampu\u0142k\u0119 30 ml i krem 30 ml \u2013 kt\u00f3re wsp\u00f3lnie zapewniaj\u0105 intensywne ukojenie, nawil\u017cenie i wzmocnienie bariery sk\u00f3rnej. Formu\u0142y oparte na ekstraktach ro\u015blinnych (m.in. w\u0105krota azjatycka, kora amurskiego korkowca, tarczyca bajkalska) ... Read morePyunkang Yul Ultimate Calming Line Gift Set &#8211; koj\u0105cy zestaw do piel\u0119gnacji twarzy","og_url":"https:\/\/selleetools.com\/pl\/product\/pyunkang-yul-ultimate-calming-line-gift-set-kojacy-zestaw-do-pielegnacji-twarzy\/","og_site_name":"Selleetools.com","article_modified_time":"2025-12-02T20:06:53+00:00","og_image":[{"width":1200,"height":1200,"url":"https:\/\/selleetools.com\/wp-content\/uploads\/2025\/10\/fd6869c3892a5edb307a0e05630dd3e9.jpg","type":"image\/jpeg"}],"twitter_card":"summary_large_image","twitter_misc":{"Est. reading time":"1 minuta"},"schema":{"@context":"https:\/\/schema.org","@graph":[{"@type":"Organization","@id":"https:\/\/selleetools.com\/#organization","name":"Selleetools","url":"https:\/\/selleetools.com\/","sameAs":[],"logo":{"@type":"ImageObject","inLanguage":"pl-PL","@id":"https:\/\/selleetools.com\/#\/schema\/logo\/image\/","url":"https:\/\/selleetools.com\/wp-content\/uploads\/2021\/10\/logo-dark.png","contentUrl":"https:\/\/selleetools.com\/wp-content\/uploads\/2021\/10\/logo-dark.png","width":320,"height":76,"caption":"Selleetools"},"image":{"@id":"https:\/\/selleetools.com\/#\/schema\/logo\/image\/"}},{"@type":"WebSite","@id":"https:\/\/selleetools.com\/#website","url":"https:\/\/selleetools.com\/","name":"Selleetools.com","description":"","publisher":{"@id":"https:\/\/selleetools.com\/#organization"},"potentialAction":[{"@type":"SearchAction","target":{"@type":"EntryPoint","urlTemplate":"https:\/\/selleetools.com\/?s={search_term_string}"},"query-input":"required name=search_term_string"}],"inLanguage":"pl-PL"},{"@type":"WebPage","@id":"https:\/\/selleetools.com\/pl\/product\/pyunkang-yul-ultimate-calming-line-gift-set-kojacy-zestaw-do-pielegnacji-twarzy\/","url":"https:\/\/selleetools.com\/pl\/product\/pyunkang-yul-ultimate-calming-line-gift-set-kojacy-zestaw-do-pielegnacji-twarzy\/","name":"Pyunkang Yul Ultimate Calming Line Gift Set - koj\u0105cy zestaw do piel\u0119gnacji twarzy - Selleetools.com","isPartOf":{"@id":"https:\/\/selleetools.com\/#website"},"datePublished":"2025-10-24T12:39:32+00:00","dateModified":"2025-12-02T20:06:53+00:00","breadcrumb":{"@id":"https:\/\/selleetools.com\/pl\/product\/pyunkang-yul-ultimate-calming-line-gift-set-kojacy-zestaw-do-pielegnacji-twarzy\/#breadcrumb"},"inLanguage":"pl-PL","potentialAction":[{"@type":"ReadAction","target":["https:\/\/selleetools.com\/pl\/product\/pyunkang-yul-ultimate-calming-line-gift-set-kojacy-zestaw-do-pielegnacji-twarzy\/"]}]},{"@type":"BreadcrumbList","@id":"https:\/\/selleetools.com\/pl\/product\/pyunkang-yul-ultimate-calming-line-gift-set-kojacy-zestaw-do-pielegnacji-twarzy\/#breadcrumb","itemListElement":[{"@type":"ListItem","position":1,"name":"Home","item":"https:\/\/selleetools.com\/pl\/"},{"@type":"ListItem","position":2,"name":"Katalog","item":"https:\/\/selleetools.com\/pl\/katalog\/"},{"@type":"ListItem","position":3,"name":"Pyunkang Yul Ultimate Calming Line Gift Set &#8211; koj\u0105cy zestaw do piel\u0119gnacji twarzy"}]}]}},"_links":{"self":[{"href":"https:\/\/selleetools.com\/pl\/wp-json\/wp\/v2\/product\/609776"}],"collection":[{"href":"https:\/\/selleetools.com\/pl\/wp-json\/wp\/v2\/product"}],"about":[{"href":"https:\/\/selleetools.com\/pl\/wp-json\/wp\/v2\/types\/product"}],"replies":[{"embeddable":true,"href":"https:\/\/selleetools.com\/pl\/wp-json\/wp\/v2\/comments?post=609776"}],"wp:featuredmedia":[{"embeddable":true,"href":"https:\/\/selleetools.com\/pl\/wp-json\/wp\/v2\/media\/609774"}],"wp:attachment":[{"href":"https:\/\/selleetools.com\/pl\/wp-json\/wp\/v2\/media?parent=609776"}],"curies":[{"name":"wp","href":"https:\/\/api.w.org\/{rel}","templated":true}]}}