{"id":609770,"date":"2025-10-24T14:39:27","date_gmt":"2025-10-24T12:39:27","guid":{"rendered":"https:\/\/selleetools.com\/?post_type=product&#038;p=609770"},"modified":"2025-11-04T22:08:01","modified_gmt":"2025-11-04T21:08:01","slug":"jumiso-waterfull-hyaluronic-acid-cleansing-foam-150-ml-pianka-do-mycia-twarzy","status":"publish","type":"product","link":"https:\/\/selleetools.com\/pl\/product\/jumiso-waterfull-hyaluronic-acid-cleansing-foam-150-ml-pianka-do-mycia-twarzy\/","title":{"rendered":"Jumiso Waterfull Hyaluronic Acid Cleansing Foam 150 ml &#8211; pianka do mycia twarzy"},"content":{"rendered":"<p>Jumiso Waterfull Hyaluronic Acid Cleansing Foam to delikatna pianka oczyszczaj\u0105ca do twarzy, kt\u00f3ra skutecznie usuwa zanieczyszczenia, resztki makija\u017cu i nadmiar sebum, nie powoduj\u0105c uczucia sucho\u015bci ani \u015bci\u0105gni\u0119cia sk\u00f3ry. Dzi\u0119ki potr\u00f3jnej formule kwasu hialuronowego intensywnie nawil\u017ca ju\u017c podczas mycia, dbaj\u0105c o r\u00f3wnowag\u0119 hydrolipidow\u0105 sk\u00f3ry. Ceramidy wzmacniaj\u0105 barier\u0119 ochronn\u0105 i zapobiegaj\u0105 utracie wilgoci, a fruktan zapewnia dodatkowe od\u017cywienie i wyg\u0142adzenie. Po zastosowaniu sk\u00f3ra jest czysta, mi\u0119kka, od\u015bwie\u017cona i przygotowana do dalszej piel\u0119gnacji.<\/p>\n<p>Korzy\u015bci dla sk\u00f3ry:<br \/>\nSkuteczne, a jednocze\u015bnie \u0142agodne oczyszczanie sk\u00f3ry<br \/>\nNawil\u017cenie i od\u017cywienie ju\u017c na etapie mycia<br \/>\nWzmocnienie bariery ochronnej i zapobieganie utracie wilgoci<br \/>\nZ\u0142agodzenie podra\u017cnie\u0144 i uczucia \u015bci\u0105gni\u0119cia<br \/>\nSk\u00f3ra g\u0142adka, \u015bwie\u017ca i pe\u0142na komfortu<\/p>\n<p>Spos\u00f3b u\u017cycia:<br \/>\nNanie\u015b niewielk\u0105 ilo\u015b\u0107 pianki na wilgotn\u0105 sk\u00f3r\u0119 twarzy i delikatnie masuj, a\u017c do wytworzenia piany. Nast\u0119pnie sp\u0142ucz ciep\u0142\u0105 wod\u0105 i delikatnie osusz twarz r\u0119cznikiem. Stosuj codziennie rano i wieczorem.<\/p>\n","protected":false},"excerpt":{"rendered":"<p>Jumiso Waterfull Hyaluronic Acid Cleansing Foam to delikatna pianka oczyszczaj\u0105ca do twarzy, kt\u00f3ra skutecznie usuwa zanieczyszczenia, resztki makija\u017cu i nadmiar sebum, nie powoduj\u0105c uczucia sucho\u015bci ani \u015bci\u0105gni\u0119cia sk\u00f3ry. Dzi\u0119ki potr\u00f3jnej formule kwasu hialuronowego intensywnie nawil\u017ca ju\u017c podczas mycia, dbaj\u0105c o r\u00f3wnowag\u0119 hydrolipidow\u0105 sk\u00f3ry. Ceramidy wzmacniaj\u0105 barier\u0119 ochronn\u0105 i zapobiegaj\u0105 utracie wilgoci, a fruktan zapewnia dodatkowe &#8230; <a title=\"Jumiso Waterfull Hyaluronic Acid Cleansing Foam 150 ml &#8211; pianka do mycia twarzy\" class=\"read-more\" href=\"https:\/\/selleetools.com\/pl\/product\/jumiso-waterfull-hyaluronic-acid-cleansing-foam-150-ml-pianka-do-mycia-twarzy\/\">Read more<span class=\"screen-reader-text\">Jumiso Waterfull Hyaluronic Acid Cleansing Foam 150 ml &#8211; pianka do mycia twarzy<\/span><\/a><\/p>\n","protected":false},"featured_media":609768,"comment_status":"open","ping_status":"closed","template":"","meta":{"_links_to":"","_links_to_target":""},"yoast_head":"<!-- This site is optimized with the Yoast SEO plugin v19.4 - https:\/\/yoast.com\/wordpress\/plugins\/seo\/ -->\n<title>Jumiso Waterfull Hyaluronic Acid Cleansing Foam 150 ml - pianka do mycia twarzy - Selleetools.com<\/title>\n<meta name=\"robots\" content=\"index, follow, max-snippet:-1, max-image-preview:large, max-video-preview:-1\" \/>\n<link rel=\"canonical\" href=\"https:\/\/selleetools.com\/pl\/product\/jumiso-waterfull-hyaluronic-acid-cleansing-foam-150-ml-pianka-do-mycia-twarzy\/\" \/>\n<meta property=\"og:locale\" content=\"pl_PL\" \/>\n<meta property=\"og:type\" content=\"article\" \/>\n<meta property=\"og:title\" content=\"Jumiso Waterfull Hyaluronic Acid Cleansing Foam 150 ml - pianka do mycia twarzy - Selleetools.com\" \/>\n<meta property=\"og:description\" content=\"Jumiso Waterfull Hyaluronic Acid Cleansing Foam to delikatna pianka oczyszczaj\u0105ca do twarzy, kt\u00f3ra skutecznie usuwa zanieczyszczenia, resztki makija\u017cu i nadmiar sebum, nie powoduj\u0105c uczucia sucho\u015bci ani \u015bci\u0105gni\u0119cia sk\u00f3ry. Dzi\u0119ki potr\u00f3jnej formule kwasu hialuronowego intensywnie nawil\u017ca ju\u017c podczas mycia, dbaj\u0105c o r\u00f3wnowag\u0119 hydrolipidow\u0105 sk\u00f3ry. Ceramidy wzmacniaj\u0105 barier\u0119 ochronn\u0105 i zapobiegaj\u0105 utracie wilgoci, a fruktan zapewnia dodatkowe ... Read moreJumiso Waterfull Hyaluronic Acid Cleansing Foam 150 ml &#8211; pianka do mycia twarzy\" \/>\n<meta property=\"og:url\" content=\"https:\/\/selleetools.com\/pl\/product\/jumiso-waterfull-hyaluronic-acid-cleansing-foam-150-ml-pianka-do-mycia-twarzy\/\" \/>\n<meta property=\"og:site_name\" content=\"Selleetools.com\" \/>\n<meta property=\"article:modified_time\" content=\"2025-11-04T21:08:01+00:00\" \/>\n<meta property=\"og:image\" content=\"https:\/\/selleetools.com\/wp-content\/uploads\/2025\/10\/5888959f1bb7c0a8e4c609c2ceba80b3.jpg\" \/>\n\t<meta property=\"og:image:width\" content=\"1200\" \/>\n\t<meta property=\"og:image:height\" content=\"1200\" \/>\n\t<meta property=\"og:image:type\" content=\"image\/jpeg\" \/>\n<meta name=\"twitter:card\" content=\"summary_large_image\" \/>\n<meta name=\"twitter:label1\" content=\"Est. reading time\" \/>\n\t<meta name=\"twitter:data1\" content=\"1 minuta\" \/>\n<!-- \/ Yoast SEO plugin. -->","yoast_head_json":{"title":"Jumiso Waterfull Hyaluronic Acid Cleansing Foam 150 ml - pianka do mycia twarzy - Selleetools.com","robots":{"index":"index","follow":"follow","max-snippet":"max-snippet:-1","max-image-preview":"max-image-preview:large","max-video-preview":"max-video-preview:-1"},"canonical":"https:\/\/selleetools.com\/pl\/product\/jumiso-waterfull-hyaluronic-acid-cleansing-foam-150-ml-pianka-do-mycia-twarzy\/","og_locale":"pl_PL","og_type":"article","og_title":"Jumiso Waterfull Hyaluronic Acid Cleansing Foam 150 ml - pianka do mycia twarzy - Selleetools.com","og_description":"Jumiso Waterfull Hyaluronic Acid Cleansing Foam to delikatna pianka oczyszczaj\u0105ca do twarzy, kt\u00f3ra skutecznie usuwa zanieczyszczenia, resztki makija\u017cu i nadmiar sebum, nie powoduj\u0105c uczucia sucho\u015bci ani \u015bci\u0105gni\u0119cia sk\u00f3ry. Dzi\u0119ki potr\u00f3jnej formule kwasu hialuronowego intensywnie nawil\u017ca ju\u017c podczas mycia, dbaj\u0105c o r\u00f3wnowag\u0119 hydrolipidow\u0105 sk\u00f3ry. Ceramidy wzmacniaj\u0105 barier\u0119 ochronn\u0105 i zapobiegaj\u0105 utracie wilgoci, a fruktan zapewnia dodatkowe ... Read moreJumiso Waterfull Hyaluronic Acid Cleansing Foam 150 ml &#8211; pianka do mycia twarzy","og_url":"https:\/\/selleetools.com\/pl\/product\/jumiso-waterfull-hyaluronic-acid-cleansing-foam-150-ml-pianka-do-mycia-twarzy\/","og_site_name":"Selleetools.com","article_modified_time":"2025-11-04T21:08:01+00:00","og_image":[{"width":1200,"height":1200,"url":"https:\/\/selleetools.com\/wp-content\/uploads\/2025\/10\/5888959f1bb7c0a8e4c609c2ceba80b3.jpg","type":"image\/jpeg"}],"twitter_card":"summary_large_image","twitter_misc":{"Est. reading time":"1 minuta"},"schema":{"@context":"https:\/\/schema.org","@graph":[{"@type":"Organization","@id":"https:\/\/selleetools.com\/#organization","name":"Selleetools","url":"https:\/\/selleetools.com\/","sameAs":[],"logo":{"@type":"ImageObject","inLanguage":"pl-PL","@id":"https:\/\/selleetools.com\/#\/schema\/logo\/image\/","url":"https:\/\/selleetools.com\/wp-content\/uploads\/2021\/10\/logo-dark.png","contentUrl":"https:\/\/selleetools.com\/wp-content\/uploads\/2021\/10\/logo-dark.png","width":320,"height":76,"caption":"Selleetools"},"image":{"@id":"https:\/\/selleetools.com\/#\/schema\/logo\/image\/"}},{"@type":"WebSite","@id":"https:\/\/selleetools.com\/#website","url":"https:\/\/selleetools.com\/","name":"Selleetools.com","description":"","publisher":{"@id":"https:\/\/selleetools.com\/#organization"},"potentialAction":[{"@type":"SearchAction","target":{"@type":"EntryPoint","urlTemplate":"https:\/\/selleetools.com\/?s={search_term_string}"},"query-input":"required name=search_term_string"}],"inLanguage":"pl-PL"},{"@type":"WebPage","@id":"https:\/\/selleetools.com\/pl\/product\/jumiso-waterfull-hyaluronic-acid-cleansing-foam-150-ml-pianka-do-mycia-twarzy\/","url":"https:\/\/selleetools.com\/pl\/product\/jumiso-waterfull-hyaluronic-acid-cleansing-foam-150-ml-pianka-do-mycia-twarzy\/","name":"Jumiso Waterfull Hyaluronic Acid Cleansing Foam 150 ml - pianka do mycia twarzy - Selleetools.com","isPartOf":{"@id":"https:\/\/selleetools.com\/#website"},"datePublished":"2025-10-24T12:39:27+00:00","dateModified":"2025-11-04T21:08:01+00:00","breadcrumb":{"@id":"https:\/\/selleetools.com\/pl\/product\/jumiso-waterfull-hyaluronic-acid-cleansing-foam-150-ml-pianka-do-mycia-twarzy\/#breadcrumb"},"inLanguage":"pl-PL","potentialAction":[{"@type":"ReadAction","target":["https:\/\/selleetools.com\/pl\/product\/jumiso-waterfull-hyaluronic-acid-cleansing-foam-150-ml-pianka-do-mycia-twarzy\/"]}]},{"@type":"BreadcrumbList","@id":"https:\/\/selleetools.com\/pl\/product\/jumiso-waterfull-hyaluronic-acid-cleansing-foam-150-ml-pianka-do-mycia-twarzy\/#breadcrumb","itemListElement":[{"@type":"ListItem","position":1,"name":"Home","item":"https:\/\/selleetools.com\/pl\/"},{"@type":"ListItem","position":2,"name":"Katalog","item":"https:\/\/selleetools.com\/pl\/katalog\/"},{"@type":"ListItem","position":3,"name":"Jumiso Waterfull Hyaluronic Acid Cleansing Foam 150 ml &#8211; pianka do mycia twarzy"}]}]}},"_links":{"self":[{"href":"https:\/\/selleetools.com\/pl\/wp-json\/wp\/v2\/product\/609770"}],"collection":[{"href":"https:\/\/selleetools.com\/pl\/wp-json\/wp\/v2\/product"}],"about":[{"href":"https:\/\/selleetools.com\/pl\/wp-json\/wp\/v2\/types\/product"}],"replies":[{"embeddable":true,"href":"https:\/\/selleetools.com\/pl\/wp-json\/wp\/v2\/comments?post=609770"}],"wp:featuredmedia":[{"embeddable":true,"href":"https:\/\/selleetools.com\/pl\/wp-json\/wp\/v2\/media\/609768"}],"wp:attachment":[{"href":"https:\/\/selleetools.com\/pl\/wp-json\/wp\/v2\/media?parent=609770"}],"curies":[{"name":"wp","href":"https:\/\/api.w.org\/{rel}","templated":true}]}}