{"id":609767,"date":"2025-10-24T14:39:24","date_gmt":"2025-10-24T12:39:24","guid":{"rendered":"https:\/\/selleetools.com\/?post_type=product&#038;p=609767"},"modified":"2025-11-04T22:07:47","modified_gmt":"2025-11-04T21:07:47","slug":"jumiso-waterfull-hyaluronic-acid-cream-100-ml-krem-nawilzajacy","status":"publish","type":"product","link":"https:\/\/selleetools.com\/pl\/product\/jumiso-waterfull-hyaluronic-acid-cream-100-ml-krem-nawilzajacy\/","title":{"rendered":"Jumiso Waterfull Hyaluronic Acid Cream 100 ml &#8211; krem nawil\u017caj\u0105cy"},"content":{"rendered":"<p>Jumiso Waterfull Hyaluronic Cream to lekki krem \u017celowy, kt\u00f3ry intensywnie nawil\u017ca, wyg\u0142adza i wzmacnia sk\u00f3r\u0119. Dzi\u0119ki potr\u00f3jnej formule kwasu hialuronowego g\u0142\u0119boko nawadnia, pozostawiaj\u0105c sk\u00f3r\u0119 mi\u0119kk\u0105, elastyczn\u0105 i pe\u0142n\u0105 blasku. Formu\u0142a z kompleksem probiotycznym wspiera naturalny mikrobiom, wzmacnia barier\u0119 ochronn\u0105 sk\u00f3ry i poprawia jej odporno\u015b\u0107 na czynniki zewn\u0119trzne. Ekstrakt z malachitu dzia\u0142a antyoksydacyjnie i wyg\u0142adzaj\u0105co, nadaj\u0105c sk\u00f3rze zdrowy, promienny wygl\u0105d. Krem szybko si\u0119 wch\u0142ania, nie pozostawiaj\u0105c t\u0142ustego filmu, dlatego doskonale sprawdza si\u0119 tak\u017ce pod makija\u017c.<\/p>\n<p>Korzy\u015bci dla sk\u00f3ry:<br \/>\nG\u0142\u0119bokie i d\u0142ugotrwa\u0142e nawil\u017cenie<br \/>\nWzmocnienie i ochrona bariery sk\u00f3rnej<br \/>\nPoprawa elastyczno\u015bci i mi\u0119kko\u015bci sk\u00f3ry<br \/>\nWyg\u0142adzenie i nadanie zdrowego blasku<br \/>\nUkojenie podra\u017cnie\u0144 i ochrona przed czynnikami zewn\u0119trznymi<\/p>\n<p>Spos\u00f3b u\u017cycia:<br \/>\nNa oczyszczon\u0105 sk\u00f3r\u0119 twarzy na\u0142\u00f3\u017c odpowiedni\u0105 ilo\u015b\u0107 kremu, delikatnie wmasuj i wklep, a\u017c do ca\u0142kowitego wch\u0142oni\u0119cia. Stosuj codziennie rano i wieczorem.<\/p>\n","protected":false},"excerpt":{"rendered":"<p>Jumiso Waterfull Hyaluronic Cream to lekki krem \u017celowy, kt\u00f3ry intensywnie nawil\u017ca, wyg\u0142adza i wzmacnia sk\u00f3r\u0119. Dzi\u0119ki potr\u00f3jnej formule kwasu hialuronowego g\u0142\u0119boko nawadnia, pozostawiaj\u0105c sk\u00f3r\u0119 mi\u0119kk\u0105, elastyczn\u0105 i pe\u0142n\u0105 blasku. Formu\u0142a z kompleksem probiotycznym wspiera naturalny mikrobiom, wzmacnia barier\u0119 ochronn\u0105 sk\u00f3ry i poprawia jej odporno\u015b\u0107 na czynniki zewn\u0119trzne. Ekstrakt z malachitu dzia\u0142a antyoksydacyjnie i wyg\u0142adzaj\u0105co, nadaj\u0105c &#8230; <a title=\"Jumiso Waterfull Hyaluronic Acid Cream 100 ml &#8211; krem nawil\u017caj\u0105cy\" class=\"read-more\" href=\"https:\/\/selleetools.com\/pl\/product\/jumiso-waterfull-hyaluronic-acid-cream-100-ml-krem-nawilzajacy\/\">Read more<span class=\"screen-reader-text\">Jumiso Waterfull Hyaluronic Acid Cream 100 ml &#8211; krem nawil\u017caj\u0105cy<\/span><\/a><\/p>\n","protected":false},"featured_media":609765,"comment_status":"open","ping_status":"closed","template":"","meta":{"_links_to":"","_links_to_target":""},"yoast_head":"<!-- This site is optimized with the Yoast SEO plugin v19.4 - https:\/\/yoast.com\/wordpress\/plugins\/seo\/ -->\n<title>Jumiso Waterfull Hyaluronic Acid Cream 100 ml - krem nawil\u017caj\u0105cy - Selleetools.com<\/title>\n<meta name=\"robots\" content=\"index, follow, max-snippet:-1, max-image-preview:large, max-video-preview:-1\" \/>\n<link rel=\"canonical\" href=\"https:\/\/selleetools.com\/product\/jumiso-waterfull-hyaluronic-acid-cream-100-ml-krem-nawilzajacy\/\" \/>\n<meta property=\"og:locale\" content=\"pl_PL\" \/>\n<meta property=\"og:type\" content=\"article\" \/>\n<meta property=\"og:title\" content=\"Jumiso Waterfull Hyaluronic Acid Cream 100 ml - krem nawil\u017caj\u0105cy - Selleetools.com\" \/>\n<meta property=\"og:description\" content=\"Jumiso Waterfull Hyaluronic Cream to lekki krem \u017celowy, kt\u00f3ry intensywnie nawil\u017ca, wyg\u0142adza i wzmacnia sk\u00f3r\u0119. Dzi\u0119ki potr\u00f3jnej formule kwasu hialuronowego g\u0142\u0119boko nawadnia, pozostawiaj\u0105c sk\u00f3r\u0119 mi\u0119kk\u0105, elastyczn\u0105 i pe\u0142n\u0105 blasku. Formu\u0142a z kompleksem probiotycznym wspiera naturalny mikrobiom, wzmacnia barier\u0119 ochronn\u0105 sk\u00f3ry i poprawia jej odporno\u015b\u0107 na czynniki zewn\u0119trzne. Ekstrakt z malachitu dzia\u0142a antyoksydacyjnie i wyg\u0142adzaj\u0105co, nadaj\u0105c ... Read moreJumiso Waterfull Hyaluronic Acid Cream 100 ml &#8211; krem nawil\u017caj\u0105cy\" \/>\n<meta property=\"og:url\" content=\"https:\/\/selleetools.com\/product\/jumiso-waterfull-hyaluronic-acid-cream-100-ml-krem-nawilzajacy\/\" \/>\n<meta property=\"og:site_name\" content=\"Selleetools.com\" \/>\n<meta property=\"article:modified_time\" content=\"2025-11-04T21:07:47+00:00\" \/>\n<meta property=\"og:image\" content=\"https:\/\/selleetools.com\/wp-content\/uploads\/2025\/10\/8e951c65223bfa2efe9ce7960a74bfa3.jpg\" \/>\n\t<meta property=\"og:image:width\" content=\"1200\" \/>\n\t<meta property=\"og:image:height\" content=\"1200\" \/>\n\t<meta property=\"og:image:type\" content=\"image\/jpeg\" \/>\n<meta name=\"twitter:card\" content=\"summary_large_image\" \/>\n<meta name=\"twitter:label1\" content=\"Est. reading time\" \/>\n\t<meta name=\"twitter:data1\" content=\"1 minuta\" \/>\n<!-- \/ Yoast SEO plugin. -->","yoast_head_json":{"title":"Jumiso Waterfull Hyaluronic Acid Cream 100 ml - krem nawil\u017caj\u0105cy - Selleetools.com","robots":{"index":"index","follow":"follow","max-snippet":"max-snippet:-1","max-image-preview":"max-image-preview:large","max-video-preview":"max-video-preview:-1"},"canonical":"https:\/\/selleetools.com\/product\/jumiso-waterfull-hyaluronic-acid-cream-100-ml-krem-nawilzajacy\/","og_locale":"pl_PL","og_type":"article","og_title":"Jumiso Waterfull Hyaluronic Acid Cream 100 ml - krem nawil\u017caj\u0105cy - Selleetools.com","og_description":"Jumiso Waterfull Hyaluronic Cream to lekki krem \u017celowy, kt\u00f3ry intensywnie nawil\u017ca, wyg\u0142adza i wzmacnia sk\u00f3r\u0119. Dzi\u0119ki potr\u00f3jnej formule kwasu hialuronowego g\u0142\u0119boko nawadnia, pozostawiaj\u0105c sk\u00f3r\u0119 mi\u0119kk\u0105, elastyczn\u0105 i pe\u0142n\u0105 blasku. Formu\u0142a z kompleksem probiotycznym wspiera naturalny mikrobiom, wzmacnia barier\u0119 ochronn\u0105 sk\u00f3ry i poprawia jej odporno\u015b\u0107 na czynniki zewn\u0119trzne. Ekstrakt z malachitu dzia\u0142a antyoksydacyjnie i wyg\u0142adzaj\u0105co, nadaj\u0105c ... Read moreJumiso Waterfull Hyaluronic Acid Cream 100 ml &#8211; krem nawil\u017caj\u0105cy","og_url":"https:\/\/selleetools.com\/product\/jumiso-waterfull-hyaluronic-acid-cream-100-ml-krem-nawilzajacy\/","og_site_name":"Selleetools.com","article_modified_time":"2025-11-04T21:07:47+00:00","og_image":[{"width":1200,"height":1200,"url":"https:\/\/selleetools.com\/wp-content\/uploads\/2025\/10\/8e951c65223bfa2efe9ce7960a74bfa3.jpg","type":"image\/jpeg"}],"twitter_card":"summary_large_image","twitter_misc":{"Est. reading time":"1 minuta"},"schema":{"@context":"https:\/\/schema.org","@graph":[{"@type":"Organization","@id":"https:\/\/selleetools.com\/#organization","name":"Selleetools","url":"https:\/\/selleetools.com\/","sameAs":[],"logo":{"@type":"ImageObject","inLanguage":"pl-PL","@id":"https:\/\/selleetools.com\/#\/schema\/logo\/image\/","url":"https:\/\/selleetools.com\/wp-content\/uploads\/2021\/10\/logo-dark.png","contentUrl":"https:\/\/selleetools.com\/wp-content\/uploads\/2021\/10\/logo-dark.png","width":320,"height":76,"caption":"Selleetools"},"image":{"@id":"https:\/\/selleetools.com\/#\/schema\/logo\/image\/"}},{"@type":"WebSite","@id":"https:\/\/selleetools.com\/#website","url":"https:\/\/selleetools.com\/","name":"Selleetools.com","description":"","publisher":{"@id":"https:\/\/selleetools.com\/#organization"},"potentialAction":[{"@type":"SearchAction","target":{"@type":"EntryPoint","urlTemplate":"https:\/\/selleetools.com\/?s={search_term_string}"},"query-input":"required name=search_term_string"}],"inLanguage":"pl-PL"},{"@type":"WebPage","@id":"https:\/\/selleetools.com\/product\/jumiso-waterfull-hyaluronic-acid-cream-100-ml-krem-nawilzajacy\/","url":"https:\/\/selleetools.com\/product\/jumiso-waterfull-hyaluronic-acid-cream-100-ml-krem-nawilzajacy\/","name":"Jumiso Waterfull Hyaluronic Acid Cream 100 ml - krem nawil\u017caj\u0105cy - Selleetools.com","isPartOf":{"@id":"https:\/\/selleetools.com\/#website"},"datePublished":"2025-10-24T12:39:24+00:00","dateModified":"2025-11-04T21:07:47+00:00","breadcrumb":{"@id":"https:\/\/selleetools.com\/product\/jumiso-waterfull-hyaluronic-acid-cream-100-ml-krem-nawilzajacy\/#breadcrumb"},"inLanguage":"pl-PL","potentialAction":[{"@type":"ReadAction","target":["https:\/\/selleetools.com\/product\/jumiso-waterfull-hyaluronic-acid-cream-100-ml-krem-nawilzajacy\/"]}]},{"@type":"BreadcrumbList","@id":"https:\/\/selleetools.com\/product\/jumiso-waterfull-hyaluronic-acid-cream-100-ml-krem-nawilzajacy\/#breadcrumb","itemListElement":[{"@type":"ListItem","position":1,"name":"Home","item":"https:\/\/selleetools.com\/pl\/"},{"@type":"ListItem","position":2,"name":"Katalog","item":"https:\/\/selleetools.com\/pl\/katalog\/"},{"@type":"ListItem","position":3,"name":"Jumiso Waterfull Hyaluronic Acid Cream 100 ml &#8211; krem nawil\u017caj\u0105cy"}]}]}},"_links":{"self":[{"href":"https:\/\/selleetools.com\/pl\/wp-json\/wp\/v2\/product\/609767"}],"collection":[{"href":"https:\/\/selleetools.com\/pl\/wp-json\/wp\/v2\/product"}],"about":[{"href":"https:\/\/selleetools.com\/pl\/wp-json\/wp\/v2\/types\/product"}],"replies":[{"embeddable":true,"href":"https:\/\/selleetools.com\/pl\/wp-json\/wp\/v2\/comments?post=609767"}],"wp:featuredmedia":[{"embeddable":true,"href":"https:\/\/selleetools.com\/pl\/wp-json\/wp\/v2\/media\/609765"}],"wp:attachment":[{"href":"https:\/\/selleetools.com\/pl\/wp-json\/wp\/v2\/media?parent=609767"}],"curies":[{"name":"wp","href":"https:\/\/api.w.org\/{rel}","templated":true}]}}