{"id":609764,"date":"2025-10-24T14:39:22","date_gmt":"2025-10-24T12:39:22","guid":{"rendered":"https:\/\/selleetools.com\/?post_type=product&#038;p=609764"},"modified":"2026-03-24T10:21:12","modified_gmt":"2026-03-24T09:21:12","slug":"jumiso-blackhead-melting-softener-special-kit-zestaw-do-redukcji-zaskornikow-i-sebum","status":"publish","type":"product","link":"https:\/\/selleetools.com\/pl\/product\/jumiso-blackhead-melting-softener-special-kit-zestaw-do-redukcji-zaskornikow-i-sebum\/","title":{"rendered":"Jumiso Blackhead Melting Softener Special Kit &#8211; zestaw do redukcji zask\u00f3rnik\u00f3w i sebum"},"content":{"rendered":"<p>Jumiso Blackhead Melting Softener Special Kit to zestaw do skutecznego i \u0142agodnego usuwania zask\u00f3rnik\u00f3w oraz nadmiaru sebum. W sk\u0142ad zestawu wchodzi p\u0142yn zmi\u0119kczaj\u0105cy zask\u00f3rniki (150 ml), 40 specjalnych p\u0142atk\u00f3w kosmetycznych oraz 10 dwustronnych patyczk\u00f3w. Formu\u0142a oparta na kwasie bursztynowym skutecznie rozpuszcza sebum i zanieczyszczenia w porach, a wyci\u0105gi ro\u015blinne, takie jak oczar wirginijski, sza\u0142wia i drzewo herbaciane, \u0142agodz\u0105 sk\u00f3r\u0119, redukuj\u0105c zaczerwienienia i poprawiaj\u0105c jej kondycj\u0119. Potr\u00f3jny kompleks kwasu hialuronowego nawil\u017ca i zapobiega przesuszeniu sk\u00f3ry.<\/p>\n<p>Korzy\u015bci dla sk\u00f3ry:<br \/>\nSkuteczne rozpuszczanie i usuwanie zask\u00f3rnik\u00f3w oraz sebum<br \/>\nOczyszczenie i zw\u0119\u017cenie por\u00f3w<br \/>\n\u0141agodzenie podra\u017cnie\u0144 i redukcja zaczerwienie\u0144<br \/>\nNawil\u017cenie sk\u00f3ry i zapobieganie przesuszeniu<br \/>\nSk\u00f3ra wyg\u0142adzona, oczyszczona i pe\u0142na blasku<\/p>\n<p>Spos\u00f3b u\u017cycia:<br \/>\nPo oczyszczeniu sk\u00f3ry nas\u0105cz wacik odpowiedni\u0105 ilo\u015bci\u0105 p\u0142ynu i na\u0142\u00f3\u017c go na miejsca z widocznymi zask\u00f3rnikami lub nadmiarem sebum (np. nos, broda, czo\u0142o). Pozostaw na 10\u201315 minut. Nast\u0119pnie u\u017cyj aplikatora z zestawu, aby delikatnie usun\u0105\u0107 zmi\u0119kczone zanieczyszczenia, a na ko\u0144cu dok\u0142adnie sp\u0142ucz twarz letni\u0105 wod\u0105. W razie potrzeby do\u0142\u00f3\u017c wi\u0119cej produktu na wacik, aby nie wysycha\u0142 podczas zabiegu.<\/p>\n","protected":false},"excerpt":{"rendered":"<p>Jumiso Blackhead Melting Softener Special Kit to zestaw do skutecznego i \u0142agodnego usuwania zask\u00f3rnik\u00f3w oraz nadmiaru sebum. W sk\u0142ad zestawu wchodzi p\u0142yn zmi\u0119kczaj\u0105cy zask\u00f3rniki (150 ml), 40 specjalnych p\u0142atk\u00f3w kosmetycznych oraz 10 dwustronnych patyczk\u00f3w. Formu\u0142a oparta na kwasie bursztynowym skutecznie rozpuszcza sebum i zanieczyszczenia w porach, a wyci\u0105gi ro\u015blinne, takie jak oczar wirginijski, sza\u0142wia i &#8230; <a title=\"Jumiso Blackhead Melting Softener Special Kit &#8211; zestaw do redukcji zask\u00f3rnik\u00f3w i sebum\" class=\"read-more\" href=\"https:\/\/selleetools.com\/pl\/product\/jumiso-blackhead-melting-softener-special-kit-zestaw-do-redukcji-zaskornikow-i-sebum\/\">Read more<span class=\"screen-reader-text\">Jumiso Blackhead Melting Softener Special Kit &#8211; zestaw do redukcji zask\u00f3rnik\u00f3w i sebum<\/span><\/a><\/p>\n","protected":false},"featured_media":609762,"comment_status":"open","ping_status":"closed","template":"","meta":{"_links_to":"","_links_to_target":""},"yoast_head":"<!-- This site is optimized with the Yoast SEO plugin v19.4 - https:\/\/yoast.com\/wordpress\/plugins\/seo\/ -->\n<title>Jumiso Blackhead Melting Softener Special Kit - zestaw do redukcji zask\u00f3rnik\u00f3w i sebum - Selleetools.com<\/title>\n<meta name=\"robots\" content=\"index, follow, max-snippet:-1, max-image-preview:large, max-video-preview:-1\" \/>\n<link rel=\"canonical\" href=\"https:\/\/selleetools.com\/pl\/product\/jumiso-blackhead-melting-softener-special-kit-zestaw-do-redukcji-zaskornikow-i-sebum\/\" \/>\n<meta property=\"og:locale\" content=\"pl_PL\" \/>\n<meta property=\"og:type\" content=\"article\" \/>\n<meta property=\"og:title\" content=\"Jumiso Blackhead Melting Softener Special Kit - zestaw do redukcji zask\u00f3rnik\u00f3w i sebum - Selleetools.com\" \/>\n<meta property=\"og:description\" content=\"Jumiso Blackhead Melting Softener Special Kit to zestaw do skutecznego i \u0142agodnego usuwania zask\u00f3rnik\u00f3w oraz nadmiaru sebum. W sk\u0142ad zestawu wchodzi p\u0142yn zmi\u0119kczaj\u0105cy zask\u00f3rniki (150 ml), 40 specjalnych p\u0142atk\u00f3w kosmetycznych oraz 10 dwustronnych patyczk\u00f3w. Formu\u0142a oparta na kwasie bursztynowym skutecznie rozpuszcza sebum i zanieczyszczenia w porach, a wyci\u0105gi ro\u015blinne, takie jak oczar wirginijski, sza\u0142wia i ... Read moreJumiso Blackhead Melting Softener Special Kit &#8211; zestaw do redukcji zask\u00f3rnik\u00f3w i sebum\" \/>\n<meta property=\"og:url\" content=\"https:\/\/selleetools.com\/pl\/product\/jumiso-blackhead-melting-softener-special-kit-zestaw-do-redukcji-zaskornikow-i-sebum\/\" \/>\n<meta property=\"og:site_name\" content=\"Selleetools.com\" \/>\n<meta property=\"article:modified_time\" content=\"2026-03-24T09:21:12+00:00\" \/>\n<meta property=\"og:image\" content=\"https:\/\/selleetools.com\/wp-content\/uploads\/2025\/10\/75237400494b5590ddd7a4efdf450476.jpg\" \/>\n\t<meta property=\"og:image:width\" content=\"1200\" \/>\n\t<meta property=\"og:image:height\" content=\"1200\" \/>\n\t<meta property=\"og:image:type\" content=\"image\/jpeg\" \/>\n<meta name=\"twitter:card\" content=\"summary_large_image\" \/>\n<meta name=\"twitter:label1\" content=\"Est. reading time\" \/>\n\t<meta name=\"twitter:data1\" content=\"1 minuta\" \/>\n<!-- \/ Yoast SEO plugin. -->","yoast_head_json":{"title":"Jumiso Blackhead Melting Softener Special Kit - zestaw do redukcji zask\u00f3rnik\u00f3w i sebum - Selleetools.com","robots":{"index":"index","follow":"follow","max-snippet":"max-snippet:-1","max-image-preview":"max-image-preview:large","max-video-preview":"max-video-preview:-1"},"canonical":"https:\/\/selleetools.com\/pl\/product\/jumiso-blackhead-melting-softener-special-kit-zestaw-do-redukcji-zaskornikow-i-sebum\/","og_locale":"pl_PL","og_type":"article","og_title":"Jumiso Blackhead Melting Softener Special Kit - zestaw do redukcji zask\u00f3rnik\u00f3w i sebum - Selleetools.com","og_description":"Jumiso Blackhead Melting Softener Special Kit to zestaw do skutecznego i \u0142agodnego usuwania zask\u00f3rnik\u00f3w oraz nadmiaru sebum. W sk\u0142ad zestawu wchodzi p\u0142yn zmi\u0119kczaj\u0105cy zask\u00f3rniki (150 ml), 40 specjalnych p\u0142atk\u00f3w kosmetycznych oraz 10 dwustronnych patyczk\u00f3w. Formu\u0142a oparta na kwasie bursztynowym skutecznie rozpuszcza sebum i zanieczyszczenia w porach, a wyci\u0105gi ro\u015blinne, takie jak oczar wirginijski, sza\u0142wia i ... Read moreJumiso Blackhead Melting Softener Special Kit &#8211; zestaw do redukcji zask\u00f3rnik\u00f3w i sebum","og_url":"https:\/\/selleetools.com\/pl\/product\/jumiso-blackhead-melting-softener-special-kit-zestaw-do-redukcji-zaskornikow-i-sebum\/","og_site_name":"Selleetools.com","article_modified_time":"2026-03-24T09:21:12+00:00","og_image":[{"width":1200,"height":1200,"url":"https:\/\/selleetools.com\/wp-content\/uploads\/2025\/10\/75237400494b5590ddd7a4efdf450476.jpg","type":"image\/jpeg"}],"twitter_card":"summary_large_image","twitter_misc":{"Est. reading time":"1 minuta"},"schema":{"@context":"https:\/\/schema.org","@graph":[{"@type":"Organization","@id":"https:\/\/selleetools.com\/#organization","name":"Selleetools","url":"https:\/\/selleetools.com\/","sameAs":[],"logo":{"@type":"ImageObject","inLanguage":"pl-PL","@id":"https:\/\/selleetools.com\/#\/schema\/logo\/image\/","url":"https:\/\/selleetools.com\/wp-content\/uploads\/2021\/10\/logo-dark.png","contentUrl":"https:\/\/selleetools.com\/wp-content\/uploads\/2021\/10\/logo-dark.png","width":320,"height":76,"caption":"Selleetools"},"image":{"@id":"https:\/\/selleetools.com\/#\/schema\/logo\/image\/"}},{"@type":"WebSite","@id":"https:\/\/selleetools.com\/#website","url":"https:\/\/selleetools.com\/","name":"Selleetools.com","description":"","publisher":{"@id":"https:\/\/selleetools.com\/#organization"},"potentialAction":[{"@type":"SearchAction","target":{"@type":"EntryPoint","urlTemplate":"https:\/\/selleetools.com\/?s={search_term_string}"},"query-input":"required name=search_term_string"}],"inLanguage":"pl-PL"},{"@type":"WebPage","@id":"https:\/\/selleetools.com\/pl\/product\/jumiso-blackhead-melting-softener-special-kit-zestaw-do-redukcji-zaskornikow-i-sebum\/","url":"https:\/\/selleetools.com\/pl\/product\/jumiso-blackhead-melting-softener-special-kit-zestaw-do-redukcji-zaskornikow-i-sebum\/","name":"Jumiso Blackhead Melting Softener Special Kit - zestaw do redukcji zask\u00f3rnik\u00f3w i sebum - Selleetools.com","isPartOf":{"@id":"https:\/\/selleetools.com\/#website"},"datePublished":"2025-10-24T12:39:22+00:00","dateModified":"2026-03-24T09:21:12+00:00","breadcrumb":{"@id":"https:\/\/selleetools.com\/pl\/product\/jumiso-blackhead-melting-softener-special-kit-zestaw-do-redukcji-zaskornikow-i-sebum\/#breadcrumb"},"inLanguage":"pl-PL","potentialAction":[{"@type":"ReadAction","target":["https:\/\/selleetools.com\/pl\/product\/jumiso-blackhead-melting-softener-special-kit-zestaw-do-redukcji-zaskornikow-i-sebum\/"]}]},{"@type":"BreadcrumbList","@id":"https:\/\/selleetools.com\/pl\/product\/jumiso-blackhead-melting-softener-special-kit-zestaw-do-redukcji-zaskornikow-i-sebum\/#breadcrumb","itemListElement":[{"@type":"ListItem","position":1,"name":"Home","item":"https:\/\/selleetools.com\/pl\/"},{"@type":"ListItem","position":2,"name":"Katalog","item":"https:\/\/selleetools.com\/pl\/katalog\/"},{"@type":"ListItem","position":3,"name":"Jumiso Blackhead Melting Softener Special Kit &#8211; zestaw do redukcji zask\u00f3rnik\u00f3w i sebum"}]}]}},"_links":{"self":[{"href":"https:\/\/selleetools.com\/pl\/wp-json\/wp\/v2\/product\/609764"}],"collection":[{"href":"https:\/\/selleetools.com\/pl\/wp-json\/wp\/v2\/product"}],"about":[{"href":"https:\/\/selleetools.com\/pl\/wp-json\/wp\/v2\/types\/product"}],"replies":[{"embeddable":true,"href":"https:\/\/selleetools.com\/pl\/wp-json\/wp\/v2\/comments?post=609764"}],"wp:featuredmedia":[{"embeddable":true,"href":"https:\/\/selleetools.com\/pl\/wp-json\/wp\/v2\/media\/609762"}],"wp:attachment":[{"href":"https:\/\/selleetools.com\/pl\/wp-json\/wp\/v2\/media?parent=609764"}],"curies":[{"name":"wp","href":"https:\/\/api.w.org\/{rel}","templated":true}]}}