{"id":609761,"date":"2025-10-24T14:39:19","date_gmt":"2025-10-24T12:39:19","guid":{"rendered":"https:\/\/selleetools.com\/?post_type=product&#038;p=609761"},"modified":"2025-11-04T22:07:14","modified_gmt":"2025-11-04T21:07:14","slug":"pyunkang-yul-ultimate-calming-solution-toner-pad-70-szt-kojace-platki-do-twarzy","status":"publish","type":"product","link":"https:\/\/selleetools.com\/pl\/product\/pyunkang-yul-ultimate-calming-solution-toner-pad-70-szt-kojace-platki-do-twarzy\/","title":{"rendered":"Pyunkang Yul Ultimate Calming Solution Toner Pad 70 szt &#8211; koj\u0105ce p\u0142atki do twarzy"},"content":{"rendered":"<p>Pyunkang Yul Ultimate Calming Solution Toner Pad to p\u0142atki tonizuj\u0105ce, kt\u00f3re intensywnie koj\u0105 i nawil\u017caj\u0105 sk\u00f3r\u0119, jednocze\u015bnie delikatnie usuwaj\u0105c zanieczyszczenia oraz martwe kom\u00f3rki nask\u00f3rka. Formu\u0142a oparta na ekstraktach ro\u015blinnych, takich jak w\u0105krota azjatycka, tarczyca bajkalska czy kora amurskiego korkowca, dzia\u0142a \u0142agodz\u0105co i koj\u0105co, pomagaj\u0105c przywr\u00f3ci\u0107 sk\u00f3rze r\u00f3wnowag\u0119. Kompleks kwasu hialuronowego, ceramidy oraz pantenol zapewniaj\u0105 g\u0142\u0119bokie nawil\u017cenie i wzmacniaj\u0105 barier\u0119 ochronn\u0105, a niacynamid rozja\u015bnia i poprawia koloryt cery. Produkt idealny dla sk\u00f3ry wra\u017cliwej, podra\u017cnionej oraz sk\u0142onnej do zaczerwienie\u0144.<\/p>\n<p>Korzy\u015bci dla sk\u00f3ry:<br \/>\nIntensywne ukojenie i redukcja podra\u017cnie\u0144<br \/>\nNawil\u017cenie i wzmocnienie bariery sk\u00f3rnej<br \/>\nOczyszczenie z resztek makija\u017cu i zanieczyszcze\u0144<br \/>\nPoprawa elastyczno\u015bci i wyg\u0142adzenie sk\u00f3ry<br \/>\nRozja\u015bnienie cery i wyr\u00f3wnanie jej kolorytu<\/p>\n<p>Spos\u00f3b u\u017cycia:<br \/>\nPo oczyszczeniu sk\u00f3ry delikatnie przetrzyj twarz t\u0142oczon\u0105 (wypuk\u0142\u0105) stron\u0105 p\u0142atka, pod\u0105\u017caj\u0105c zgodnie z kierunkiem uk\u0142adu sk\u00f3ry. Nast\u0119pnie przetrzyj twarz g\u0142adk\u0105 stron\u0105 p\u0142atka, aby doczy\u015bci\u0107 sk\u00f3r\u0119. Pozosta\u0142o\u015b\u0107 delikatnie wklep opuszkami palc\u00f3w, a\u017c do wch\u0142oni\u0119cia. Stosuj codziennie rano i\/lub wieczorem.<\/p>\n","protected":false},"excerpt":{"rendered":"<p>Pyunkang Yul Ultimate Calming Solution Toner Pad to p\u0142atki tonizuj\u0105ce, kt\u00f3re intensywnie koj\u0105 i nawil\u017caj\u0105 sk\u00f3r\u0119, jednocze\u015bnie delikatnie usuwaj\u0105c zanieczyszczenia oraz martwe kom\u00f3rki nask\u00f3rka. Formu\u0142a oparta na ekstraktach ro\u015blinnych, takich jak w\u0105krota azjatycka, tarczyca bajkalska czy kora amurskiego korkowca, dzia\u0142a \u0142agodz\u0105co i koj\u0105co, pomagaj\u0105c przywr\u00f3ci\u0107 sk\u00f3rze r\u00f3wnowag\u0119. Kompleks kwasu hialuronowego, ceramidy oraz pantenol zapewniaj\u0105 g\u0142\u0119bokie &#8230; <a title=\"Pyunkang Yul Ultimate Calming Solution Toner Pad 70 szt &#8211; koj\u0105ce p\u0142atki do twarzy\" class=\"read-more\" href=\"https:\/\/selleetools.com\/pl\/product\/pyunkang-yul-ultimate-calming-solution-toner-pad-70-szt-kojace-platki-do-twarzy\/\">Read more<span class=\"screen-reader-text\">Pyunkang Yul Ultimate Calming Solution Toner Pad 70 szt &#8211; koj\u0105ce p\u0142atki do twarzy<\/span><\/a><\/p>\n","protected":false},"featured_media":609759,"comment_status":"open","ping_status":"closed","template":"","meta":{"_links_to":"","_links_to_target":""},"yoast_head":"<!-- This site is optimized with the Yoast SEO plugin v19.4 - https:\/\/yoast.com\/wordpress\/plugins\/seo\/ -->\n<title>Pyunkang Yul Ultimate Calming Solution Toner Pad 70 szt - koj\u0105ce p\u0142atki do twarzy - Selleetools.com<\/title>\n<meta name=\"robots\" content=\"index, follow, max-snippet:-1, max-image-preview:large, max-video-preview:-1\" \/>\n<link rel=\"canonical\" href=\"https:\/\/selleetools.com\/product\/pyunkang-yul-ultimate-calming-solution-toner-pad-70-szt-kojace-platki-do-twarzy\/\" \/>\n<meta property=\"og:locale\" content=\"pl_PL\" \/>\n<meta property=\"og:type\" content=\"article\" \/>\n<meta property=\"og:title\" content=\"Pyunkang Yul Ultimate Calming Solution Toner Pad 70 szt - koj\u0105ce p\u0142atki do twarzy - Selleetools.com\" \/>\n<meta property=\"og:description\" content=\"Pyunkang Yul Ultimate Calming Solution Toner Pad to p\u0142atki tonizuj\u0105ce, kt\u00f3re intensywnie koj\u0105 i nawil\u017caj\u0105 sk\u00f3r\u0119, jednocze\u015bnie delikatnie usuwaj\u0105c zanieczyszczenia oraz martwe kom\u00f3rki nask\u00f3rka. Formu\u0142a oparta na ekstraktach ro\u015blinnych, takich jak w\u0105krota azjatycka, tarczyca bajkalska czy kora amurskiego korkowca, dzia\u0142a \u0142agodz\u0105co i koj\u0105co, pomagaj\u0105c przywr\u00f3ci\u0107 sk\u00f3rze r\u00f3wnowag\u0119. Kompleks kwasu hialuronowego, ceramidy oraz pantenol zapewniaj\u0105 g\u0142\u0119bokie ... Read morePyunkang Yul Ultimate Calming Solution Toner Pad 70 szt &#8211; koj\u0105ce p\u0142atki do twarzy\" \/>\n<meta property=\"og:url\" content=\"https:\/\/selleetools.com\/product\/pyunkang-yul-ultimate-calming-solution-toner-pad-70-szt-kojace-platki-do-twarzy\/\" \/>\n<meta property=\"og:site_name\" content=\"Selleetools.com\" \/>\n<meta property=\"article:modified_time\" content=\"2025-11-04T21:07:14+00:00\" \/>\n<meta property=\"og:image\" content=\"https:\/\/selleetools.com\/wp-content\/uploads\/2025\/10\/6c1012a8ada5ce303d06431a8e15f7d1.jpg\" \/>\n\t<meta property=\"og:image:width\" content=\"1200\" \/>\n\t<meta property=\"og:image:height\" content=\"1200\" \/>\n\t<meta property=\"og:image:type\" content=\"image\/jpeg\" \/>\n<meta name=\"twitter:card\" content=\"summary_large_image\" \/>\n<meta name=\"twitter:label1\" content=\"Est. reading time\" \/>\n\t<meta name=\"twitter:data1\" content=\"1 minuta\" \/>\n<!-- \/ Yoast SEO plugin. -->","yoast_head_json":{"title":"Pyunkang Yul Ultimate Calming Solution Toner Pad 70 szt - koj\u0105ce p\u0142atki do twarzy - Selleetools.com","robots":{"index":"index","follow":"follow","max-snippet":"max-snippet:-1","max-image-preview":"max-image-preview:large","max-video-preview":"max-video-preview:-1"},"canonical":"https:\/\/selleetools.com\/product\/pyunkang-yul-ultimate-calming-solution-toner-pad-70-szt-kojace-platki-do-twarzy\/","og_locale":"pl_PL","og_type":"article","og_title":"Pyunkang Yul Ultimate Calming Solution Toner Pad 70 szt - koj\u0105ce p\u0142atki do twarzy - Selleetools.com","og_description":"Pyunkang Yul Ultimate Calming Solution Toner Pad to p\u0142atki tonizuj\u0105ce, kt\u00f3re intensywnie koj\u0105 i nawil\u017caj\u0105 sk\u00f3r\u0119, jednocze\u015bnie delikatnie usuwaj\u0105c zanieczyszczenia oraz martwe kom\u00f3rki nask\u00f3rka. Formu\u0142a oparta na ekstraktach ro\u015blinnych, takich jak w\u0105krota azjatycka, tarczyca bajkalska czy kora amurskiego korkowca, dzia\u0142a \u0142agodz\u0105co i koj\u0105co, pomagaj\u0105c przywr\u00f3ci\u0107 sk\u00f3rze r\u00f3wnowag\u0119. Kompleks kwasu hialuronowego, ceramidy oraz pantenol zapewniaj\u0105 g\u0142\u0119bokie ... Read morePyunkang Yul Ultimate Calming Solution Toner Pad 70 szt &#8211; koj\u0105ce p\u0142atki do twarzy","og_url":"https:\/\/selleetools.com\/product\/pyunkang-yul-ultimate-calming-solution-toner-pad-70-szt-kojace-platki-do-twarzy\/","og_site_name":"Selleetools.com","article_modified_time":"2025-11-04T21:07:14+00:00","og_image":[{"width":1200,"height":1200,"url":"https:\/\/selleetools.com\/wp-content\/uploads\/2025\/10\/6c1012a8ada5ce303d06431a8e15f7d1.jpg","type":"image\/jpeg"}],"twitter_card":"summary_large_image","twitter_misc":{"Est. reading time":"1 minuta"},"schema":{"@context":"https:\/\/schema.org","@graph":[{"@type":"Organization","@id":"https:\/\/selleetools.com\/#organization","name":"Selleetools","url":"https:\/\/selleetools.com\/","sameAs":[],"logo":{"@type":"ImageObject","inLanguage":"pl-PL","@id":"https:\/\/selleetools.com\/#\/schema\/logo\/image\/","url":"https:\/\/selleetools.com\/wp-content\/uploads\/2021\/10\/logo-dark.png","contentUrl":"https:\/\/selleetools.com\/wp-content\/uploads\/2021\/10\/logo-dark.png","width":320,"height":76,"caption":"Selleetools"},"image":{"@id":"https:\/\/selleetools.com\/#\/schema\/logo\/image\/"}},{"@type":"WebSite","@id":"https:\/\/selleetools.com\/#website","url":"https:\/\/selleetools.com\/","name":"Selleetools.com","description":"","publisher":{"@id":"https:\/\/selleetools.com\/#organization"},"potentialAction":[{"@type":"SearchAction","target":{"@type":"EntryPoint","urlTemplate":"https:\/\/selleetools.com\/?s={search_term_string}"},"query-input":"required name=search_term_string"}],"inLanguage":"pl-PL"},{"@type":"WebPage","@id":"https:\/\/selleetools.com\/product\/pyunkang-yul-ultimate-calming-solution-toner-pad-70-szt-kojace-platki-do-twarzy\/","url":"https:\/\/selleetools.com\/product\/pyunkang-yul-ultimate-calming-solution-toner-pad-70-szt-kojace-platki-do-twarzy\/","name":"Pyunkang Yul Ultimate Calming Solution Toner Pad 70 szt - koj\u0105ce p\u0142atki do twarzy - Selleetools.com","isPartOf":{"@id":"https:\/\/selleetools.com\/#website"},"datePublished":"2025-10-24T12:39:19+00:00","dateModified":"2025-11-04T21:07:14+00:00","breadcrumb":{"@id":"https:\/\/selleetools.com\/product\/pyunkang-yul-ultimate-calming-solution-toner-pad-70-szt-kojace-platki-do-twarzy\/#breadcrumb"},"inLanguage":"pl-PL","potentialAction":[{"@type":"ReadAction","target":["https:\/\/selleetools.com\/product\/pyunkang-yul-ultimate-calming-solution-toner-pad-70-szt-kojace-platki-do-twarzy\/"]}]},{"@type":"BreadcrumbList","@id":"https:\/\/selleetools.com\/product\/pyunkang-yul-ultimate-calming-solution-toner-pad-70-szt-kojace-platki-do-twarzy\/#breadcrumb","itemListElement":[{"@type":"ListItem","position":1,"name":"Home","item":"https:\/\/selleetools.com\/pl\/"},{"@type":"ListItem","position":2,"name":"Katalog","item":"https:\/\/selleetools.com\/pl\/katalog\/"},{"@type":"ListItem","position":3,"name":"Pyunkang Yul Ultimate Calming Solution Toner Pad 70 szt &#8211; koj\u0105ce p\u0142atki do twarzy"}]}]}},"_links":{"self":[{"href":"https:\/\/selleetools.com\/pl\/wp-json\/wp\/v2\/product\/609761"}],"collection":[{"href":"https:\/\/selleetools.com\/pl\/wp-json\/wp\/v2\/product"}],"about":[{"href":"https:\/\/selleetools.com\/pl\/wp-json\/wp\/v2\/types\/product"}],"replies":[{"embeddable":true,"href":"https:\/\/selleetools.com\/pl\/wp-json\/wp\/v2\/comments?post=609761"}],"wp:featuredmedia":[{"embeddable":true,"href":"https:\/\/selleetools.com\/pl\/wp-json\/wp\/v2\/media\/609759"}],"wp:attachment":[{"href":"https:\/\/selleetools.com\/pl\/wp-json\/wp\/v2\/media?parent=609761"}],"curies":[{"name":"wp","href":"https:\/\/api.w.org\/{rel}","templated":true}]}}