{"id":609746,"date":"2025-10-24T14:39:06","date_gmt":"2025-10-24T12:39:06","guid":{"rendered":"https:\/\/selleetools.com\/?post_type=product&#038;p=609746"},"modified":"2025-11-04T22:07:11","modified_gmt":"2025-11-04T21:07:11","slug":"dr-althea-anastatica-skin-conditioning-toner-250-ml-tonik-nawilzajacy","status":"publish","type":"product","link":"https:\/\/selleetools.com\/pl\/product\/dr-althea-anastatica-skin-conditioning-toner-250-ml-tonik-nawilzajacy\/","title":{"rendered":"Dr.Althea Anastatica Skin Conditioning Toner 250 ml &#8211; tonik nawil\u017caj\u0105cy"},"content":{"rendered":"<p>Dr.Althea Anastatica Skin Conditioning Toner to nawil\u017caj\u0105cy tonik, kt\u00f3ry dostarcza g\u0142\u0119bokiej hydratacji oraz \u0142agodzi podra\u017cnienia sk\u00f3ry. Dzi\u0119ki ekstraktowi z r\u00f3\u017cy jerycho\u0144skiej oraz wysokiej zawarto\u015bci kwasu hialuronowego, tonik przywraca komfort zm\u0119czonej i wra\u017cliwej sk\u00f3rze, zapewniaj\u0105c jej odpowiedni\u0105 r\u00f3wnowag\u0119 i od\u017cywienie. Produkt dzia\u0142a koj\u0105co, nawil\u017caj\u0105co i poprawia kondycj\u0119 sk\u00f3ry, pozostawiaj\u0105c j\u0105 \u015bwie\u017c\u0105 i promienn\u0105.<\/p>\n<p>Korzy\u015bci dla sk\u00f3ry:<br \/>\nG\u0142\u0119bokie nawil\u017cenie \u2013 dzi\u0119ki kompleksowi 10 form kwasu hialuronowego, sk\u00f3ra jest skutecznie nawil\u017cona na wielu poziomach.<br \/>\nKoj\u0105ce dzia\u0142anie \u2013 ekstrakt z r\u00f3\u017cy jerycho\u0144skiej dzia\u0142a \u0142agodz\u0105co na wra\u017cliw\u0105, podra\u017cnion\u0105 sk\u00f3r\u0119, przywracaj\u0105c jej komfort.<br \/>\nWzmacnianie sk\u00f3ry \u2013 tonik dostarcza sk\u00f3rze cennych sk\u0142adnik\u00f3w od\u017cywczych, kt\u00f3re poprawiaj\u0105 jej wygl\u0105d i kondycj\u0119.<br \/>\nPoprawa tekstury sk\u00f3ry \u2013 stosowanie toniku pomaga w wyg\u0142adzeniu i nawil\u017ceniu sk\u00f3ry, poprawiaj\u0105c jej elastyczno\u015b\u0107 i mi\u0119kko\u015b\u0107.<br \/>\nOd\u015bwie\u017cenie i rewitalizacja \u2013 tonik ma dzia\u0142anie od\u015bwie\u017caj\u0105ce, nadaje sk\u00f3rze zdrowy blask.<\/p>\n<p>Spos\u00f3b u\u017cycia:<br \/>\nPo oczyszczeniu twarzy, na\u0142\u00f3\u017c odpowiedni\u0105 ilo\u015b\u0107 toniku na wacik lub na d\u0142onie.<br \/>\nDelikatnie przetrzyj tonikiem ca\u0142\u0105 twarz, kieruj\u0105c si\u0119 od \u015brodka na zewn\u0105trz, zgodnie z naturaln\u0105 lini\u0105 sk\u00f3ry.<br \/>\nPozw\u00f3l sk\u00f3rze wch\u0142on\u0105\u0107 produkt, a nast\u0119pnie przejd\u017a do kolejnych krok\u00f3w piel\u0119gnacji.<\/p>\n","protected":false},"excerpt":{"rendered":"<p>Dr.Althea Anastatica Skin Conditioning Toner to nawil\u017caj\u0105cy tonik, kt\u00f3ry dostarcza g\u0142\u0119bokiej hydratacji oraz \u0142agodzi podra\u017cnienia sk\u00f3ry. Dzi\u0119ki ekstraktowi z r\u00f3\u017cy jerycho\u0144skiej oraz wysokiej zawarto\u015bci kwasu hialuronowego, tonik przywraca komfort zm\u0119czonej i wra\u017cliwej sk\u00f3rze, zapewniaj\u0105c jej odpowiedni\u0105 r\u00f3wnowag\u0119 i od\u017cywienie. Produkt dzia\u0142a koj\u0105co, nawil\u017caj\u0105co i poprawia kondycj\u0119 sk\u00f3ry, pozostawiaj\u0105c j\u0105 \u015bwie\u017c\u0105 i promienn\u0105. Korzy\u015bci dla sk\u00f3ry: &#8230; <a title=\"Dr.Althea Anastatica Skin Conditioning Toner 250 ml &#8211; tonik nawil\u017caj\u0105cy\" class=\"read-more\" href=\"https:\/\/selleetools.com\/pl\/product\/dr-althea-anastatica-skin-conditioning-toner-250-ml-tonik-nawilzajacy\/\">Read more<span class=\"screen-reader-text\">Dr.Althea Anastatica Skin Conditioning Toner 250 ml &#8211; tonik nawil\u017caj\u0105cy<\/span><\/a><\/p>\n","protected":false},"featured_media":609744,"comment_status":"open","ping_status":"closed","template":"","meta":{"_links_to":"","_links_to_target":""},"yoast_head":"<!-- This site is optimized with the Yoast SEO plugin v19.4 - https:\/\/yoast.com\/wordpress\/plugins\/seo\/ -->\n<title>Dr.Althea Anastatica Skin Conditioning Toner 250 ml - tonik nawil\u017caj\u0105cy - Selleetools.com<\/title>\n<meta name=\"robots\" content=\"index, follow, max-snippet:-1, max-image-preview:large, max-video-preview:-1\" \/>\n<link rel=\"canonical\" href=\"https:\/\/selleetools.com\/pl\/product\/dr-althea-anastatica-skin-conditioning-toner-250-ml-tonik-nawilzajacy\/\" \/>\n<meta property=\"og:locale\" content=\"pl_PL\" \/>\n<meta property=\"og:type\" content=\"article\" \/>\n<meta property=\"og:title\" content=\"Dr.Althea Anastatica Skin Conditioning Toner 250 ml - tonik nawil\u017caj\u0105cy - Selleetools.com\" \/>\n<meta property=\"og:description\" content=\"Dr.Althea Anastatica Skin Conditioning Toner to nawil\u017caj\u0105cy tonik, kt\u00f3ry dostarcza g\u0142\u0119bokiej hydratacji oraz \u0142agodzi podra\u017cnienia sk\u00f3ry. Dzi\u0119ki ekstraktowi z r\u00f3\u017cy jerycho\u0144skiej oraz wysokiej zawarto\u015bci kwasu hialuronowego, tonik przywraca komfort zm\u0119czonej i wra\u017cliwej sk\u00f3rze, zapewniaj\u0105c jej odpowiedni\u0105 r\u00f3wnowag\u0119 i od\u017cywienie. Produkt dzia\u0142a koj\u0105co, nawil\u017caj\u0105co i poprawia kondycj\u0119 sk\u00f3ry, pozostawiaj\u0105c j\u0105 \u015bwie\u017c\u0105 i promienn\u0105. Korzy\u015bci dla sk\u00f3ry: ... Read moreDr.Althea Anastatica Skin Conditioning Toner 250 ml &#8211; tonik nawil\u017caj\u0105cy\" \/>\n<meta property=\"og:url\" content=\"https:\/\/selleetools.com\/pl\/product\/dr-althea-anastatica-skin-conditioning-toner-250-ml-tonik-nawilzajacy\/\" \/>\n<meta property=\"og:site_name\" content=\"Selleetools.com\" \/>\n<meta property=\"article:modified_time\" content=\"2025-11-04T21:07:11+00:00\" \/>\n<meta property=\"og:image\" content=\"https:\/\/selleetools.com\/wp-content\/uploads\/2025\/10\/9a1af023d9f565803a3a019701c0c69d.png\" \/>\n\t<meta property=\"og:image:width\" content=\"1200\" \/>\n\t<meta property=\"og:image:height\" content=\"1200\" \/>\n\t<meta property=\"og:image:type\" content=\"image\/png\" \/>\n<meta name=\"twitter:card\" content=\"summary_large_image\" \/>\n<meta name=\"twitter:label1\" content=\"Est. reading time\" \/>\n\t<meta name=\"twitter:data1\" content=\"1 minuta\" \/>\n<!-- \/ Yoast SEO plugin. -->","yoast_head_json":{"title":"Dr.Althea Anastatica Skin Conditioning Toner 250 ml - tonik nawil\u017caj\u0105cy - Selleetools.com","robots":{"index":"index","follow":"follow","max-snippet":"max-snippet:-1","max-image-preview":"max-image-preview:large","max-video-preview":"max-video-preview:-1"},"canonical":"https:\/\/selleetools.com\/pl\/product\/dr-althea-anastatica-skin-conditioning-toner-250-ml-tonik-nawilzajacy\/","og_locale":"pl_PL","og_type":"article","og_title":"Dr.Althea Anastatica Skin Conditioning Toner 250 ml - tonik nawil\u017caj\u0105cy - Selleetools.com","og_description":"Dr.Althea Anastatica Skin Conditioning Toner to nawil\u017caj\u0105cy tonik, kt\u00f3ry dostarcza g\u0142\u0119bokiej hydratacji oraz \u0142agodzi podra\u017cnienia sk\u00f3ry. Dzi\u0119ki ekstraktowi z r\u00f3\u017cy jerycho\u0144skiej oraz wysokiej zawarto\u015bci kwasu hialuronowego, tonik przywraca komfort zm\u0119czonej i wra\u017cliwej sk\u00f3rze, zapewniaj\u0105c jej odpowiedni\u0105 r\u00f3wnowag\u0119 i od\u017cywienie. Produkt dzia\u0142a koj\u0105co, nawil\u017caj\u0105co i poprawia kondycj\u0119 sk\u00f3ry, pozostawiaj\u0105c j\u0105 \u015bwie\u017c\u0105 i promienn\u0105. Korzy\u015bci dla sk\u00f3ry: ... Read moreDr.Althea Anastatica Skin Conditioning Toner 250 ml &#8211; tonik nawil\u017caj\u0105cy","og_url":"https:\/\/selleetools.com\/pl\/product\/dr-althea-anastatica-skin-conditioning-toner-250-ml-tonik-nawilzajacy\/","og_site_name":"Selleetools.com","article_modified_time":"2025-11-04T21:07:11+00:00","og_image":[{"width":1200,"height":1200,"url":"https:\/\/selleetools.com\/wp-content\/uploads\/2025\/10\/9a1af023d9f565803a3a019701c0c69d.png","type":"image\/png"}],"twitter_card":"summary_large_image","twitter_misc":{"Est. reading time":"1 minuta"},"schema":{"@context":"https:\/\/schema.org","@graph":[{"@type":"Organization","@id":"https:\/\/selleetools.com\/#organization","name":"Selleetools","url":"https:\/\/selleetools.com\/","sameAs":[],"logo":{"@type":"ImageObject","inLanguage":"pl-PL","@id":"https:\/\/selleetools.com\/#\/schema\/logo\/image\/","url":"https:\/\/selleetools.com\/wp-content\/uploads\/2021\/10\/logo-dark.png","contentUrl":"https:\/\/selleetools.com\/wp-content\/uploads\/2021\/10\/logo-dark.png","width":320,"height":76,"caption":"Selleetools"},"image":{"@id":"https:\/\/selleetools.com\/#\/schema\/logo\/image\/"}},{"@type":"WebSite","@id":"https:\/\/selleetools.com\/#website","url":"https:\/\/selleetools.com\/","name":"Selleetools.com","description":"","publisher":{"@id":"https:\/\/selleetools.com\/#organization"},"potentialAction":[{"@type":"SearchAction","target":{"@type":"EntryPoint","urlTemplate":"https:\/\/selleetools.com\/?s={search_term_string}"},"query-input":"required name=search_term_string"}],"inLanguage":"pl-PL"},{"@type":"WebPage","@id":"https:\/\/selleetools.com\/pl\/product\/dr-althea-anastatica-skin-conditioning-toner-250-ml-tonik-nawilzajacy\/","url":"https:\/\/selleetools.com\/pl\/product\/dr-althea-anastatica-skin-conditioning-toner-250-ml-tonik-nawilzajacy\/","name":"Dr.Althea Anastatica Skin Conditioning Toner 250 ml - tonik nawil\u017caj\u0105cy - Selleetools.com","isPartOf":{"@id":"https:\/\/selleetools.com\/#website"},"datePublished":"2025-10-24T12:39:06+00:00","dateModified":"2025-11-04T21:07:11+00:00","breadcrumb":{"@id":"https:\/\/selleetools.com\/pl\/product\/dr-althea-anastatica-skin-conditioning-toner-250-ml-tonik-nawilzajacy\/#breadcrumb"},"inLanguage":"pl-PL","potentialAction":[{"@type":"ReadAction","target":["https:\/\/selleetools.com\/pl\/product\/dr-althea-anastatica-skin-conditioning-toner-250-ml-tonik-nawilzajacy\/"]}]},{"@type":"BreadcrumbList","@id":"https:\/\/selleetools.com\/pl\/product\/dr-althea-anastatica-skin-conditioning-toner-250-ml-tonik-nawilzajacy\/#breadcrumb","itemListElement":[{"@type":"ListItem","position":1,"name":"Home","item":"https:\/\/selleetools.com\/pl\/"},{"@type":"ListItem","position":2,"name":"Katalog","item":"https:\/\/selleetools.com\/pl\/katalog\/"},{"@type":"ListItem","position":3,"name":"Dr.Althea Anastatica Skin Conditioning Toner 250 ml &#8211; tonik nawil\u017caj\u0105cy"}]}]}},"_links":{"self":[{"href":"https:\/\/selleetools.com\/pl\/wp-json\/wp\/v2\/product\/609746"}],"collection":[{"href":"https:\/\/selleetools.com\/pl\/wp-json\/wp\/v2\/product"}],"about":[{"href":"https:\/\/selleetools.com\/pl\/wp-json\/wp\/v2\/types\/product"}],"replies":[{"embeddable":true,"href":"https:\/\/selleetools.com\/pl\/wp-json\/wp\/v2\/comments?post=609746"}],"wp:featuredmedia":[{"embeddable":true,"href":"https:\/\/selleetools.com\/pl\/wp-json\/wp\/v2\/media\/609744"}],"wp:attachment":[{"href":"https:\/\/selleetools.com\/pl\/wp-json\/wp\/v2\/media?parent=609746"}],"curies":[{"name":"wp","href":"https:\/\/api.w.org\/{rel}","templated":true}]}}