{"id":609743,"date":"2025-10-24T14:39:03","date_gmt":"2025-10-24T12:39:03","guid":{"rendered":"https:\/\/selleetools.com\/?post_type=product&#038;p=609743"},"modified":"2025-12-02T21:07:26","modified_gmt":"2025-12-02T20:07:26","slug":"dr-althea-oasis-soothing-mask-27-g-lagodzaca-maska-do-twarzy","status":"publish","type":"product","link":"https:\/\/selleetools.com\/pl\/product\/dr-althea-oasis-soothing-mask-27-g-lagodzaca-maska-do-twarzy\/","title":{"rendered":"Dr.Althea Oasis Soothing Mask 27 g &#8211; \u0142agodz\u0105ca maska do twarzy"},"content":{"rendered":"<p>Dr.Althea Oasis Soothing Mask to maska zaprojektowana w celu wzmocnienia naturalnej bariery ochronnej sk\u00f3ry i poprawy jej zdolno\u015bci do regeneracji. Odpowiednia do wszystkich typ\u00f3w sk\u00f3ry, w tym sk\u00f3ry wra\u017cliwej, zapewnia intensywne nawil\u017cenie i ukojenie. Maska ma w\u0142a\u015bciwo\u015bci koj\u0105ce, przywracaj\u0105ce sk\u00f3rze zdrowy, nawil\u017cony wygl\u0105d.<\/p>\n<p>Korzy\u015bci dla sk\u00f3ry:<br \/>\nWzmocnienie bariery ochronnej sk\u00f3ry \u2013 dzi\u0119ki zawarto\u015bci ekstrakt\u00f3w ro\u015blinnych, maska pomaga w odbudowie naturalnej bariery ochronnej sk\u00f3ry.<br \/>\nSzybkie wch\u0142anianie \u2013 formu\u0142a maski szybko wnika w sk\u00f3r\u0119, pozostawiaj\u0105c j\u0105 nawil\u017con\u0105, ale bez uczucia lepko\u015bci.<br \/>\nIntensywne nawil\u017cenie \u2013 maska skutecznie nawil\u017ca sk\u00f3r\u0119, przywracaj\u0105c jej zdrowy i promienny wygl\u0105d.<br \/>\nKoj\u0105ce dzia\u0142anie \u2013 zawarto\u015b\u0107 ekstrakt\u00f3w z r\u00f3\u017cy jerycho\u0144skiej, w\u0105kroty azjatyckiej oraz r\u00f3\u017cy damasce\u0144skiej sprawia, \u017ce maska dzia\u0142a \u0142agodz\u0105co i przywraca komfort sk\u00f3rze.<\/p>\n<p>Spos\u00f3b u\u017cycia:<br \/>\nPo oczyszczeniu twarzy, wyjmij mask\u0119 z opakowania i usu\u0144 foli\u0119 ochronn\u0105.<br \/>\nNa\u0142\u00f3\u017c mask\u0119 na twarz, dopasowuj\u0105c j\u0105 do kszta\u0142tu twarzy.<br \/>\nPozostaw na sk\u00f3rze przez 10\u201315 minut, a nast\u0119pnie usu\u0144.<br \/>\nDelikatnie wklep pozosta\u0142\u0105 esencj\u0119, aby u\u0142atwi\u0107 jej wch\u0142oni\u0119cie w sk\u00f3r\u0119.<\/p>\n","protected":false},"excerpt":{"rendered":"<p>Dr.Althea Oasis Soothing Mask to maska zaprojektowana w celu wzmocnienia naturalnej bariery ochronnej sk\u00f3ry i poprawy jej zdolno\u015bci do regeneracji. Odpowiednia do wszystkich typ\u00f3w sk\u00f3ry, w tym sk\u00f3ry wra\u017cliwej, zapewnia intensywne nawil\u017cenie i ukojenie. Maska ma w\u0142a\u015bciwo\u015bci koj\u0105ce, przywracaj\u0105ce sk\u00f3rze zdrowy, nawil\u017cony wygl\u0105d. Korzy\u015bci dla sk\u00f3ry: Wzmocnienie bariery ochronnej sk\u00f3ry \u2013 dzi\u0119ki zawarto\u015bci ekstrakt\u00f3w ro\u015blinnych, &#8230; <a title=\"Dr.Althea Oasis Soothing Mask 27 g &#8211; \u0142agodz\u0105ca maska do twarzy\" class=\"read-more\" href=\"https:\/\/selleetools.com\/pl\/product\/dr-althea-oasis-soothing-mask-27-g-lagodzaca-maska-do-twarzy\/\">Read more<span class=\"screen-reader-text\">Dr.Althea Oasis Soothing Mask 27 g &#8211; \u0142agodz\u0105ca maska do twarzy<\/span><\/a><\/p>\n","protected":false},"featured_media":609741,"comment_status":"open","ping_status":"closed","template":"","meta":{"_links_to":"","_links_to_target":""},"yoast_head":"<!-- This site is optimized with the Yoast SEO plugin v19.4 - https:\/\/yoast.com\/wordpress\/plugins\/seo\/ -->\n<title>Dr.Althea Oasis Soothing Mask 27 g - \u0142agodz\u0105ca maska do twarzy - Selleetools.com<\/title>\n<meta name=\"robots\" content=\"index, follow, max-snippet:-1, max-image-preview:large, max-video-preview:-1\" \/>\n<link rel=\"canonical\" href=\"https:\/\/admincentral.selleetools.com\/pl\/product\/dr-althea-oasis-soothing-mask-27-g-lagodzaca-maska-do-twarzy\/\" \/>\n<meta property=\"og:locale\" content=\"pl_PL\" \/>\n<meta property=\"og:type\" content=\"article\" \/>\n<meta property=\"og:title\" content=\"Dr.Althea Oasis Soothing Mask 27 g - \u0142agodz\u0105ca maska do twarzy - Selleetools.com\" \/>\n<meta property=\"og:description\" content=\"Dr.Althea Oasis Soothing Mask to maska zaprojektowana w celu wzmocnienia naturalnej bariery ochronnej sk\u00f3ry i poprawy jej zdolno\u015bci do regeneracji. Odpowiednia do wszystkich typ\u00f3w sk\u00f3ry, w tym sk\u00f3ry wra\u017cliwej, zapewnia intensywne nawil\u017cenie i ukojenie. Maska ma w\u0142a\u015bciwo\u015bci koj\u0105ce, przywracaj\u0105ce sk\u00f3rze zdrowy, nawil\u017cony wygl\u0105d. Korzy\u015bci dla sk\u00f3ry: Wzmocnienie bariery ochronnej sk\u00f3ry \u2013 dzi\u0119ki zawarto\u015bci ekstrakt\u00f3w ro\u015blinnych, ... Read moreDr.Althea Oasis Soothing Mask 27 g &#8211; \u0142agodz\u0105ca maska do twarzy\" \/>\n<meta property=\"og:url\" content=\"https:\/\/admincentral.selleetools.com\/pl\/product\/dr-althea-oasis-soothing-mask-27-g-lagodzaca-maska-do-twarzy\/\" \/>\n<meta property=\"og:site_name\" content=\"Selleetools.com\" \/>\n<meta property=\"article:modified_time\" content=\"2025-12-02T20:07:26+00:00\" \/>\n<meta property=\"og:image\" content=\"https:\/\/selleetools.com\/wp-content\/uploads\/2025\/10\/b694eaae86aea232c97a3c13f7d3a65f.jpg\" \/>\n\t<meta property=\"og:image:width\" content=\"1200\" \/>\n\t<meta property=\"og:image:height\" content=\"1200\" \/>\n\t<meta property=\"og:image:type\" content=\"image\/jpeg\" \/>\n<meta name=\"twitter:card\" content=\"summary_large_image\" \/>\n<meta name=\"twitter:label1\" content=\"Est. reading time\" \/>\n\t<meta name=\"twitter:data1\" content=\"1 minuta\" \/>\n<!-- \/ Yoast SEO plugin. -->","yoast_head_json":{"title":"Dr.Althea Oasis Soothing Mask 27 g - \u0142agodz\u0105ca maska do twarzy - Selleetools.com","robots":{"index":"index","follow":"follow","max-snippet":"max-snippet:-1","max-image-preview":"max-image-preview:large","max-video-preview":"max-video-preview:-1"},"canonical":"https:\/\/admincentral.selleetools.com\/pl\/product\/dr-althea-oasis-soothing-mask-27-g-lagodzaca-maska-do-twarzy\/","og_locale":"pl_PL","og_type":"article","og_title":"Dr.Althea Oasis Soothing Mask 27 g - \u0142agodz\u0105ca maska do twarzy - Selleetools.com","og_description":"Dr.Althea Oasis Soothing Mask to maska zaprojektowana w celu wzmocnienia naturalnej bariery ochronnej sk\u00f3ry i poprawy jej zdolno\u015bci do regeneracji. Odpowiednia do wszystkich typ\u00f3w sk\u00f3ry, w tym sk\u00f3ry wra\u017cliwej, zapewnia intensywne nawil\u017cenie i ukojenie. Maska ma w\u0142a\u015bciwo\u015bci koj\u0105ce, przywracaj\u0105ce sk\u00f3rze zdrowy, nawil\u017cony wygl\u0105d. Korzy\u015bci dla sk\u00f3ry: Wzmocnienie bariery ochronnej sk\u00f3ry \u2013 dzi\u0119ki zawarto\u015bci ekstrakt\u00f3w ro\u015blinnych, ... Read moreDr.Althea Oasis Soothing Mask 27 g &#8211; \u0142agodz\u0105ca maska do twarzy","og_url":"https:\/\/admincentral.selleetools.com\/pl\/product\/dr-althea-oasis-soothing-mask-27-g-lagodzaca-maska-do-twarzy\/","og_site_name":"Selleetools.com","article_modified_time":"2025-12-02T20:07:26+00:00","og_image":[{"width":1200,"height":1200,"url":"https:\/\/selleetools.com\/wp-content\/uploads\/2025\/10\/b694eaae86aea232c97a3c13f7d3a65f.jpg","type":"image\/jpeg"}],"twitter_card":"summary_large_image","twitter_misc":{"Est. reading time":"1 minuta"},"schema":{"@context":"https:\/\/schema.org","@graph":[{"@type":"Organization","@id":"https:\/\/selleetools.com\/#organization","name":"Selleetools","url":"https:\/\/selleetools.com\/","sameAs":[],"logo":{"@type":"ImageObject","inLanguage":"pl-PL","@id":"https:\/\/selleetools.com\/#\/schema\/logo\/image\/","url":"https:\/\/selleetools.com\/wp-content\/uploads\/2021\/10\/logo-dark.png","contentUrl":"https:\/\/selleetools.com\/wp-content\/uploads\/2021\/10\/logo-dark.png","width":320,"height":76,"caption":"Selleetools"},"image":{"@id":"https:\/\/selleetools.com\/#\/schema\/logo\/image\/"}},{"@type":"WebSite","@id":"https:\/\/selleetools.com\/#website","url":"https:\/\/selleetools.com\/","name":"Selleetools.com","description":"","publisher":{"@id":"https:\/\/selleetools.com\/#organization"},"potentialAction":[{"@type":"SearchAction","target":{"@type":"EntryPoint","urlTemplate":"https:\/\/selleetools.com\/?s={search_term_string}"},"query-input":"required name=search_term_string"}],"inLanguage":"pl-PL"},{"@type":"WebPage","@id":"https:\/\/admincentral.selleetools.com\/pl\/product\/dr-althea-oasis-soothing-mask-27-g-lagodzaca-maska-do-twarzy\/","url":"https:\/\/admincentral.selleetools.com\/pl\/product\/dr-althea-oasis-soothing-mask-27-g-lagodzaca-maska-do-twarzy\/","name":"Dr.Althea Oasis Soothing Mask 27 g - \u0142agodz\u0105ca maska do twarzy - Selleetools.com","isPartOf":{"@id":"https:\/\/selleetools.com\/#website"},"datePublished":"2025-10-24T12:39:03+00:00","dateModified":"2025-12-02T20:07:26+00:00","breadcrumb":{"@id":"https:\/\/admincentral.selleetools.com\/pl\/product\/dr-althea-oasis-soothing-mask-27-g-lagodzaca-maska-do-twarzy\/#breadcrumb"},"inLanguage":"pl-PL","potentialAction":[{"@type":"ReadAction","target":["https:\/\/admincentral.selleetools.com\/pl\/product\/dr-althea-oasis-soothing-mask-27-g-lagodzaca-maska-do-twarzy\/"]}]},{"@type":"BreadcrumbList","@id":"https:\/\/admincentral.selleetools.com\/pl\/product\/dr-althea-oasis-soothing-mask-27-g-lagodzaca-maska-do-twarzy\/#breadcrumb","itemListElement":[{"@type":"ListItem","position":1,"name":"Home","item":"https:\/\/selleetools.com\/pl\/"},{"@type":"ListItem","position":2,"name":"Katalog","item":"https:\/\/selleetools.com\/pl\/katalog\/"},{"@type":"ListItem","position":3,"name":"Dr.Althea Oasis Soothing Mask 27 g &#8211; \u0142agodz\u0105ca maska do twarzy"}]}]}},"_links":{"self":[{"href":"https:\/\/selleetools.com\/pl\/wp-json\/wp\/v2\/product\/609743"}],"collection":[{"href":"https:\/\/selleetools.com\/pl\/wp-json\/wp\/v2\/product"}],"about":[{"href":"https:\/\/selleetools.com\/pl\/wp-json\/wp\/v2\/types\/product"}],"replies":[{"embeddable":true,"href":"https:\/\/selleetools.com\/pl\/wp-json\/wp\/v2\/comments?post=609743"}],"wp:featuredmedia":[{"embeddable":true,"href":"https:\/\/selleetools.com\/pl\/wp-json\/wp\/v2\/media\/609741"}],"wp:attachment":[{"href":"https:\/\/selleetools.com\/pl\/wp-json\/wp\/v2\/media?parent=609743"}],"curies":[{"name":"wp","href":"https:\/\/api.w.org\/{rel}","templated":true}]}}