{"id":609740,"date":"2025-10-24T14:39:01","date_gmt":"2025-10-24T12:39:01","guid":{"rendered":"https:\/\/selleetools.com\/?post_type=product&#038;p=609740"},"modified":"2025-11-04T22:06:55","modified_gmt":"2025-11-04T21:06:55","slug":"anua-peach-70-niacin-brightening-collagen-mask-38-g-zelowa-maska-rozjasniajaca","status":"publish","type":"product","link":"https:\/\/selleetools.com\/pl\/product\/anua-peach-70-niacin-brightening-collagen-mask-38-g-zelowa-maska-rozjasniajaca\/","title":{"rendered":"ANUA Peach 70 Niacin Brightening Collagen Mask 38 g &#8211; \u017celowa maska rozja\u015bniaj\u0105ca"},"content":{"rendered":"<p>ANUA Peach 70 Niacin Brightening Collagen Mask to maska o unikalnej formule, kt\u00f3ra pomaga nawil\u017cy\u0107, uj\u0119drni\u0107 i wyg\u0142adzi\u0107 sk\u00f3r\u0119. Dzi\u0119ki zawarto\u015bci wody brzoskwiniowej oraz kolagenu, maska od\u017cywia sk\u00f3r\u0119, poprawia jej elastyczno\u015b\u0107 i przywraca zdrowy, promienny wygl\u0105d. Dodatkowo, zawarto\u015b\u0107 niacynamidu oraz ferment\u00f3w pomaga wyr\u00f3wna\u0107 koloryt sk\u00f3ry, zapewniaj\u0105c jej roz\u015bwietlenie.<\/p>\n<p>Korzy\u015bci dla sk\u00f3ry:<br \/>\nWzmacnia i wyg\u0142adza sk\u00f3r\u0119 dzi\u0119ki kolagenowi, kt\u00f3ry pomaga uj\u0119drni\u0107 i poprawi\u0107 elastyczno\u015b\u0107.<br \/>\nRoz\u015bwietla i wyr\u00f3wnuje koloryt sk\u00f3ry dzi\u0119ki niacynamidowi, kt\u00f3ry wp\u0142ywa na wygl\u0105d sk\u00f3ry, czyni\u0105c j\u0105 bardziej promienn\u0105.<br \/>\nG\u0142\u0119bokie nawil\u017cenie dzi\u0119ki wodzie brzoskwiniowej i innym od\u017cywczym sk\u0142adnikom, kt\u00f3re pomagaj\u0105 utrzyma\u0107 odpowiedni poziom wilgoci w sk\u00f3rze.<br \/>\nPoprawia struktur\u0119 sk\u00f3ry dzi\u0119ki zawarto\u015bci sk\u0142adnik\u00f3w nawil\u017caj\u0105cych i \u0142agodz\u0105cych, takich jak alantoina oraz fermenty ro\u015blinne.<\/p>\n<p>Spos\u00f3b u\u017cycia:<br \/>\nPo oczyszczeniu twarzy i zastosowaniu toniku, wyjmij mask\u0119 (g\u00f3rn\u0105 i doln\u0105 cz\u0119\u015b\u0107) z opakowania i usu\u0144 foli\u0119 ochronn\u0105.<br \/>\nNa\u0142\u00f3\u017c g\u00f3rn\u0105 cz\u0119\u015b\u0107 maski na okolice oczu, a doln\u0105 na okolice ust.<br \/>\nPozostaw mask\u0119 na sk\u00f3rze, a\u017c stanie si\u0119 przezroczysta. Czas mo\u017ce si\u0119 r\u00f3\u017cni\u0107 w zale\u017cno\u015bci od kondycji sk\u00f3ry i czasu aplikacji.<br \/>\nPo usuni\u0119ciu maski delikatnie wklep pozosta\u0142\u0105 esencj\u0119, aby wspom\u00f3c jej wch\u0142anianie.<br \/>\nPorada: Mo\u017cna r\u00f3wnie\u017c u\u017cywa\u0107 maski jako maski na noc.<\/p>\n","protected":false},"excerpt":{"rendered":"<p>ANUA Peach 70 Niacin Brightening Collagen Mask to maska o unikalnej formule, kt\u00f3ra pomaga nawil\u017cy\u0107, uj\u0119drni\u0107 i wyg\u0142adzi\u0107 sk\u00f3r\u0119. Dzi\u0119ki zawarto\u015bci wody brzoskwiniowej oraz kolagenu, maska od\u017cywia sk\u00f3r\u0119, poprawia jej elastyczno\u015b\u0107 i przywraca zdrowy, promienny wygl\u0105d. Dodatkowo, zawarto\u015b\u0107 niacynamidu oraz ferment\u00f3w pomaga wyr\u00f3wna\u0107 koloryt sk\u00f3ry, zapewniaj\u0105c jej roz\u015bwietlenie. Korzy\u015bci dla sk\u00f3ry: Wzmacnia i wyg\u0142adza sk\u00f3r\u0119 &#8230; <a title=\"ANUA Peach 70 Niacin Brightening Collagen Mask 38 g &#8211; \u017celowa maska rozja\u015bniaj\u0105ca\" class=\"read-more\" href=\"https:\/\/selleetools.com\/pl\/product\/anua-peach-70-niacin-brightening-collagen-mask-38-g-zelowa-maska-rozjasniajaca\/\">Read more<span class=\"screen-reader-text\">ANUA Peach 70 Niacin Brightening Collagen Mask 38 g &#8211; \u017celowa maska rozja\u015bniaj\u0105ca<\/span><\/a><\/p>\n","protected":false},"featured_media":609738,"comment_status":"open","ping_status":"closed","template":"","meta":{"_links_to":"","_links_to_target":""},"yoast_head":"<!-- This site is optimized with the Yoast SEO plugin v19.4 - https:\/\/yoast.com\/wordpress\/plugins\/seo\/ -->\n<title>ANUA Peach 70 Niacin Brightening Collagen Mask 38 g - \u017celowa maska rozja\u015bniaj\u0105ca - Selleetools.com<\/title>\n<meta name=\"robots\" content=\"index, follow, max-snippet:-1, max-image-preview:large, max-video-preview:-1\" \/>\n<link rel=\"canonical\" href=\"https:\/\/selleetools.com\/pl\/product\/anua-peach-70-niacin-brightening-collagen-mask-38-g-zelowa-maska-rozjasniajaca\/\" \/>\n<meta property=\"og:locale\" content=\"pl_PL\" \/>\n<meta property=\"og:type\" content=\"article\" \/>\n<meta property=\"og:title\" content=\"ANUA Peach 70 Niacin Brightening Collagen Mask 38 g - \u017celowa maska rozja\u015bniaj\u0105ca - Selleetools.com\" \/>\n<meta property=\"og:description\" content=\"ANUA Peach 70 Niacin Brightening Collagen Mask to maska o unikalnej formule, kt\u00f3ra pomaga nawil\u017cy\u0107, uj\u0119drni\u0107 i wyg\u0142adzi\u0107 sk\u00f3r\u0119. Dzi\u0119ki zawarto\u015bci wody brzoskwiniowej oraz kolagenu, maska od\u017cywia sk\u00f3r\u0119, poprawia jej elastyczno\u015b\u0107 i przywraca zdrowy, promienny wygl\u0105d. Dodatkowo, zawarto\u015b\u0107 niacynamidu oraz ferment\u00f3w pomaga wyr\u00f3wna\u0107 koloryt sk\u00f3ry, zapewniaj\u0105c jej roz\u015bwietlenie. Korzy\u015bci dla sk\u00f3ry: Wzmacnia i wyg\u0142adza sk\u00f3r\u0119 ... Read moreANUA Peach 70 Niacin Brightening Collagen Mask 38 g &#8211; \u017celowa maska rozja\u015bniaj\u0105ca\" \/>\n<meta property=\"og:url\" content=\"https:\/\/selleetools.com\/pl\/product\/anua-peach-70-niacin-brightening-collagen-mask-38-g-zelowa-maska-rozjasniajaca\/\" \/>\n<meta property=\"og:site_name\" content=\"Selleetools.com\" \/>\n<meta property=\"article:modified_time\" content=\"2025-11-04T21:06:55+00:00\" \/>\n<meta property=\"og:image\" content=\"https:\/\/selleetools.com\/wp-content\/uploads\/2025\/10\/97f661066d9ceb852c3daff443c6ec31.jpg\" \/>\n\t<meta property=\"og:image:width\" content=\"1200\" \/>\n\t<meta property=\"og:image:height\" content=\"1200\" \/>\n\t<meta property=\"og:image:type\" content=\"image\/jpeg\" \/>\n<meta name=\"twitter:card\" content=\"summary_large_image\" \/>\n<meta name=\"twitter:label1\" content=\"Est. reading time\" \/>\n\t<meta name=\"twitter:data1\" content=\"1 minuta\" \/>\n<!-- \/ Yoast SEO plugin. -->","yoast_head_json":{"title":"ANUA Peach 70 Niacin Brightening Collagen Mask 38 g - \u017celowa maska rozja\u015bniaj\u0105ca - Selleetools.com","robots":{"index":"index","follow":"follow","max-snippet":"max-snippet:-1","max-image-preview":"max-image-preview:large","max-video-preview":"max-video-preview:-1"},"canonical":"https:\/\/selleetools.com\/pl\/product\/anua-peach-70-niacin-brightening-collagen-mask-38-g-zelowa-maska-rozjasniajaca\/","og_locale":"pl_PL","og_type":"article","og_title":"ANUA Peach 70 Niacin Brightening Collagen Mask 38 g - \u017celowa maska rozja\u015bniaj\u0105ca - Selleetools.com","og_description":"ANUA Peach 70 Niacin Brightening Collagen Mask to maska o unikalnej formule, kt\u00f3ra pomaga nawil\u017cy\u0107, uj\u0119drni\u0107 i wyg\u0142adzi\u0107 sk\u00f3r\u0119. Dzi\u0119ki zawarto\u015bci wody brzoskwiniowej oraz kolagenu, maska od\u017cywia sk\u00f3r\u0119, poprawia jej elastyczno\u015b\u0107 i przywraca zdrowy, promienny wygl\u0105d. Dodatkowo, zawarto\u015b\u0107 niacynamidu oraz ferment\u00f3w pomaga wyr\u00f3wna\u0107 koloryt sk\u00f3ry, zapewniaj\u0105c jej roz\u015bwietlenie. Korzy\u015bci dla sk\u00f3ry: Wzmacnia i wyg\u0142adza sk\u00f3r\u0119 ... Read moreANUA Peach 70 Niacin Brightening Collagen Mask 38 g &#8211; \u017celowa maska rozja\u015bniaj\u0105ca","og_url":"https:\/\/selleetools.com\/pl\/product\/anua-peach-70-niacin-brightening-collagen-mask-38-g-zelowa-maska-rozjasniajaca\/","og_site_name":"Selleetools.com","article_modified_time":"2025-11-04T21:06:55+00:00","og_image":[{"width":1200,"height":1200,"url":"https:\/\/selleetools.com\/wp-content\/uploads\/2025\/10\/97f661066d9ceb852c3daff443c6ec31.jpg","type":"image\/jpeg"}],"twitter_card":"summary_large_image","twitter_misc":{"Est. reading time":"1 minuta"},"schema":{"@context":"https:\/\/schema.org","@graph":[{"@type":"Organization","@id":"https:\/\/selleetools.com\/#organization","name":"Selleetools","url":"https:\/\/selleetools.com\/","sameAs":[],"logo":{"@type":"ImageObject","inLanguage":"pl-PL","@id":"https:\/\/selleetools.com\/#\/schema\/logo\/image\/","url":"https:\/\/selleetools.com\/wp-content\/uploads\/2021\/10\/logo-dark.png","contentUrl":"https:\/\/selleetools.com\/wp-content\/uploads\/2021\/10\/logo-dark.png","width":320,"height":76,"caption":"Selleetools"},"image":{"@id":"https:\/\/selleetools.com\/#\/schema\/logo\/image\/"}},{"@type":"WebSite","@id":"https:\/\/selleetools.com\/#website","url":"https:\/\/selleetools.com\/","name":"Selleetools.com","description":"","publisher":{"@id":"https:\/\/selleetools.com\/#organization"},"potentialAction":[{"@type":"SearchAction","target":{"@type":"EntryPoint","urlTemplate":"https:\/\/selleetools.com\/?s={search_term_string}"},"query-input":"required name=search_term_string"}],"inLanguage":"pl-PL"},{"@type":"WebPage","@id":"https:\/\/selleetools.com\/pl\/product\/anua-peach-70-niacin-brightening-collagen-mask-38-g-zelowa-maska-rozjasniajaca\/","url":"https:\/\/selleetools.com\/pl\/product\/anua-peach-70-niacin-brightening-collagen-mask-38-g-zelowa-maska-rozjasniajaca\/","name":"ANUA Peach 70 Niacin Brightening Collagen Mask 38 g - \u017celowa maska rozja\u015bniaj\u0105ca - Selleetools.com","isPartOf":{"@id":"https:\/\/selleetools.com\/#website"},"datePublished":"2025-10-24T12:39:01+00:00","dateModified":"2025-11-04T21:06:55+00:00","breadcrumb":{"@id":"https:\/\/selleetools.com\/pl\/product\/anua-peach-70-niacin-brightening-collagen-mask-38-g-zelowa-maska-rozjasniajaca\/#breadcrumb"},"inLanguage":"pl-PL","potentialAction":[{"@type":"ReadAction","target":["https:\/\/selleetools.com\/pl\/product\/anua-peach-70-niacin-brightening-collagen-mask-38-g-zelowa-maska-rozjasniajaca\/"]}]},{"@type":"BreadcrumbList","@id":"https:\/\/selleetools.com\/pl\/product\/anua-peach-70-niacin-brightening-collagen-mask-38-g-zelowa-maska-rozjasniajaca\/#breadcrumb","itemListElement":[{"@type":"ListItem","position":1,"name":"Home","item":"https:\/\/selleetools.com\/pl\/"},{"@type":"ListItem","position":2,"name":"Katalog","item":"https:\/\/selleetools.com\/pl\/katalog\/"},{"@type":"ListItem","position":3,"name":"ANUA Peach 70 Niacin Brightening Collagen Mask 38 g &#8211; \u017celowa maska rozja\u015bniaj\u0105ca"}]}]}},"_links":{"self":[{"href":"https:\/\/selleetools.com\/pl\/wp-json\/wp\/v2\/product\/609740"}],"collection":[{"href":"https:\/\/selleetools.com\/pl\/wp-json\/wp\/v2\/product"}],"about":[{"href":"https:\/\/selleetools.com\/pl\/wp-json\/wp\/v2\/types\/product"}],"replies":[{"embeddable":true,"href":"https:\/\/selleetools.com\/pl\/wp-json\/wp\/v2\/comments?post=609740"}],"wp:featuredmedia":[{"embeddable":true,"href":"https:\/\/selleetools.com\/pl\/wp-json\/wp\/v2\/media\/609738"}],"wp:attachment":[{"href":"https:\/\/selleetools.com\/pl\/wp-json\/wp\/v2\/media?parent=609740"}],"curies":[{"name":"wp","href":"https:\/\/api.w.org\/{rel}","templated":true}]}}