{"id":609731,"date":"2025-10-24T14:38:53","date_gmt":"2025-10-24T12:38:53","guid":{"rendered":"https:\/\/selleetools.com\/?post_type=product&#038;p=609731"},"modified":"2025-12-02T21:03:06","modified_gmt":"2025-12-02T20:03:06","slug":"celimax-the-real-cica-soothing-cream-50-ml-kojacy-krem-do-twarzy","status":"publish","type":"product","link":"https:\/\/selleetools.com\/pl\/product\/celimax-the-real-cica-soothing-cream-50-ml-kojacy-krem-do-twarzy\/","title":{"rendered":"celimax The Real Cica Soothing Cream 50 ml &#8211; koj\u0105cy krem do twarzy"},"content":{"rendered":"<p>Celimax The Real Cica Soothing Cream to lekka, nawil\u017caj\u0105ca formu\u0142a w postaci \u017celowego kremu, wzbogacona o ekstrakt z w\u0105kroty azjatyckiej. Ten krem dzia\u0142a intensywnie na sk\u00f3r\u0119, \u0142agodz\u0105c podra\u017cnienia i przywracaj\u0105c jej komfort. Jego formu\u0142a pomaga z\u0142agodzi\u0107 sk\u00f3ry, kt\u00f3ra jest podatna na podra\u017cnienia lub reakcje alergiczne. Dzi\u0119ki sk\u0142adnikom takim jak niacynamid i ceramidy, krem nie tylko koi, ale tak\u017ce wzmacnia barier\u0119 ochronn\u0105 sk\u00f3ry, zapewniaj\u0105c jej optymalne nawil\u017cenie.<\/p>\n<p>Korzy\u015bci dla sk\u00f3ry:<br \/>\n\u0141agodzenie podra\u017cnie\u0144 \u2013 Ekstrakt z w\u0105kroty azjatyckiej, znany ze swoich w\u0142a\u015bciwo\u015bci regeneruj\u0105cych, skutecznie uspokaja i koi sk\u00f3r\u0119, pomagaj\u0105c w \u0142agodzeniu zaczerwienie\u0144.<br \/>\nZwi\u0119kszenie nawil\u017cenia \u2013 Gliceryna, betaina i inne sk\u0142adniki nawil\u017caj\u0105ce skutecznie poprawiaj\u0105 poziom wilgoci w sk\u00f3rze, zapewniaj\u0105c jej d\u0142ugotrwa\u0142e nawil\u017cenie.<br \/>\nWzmocnienie bariery sk\u00f3rnej \u2013 Ceramidy i niacynamid wspieraj\u0105 naturaln\u0105 barier\u0119 ochronn\u0105 sk\u00f3ry, przywracaj\u0105c jej zdrowy wygl\u0105d.<br \/>\nOd\u017cywienie sk\u00f3ry \u2013 Zawarto\u015b\u0107 ekstrakt\u00f3w ro\u015blinnych wspomaga procesy regeneracyjne sk\u00f3ry, pozostawiaj\u0105c j\u0105 g\u0142adk\u0105 i pe\u0142n\u0105 blasku.<\/p>\n<p>Spos\u00f3b u\u017cycia:<br \/>\nNa oczyszczon\u0105 sk\u00f3r\u0119 twarzy, na\u0142\u00f3\u017c odpowiedni\u0105 ilo\u015b\u0107 kremu.<br \/>\nDelikatnie wmasuj w sk\u00f3r\u0119, a\u017c do ca\u0142kowitego wch\u0142oni\u0119cia.<br \/>\nStosuj krem zar\u00f3wno rano, jak i wieczorem.<\/p>\n","protected":false},"excerpt":{"rendered":"<p>Celimax The Real Cica Soothing Cream to lekka, nawil\u017caj\u0105ca formu\u0142a w postaci \u017celowego kremu, wzbogacona o ekstrakt z w\u0105kroty azjatyckiej. Ten krem dzia\u0142a intensywnie na sk\u00f3r\u0119, \u0142agodz\u0105c podra\u017cnienia i przywracaj\u0105c jej komfort. Jego formu\u0142a pomaga z\u0142agodzi\u0107 sk\u00f3ry, kt\u00f3ra jest podatna na podra\u017cnienia lub reakcje alergiczne. Dzi\u0119ki sk\u0142adnikom takim jak niacynamid i ceramidy, krem nie tylko &#8230; <a title=\"celimax The Real Cica Soothing Cream 50 ml &#8211; koj\u0105cy krem do twarzy\" class=\"read-more\" href=\"https:\/\/selleetools.com\/pl\/product\/celimax-the-real-cica-soothing-cream-50-ml-kojacy-krem-do-twarzy\/\">Read more<span class=\"screen-reader-text\">celimax The Real Cica Soothing Cream 50 ml &#8211; koj\u0105cy krem do twarzy<\/span><\/a><\/p>\n","protected":false},"featured_media":609729,"comment_status":"open","ping_status":"closed","template":"","meta":{"_links_to":"","_links_to_target":""},"yoast_head":"<!-- This site is optimized with the Yoast SEO plugin v19.4 - https:\/\/yoast.com\/wordpress\/plugins\/seo\/ -->\n<title>celimax The Real Cica Soothing Cream 50 ml - koj\u0105cy krem do twarzy - Selleetools.com<\/title>\n<meta name=\"robots\" content=\"index, follow, max-snippet:-1, max-image-preview:large, max-video-preview:-1\" \/>\n<link rel=\"canonical\" href=\"https:\/\/admincentral.selleetools.com\/pl\/product\/celimax-the-real-cica-soothing-cream-50-ml-kojacy-krem-do-twarzy\/\" \/>\n<meta property=\"og:locale\" content=\"pl_PL\" \/>\n<meta property=\"og:type\" content=\"article\" \/>\n<meta property=\"og:title\" content=\"celimax The Real Cica Soothing Cream 50 ml - koj\u0105cy krem do twarzy - Selleetools.com\" \/>\n<meta property=\"og:description\" content=\"Celimax The Real Cica Soothing Cream to lekka, nawil\u017caj\u0105ca formu\u0142a w postaci \u017celowego kremu, wzbogacona o ekstrakt z w\u0105kroty azjatyckiej. Ten krem dzia\u0142a intensywnie na sk\u00f3r\u0119, \u0142agodz\u0105c podra\u017cnienia i przywracaj\u0105c jej komfort. Jego formu\u0142a pomaga z\u0142agodzi\u0107 sk\u00f3ry, kt\u00f3ra jest podatna na podra\u017cnienia lub reakcje alergiczne. Dzi\u0119ki sk\u0142adnikom takim jak niacynamid i ceramidy, krem nie tylko ... Read morecelimax The Real Cica Soothing Cream 50 ml &#8211; koj\u0105cy krem do twarzy\" \/>\n<meta property=\"og:url\" content=\"https:\/\/admincentral.selleetools.com\/pl\/product\/celimax-the-real-cica-soothing-cream-50-ml-kojacy-krem-do-twarzy\/\" \/>\n<meta property=\"og:site_name\" content=\"Selleetools.com\" \/>\n<meta property=\"article:modified_time\" content=\"2025-12-02T20:03:06+00:00\" \/>\n<meta property=\"og:image\" content=\"https:\/\/selleetools.com\/wp-content\/uploads\/2025\/10\/6adee2957e737e30d0c6d39164240886.jpg\" \/>\n\t<meta property=\"og:image:width\" content=\"1200\" \/>\n\t<meta property=\"og:image:height\" content=\"1200\" \/>\n\t<meta property=\"og:image:type\" content=\"image\/jpeg\" \/>\n<meta name=\"twitter:card\" content=\"summary_large_image\" \/>\n<meta name=\"twitter:label1\" content=\"Est. reading time\" \/>\n\t<meta name=\"twitter:data1\" content=\"1 minuta\" \/>\n<!-- \/ Yoast SEO plugin. -->","yoast_head_json":{"title":"celimax The Real Cica Soothing Cream 50 ml - koj\u0105cy krem do twarzy - Selleetools.com","robots":{"index":"index","follow":"follow","max-snippet":"max-snippet:-1","max-image-preview":"max-image-preview:large","max-video-preview":"max-video-preview:-1"},"canonical":"https:\/\/admincentral.selleetools.com\/pl\/product\/celimax-the-real-cica-soothing-cream-50-ml-kojacy-krem-do-twarzy\/","og_locale":"pl_PL","og_type":"article","og_title":"celimax The Real Cica Soothing Cream 50 ml - koj\u0105cy krem do twarzy - Selleetools.com","og_description":"Celimax The Real Cica Soothing Cream to lekka, nawil\u017caj\u0105ca formu\u0142a w postaci \u017celowego kremu, wzbogacona o ekstrakt z w\u0105kroty azjatyckiej. Ten krem dzia\u0142a intensywnie na sk\u00f3r\u0119, \u0142agodz\u0105c podra\u017cnienia i przywracaj\u0105c jej komfort. Jego formu\u0142a pomaga z\u0142agodzi\u0107 sk\u00f3ry, kt\u00f3ra jest podatna na podra\u017cnienia lub reakcje alergiczne. Dzi\u0119ki sk\u0142adnikom takim jak niacynamid i ceramidy, krem nie tylko ... Read morecelimax The Real Cica Soothing Cream 50 ml &#8211; koj\u0105cy krem do twarzy","og_url":"https:\/\/admincentral.selleetools.com\/pl\/product\/celimax-the-real-cica-soothing-cream-50-ml-kojacy-krem-do-twarzy\/","og_site_name":"Selleetools.com","article_modified_time":"2025-12-02T20:03:06+00:00","og_image":[{"width":1200,"height":1200,"url":"https:\/\/selleetools.com\/wp-content\/uploads\/2025\/10\/6adee2957e737e30d0c6d39164240886.jpg","type":"image\/jpeg"}],"twitter_card":"summary_large_image","twitter_misc":{"Est. reading time":"1 minuta"},"schema":{"@context":"https:\/\/schema.org","@graph":[{"@type":"Organization","@id":"https:\/\/selleetools.com\/#organization","name":"Selleetools","url":"https:\/\/selleetools.com\/","sameAs":[],"logo":{"@type":"ImageObject","inLanguage":"pl-PL","@id":"https:\/\/selleetools.com\/#\/schema\/logo\/image\/","url":"https:\/\/selleetools.com\/wp-content\/uploads\/2021\/10\/logo-dark.png","contentUrl":"https:\/\/selleetools.com\/wp-content\/uploads\/2021\/10\/logo-dark.png","width":320,"height":76,"caption":"Selleetools"},"image":{"@id":"https:\/\/selleetools.com\/#\/schema\/logo\/image\/"}},{"@type":"WebSite","@id":"https:\/\/selleetools.com\/#website","url":"https:\/\/selleetools.com\/","name":"Selleetools.com","description":"","publisher":{"@id":"https:\/\/selleetools.com\/#organization"},"potentialAction":[{"@type":"SearchAction","target":{"@type":"EntryPoint","urlTemplate":"https:\/\/selleetools.com\/?s={search_term_string}"},"query-input":"required name=search_term_string"}],"inLanguage":"pl-PL"},{"@type":"WebPage","@id":"https:\/\/admincentral.selleetools.com\/pl\/product\/celimax-the-real-cica-soothing-cream-50-ml-kojacy-krem-do-twarzy\/","url":"https:\/\/admincentral.selleetools.com\/pl\/product\/celimax-the-real-cica-soothing-cream-50-ml-kojacy-krem-do-twarzy\/","name":"celimax The Real Cica Soothing Cream 50 ml - koj\u0105cy krem do twarzy - Selleetools.com","isPartOf":{"@id":"https:\/\/selleetools.com\/#website"},"datePublished":"2025-10-24T12:38:53+00:00","dateModified":"2025-12-02T20:03:06+00:00","breadcrumb":{"@id":"https:\/\/admincentral.selleetools.com\/pl\/product\/celimax-the-real-cica-soothing-cream-50-ml-kojacy-krem-do-twarzy\/#breadcrumb"},"inLanguage":"pl-PL","potentialAction":[{"@type":"ReadAction","target":["https:\/\/admincentral.selleetools.com\/pl\/product\/celimax-the-real-cica-soothing-cream-50-ml-kojacy-krem-do-twarzy\/"]}]},{"@type":"BreadcrumbList","@id":"https:\/\/admincentral.selleetools.com\/pl\/product\/celimax-the-real-cica-soothing-cream-50-ml-kojacy-krem-do-twarzy\/#breadcrumb","itemListElement":[{"@type":"ListItem","position":1,"name":"Home","item":"https:\/\/selleetools.com\/pl\/"},{"@type":"ListItem","position":2,"name":"Katalog","item":"https:\/\/selleetools.com\/pl\/katalog\/"},{"@type":"ListItem","position":3,"name":"celimax The Real Cica Soothing Cream 50 ml &#8211; koj\u0105cy krem do twarzy"}]}]}},"_links":{"self":[{"href":"https:\/\/selleetools.com\/pl\/wp-json\/wp\/v2\/product\/609731"}],"collection":[{"href":"https:\/\/selleetools.com\/pl\/wp-json\/wp\/v2\/product"}],"about":[{"href":"https:\/\/selleetools.com\/pl\/wp-json\/wp\/v2\/types\/product"}],"replies":[{"embeddable":true,"href":"https:\/\/selleetools.com\/pl\/wp-json\/wp\/v2\/comments?post=609731"}],"wp:featuredmedia":[{"embeddable":true,"href":"https:\/\/selleetools.com\/pl\/wp-json\/wp\/v2\/media\/609729"}],"wp:attachment":[{"href":"https:\/\/selleetools.com\/pl\/wp-json\/wp\/v2\/media?parent=609731"}],"curies":[{"name":"wp","href":"https:\/\/api.w.org\/{rel}","templated":true}]}}