{"id":609725,"date":"2025-10-24T14:38:48","date_gmt":"2025-10-24T12:38:48","guid":{"rendered":"https:\/\/selleetools.com\/?post_type=product&#038;p=609725"},"modified":"2025-11-04T22:06:40","modified_gmt":"2025-11-04T21:06:40","slug":"celimax-dual-barrier-mild-gel-cleanser-200-ml-zel-do-mycia-twarzy","status":"publish","type":"product","link":"https:\/\/selleetools.com\/pl\/product\/celimax-dual-barrier-mild-gel-cleanser-200-ml-zel-do-mycia-twarzy\/","title":{"rendered":"celimax Dual Barrier Mild Gel Cleanser 200 ml &#8211; \u017cel do mycia twarzy"},"content":{"rendered":"<p>Celimax Dual Barrier Mild Gel Cleanser to \u0142agodny \u017cel do mycia twarzy, stworzony z my\u015bl\u0105 o wra\u017cliwej i suchej sk\u00f3rze. Jego formu\u0142a, wzbogacona o ceramidy oraz opatentowany sk\u0142adnik Aquatide, delikatnie oczyszcza sk\u00f3r\u0119, usuwaj\u0105c zanieczyszczenia, jednocze\u015bnie chroni\u0105c barier\u0119 wilgotno\u015bciow\u0105 sk\u00f3ry. Dzi\u0119ki lekko kwa\u015bnemu pH i sk\u0142adnikom od\u017cywczym, \u017cel nie tylko oczyszcza, ale tak\u017ce nawil\u017ca i \u0142agodzi sk\u00f3r\u0119.<\/p>\n<p>Korzy\u015bci dla sk\u00f3ry:<br \/>\nDelikatne oczyszczenie \u2013 skutecznie usuwa zanieczyszczenia i makija\u017c bez naruszania naturalnej bariery ochronnej sk\u00f3ry.<br \/>\nOchrona bariery wilgotno\u015bciowej \u2013 ceramidy i Aquatide pomagaj\u0105 utrzyma\u0107 optymalny poziom nawil\u017cenia, chroni\u0105c sk\u00f3r\u0119 przed utrat\u0105 wilgoci.<br \/>\nUkojenie i regeneracja \u2013 idealny dla sk\u00f3ry wra\u017cliwej i suchej, delikatnie nawil\u017ca, koi i poprawia jej kondycj\u0119.<\/p>\n<p>Spos\u00f3b u\u017cycia:<br \/>\nNa wilgotn\u0105 sk\u00f3r\u0119 twarzy na\u0142\u00f3\u017c 1-2 pompki \u017celu.<br \/>\nMasuj delikatnie, aby usun\u0105\u0107 zabrudzenia i zanieczyszczenia.<br \/>\nDok\u0142adnie sp\u0142ucz letni\u0105 wod\u0105.<\/p>\n","protected":false},"excerpt":{"rendered":"<p>Celimax Dual Barrier Mild Gel Cleanser to \u0142agodny \u017cel do mycia twarzy, stworzony z my\u015bl\u0105 o wra\u017cliwej i suchej sk\u00f3rze. Jego formu\u0142a, wzbogacona o ceramidy oraz opatentowany sk\u0142adnik Aquatide, delikatnie oczyszcza sk\u00f3r\u0119, usuwaj\u0105c zanieczyszczenia, jednocze\u015bnie chroni\u0105c barier\u0119 wilgotno\u015bciow\u0105 sk\u00f3ry. Dzi\u0119ki lekko kwa\u015bnemu pH i sk\u0142adnikom od\u017cywczym, \u017cel nie tylko oczyszcza, ale tak\u017ce nawil\u017ca i \u0142agodzi &#8230; <a title=\"celimax Dual Barrier Mild Gel Cleanser 200 ml &#8211; \u017cel do mycia twarzy\" class=\"read-more\" href=\"https:\/\/selleetools.com\/pl\/product\/celimax-dual-barrier-mild-gel-cleanser-200-ml-zel-do-mycia-twarzy\/\">Read more<span class=\"screen-reader-text\">celimax Dual Barrier Mild Gel Cleanser 200 ml &#8211; \u017cel do mycia twarzy<\/span><\/a><\/p>\n","protected":false},"featured_media":609723,"comment_status":"open","ping_status":"closed","template":"","meta":{"_links_to":"","_links_to_target":""},"yoast_head":"<!-- This site is optimized with the Yoast SEO plugin v19.4 - https:\/\/yoast.com\/wordpress\/plugins\/seo\/ -->\n<title>celimax Dual Barrier Mild Gel Cleanser 200 ml - \u017cel do mycia twarzy - Selleetools.com<\/title>\n<meta name=\"robots\" content=\"index, follow, max-snippet:-1, max-image-preview:large, max-video-preview:-1\" \/>\n<link rel=\"canonical\" href=\"https:\/\/admincentral.selleetools.com\/pl\/product\/celimax-dual-barrier-mild-gel-cleanser-200-ml-zel-do-mycia-twarzy\/\" \/>\n<meta property=\"og:locale\" content=\"pl_PL\" \/>\n<meta property=\"og:type\" content=\"article\" \/>\n<meta property=\"og:title\" content=\"celimax Dual Barrier Mild Gel Cleanser 200 ml - \u017cel do mycia twarzy - Selleetools.com\" \/>\n<meta property=\"og:description\" content=\"Celimax Dual Barrier Mild Gel Cleanser to \u0142agodny \u017cel do mycia twarzy, stworzony z my\u015bl\u0105 o wra\u017cliwej i suchej sk\u00f3rze. Jego formu\u0142a, wzbogacona o ceramidy oraz opatentowany sk\u0142adnik Aquatide, delikatnie oczyszcza sk\u00f3r\u0119, usuwaj\u0105c zanieczyszczenia, jednocze\u015bnie chroni\u0105c barier\u0119 wilgotno\u015bciow\u0105 sk\u00f3ry. Dzi\u0119ki lekko kwa\u015bnemu pH i sk\u0142adnikom od\u017cywczym, \u017cel nie tylko oczyszcza, ale tak\u017ce nawil\u017ca i \u0142agodzi ... Read morecelimax Dual Barrier Mild Gel Cleanser 200 ml &#8211; \u017cel do mycia twarzy\" \/>\n<meta property=\"og:url\" content=\"https:\/\/admincentral.selleetools.com\/pl\/product\/celimax-dual-barrier-mild-gel-cleanser-200-ml-zel-do-mycia-twarzy\/\" \/>\n<meta property=\"og:site_name\" content=\"Selleetools.com\" \/>\n<meta property=\"article:modified_time\" content=\"2025-11-04T21:06:40+00:00\" \/>\n<meta property=\"og:image\" content=\"https:\/\/selleetools.com\/wp-content\/uploads\/2025\/10\/c588e94b509e91aec5987736933b970e.png\" \/>\n\t<meta property=\"og:image:width\" content=\"1200\" \/>\n\t<meta property=\"og:image:height\" content=\"1200\" \/>\n\t<meta property=\"og:image:type\" content=\"image\/png\" \/>\n<meta name=\"twitter:card\" content=\"summary_large_image\" \/>\n<meta name=\"twitter:label1\" content=\"Est. reading time\" \/>\n\t<meta name=\"twitter:data1\" content=\"1 minuta\" \/>\n<!-- \/ Yoast SEO plugin. -->","yoast_head_json":{"title":"celimax Dual Barrier Mild Gel Cleanser 200 ml - \u017cel do mycia twarzy - Selleetools.com","robots":{"index":"index","follow":"follow","max-snippet":"max-snippet:-1","max-image-preview":"max-image-preview:large","max-video-preview":"max-video-preview:-1"},"canonical":"https:\/\/admincentral.selleetools.com\/pl\/product\/celimax-dual-barrier-mild-gel-cleanser-200-ml-zel-do-mycia-twarzy\/","og_locale":"pl_PL","og_type":"article","og_title":"celimax Dual Barrier Mild Gel Cleanser 200 ml - \u017cel do mycia twarzy - Selleetools.com","og_description":"Celimax Dual Barrier Mild Gel Cleanser to \u0142agodny \u017cel do mycia twarzy, stworzony z my\u015bl\u0105 o wra\u017cliwej i suchej sk\u00f3rze. Jego formu\u0142a, wzbogacona o ceramidy oraz opatentowany sk\u0142adnik Aquatide, delikatnie oczyszcza sk\u00f3r\u0119, usuwaj\u0105c zanieczyszczenia, jednocze\u015bnie chroni\u0105c barier\u0119 wilgotno\u015bciow\u0105 sk\u00f3ry. Dzi\u0119ki lekko kwa\u015bnemu pH i sk\u0142adnikom od\u017cywczym, \u017cel nie tylko oczyszcza, ale tak\u017ce nawil\u017ca i \u0142agodzi ... Read morecelimax Dual Barrier Mild Gel Cleanser 200 ml &#8211; \u017cel do mycia twarzy","og_url":"https:\/\/admincentral.selleetools.com\/pl\/product\/celimax-dual-barrier-mild-gel-cleanser-200-ml-zel-do-mycia-twarzy\/","og_site_name":"Selleetools.com","article_modified_time":"2025-11-04T21:06:40+00:00","og_image":[{"width":1200,"height":1200,"url":"https:\/\/selleetools.com\/wp-content\/uploads\/2025\/10\/c588e94b509e91aec5987736933b970e.png","type":"image\/png"}],"twitter_card":"summary_large_image","twitter_misc":{"Est. reading time":"1 minuta"},"schema":{"@context":"https:\/\/schema.org","@graph":[{"@type":"Organization","@id":"https:\/\/selleetools.com\/#organization","name":"Selleetools","url":"https:\/\/selleetools.com\/","sameAs":[],"logo":{"@type":"ImageObject","inLanguage":"pl-PL","@id":"https:\/\/selleetools.com\/#\/schema\/logo\/image\/","url":"https:\/\/selleetools.com\/wp-content\/uploads\/2021\/10\/logo-dark.png","contentUrl":"https:\/\/selleetools.com\/wp-content\/uploads\/2021\/10\/logo-dark.png","width":320,"height":76,"caption":"Selleetools"},"image":{"@id":"https:\/\/selleetools.com\/#\/schema\/logo\/image\/"}},{"@type":"WebSite","@id":"https:\/\/selleetools.com\/#website","url":"https:\/\/selleetools.com\/","name":"Selleetools.com","description":"","publisher":{"@id":"https:\/\/selleetools.com\/#organization"},"potentialAction":[{"@type":"SearchAction","target":{"@type":"EntryPoint","urlTemplate":"https:\/\/selleetools.com\/?s={search_term_string}"},"query-input":"required name=search_term_string"}],"inLanguage":"pl-PL"},{"@type":"WebPage","@id":"https:\/\/admincentral.selleetools.com\/pl\/product\/celimax-dual-barrier-mild-gel-cleanser-200-ml-zel-do-mycia-twarzy\/","url":"https:\/\/admincentral.selleetools.com\/pl\/product\/celimax-dual-barrier-mild-gel-cleanser-200-ml-zel-do-mycia-twarzy\/","name":"celimax Dual Barrier Mild Gel Cleanser 200 ml - \u017cel do mycia twarzy - Selleetools.com","isPartOf":{"@id":"https:\/\/selleetools.com\/#website"},"datePublished":"2025-10-24T12:38:48+00:00","dateModified":"2025-11-04T21:06:40+00:00","breadcrumb":{"@id":"https:\/\/admincentral.selleetools.com\/pl\/product\/celimax-dual-barrier-mild-gel-cleanser-200-ml-zel-do-mycia-twarzy\/#breadcrumb"},"inLanguage":"pl-PL","potentialAction":[{"@type":"ReadAction","target":["https:\/\/admincentral.selleetools.com\/pl\/product\/celimax-dual-barrier-mild-gel-cleanser-200-ml-zel-do-mycia-twarzy\/"]}]},{"@type":"BreadcrumbList","@id":"https:\/\/admincentral.selleetools.com\/pl\/product\/celimax-dual-barrier-mild-gel-cleanser-200-ml-zel-do-mycia-twarzy\/#breadcrumb","itemListElement":[{"@type":"ListItem","position":1,"name":"Home","item":"https:\/\/selleetools.com\/pl\/"},{"@type":"ListItem","position":2,"name":"Katalog","item":"https:\/\/selleetools.com\/pl\/katalog\/"},{"@type":"ListItem","position":3,"name":"celimax Dual Barrier Mild Gel Cleanser 200 ml &#8211; \u017cel do mycia twarzy"}]}]}},"_links":{"self":[{"href":"https:\/\/selleetools.com\/pl\/wp-json\/wp\/v2\/product\/609725"}],"collection":[{"href":"https:\/\/selleetools.com\/pl\/wp-json\/wp\/v2\/product"}],"about":[{"href":"https:\/\/selleetools.com\/pl\/wp-json\/wp\/v2\/types\/product"}],"replies":[{"embeddable":true,"href":"https:\/\/selleetools.com\/pl\/wp-json\/wp\/v2\/comments?post=609725"}],"wp:featuredmedia":[{"embeddable":true,"href":"https:\/\/selleetools.com\/pl\/wp-json\/wp\/v2\/media\/609723"}],"wp:attachment":[{"href":"https:\/\/selleetools.com\/pl\/wp-json\/wp\/v2\/media?parent=609725"}],"curies":[{"name":"wp","href":"https:\/\/api.w.org\/{rel}","templated":true}]}}