{"id":609722,"date":"2025-10-24T14:38:45","date_gmt":"2025-10-24T12:38:45","guid":{"rendered":"https:\/\/selleetools.com\/?post_type=product&#038;p=609722"},"modified":"2025-12-02T21:03:00","modified_gmt":"2025-12-02T20:03:00","slug":"celimax-one-step-mild-cleansing-pad-60-szt-platki-oczyszczajace","status":"publish","type":"product","link":"https:\/\/selleetools.com\/pl\/product\/celimax-one-step-mild-cleansing-pad-60-szt-platki-oczyszczajace\/","title":{"rendered":"celimax One Step Mild Cleansing Pad 60 szt &#8211; p\u0142atki oczyszczaj\u0105ce"},"content":{"rendered":"<p>Celimax Ji Woo Gae One Step Mild Cleansing Pad to \u0142agodne p\u0142atki oczyszczaj\u0105ce, kt\u00f3re skutecznie i delikatnie usuwaj\u0105 makija\u017c, zanieczyszczenia i nadmiar sebum, zapewniaj\u0105c sk\u00f3rze nawil\u017cenie i \u015bwie\u017co\u015b\u0107. Formu\u0142a o lekko kwa\u015bnym pH jest bezpieczna dla wszystkich typ\u00f3w sk\u00f3ry, w tym sk\u00f3ry wra\u017cliwej i sk\u0142onnej do podra\u017cnie\u0144. Wzbogacona o ekstrakty ro\u015blinne, produkt zapewnia sk\u00f3rze nawil\u017cenie, ukojenie oraz regeneracj\u0119. Dzi\u0119ki zastosowanej technologii, produkty pozostawiaj\u0105 sk\u00f3r\u0119 mi\u0119kk\u0105, nawil\u017con\u0105 i \u015bwie\u017c\u0105, bez konieczno\u015bci stosowania dodatkowego oczyszczania.<\/p>\n<p>Korzy\u015bci:<br \/>\nDelikatne oczyszczenie: Skutecznie usuwa makija\u017c, brud i nadmiar sebum, nie podra\u017cniaj\u0105c sk\u00f3ry.<br \/>\nFormu\u0142a o lekkim kwa\u015bnym pH: Dostosowana do wszystkich typ\u00f3w sk\u00f3ry, w tym wra\u017cliwej i suchej.<br \/>\nNawil\u017cenie: Dzi\u0119ki obecno\u015bci gliceryny i kwasu hialuronowego, sk\u00f3ra pozostaje nawil\u017cona i wyg\u0142adzona po oczyszczaniu.<br \/>\nOchrona sk\u00f3ry: Ekstrakty ro\u015blinne \u0142agodz\u0105 sk\u00f3r\u0119, zapewniaj\u0105c jej regeneracj\u0119.<br \/>\nPrzyjazne dla sk\u00f3ry wra\u017cliwej: Produkt ma \u0142agodn\u0105 formu\u0142\u0119, odpowiedni\u0105 dla os\u00f3b z wra\u017cliw\u0105 sk\u00f3r\u0105.<\/p>\n<p>Spos\u00f3b u\u017cycia:<br \/>\nWydob\u0105d\u017a jedn\u0105 chusteczk\u0119 z opakowania.<br \/>\nDelikatnie przetrzyj ni\u0105 twarz, unikaj\u0105c kontaktu z oczami.<br \/>\nPowtarzaj proces, a\u017c wacik b\u0119dzie czysty, a sk\u00f3ra dobrze oczyszczona.<br \/>\nZamknij opakowanie po ka\u017cdym u\u017cyciu, aby utrzyma\u0107 wilgotno\u015b\u0107 p\u0142atk\u00f3w.<\/p>\n","protected":false},"excerpt":{"rendered":"<p>Celimax Ji Woo Gae One Step Mild Cleansing Pad to \u0142agodne p\u0142atki oczyszczaj\u0105ce, kt\u00f3re skutecznie i delikatnie usuwaj\u0105 makija\u017c, zanieczyszczenia i nadmiar sebum, zapewniaj\u0105c sk\u00f3rze nawil\u017cenie i \u015bwie\u017co\u015b\u0107. Formu\u0142a o lekko kwa\u015bnym pH jest bezpieczna dla wszystkich typ\u00f3w sk\u00f3ry, w tym sk\u00f3ry wra\u017cliwej i sk\u0142onnej do podra\u017cnie\u0144. Wzbogacona o ekstrakty ro\u015blinne, produkt zapewnia sk\u00f3rze nawil\u017cenie, &#8230; <a title=\"celimax One Step Mild Cleansing Pad 60 szt &#8211; p\u0142atki oczyszczaj\u0105ce\" class=\"read-more\" href=\"https:\/\/selleetools.com\/pl\/product\/celimax-one-step-mild-cleansing-pad-60-szt-platki-oczyszczajace\/\">Read more<span class=\"screen-reader-text\">celimax One Step Mild Cleansing Pad 60 szt &#8211; p\u0142atki oczyszczaj\u0105ce<\/span><\/a><\/p>\n","protected":false},"featured_media":609720,"comment_status":"open","ping_status":"closed","template":"","meta":{"_links_to":"","_links_to_target":""},"yoast_head":"<!-- This site is optimized with the Yoast SEO plugin v19.4 - https:\/\/yoast.com\/wordpress\/plugins\/seo\/ -->\n<title>celimax One Step Mild Cleansing Pad 60 szt - p\u0142atki oczyszczaj\u0105ce - Selleetools.com<\/title>\n<meta name=\"robots\" content=\"index, follow, max-snippet:-1, max-image-preview:large, max-video-preview:-1\" \/>\n<link rel=\"canonical\" href=\"https:\/\/selleetools.com\/pl\/product\/celimax-one-step-mild-cleansing-pad-60-szt-platki-oczyszczajace\/\" \/>\n<meta property=\"og:locale\" content=\"pl_PL\" \/>\n<meta property=\"og:type\" content=\"article\" \/>\n<meta property=\"og:title\" content=\"celimax One Step Mild Cleansing Pad 60 szt - p\u0142atki oczyszczaj\u0105ce - Selleetools.com\" \/>\n<meta property=\"og:description\" content=\"Celimax Ji Woo Gae One Step Mild Cleansing Pad to \u0142agodne p\u0142atki oczyszczaj\u0105ce, kt\u00f3re skutecznie i delikatnie usuwaj\u0105 makija\u017c, zanieczyszczenia i nadmiar sebum, zapewniaj\u0105c sk\u00f3rze nawil\u017cenie i \u015bwie\u017co\u015b\u0107. Formu\u0142a o lekko kwa\u015bnym pH jest bezpieczna dla wszystkich typ\u00f3w sk\u00f3ry, w tym sk\u00f3ry wra\u017cliwej i sk\u0142onnej do podra\u017cnie\u0144. Wzbogacona o ekstrakty ro\u015blinne, produkt zapewnia sk\u00f3rze nawil\u017cenie, ... Read morecelimax One Step Mild Cleansing Pad 60 szt &#8211; p\u0142atki oczyszczaj\u0105ce\" \/>\n<meta property=\"og:url\" content=\"https:\/\/selleetools.com\/pl\/product\/celimax-one-step-mild-cleansing-pad-60-szt-platki-oczyszczajace\/\" \/>\n<meta property=\"og:site_name\" content=\"Selleetools.com\" \/>\n<meta property=\"article:modified_time\" content=\"2025-12-02T20:03:00+00:00\" \/>\n<meta property=\"og:image\" content=\"https:\/\/selleetools.com\/wp-content\/uploads\/2025\/10\/1a11526d457d1bb87ecdcc69463f3c63.jpg\" \/>\n\t<meta property=\"og:image:width\" content=\"1200\" \/>\n\t<meta property=\"og:image:height\" content=\"1200\" \/>\n\t<meta property=\"og:image:type\" content=\"image\/jpeg\" \/>\n<meta name=\"twitter:card\" content=\"summary_large_image\" \/>\n<meta name=\"twitter:label1\" content=\"Est. reading time\" \/>\n\t<meta name=\"twitter:data1\" content=\"1 minuta\" \/>\n<!-- \/ Yoast SEO plugin. -->","yoast_head_json":{"title":"celimax One Step Mild Cleansing Pad 60 szt - p\u0142atki oczyszczaj\u0105ce - Selleetools.com","robots":{"index":"index","follow":"follow","max-snippet":"max-snippet:-1","max-image-preview":"max-image-preview:large","max-video-preview":"max-video-preview:-1"},"canonical":"https:\/\/selleetools.com\/pl\/product\/celimax-one-step-mild-cleansing-pad-60-szt-platki-oczyszczajace\/","og_locale":"pl_PL","og_type":"article","og_title":"celimax One Step Mild Cleansing Pad 60 szt - p\u0142atki oczyszczaj\u0105ce - Selleetools.com","og_description":"Celimax Ji Woo Gae One Step Mild Cleansing Pad to \u0142agodne p\u0142atki oczyszczaj\u0105ce, kt\u00f3re skutecznie i delikatnie usuwaj\u0105 makija\u017c, zanieczyszczenia i nadmiar sebum, zapewniaj\u0105c sk\u00f3rze nawil\u017cenie i \u015bwie\u017co\u015b\u0107. Formu\u0142a o lekko kwa\u015bnym pH jest bezpieczna dla wszystkich typ\u00f3w sk\u00f3ry, w tym sk\u00f3ry wra\u017cliwej i sk\u0142onnej do podra\u017cnie\u0144. Wzbogacona o ekstrakty ro\u015blinne, produkt zapewnia sk\u00f3rze nawil\u017cenie, ... Read morecelimax One Step Mild Cleansing Pad 60 szt &#8211; p\u0142atki oczyszczaj\u0105ce","og_url":"https:\/\/selleetools.com\/pl\/product\/celimax-one-step-mild-cleansing-pad-60-szt-platki-oczyszczajace\/","og_site_name":"Selleetools.com","article_modified_time":"2025-12-02T20:03:00+00:00","og_image":[{"width":1200,"height":1200,"url":"https:\/\/selleetools.com\/wp-content\/uploads\/2025\/10\/1a11526d457d1bb87ecdcc69463f3c63.jpg","type":"image\/jpeg"}],"twitter_card":"summary_large_image","twitter_misc":{"Est. reading time":"1 minuta"},"schema":{"@context":"https:\/\/schema.org","@graph":[{"@type":"Organization","@id":"https:\/\/selleetools.com\/#organization","name":"Selleetools","url":"https:\/\/selleetools.com\/","sameAs":[],"logo":{"@type":"ImageObject","inLanguage":"pl-PL","@id":"https:\/\/selleetools.com\/#\/schema\/logo\/image\/","url":"https:\/\/selleetools.com\/wp-content\/uploads\/2021\/10\/logo-dark.png","contentUrl":"https:\/\/selleetools.com\/wp-content\/uploads\/2021\/10\/logo-dark.png","width":320,"height":76,"caption":"Selleetools"},"image":{"@id":"https:\/\/selleetools.com\/#\/schema\/logo\/image\/"}},{"@type":"WebSite","@id":"https:\/\/selleetools.com\/#website","url":"https:\/\/selleetools.com\/","name":"Selleetools.com","description":"","publisher":{"@id":"https:\/\/selleetools.com\/#organization"},"potentialAction":[{"@type":"SearchAction","target":{"@type":"EntryPoint","urlTemplate":"https:\/\/selleetools.com\/?s={search_term_string}"},"query-input":"required name=search_term_string"}],"inLanguage":"pl-PL"},{"@type":"WebPage","@id":"https:\/\/selleetools.com\/pl\/product\/celimax-one-step-mild-cleansing-pad-60-szt-platki-oczyszczajace\/","url":"https:\/\/selleetools.com\/pl\/product\/celimax-one-step-mild-cleansing-pad-60-szt-platki-oczyszczajace\/","name":"celimax One Step Mild Cleansing Pad 60 szt - p\u0142atki oczyszczaj\u0105ce - Selleetools.com","isPartOf":{"@id":"https:\/\/selleetools.com\/#website"},"datePublished":"2025-10-24T12:38:45+00:00","dateModified":"2025-12-02T20:03:00+00:00","breadcrumb":{"@id":"https:\/\/selleetools.com\/pl\/product\/celimax-one-step-mild-cleansing-pad-60-szt-platki-oczyszczajace\/#breadcrumb"},"inLanguage":"pl-PL","potentialAction":[{"@type":"ReadAction","target":["https:\/\/selleetools.com\/pl\/product\/celimax-one-step-mild-cleansing-pad-60-szt-platki-oczyszczajace\/"]}]},{"@type":"BreadcrumbList","@id":"https:\/\/selleetools.com\/pl\/product\/celimax-one-step-mild-cleansing-pad-60-szt-platki-oczyszczajace\/#breadcrumb","itemListElement":[{"@type":"ListItem","position":1,"name":"Home","item":"https:\/\/selleetools.com\/pl\/"},{"@type":"ListItem","position":2,"name":"Katalog","item":"https:\/\/selleetools.com\/pl\/katalog\/"},{"@type":"ListItem","position":3,"name":"celimax One Step Mild Cleansing Pad 60 szt &#8211; p\u0142atki oczyszczaj\u0105ce"}]}]}},"_links":{"self":[{"href":"https:\/\/selleetools.com\/pl\/wp-json\/wp\/v2\/product\/609722"}],"collection":[{"href":"https:\/\/selleetools.com\/pl\/wp-json\/wp\/v2\/product"}],"about":[{"href":"https:\/\/selleetools.com\/pl\/wp-json\/wp\/v2\/types\/product"}],"replies":[{"embeddable":true,"href":"https:\/\/selleetools.com\/pl\/wp-json\/wp\/v2\/comments?post=609722"}],"wp:featuredmedia":[{"embeddable":true,"href":"https:\/\/selleetools.com\/pl\/wp-json\/wp\/v2\/media\/609720"}],"wp:attachment":[{"href":"https:\/\/selleetools.com\/pl\/wp-json\/wp\/v2\/media?parent=609722"}],"curies":[{"name":"wp","href":"https:\/\/api.w.org\/{rel}","templated":true}]}}