{"id":609719,"date":"2025-10-24T14:38:43","date_gmt":"2025-10-24T12:38:43","guid":{"rendered":"https:\/\/selleetools.com\/?post_type=product&#038;p=609719"},"modified":"2025-12-02T21:02:57","modified_gmt":"2025-12-02T20:02:57","slug":"celimax-ji-woo-gae-cica-bha-acne-foam-cleansing-150-ml-pianka-do-mycia-twarzy","status":"publish","type":"product","link":"https:\/\/selleetools.com\/pl\/product\/celimax-ji-woo-gae-cica-bha-acne-foam-cleansing-150-ml-pianka-do-mycia-twarzy\/","title":{"rendered":"celimax Ji Woo Gae Cica BHA Acne Foam Cleansing 150 ml &#8211; pianka do mycia twarzy"},"content":{"rendered":"<p>Celimax Ji Woo Gae Cica BHA Acne Foam Cleansing to delikatna pianka oczyszczaj\u0105ca, kt\u00f3ra skutecznie usuwa zanieczyszczenia, jednocze\u015bnie dbaj\u0105c o wra\u017cliw\u0105 sk\u00f3r\u0119 sk\u0142onn\u0105 do tr\u0105dziku. Formu\u0142a wzbogacona o kwas salicylowy (BHA) oraz ekstrakt z Centella Asiatica pomaga w walce z niedoskona\u0142o\u015bciami i zapobiega podra\u017cnieniom, zapewniaj\u0105c czyst\u0105 i zdrow\u0105 sk\u00f3r\u0119. Idealna do codziennego u\u017cytku, zw\u0142aszcza dla sk\u00f3ry t\u0142ustej i tr\u0105dzikowej.<\/p>\n<p>Korzy\u015bci dla sk\u00f3ry:<br \/>\nSkuteczne oczyszczanie \u2013 usuwa zanieczyszczenia i nadmiar sebum, nie powoduj\u0105c wysuszenia sk\u00f3ry.<br \/>\nOchrona przed podra\u017cnieniami \u2013 dzi\u0119ki Centella Asiatica i BHA, pianka \u0142agodzi sk\u00f3r\u0119 i zapobiega jej podra\u017cnieniu.<br \/>\nPomoc w walce z niedoskona\u0142o\u015bciami \u2013 kwas salicylowy skutecznie oczyszcza pory i redukuje zmiany tr\u0105dzikowe.<br \/>\nUspokajanie sk\u00f3ry \u2013 ekstrakt z Centella Asiatica i Houttuynia Cordata pomaga \u0142agodzi\u0107 podra\u017cnienia i zaczerwienienia, przywracaj\u0105c sk\u00f3rze r\u00f3wnowag\u0119.<\/p>\n<p>Spos\u00f3b u\u017cycia:<br \/>\nNa wilgotn\u0105 twarz na\u0142\u00f3\u017c odpowiedni\u0105 ilo\u015b\u0107 pianki.<br \/>\nWykonaj masa\u017c, aby dobrze si\u0119 spieni\u0142a, a nast\u0119pnie sp\u0142ucz dok\u0142adnie letni\u0105 wod\u0105.<\/p>\n","protected":false},"excerpt":{"rendered":"<p>Celimax Ji Woo Gae Cica BHA Acne Foam Cleansing to delikatna pianka oczyszczaj\u0105ca, kt\u00f3ra skutecznie usuwa zanieczyszczenia, jednocze\u015bnie dbaj\u0105c o wra\u017cliw\u0105 sk\u00f3r\u0119 sk\u0142onn\u0105 do tr\u0105dziku. Formu\u0142a wzbogacona o kwas salicylowy (BHA) oraz ekstrakt z Centella Asiatica pomaga w walce z niedoskona\u0142o\u015bciami i zapobiega podra\u017cnieniom, zapewniaj\u0105c czyst\u0105 i zdrow\u0105 sk\u00f3r\u0119. Idealna do codziennego u\u017cytku, zw\u0142aszcza dla &#8230; <a title=\"celimax Ji Woo Gae Cica BHA Acne Foam Cleansing 150 ml &#8211; pianka do mycia twarzy\" class=\"read-more\" href=\"https:\/\/selleetools.com\/pl\/product\/celimax-ji-woo-gae-cica-bha-acne-foam-cleansing-150-ml-pianka-do-mycia-twarzy\/\">Read more<span class=\"screen-reader-text\">celimax Ji Woo Gae Cica BHA Acne Foam Cleansing 150 ml &#8211; pianka do mycia twarzy<\/span><\/a><\/p>\n","protected":false},"featured_media":609717,"comment_status":"open","ping_status":"closed","template":"","meta":{"_links_to":"","_links_to_target":""},"yoast_head":"<!-- This site is optimized with the Yoast SEO plugin v19.4 - https:\/\/yoast.com\/wordpress\/plugins\/seo\/ -->\n<title>celimax Ji Woo Gae Cica BHA Acne Foam Cleansing 150 ml - pianka do mycia twarzy - Selleetools.com<\/title>\n<meta name=\"robots\" content=\"index, follow, max-snippet:-1, max-image-preview:large, max-video-preview:-1\" \/>\n<link rel=\"canonical\" href=\"https:\/\/selleetools.com\/pl\/product\/celimax-ji-woo-gae-cica-bha-acne-foam-cleansing-150-ml-pianka-do-mycia-twarzy\/\" \/>\n<meta property=\"og:locale\" content=\"pl_PL\" \/>\n<meta property=\"og:type\" content=\"article\" \/>\n<meta property=\"og:title\" content=\"celimax Ji Woo Gae Cica BHA Acne Foam Cleansing 150 ml - pianka do mycia twarzy - Selleetools.com\" \/>\n<meta property=\"og:description\" content=\"Celimax Ji Woo Gae Cica BHA Acne Foam Cleansing to delikatna pianka oczyszczaj\u0105ca, kt\u00f3ra skutecznie usuwa zanieczyszczenia, jednocze\u015bnie dbaj\u0105c o wra\u017cliw\u0105 sk\u00f3r\u0119 sk\u0142onn\u0105 do tr\u0105dziku. Formu\u0142a wzbogacona o kwas salicylowy (BHA) oraz ekstrakt z Centella Asiatica pomaga w walce z niedoskona\u0142o\u015bciami i zapobiega podra\u017cnieniom, zapewniaj\u0105c czyst\u0105 i zdrow\u0105 sk\u00f3r\u0119. Idealna do codziennego u\u017cytku, zw\u0142aszcza dla ... Read morecelimax Ji Woo Gae Cica BHA Acne Foam Cleansing 150 ml &#8211; pianka do mycia twarzy\" \/>\n<meta property=\"og:url\" content=\"https:\/\/selleetools.com\/pl\/product\/celimax-ji-woo-gae-cica-bha-acne-foam-cleansing-150-ml-pianka-do-mycia-twarzy\/\" \/>\n<meta property=\"og:site_name\" content=\"Selleetools.com\" \/>\n<meta property=\"article:modified_time\" content=\"2025-12-02T20:02:57+00:00\" \/>\n<meta property=\"og:image\" content=\"https:\/\/selleetools.com\/wp-content\/uploads\/2025\/10\/53c4d4fcc2bd7ade882724a10857ed02.png\" \/>\n\t<meta property=\"og:image:width\" content=\"1200\" \/>\n\t<meta property=\"og:image:height\" content=\"1200\" \/>\n\t<meta property=\"og:image:type\" content=\"image\/png\" \/>\n<meta name=\"twitter:card\" content=\"summary_large_image\" \/>\n<meta name=\"twitter:label1\" content=\"Est. reading time\" \/>\n\t<meta name=\"twitter:data1\" content=\"1 minuta\" \/>\n<!-- \/ Yoast SEO plugin. -->","yoast_head_json":{"title":"celimax Ji Woo Gae Cica BHA Acne Foam Cleansing 150 ml - pianka do mycia twarzy - Selleetools.com","robots":{"index":"index","follow":"follow","max-snippet":"max-snippet:-1","max-image-preview":"max-image-preview:large","max-video-preview":"max-video-preview:-1"},"canonical":"https:\/\/selleetools.com\/pl\/product\/celimax-ji-woo-gae-cica-bha-acne-foam-cleansing-150-ml-pianka-do-mycia-twarzy\/","og_locale":"pl_PL","og_type":"article","og_title":"celimax Ji Woo Gae Cica BHA Acne Foam Cleansing 150 ml - pianka do mycia twarzy - Selleetools.com","og_description":"Celimax Ji Woo Gae Cica BHA Acne Foam Cleansing to delikatna pianka oczyszczaj\u0105ca, kt\u00f3ra skutecznie usuwa zanieczyszczenia, jednocze\u015bnie dbaj\u0105c o wra\u017cliw\u0105 sk\u00f3r\u0119 sk\u0142onn\u0105 do tr\u0105dziku. Formu\u0142a wzbogacona o kwas salicylowy (BHA) oraz ekstrakt z Centella Asiatica pomaga w walce z niedoskona\u0142o\u015bciami i zapobiega podra\u017cnieniom, zapewniaj\u0105c czyst\u0105 i zdrow\u0105 sk\u00f3r\u0119. Idealna do codziennego u\u017cytku, zw\u0142aszcza dla ... Read morecelimax Ji Woo Gae Cica BHA Acne Foam Cleansing 150 ml &#8211; pianka do mycia twarzy","og_url":"https:\/\/selleetools.com\/pl\/product\/celimax-ji-woo-gae-cica-bha-acne-foam-cleansing-150-ml-pianka-do-mycia-twarzy\/","og_site_name":"Selleetools.com","article_modified_time":"2025-12-02T20:02:57+00:00","og_image":[{"width":1200,"height":1200,"url":"https:\/\/selleetools.com\/wp-content\/uploads\/2025\/10\/53c4d4fcc2bd7ade882724a10857ed02.png","type":"image\/png"}],"twitter_card":"summary_large_image","twitter_misc":{"Est. reading time":"1 minuta"},"schema":{"@context":"https:\/\/schema.org","@graph":[{"@type":"Organization","@id":"https:\/\/selleetools.com\/#organization","name":"Selleetools","url":"https:\/\/selleetools.com\/","sameAs":[],"logo":{"@type":"ImageObject","inLanguage":"pl-PL","@id":"https:\/\/selleetools.com\/#\/schema\/logo\/image\/","url":"https:\/\/selleetools.com\/wp-content\/uploads\/2021\/10\/logo-dark.png","contentUrl":"https:\/\/selleetools.com\/wp-content\/uploads\/2021\/10\/logo-dark.png","width":320,"height":76,"caption":"Selleetools"},"image":{"@id":"https:\/\/selleetools.com\/#\/schema\/logo\/image\/"}},{"@type":"WebSite","@id":"https:\/\/selleetools.com\/#website","url":"https:\/\/selleetools.com\/","name":"Selleetools.com","description":"","publisher":{"@id":"https:\/\/selleetools.com\/#organization"},"potentialAction":[{"@type":"SearchAction","target":{"@type":"EntryPoint","urlTemplate":"https:\/\/selleetools.com\/?s={search_term_string}"},"query-input":"required name=search_term_string"}],"inLanguage":"pl-PL"},{"@type":"WebPage","@id":"https:\/\/selleetools.com\/pl\/product\/celimax-ji-woo-gae-cica-bha-acne-foam-cleansing-150-ml-pianka-do-mycia-twarzy\/","url":"https:\/\/selleetools.com\/pl\/product\/celimax-ji-woo-gae-cica-bha-acne-foam-cleansing-150-ml-pianka-do-mycia-twarzy\/","name":"celimax Ji Woo Gae Cica BHA Acne Foam Cleansing 150 ml - pianka do mycia twarzy - Selleetools.com","isPartOf":{"@id":"https:\/\/selleetools.com\/#website"},"datePublished":"2025-10-24T12:38:43+00:00","dateModified":"2025-12-02T20:02:57+00:00","breadcrumb":{"@id":"https:\/\/selleetools.com\/pl\/product\/celimax-ji-woo-gae-cica-bha-acne-foam-cleansing-150-ml-pianka-do-mycia-twarzy\/#breadcrumb"},"inLanguage":"pl-PL","potentialAction":[{"@type":"ReadAction","target":["https:\/\/selleetools.com\/pl\/product\/celimax-ji-woo-gae-cica-bha-acne-foam-cleansing-150-ml-pianka-do-mycia-twarzy\/"]}]},{"@type":"BreadcrumbList","@id":"https:\/\/selleetools.com\/pl\/product\/celimax-ji-woo-gae-cica-bha-acne-foam-cleansing-150-ml-pianka-do-mycia-twarzy\/#breadcrumb","itemListElement":[{"@type":"ListItem","position":1,"name":"Home","item":"https:\/\/selleetools.com\/pl\/"},{"@type":"ListItem","position":2,"name":"Katalog","item":"https:\/\/selleetools.com\/pl\/katalog\/"},{"@type":"ListItem","position":3,"name":"celimax Ji Woo Gae Cica BHA Acne Foam Cleansing 150 ml &#8211; pianka do mycia twarzy"}]}]}},"_links":{"self":[{"href":"https:\/\/selleetools.com\/pl\/wp-json\/wp\/v2\/product\/609719"}],"collection":[{"href":"https:\/\/selleetools.com\/pl\/wp-json\/wp\/v2\/product"}],"about":[{"href":"https:\/\/selleetools.com\/pl\/wp-json\/wp\/v2\/types\/product"}],"replies":[{"embeddable":true,"href":"https:\/\/selleetools.com\/pl\/wp-json\/wp\/v2\/comments?post=609719"}],"wp:featuredmedia":[{"embeddable":true,"href":"https:\/\/selleetools.com\/pl\/wp-json\/wp\/v2\/media\/609717"}],"wp:attachment":[{"href":"https:\/\/selleetools.com\/pl\/wp-json\/wp\/v2\/media?parent=609719"}],"curies":[{"name":"wp","href":"https:\/\/api.w.org\/{rel}","templated":true}]}}