{"id":609716,"date":"2025-10-24T14:38:40","date_gmt":"2025-10-24T12:38:40","guid":{"rendered":"https:\/\/selleetools.com\/?post_type=product&#038;p=609716"},"modified":"2025-12-02T21:02:54","modified_gmt":"2025-12-02T20:02:54","slug":"celimax-noni-acne-bubble-cleanser-155-ml-pianka-do-mycia-twarzy","status":"publish","type":"product","link":"https:\/\/selleetools.com\/pl\/product\/celimax-noni-acne-bubble-cleanser-155-ml-pianka-do-mycia-twarzy\/","title":{"rendered":"celimax NONI Acne Bubble Cleanser 155 ml &#8211; pianka do mycia twarzy"},"content":{"rendered":"<p>Celimax The Real Noni Acne Bubble Cleanser to \u0142agodny, ale skuteczna pianka do twarzy, kt\u00f3radelikatnie oczyszcza sk\u00f3r\u0119, usuwaj\u0105c nadmiar sebum i martwe kom\u00f3rki nask\u00f3rka. Jest to idealny wyb\u00f3r dla os\u00f3b z cer\u0105 tr\u0105dzikow\u0105 i sk\u00f3r\u0105 sk\u0142onn\u0105 do niedoskona\u0142o\u015bci, kt\u00f3re pomagaj\u0105 w piel\u0119gnacji sk\u00f3ry wra\u017cliwej.<\/p>\n<p>Korzy\u015bci:<br \/>\nOczyszczanie sk\u00f3ry: Skutecznie usuwa nadmiar sebum, zanieczyszczenia i martwe kom\u00f3rki nask\u00f3rka, pomagaj\u0105c utrzyma\u0107 cer\u0119 czyst\u0105 i \u015bwie\u017c\u0105.<br \/>\nPiel\u0119gnacja sk\u00f3ry tr\u0105dzikowej: Zawiera salicylowy kwas (BHA), kt\u00f3ry pomaga w walce z tr\u0105dzikiem i niedoskona\u0142o\u015bciami.<br \/>\n\u0141agodzenie i nawil\u017cenie: Zawiera ekstrakty ro\u015blinne, kt\u00f3re \u0142agodz\u0105 sk\u00f3r\u0119, pomagaj\u0105c zmniejszy\u0107 zaczerwienienia i podra\u017cnienia.<\/p>\n<p>Spos\u00f3b u\u017cycia:<br \/>\nNa\u0142\u00f3\u017c niewielk\u0105 ilo\u015b\u0107 \u017celu na wilgotn\u0105 twarz.<br \/>\nWmasuj delikatnie, tworz\u0105c pian\u0119.<br \/>\nDok\u0142adnie sp\u0142ucz letni\u0105 wod\u0105.<br \/>\nU\u017cywaj codziennie rano i wieczorem jako pierwszy krok w piel\u0119gnacji sk\u00f3ry.<\/p>\n","protected":false},"excerpt":{"rendered":"<p>Celimax The Real Noni Acne Bubble Cleanser to \u0142agodny, ale skuteczna pianka do twarzy, kt\u00f3radelikatnie oczyszcza sk\u00f3r\u0119, usuwaj\u0105c nadmiar sebum i martwe kom\u00f3rki nask\u00f3rka. Jest to idealny wyb\u00f3r dla os\u00f3b z cer\u0105 tr\u0105dzikow\u0105 i sk\u00f3r\u0105 sk\u0142onn\u0105 do niedoskona\u0142o\u015bci, kt\u00f3re pomagaj\u0105 w piel\u0119gnacji sk\u00f3ry wra\u017cliwej. Korzy\u015bci: Oczyszczanie sk\u00f3ry: Skutecznie usuwa nadmiar sebum, zanieczyszczenia i martwe kom\u00f3rki &#8230; <a title=\"celimax NONI Acne Bubble Cleanser 155 ml &#8211; pianka do mycia twarzy\" class=\"read-more\" href=\"https:\/\/selleetools.com\/pl\/product\/celimax-noni-acne-bubble-cleanser-155-ml-pianka-do-mycia-twarzy\/\">Read more<span class=\"screen-reader-text\">celimax NONI Acne Bubble Cleanser 155 ml &#8211; pianka do mycia twarzy<\/span><\/a><\/p>\n","protected":false},"featured_media":609714,"comment_status":"open","ping_status":"closed","template":"","meta":{"_links_to":"","_links_to_target":""},"yoast_head":"<!-- This site is optimized with the Yoast SEO plugin v19.4 - https:\/\/yoast.com\/wordpress\/plugins\/seo\/ -->\n<title>celimax NONI Acne Bubble Cleanser 155 ml - pianka do mycia twarzy - Selleetools.com<\/title>\n<meta name=\"robots\" content=\"index, follow, max-snippet:-1, max-image-preview:large, max-video-preview:-1\" \/>\n<link rel=\"canonical\" href=\"https:\/\/selleetools.com\/pl\/product\/celimax-noni-acne-bubble-cleanser-155-ml-pianka-do-mycia-twarzy\/\" \/>\n<meta property=\"og:locale\" content=\"pl_PL\" \/>\n<meta property=\"og:type\" content=\"article\" \/>\n<meta property=\"og:title\" content=\"celimax NONI Acne Bubble Cleanser 155 ml - pianka do mycia twarzy - Selleetools.com\" \/>\n<meta property=\"og:description\" content=\"Celimax The Real Noni Acne Bubble Cleanser to \u0142agodny, ale skuteczna pianka do twarzy, kt\u00f3radelikatnie oczyszcza sk\u00f3r\u0119, usuwaj\u0105c nadmiar sebum i martwe kom\u00f3rki nask\u00f3rka. Jest to idealny wyb\u00f3r dla os\u00f3b z cer\u0105 tr\u0105dzikow\u0105 i sk\u00f3r\u0105 sk\u0142onn\u0105 do niedoskona\u0142o\u015bci, kt\u00f3re pomagaj\u0105 w piel\u0119gnacji sk\u00f3ry wra\u017cliwej. Korzy\u015bci: Oczyszczanie sk\u00f3ry: Skutecznie usuwa nadmiar sebum, zanieczyszczenia i martwe kom\u00f3rki ... Read morecelimax NONI Acne Bubble Cleanser 155 ml &#8211; pianka do mycia twarzy\" \/>\n<meta property=\"og:url\" content=\"https:\/\/selleetools.com\/pl\/product\/celimax-noni-acne-bubble-cleanser-155-ml-pianka-do-mycia-twarzy\/\" \/>\n<meta property=\"og:site_name\" content=\"Selleetools.com\" \/>\n<meta property=\"article:modified_time\" content=\"2025-12-02T20:02:54+00:00\" \/>\n<meta property=\"og:image\" content=\"https:\/\/selleetools.com\/wp-content\/uploads\/2025\/10\/f6d9ba565d268b9d81e71b7b7bdce04f.jpg\" \/>\n\t<meta property=\"og:image:width\" content=\"1200\" \/>\n\t<meta property=\"og:image:height\" content=\"1200\" \/>\n\t<meta property=\"og:image:type\" content=\"image\/jpeg\" \/>\n<meta name=\"twitter:card\" content=\"summary_large_image\" \/>\n<meta name=\"twitter:label1\" content=\"Est. reading time\" \/>\n\t<meta name=\"twitter:data1\" content=\"1 minuta\" \/>\n<!-- \/ Yoast SEO plugin. -->","yoast_head_json":{"title":"celimax NONI Acne Bubble Cleanser 155 ml - pianka do mycia twarzy - Selleetools.com","robots":{"index":"index","follow":"follow","max-snippet":"max-snippet:-1","max-image-preview":"max-image-preview:large","max-video-preview":"max-video-preview:-1"},"canonical":"https:\/\/selleetools.com\/pl\/product\/celimax-noni-acne-bubble-cleanser-155-ml-pianka-do-mycia-twarzy\/","og_locale":"pl_PL","og_type":"article","og_title":"celimax NONI Acne Bubble Cleanser 155 ml - pianka do mycia twarzy - Selleetools.com","og_description":"Celimax The Real Noni Acne Bubble Cleanser to \u0142agodny, ale skuteczna pianka do twarzy, kt\u00f3radelikatnie oczyszcza sk\u00f3r\u0119, usuwaj\u0105c nadmiar sebum i martwe kom\u00f3rki nask\u00f3rka. Jest to idealny wyb\u00f3r dla os\u00f3b z cer\u0105 tr\u0105dzikow\u0105 i sk\u00f3r\u0105 sk\u0142onn\u0105 do niedoskona\u0142o\u015bci, kt\u00f3re pomagaj\u0105 w piel\u0119gnacji sk\u00f3ry wra\u017cliwej. Korzy\u015bci: Oczyszczanie sk\u00f3ry: Skutecznie usuwa nadmiar sebum, zanieczyszczenia i martwe kom\u00f3rki ... Read morecelimax NONI Acne Bubble Cleanser 155 ml &#8211; pianka do mycia twarzy","og_url":"https:\/\/selleetools.com\/pl\/product\/celimax-noni-acne-bubble-cleanser-155-ml-pianka-do-mycia-twarzy\/","og_site_name":"Selleetools.com","article_modified_time":"2025-12-02T20:02:54+00:00","og_image":[{"width":1200,"height":1200,"url":"https:\/\/selleetools.com\/wp-content\/uploads\/2025\/10\/f6d9ba565d268b9d81e71b7b7bdce04f.jpg","type":"image\/jpeg"}],"twitter_card":"summary_large_image","twitter_misc":{"Est. reading time":"1 minuta"},"schema":{"@context":"https:\/\/schema.org","@graph":[{"@type":"Organization","@id":"https:\/\/selleetools.com\/#organization","name":"Selleetools","url":"https:\/\/selleetools.com\/","sameAs":[],"logo":{"@type":"ImageObject","inLanguage":"pl-PL","@id":"https:\/\/selleetools.com\/#\/schema\/logo\/image\/","url":"https:\/\/selleetools.com\/wp-content\/uploads\/2021\/10\/logo-dark.png","contentUrl":"https:\/\/selleetools.com\/wp-content\/uploads\/2021\/10\/logo-dark.png","width":320,"height":76,"caption":"Selleetools"},"image":{"@id":"https:\/\/selleetools.com\/#\/schema\/logo\/image\/"}},{"@type":"WebSite","@id":"https:\/\/selleetools.com\/#website","url":"https:\/\/selleetools.com\/","name":"Selleetools.com","description":"","publisher":{"@id":"https:\/\/selleetools.com\/#organization"},"potentialAction":[{"@type":"SearchAction","target":{"@type":"EntryPoint","urlTemplate":"https:\/\/selleetools.com\/?s={search_term_string}"},"query-input":"required name=search_term_string"}],"inLanguage":"pl-PL"},{"@type":"WebPage","@id":"https:\/\/selleetools.com\/pl\/product\/celimax-noni-acne-bubble-cleanser-155-ml-pianka-do-mycia-twarzy\/","url":"https:\/\/selleetools.com\/pl\/product\/celimax-noni-acne-bubble-cleanser-155-ml-pianka-do-mycia-twarzy\/","name":"celimax NONI Acne Bubble Cleanser 155 ml - pianka do mycia twarzy - Selleetools.com","isPartOf":{"@id":"https:\/\/selleetools.com\/#website"},"datePublished":"2025-10-24T12:38:40+00:00","dateModified":"2025-12-02T20:02:54+00:00","breadcrumb":{"@id":"https:\/\/selleetools.com\/pl\/product\/celimax-noni-acne-bubble-cleanser-155-ml-pianka-do-mycia-twarzy\/#breadcrumb"},"inLanguage":"pl-PL","potentialAction":[{"@type":"ReadAction","target":["https:\/\/selleetools.com\/pl\/product\/celimax-noni-acne-bubble-cleanser-155-ml-pianka-do-mycia-twarzy\/"]}]},{"@type":"BreadcrumbList","@id":"https:\/\/selleetools.com\/pl\/product\/celimax-noni-acne-bubble-cleanser-155-ml-pianka-do-mycia-twarzy\/#breadcrumb","itemListElement":[{"@type":"ListItem","position":1,"name":"Home","item":"https:\/\/selleetools.com\/pl\/"},{"@type":"ListItem","position":2,"name":"Katalog","item":"https:\/\/selleetools.com\/pl\/katalog\/"},{"@type":"ListItem","position":3,"name":"celimax NONI Acne Bubble Cleanser 155 ml &#8211; pianka do mycia twarzy"}]}]}},"_links":{"self":[{"href":"https:\/\/selleetools.com\/pl\/wp-json\/wp\/v2\/product\/609716"}],"collection":[{"href":"https:\/\/selleetools.com\/pl\/wp-json\/wp\/v2\/product"}],"about":[{"href":"https:\/\/selleetools.com\/pl\/wp-json\/wp\/v2\/types\/product"}],"replies":[{"embeddable":true,"href":"https:\/\/selleetools.com\/pl\/wp-json\/wp\/v2\/comments?post=609716"}],"wp:featuredmedia":[{"embeddable":true,"href":"https:\/\/selleetools.com\/pl\/wp-json\/wp\/v2\/media\/609714"}],"wp:attachment":[{"href":"https:\/\/selleetools.com\/pl\/wp-json\/wp\/v2\/media?parent=609716"}],"curies":[{"name":"wp","href":"https:\/\/api.w.org\/{rel}","templated":true}]}}