{"id":609702,"date":"2025-10-24T14:38:27","date_gmt":"2025-10-24T12:38:27","guid":{"rendered":"https:\/\/selleetools.com\/?post_type=product&#038;p=609702"},"modified":"2026-03-24T10:26:17","modified_gmt":"2026-03-24T09:26:17","slug":"marymay-muguet-lotus-hand-cream-50-ml-perfumowany-krem-do-rak","status":"publish","type":"product","link":"https:\/\/selleetools.com\/pl\/product\/marymay-muguet-lotus-hand-cream-50-ml-perfumowany-krem-do-rak\/","title":{"rendered":"Mary&#038;May Muguet &#038; Lotus Hand Cream 50 ml &#8211; perfumowany krem do r\u0105k"},"content":{"rendered":"<p>Mary&#038;May Muguet &#038; Lotus Hand Cream to luksusowy krem do r\u0105k, kt\u00f3ry \u0142\u0105czy nawil\u017caj\u0105ce i ochronne w\u0142a\u015bciwo\u015bci z eleganckim, delikatnym zapachem konwalii i lotosu. Formu\u0142a kremu wzbogacona jest o mas\u0142o shea, ceramidy, olej s\u0142onecznikowy oraz kwas hialuronowy, kt\u00f3re intensywnie nawil\u017caj\u0105, regeneruj\u0105 oraz chroni\u0105 sk\u00f3r\u0119 d\u0142oni, pozostawiaj\u0105c j\u0105 mi\u0119kk\u0105 i g\u0142adk\u0105. Jego subtelny, ale trwa\u0142y zapach nadaje d\u0142oniom przyjemny aromat, kt\u00f3ry utrzymuje si\u0119 przez d\u0142u\u017cszy czas, zapewniaj\u0105c poczucie \u015bwie\u017co\u015bci i elegancji.<\/p>\n<p>Korzy\u015bci dla sk\u00f3ry:<br \/>\nIntensywne nawil\u017cenie i regeneracja \u2013 krem dog\u0142\u0119bnie nawil\u017ca sk\u00f3r\u0119 d\u0142oni, zapobiegaj\u0105c jej przesuszeniu.<br \/>\nOchrona sk\u00f3ry \u2013 ceramidy wzmacniaj\u0105 naturaln\u0105 barier\u0119 ochronn\u0105 sk\u00f3ry, chroni\u0105c j\u0105 przed niekorzystnym wp\u0142ywem \u015brodowiska.<br \/>\nG\u0142adko\u015b\u0107 i elastyczno\u015b\u0107 \u2013 poprawia elastyczno\u015b\u0107 sk\u00f3ry, sprawiaj\u0105c, \u017ce d\u0142onie staj\u0105 si\u0119 mi\u0119kkie i g\u0142adkie.<br \/>\nDelikatny zapach \u2013 subtelna nuta konwalii oraz elegancki zapach lotosu utrzymuj\u0105 si\u0119 na sk\u00f3rze przez d\u0142ugi czas, zapewniaj\u0105c uczucie \u015bwie\u017co\u015bci.<\/p>\n<p>Spos\u00f3b u\u017cycia:<br \/>\nNa\u0142\u00f3\u017c odpowiedni\u0105 ilo\u015b\u0107 kremu na suche d\u0142onie.<br \/>\nDelikatnie wmasuj w sk\u00f3r\u0119, szczeg\u00f3lnie w miejsca wymagaj\u0105ce intensywnej piel\u0119gnacji.<br \/>\nU\u017cywaj kremu w razie potrzeby, szczeg\u00f3lnie po myciu r\u0105k, aby zapewni\u0107 d\u0142ugotrwa\u0142e nawil\u017cenie.<\/p>\n","protected":false},"excerpt":{"rendered":"<p>Mary&#038;May Muguet &#038; Lotus Hand Cream to luksusowy krem do r\u0105k, kt\u00f3ry \u0142\u0105czy nawil\u017caj\u0105ce i ochronne w\u0142a\u015bciwo\u015bci z eleganckim, delikatnym zapachem konwalii i lotosu. Formu\u0142a kremu wzbogacona jest o mas\u0142o shea, ceramidy, olej s\u0142onecznikowy oraz kwas hialuronowy, kt\u00f3re intensywnie nawil\u017caj\u0105, regeneruj\u0105 oraz chroni\u0105 sk\u00f3r\u0119 d\u0142oni, pozostawiaj\u0105c j\u0105 mi\u0119kk\u0105 i g\u0142adk\u0105. Jego subtelny, ale trwa\u0142y zapach &#8230; <a title=\"Mary&#038;May Muguet &#038; Lotus Hand Cream 50 ml &#8211; perfumowany krem do r\u0105k\" class=\"read-more\" href=\"https:\/\/selleetools.com\/pl\/product\/marymay-muguet-lotus-hand-cream-50-ml-perfumowany-krem-do-rak\/\">Read more<span class=\"screen-reader-text\">Mary&#038;May Muguet &#038; Lotus Hand Cream 50 ml &#8211; perfumowany krem do r\u0105k<\/span><\/a><\/p>\n","protected":false},"featured_media":609700,"comment_status":"open","ping_status":"closed","template":"","meta":{"_links_to":"","_links_to_target":""},"yoast_head":"<!-- This site is optimized with the Yoast SEO plugin v19.4 - https:\/\/yoast.com\/wordpress\/plugins\/seo\/ -->\n<title>Mary&amp;May Muguet &amp; Lotus Hand Cream 50 ml - perfumowany krem do r\u0105k - Selleetools.com<\/title>\n<meta name=\"robots\" content=\"index, follow, max-snippet:-1, max-image-preview:large, max-video-preview:-1\" \/>\n<link rel=\"canonical\" href=\"https:\/\/selleetools.com\/product\/marymay-muguet-lotus-hand-cream-50-ml-perfumowany-krem-do-rak\/\" \/>\n<meta property=\"og:locale\" content=\"pl_PL\" \/>\n<meta property=\"og:type\" content=\"article\" \/>\n<meta property=\"og:title\" content=\"Mary&amp;May Muguet &amp; Lotus Hand Cream 50 ml - perfumowany krem do r\u0105k - Selleetools.com\" \/>\n<meta property=\"og:description\" content=\"Mary&#038;May Muguet &#038; Lotus Hand Cream to luksusowy krem do r\u0105k, kt\u00f3ry \u0142\u0105czy nawil\u017caj\u0105ce i ochronne w\u0142a\u015bciwo\u015bci z eleganckim, delikatnym zapachem konwalii i lotosu. Formu\u0142a kremu wzbogacona jest o mas\u0142o shea, ceramidy, olej s\u0142onecznikowy oraz kwas hialuronowy, kt\u00f3re intensywnie nawil\u017caj\u0105, regeneruj\u0105 oraz chroni\u0105 sk\u00f3r\u0119 d\u0142oni, pozostawiaj\u0105c j\u0105 mi\u0119kk\u0105 i g\u0142adk\u0105. Jego subtelny, ale trwa\u0142y zapach ... Read moreMary&#038;May Muguet &#038; Lotus Hand Cream 50 ml &#8211; perfumowany krem do r\u0105k\" \/>\n<meta property=\"og:url\" content=\"https:\/\/selleetools.com\/product\/marymay-muguet-lotus-hand-cream-50-ml-perfumowany-krem-do-rak\/\" \/>\n<meta property=\"og:site_name\" content=\"Selleetools.com\" \/>\n<meta property=\"article:modified_time\" content=\"2026-03-24T09:26:17+00:00\" \/>\n<meta property=\"og:image\" content=\"https:\/\/selleetools.com\/wp-content\/uploads\/2025\/10\/f78613d9f137159c1356c86530966f0e.jpg\" \/>\n\t<meta property=\"og:image:width\" content=\"1200\" \/>\n\t<meta property=\"og:image:height\" content=\"1200\" \/>\n\t<meta property=\"og:image:type\" content=\"image\/jpeg\" \/>\n<meta name=\"twitter:card\" content=\"summary_large_image\" \/>\n<meta name=\"twitter:label1\" content=\"Est. reading time\" \/>\n\t<meta name=\"twitter:data1\" content=\"1 minuta\" \/>\n<!-- \/ Yoast SEO plugin. -->","yoast_head_json":{"title":"Mary&May Muguet & Lotus Hand Cream 50 ml - perfumowany krem do r\u0105k - Selleetools.com","robots":{"index":"index","follow":"follow","max-snippet":"max-snippet:-1","max-image-preview":"max-image-preview:large","max-video-preview":"max-video-preview:-1"},"canonical":"https:\/\/selleetools.com\/product\/marymay-muguet-lotus-hand-cream-50-ml-perfumowany-krem-do-rak\/","og_locale":"pl_PL","og_type":"article","og_title":"Mary&May Muguet & Lotus Hand Cream 50 ml - perfumowany krem do r\u0105k - Selleetools.com","og_description":"Mary&#038;May Muguet &#038; Lotus Hand Cream to luksusowy krem do r\u0105k, kt\u00f3ry \u0142\u0105czy nawil\u017caj\u0105ce i ochronne w\u0142a\u015bciwo\u015bci z eleganckim, delikatnym zapachem konwalii i lotosu. Formu\u0142a kremu wzbogacona jest o mas\u0142o shea, ceramidy, olej s\u0142onecznikowy oraz kwas hialuronowy, kt\u00f3re intensywnie nawil\u017caj\u0105, regeneruj\u0105 oraz chroni\u0105 sk\u00f3r\u0119 d\u0142oni, pozostawiaj\u0105c j\u0105 mi\u0119kk\u0105 i g\u0142adk\u0105. Jego subtelny, ale trwa\u0142y zapach ... Read moreMary&#038;May Muguet &#038; Lotus Hand Cream 50 ml &#8211; perfumowany krem do r\u0105k","og_url":"https:\/\/selleetools.com\/product\/marymay-muguet-lotus-hand-cream-50-ml-perfumowany-krem-do-rak\/","og_site_name":"Selleetools.com","article_modified_time":"2026-03-24T09:26:17+00:00","og_image":[{"width":1200,"height":1200,"url":"https:\/\/selleetools.com\/wp-content\/uploads\/2025\/10\/f78613d9f137159c1356c86530966f0e.jpg","type":"image\/jpeg"}],"twitter_card":"summary_large_image","twitter_misc":{"Est. reading time":"1 minuta"},"schema":{"@context":"https:\/\/schema.org","@graph":[{"@type":"Organization","@id":"https:\/\/selleetools.com\/#organization","name":"Selleetools","url":"https:\/\/selleetools.com\/","sameAs":[],"logo":{"@type":"ImageObject","inLanguage":"pl-PL","@id":"https:\/\/selleetools.com\/#\/schema\/logo\/image\/","url":"https:\/\/selleetools.com\/wp-content\/uploads\/2021\/10\/logo-dark.png","contentUrl":"https:\/\/selleetools.com\/wp-content\/uploads\/2021\/10\/logo-dark.png","width":320,"height":76,"caption":"Selleetools"},"image":{"@id":"https:\/\/selleetools.com\/#\/schema\/logo\/image\/"}},{"@type":"WebSite","@id":"https:\/\/selleetools.com\/#website","url":"https:\/\/selleetools.com\/","name":"Selleetools.com","description":"","publisher":{"@id":"https:\/\/selleetools.com\/#organization"},"potentialAction":[{"@type":"SearchAction","target":{"@type":"EntryPoint","urlTemplate":"https:\/\/selleetools.com\/?s={search_term_string}"},"query-input":"required name=search_term_string"}],"inLanguage":"pl-PL"},{"@type":"WebPage","@id":"https:\/\/selleetools.com\/product\/marymay-muguet-lotus-hand-cream-50-ml-perfumowany-krem-do-rak\/","url":"https:\/\/selleetools.com\/product\/marymay-muguet-lotus-hand-cream-50-ml-perfumowany-krem-do-rak\/","name":"Mary&May Muguet & Lotus Hand Cream 50 ml - perfumowany krem do r\u0105k - Selleetools.com","isPartOf":{"@id":"https:\/\/selleetools.com\/#website"},"datePublished":"2025-10-24T12:38:27+00:00","dateModified":"2026-03-24T09:26:17+00:00","breadcrumb":{"@id":"https:\/\/selleetools.com\/product\/marymay-muguet-lotus-hand-cream-50-ml-perfumowany-krem-do-rak\/#breadcrumb"},"inLanguage":"pl-PL","potentialAction":[{"@type":"ReadAction","target":["https:\/\/selleetools.com\/product\/marymay-muguet-lotus-hand-cream-50-ml-perfumowany-krem-do-rak\/"]}]},{"@type":"BreadcrumbList","@id":"https:\/\/selleetools.com\/product\/marymay-muguet-lotus-hand-cream-50-ml-perfumowany-krem-do-rak\/#breadcrumb","itemListElement":[{"@type":"ListItem","position":1,"name":"Home","item":"https:\/\/selleetools.com\/pl\/"},{"@type":"ListItem","position":2,"name":"Katalog","item":"https:\/\/selleetools.com\/pl\/katalog\/"},{"@type":"ListItem","position":3,"name":"Mary&#038;May Muguet &#038; Lotus Hand Cream 50 ml &#8211; perfumowany krem do r\u0105k"}]}]}},"_links":{"self":[{"href":"https:\/\/selleetools.com\/pl\/wp-json\/wp\/v2\/product\/609702"}],"collection":[{"href":"https:\/\/selleetools.com\/pl\/wp-json\/wp\/v2\/product"}],"about":[{"href":"https:\/\/selleetools.com\/pl\/wp-json\/wp\/v2\/types\/product"}],"replies":[{"embeddable":true,"href":"https:\/\/selleetools.com\/pl\/wp-json\/wp\/v2\/comments?post=609702"}],"wp:featuredmedia":[{"embeddable":true,"href":"https:\/\/selleetools.com\/pl\/wp-json\/wp\/v2\/media\/609700"}],"wp:attachment":[{"href":"https:\/\/selleetools.com\/pl\/wp-json\/wp\/v2\/media?parent=609702"}],"curies":[{"name":"wp","href":"https:\/\/api.w.org\/{rel}","templated":true}]}}