{"id":609699,"date":"2025-10-24T14:38:25","date_gmt":"2025-10-24T12:38:25","guid":{"rendered":"https:\/\/selleetools.com\/?post_type=product&#038;p=609699"},"modified":"2025-11-04T22:06:09","modified_gmt":"2025-11-04T21:06:09","slug":"marymay-bergamot-pear-hand-cream-50-ml-perfumowany-krem-do-rak","status":"publish","type":"product","link":"https:\/\/selleetools.com\/pl\/product\/marymay-bergamot-pear-hand-cream-50-ml-perfumowany-krem-do-rak\/","title":{"rendered":"Mary&#038;May Bergamot &#038; Pear Hand Cream 50 ml &#8211; perfumowany krem do r\u0105k"},"content":{"rendered":"<p>Mary&#038;May Bergamot &#038; Pear Hand Cream to lekki, nawil\u017caj\u0105cy krem do r\u0105k o \u015bwie\u017cym, cytrusowym zapachu z nut\u0105 gruszek, kt\u00f3ry zapewnia d\u0142ugotrwa\u0142e nawil\u017cenie i piel\u0119gnacj\u0119. Formu\u0142a kremu jest wzbogacona o sk\u0142adniki takie jak mas\u0142o shea, ceramidy oraz ekstrakty z gruszki i korzenia coptis japonica, kt\u00f3re regeneruj\u0105 i od\u017cywiaj\u0105 sk\u00f3r\u0119, pozostawiaj\u0105c j\u0105 mi\u0119kk\u0105, g\u0142adk\u0105 i elastyczn\u0105. Subtelny zapach \u015bwie\u017cych cytrus\u00f3w i soczystych gruszek sprawia, \u017ce krem nie tylko piel\u0119gnuje sk\u00f3r\u0119, ale tak\u017ce zapewnia przyjemne uczucie \u015bwie\u017co\u015bci przez d\u0142ugi czas.<\/p>\n<p>Korzy\u015bci dla sk\u00f3ry:<br \/>\nIntensywne nawil\u017cenie \u2013 krem skutecznie nawil\u017ca sk\u00f3r\u0119 d\u0142oni, zapobiegaj\u0105c jej przesuszeniu.<br \/>\nRegeneracja i od\u017cywienie \u2013 ceramidy i mas\u0142o shea wzmacniaj\u0105 barier\u0119 ochronn\u0105 sk\u00f3ry, poprawiaj\u0105c jej elastyczno\u015b\u0107 i spr\u0119\u017cysto\u015b\u0107.<br \/>\nG\u0142adko\u015b\u0107 i mi\u0119kko\u015b\u0107 \u2013 dzia\u0142a regeneruj\u0105co, pozostawiaj\u0105c sk\u00f3r\u0119 mi\u0119kk\u0105 i g\u0142adk\u0105 w dotyku.<br \/>\n\u015awie\u017cy zapach \u2013 cytrusowa nuta bergamotki i soczysta gruszka zapewniaj\u0105 d\u0142ugotrwa\u0142e uczucie \u015bwie\u017co\u015bci i przyjemny aromat.<\/p>\n<p>Spos\u00f3b u\u017cycia:<br \/>\nNa\u0142\u00f3\u017c odpowiedni\u0105 ilo\u015b\u0107 kremu na suche d\u0142onie.<br \/>\nDelikatnie wmasuj w sk\u00f3r\u0119, szczeg\u00f3lnie w miejsca wymagaj\u0105ce intensywnej piel\u0119gnacji.<br \/>\nU\u017cywaj kremu w razie potrzeby, szczeg\u00f3lnie po myciu r\u0105k, aby zapewni\u0107 d\u0142ugotrwa\u0142e nawil\u017cenie.<\/p>\n","protected":false},"excerpt":{"rendered":"<p>Mary&#038;May Bergamot &#038; Pear Hand Cream to lekki, nawil\u017caj\u0105cy krem do r\u0105k o \u015bwie\u017cym, cytrusowym zapachu z nut\u0105 gruszek, kt\u00f3ry zapewnia d\u0142ugotrwa\u0142e nawil\u017cenie i piel\u0119gnacj\u0119. Formu\u0142a kremu jest wzbogacona o sk\u0142adniki takie jak mas\u0142o shea, ceramidy oraz ekstrakty z gruszki i korzenia coptis japonica, kt\u00f3re regeneruj\u0105 i od\u017cywiaj\u0105 sk\u00f3r\u0119, pozostawiaj\u0105c j\u0105 mi\u0119kk\u0105, g\u0142adk\u0105 i elastyczn\u0105. &#8230; <a title=\"Mary&#038;May Bergamot &#038; Pear Hand Cream 50 ml &#8211; perfumowany krem do r\u0105k\" class=\"read-more\" href=\"https:\/\/selleetools.com\/pl\/product\/marymay-bergamot-pear-hand-cream-50-ml-perfumowany-krem-do-rak\/\">Read more<span class=\"screen-reader-text\">Mary&#038;May Bergamot &#038; Pear Hand Cream 50 ml &#8211; perfumowany krem do r\u0105k<\/span><\/a><\/p>\n","protected":false},"featured_media":609697,"comment_status":"open","ping_status":"closed","template":"","meta":{"_links_to":"","_links_to_target":""},"yoast_head":"<!-- This site is optimized with the Yoast SEO plugin v19.4 - https:\/\/yoast.com\/wordpress\/plugins\/seo\/ -->\n<title>Mary&amp;May Bergamot &amp; Pear Hand Cream 50 ml - perfumowany krem do r\u0105k - Selleetools.com<\/title>\n<meta name=\"robots\" content=\"index, follow, max-snippet:-1, max-image-preview:large, max-video-preview:-1\" \/>\n<link rel=\"canonical\" href=\"https:\/\/selleetools.com\/pl\/product\/marymay-bergamot-pear-hand-cream-50-ml-perfumowany-krem-do-rak\/\" \/>\n<meta property=\"og:locale\" content=\"pl_PL\" \/>\n<meta property=\"og:type\" content=\"article\" \/>\n<meta property=\"og:title\" content=\"Mary&amp;May Bergamot &amp; Pear Hand Cream 50 ml - perfumowany krem do r\u0105k - Selleetools.com\" \/>\n<meta property=\"og:description\" content=\"Mary&#038;May Bergamot &#038; Pear Hand Cream to lekki, nawil\u017caj\u0105cy krem do r\u0105k o \u015bwie\u017cym, cytrusowym zapachu z nut\u0105 gruszek, kt\u00f3ry zapewnia d\u0142ugotrwa\u0142e nawil\u017cenie i piel\u0119gnacj\u0119. Formu\u0142a kremu jest wzbogacona o sk\u0142adniki takie jak mas\u0142o shea, ceramidy oraz ekstrakty z gruszki i korzenia coptis japonica, kt\u00f3re regeneruj\u0105 i od\u017cywiaj\u0105 sk\u00f3r\u0119, pozostawiaj\u0105c j\u0105 mi\u0119kk\u0105, g\u0142adk\u0105 i elastyczn\u0105. ... Read moreMary&#038;May Bergamot &#038; Pear Hand Cream 50 ml &#8211; perfumowany krem do r\u0105k\" \/>\n<meta property=\"og:url\" content=\"https:\/\/selleetools.com\/pl\/product\/marymay-bergamot-pear-hand-cream-50-ml-perfumowany-krem-do-rak\/\" \/>\n<meta property=\"og:site_name\" content=\"Selleetools.com\" \/>\n<meta property=\"article:modified_time\" content=\"2025-11-04T21:06:09+00:00\" \/>\n<meta property=\"og:image\" content=\"https:\/\/selleetools.com\/wp-content\/uploads\/2025\/10\/cdb93d1dac165884fff1e78b7712ea44.jpg\" \/>\n\t<meta property=\"og:image:width\" content=\"1200\" \/>\n\t<meta property=\"og:image:height\" content=\"1200\" \/>\n\t<meta property=\"og:image:type\" content=\"image\/jpeg\" \/>\n<meta name=\"twitter:card\" content=\"summary_large_image\" \/>\n<meta name=\"twitter:label1\" content=\"Est. reading time\" \/>\n\t<meta name=\"twitter:data1\" content=\"1 minuta\" \/>\n<!-- \/ Yoast SEO plugin. -->","yoast_head_json":{"title":"Mary&May Bergamot & Pear Hand Cream 50 ml - perfumowany krem do r\u0105k - Selleetools.com","robots":{"index":"index","follow":"follow","max-snippet":"max-snippet:-1","max-image-preview":"max-image-preview:large","max-video-preview":"max-video-preview:-1"},"canonical":"https:\/\/selleetools.com\/pl\/product\/marymay-bergamot-pear-hand-cream-50-ml-perfumowany-krem-do-rak\/","og_locale":"pl_PL","og_type":"article","og_title":"Mary&May Bergamot & Pear Hand Cream 50 ml - perfumowany krem do r\u0105k - Selleetools.com","og_description":"Mary&#038;May Bergamot &#038; Pear Hand Cream to lekki, nawil\u017caj\u0105cy krem do r\u0105k o \u015bwie\u017cym, cytrusowym zapachu z nut\u0105 gruszek, kt\u00f3ry zapewnia d\u0142ugotrwa\u0142e nawil\u017cenie i piel\u0119gnacj\u0119. Formu\u0142a kremu jest wzbogacona o sk\u0142adniki takie jak mas\u0142o shea, ceramidy oraz ekstrakty z gruszki i korzenia coptis japonica, kt\u00f3re regeneruj\u0105 i od\u017cywiaj\u0105 sk\u00f3r\u0119, pozostawiaj\u0105c j\u0105 mi\u0119kk\u0105, g\u0142adk\u0105 i elastyczn\u0105. ... Read moreMary&#038;May Bergamot &#038; Pear Hand Cream 50 ml &#8211; perfumowany krem do r\u0105k","og_url":"https:\/\/selleetools.com\/pl\/product\/marymay-bergamot-pear-hand-cream-50-ml-perfumowany-krem-do-rak\/","og_site_name":"Selleetools.com","article_modified_time":"2025-11-04T21:06:09+00:00","og_image":[{"width":1200,"height":1200,"url":"https:\/\/selleetools.com\/wp-content\/uploads\/2025\/10\/cdb93d1dac165884fff1e78b7712ea44.jpg","type":"image\/jpeg"}],"twitter_card":"summary_large_image","twitter_misc":{"Est. reading time":"1 minuta"},"schema":{"@context":"https:\/\/schema.org","@graph":[{"@type":"Organization","@id":"https:\/\/selleetools.com\/#organization","name":"Selleetools","url":"https:\/\/selleetools.com\/","sameAs":[],"logo":{"@type":"ImageObject","inLanguage":"pl-PL","@id":"https:\/\/selleetools.com\/#\/schema\/logo\/image\/","url":"https:\/\/selleetools.com\/wp-content\/uploads\/2021\/10\/logo-dark.png","contentUrl":"https:\/\/selleetools.com\/wp-content\/uploads\/2021\/10\/logo-dark.png","width":320,"height":76,"caption":"Selleetools"},"image":{"@id":"https:\/\/selleetools.com\/#\/schema\/logo\/image\/"}},{"@type":"WebSite","@id":"https:\/\/selleetools.com\/#website","url":"https:\/\/selleetools.com\/","name":"Selleetools.com","description":"","publisher":{"@id":"https:\/\/selleetools.com\/#organization"},"potentialAction":[{"@type":"SearchAction","target":{"@type":"EntryPoint","urlTemplate":"https:\/\/selleetools.com\/?s={search_term_string}"},"query-input":"required name=search_term_string"}],"inLanguage":"pl-PL"},{"@type":"WebPage","@id":"https:\/\/selleetools.com\/pl\/product\/marymay-bergamot-pear-hand-cream-50-ml-perfumowany-krem-do-rak\/","url":"https:\/\/selleetools.com\/pl\/product\/marymay-bergamot-pear-hand-cream-50-ml-perfumowany-krem-do-rak\/","name":"Mary&May Bergamot & Pear Hand Cream 50 ml - perfumowany krem do r\u0105k - Selleetools.com","isPartOf":{"@id":"https:\/\/selleetools.com\/#website"},"datePublished":"2025-10-24T12:38:25+00:00","dateModified":"2025-11-04T21:06:09+00:00","breadcrumb":{"@id":"https:\/\/selleetools.com\/pl\/product\/marymay-bergamot-pear-hand-cream-50-ml-perfumowany-krem-do-rak\/#breadcrumb"},"inLanguage":"pl-PL","potentialAction":[{"@type":"ReadAction","target":["https:\/\/selleetools.com\/pl\/product\/marymay-bergamot-pear-hand-cream-50-ml-perfumowany-krem-do-rak\/"]}]},{"@type":"BreadcrumbList","@id":"https:\/\/selleetools.com\/pl\/product\/marymay-bergamot-pear-hand-cream-50-ml-perfumowany-krem-do-rak\/#breadcrumb","itemListElement":[{"@type":"ListItem","position":1,"name":"Home","item":"https:\/\/selleetools.com\/pl\/"},{"@type":"ListItem","position":2,"name":"Katalog","item":"https:\/\/selleetools.com\/pl\/katalog\/"},{"@type":"ListItem","position":3,"name":"Mary&#038;May Bergamot &#038; Pear Hand Cream 50 ml &#8211; perfumowany krem do r\u0105k"}]}]}},"_links":{"self":[{"href":"https:\/\/selleetools.com\/pl\/wp-json\/wp\/v2\/product\/609699"}],"collection":[{"href":"https:\/\/selleetools.com\/pl\/wp-json\/wp\/v2\/product"}],"about":[{"href":"https:\/\/selleetools.com\/pl\/wp-json\/wp\/v2\/types\/product"}],"replies":[{"embeddable":true,"href":"https:\/\/selleetools.com\/pl\/wp-json\/wp\/v2\/comments?post=609699"}],"wp:featuredmedia":[{"embeddable":true,"href":"https:\/\/selleetools.com\/pl\/wp-json\/wp\/v2\/media\/609697"}],"wp:attachment":[{"href":"https:\/\/selleetools.com\/pl\/wp-json\/wp\/v2\/media?parent=609699"}],"curies":[{"name":"wp","href":"https:\/\/api.w.org\/{rel}","templated":true}]}}