{"id":609694,"date":"2025-10-24T14:38:21","date_gmt":"2025-10-24T12:38:21","guid":{"rendered":"https:\/\/selleetools.com\/?post_type=product&#038;p=609694"},"modified":"2025-11-04T22:05:54","modified_gmt":"2025-11-04T21:05:54","slug":"vt-cosmetics-collagen-reedle-shot-100-2step-mask-34-5-g-2-etapowa-maska-do-twarzy","status":"publish","type":"product","link":"https:\/\/selleetools.com\/pl\/product\/vt-cosmetics-collagen-reedle-shot-100-2step-mask-34-5-g-2-etapowa-maska-do-twarzy\/","title":{"rendered":"VT COSMETICS COLLAGEN REEDLE SHOT 100 2STEP MASK 34.5 g &#8211; 2-etapowa maska do twarzy"},"content":{"rendered":"<p>VT Cosmetics Collagen Reedle Shot 100 2Step Mask to zaawansowana maska do piel\u0119gnacji sk\u00f3ry, kt\u00f3ra sk\u0142ada si\u0119 z dw\u00f3ch krok\u00f3w, maj\u0105cych na celu przywr\u00f3cenie j\u0119drno\u015bci i elastyczno\u015bci sk\u00f3ry. Pierwszy krok (STEP 01) to aktywator, kt\u00f3ry przygotowuje sk\u00f3r\u0119 do lepszego wch\u0142aniania sk\u0142adnik\u00f3w od\u017cywczych, podczas gdy drugi krok (STEP 02) to intensywna maska nawil\u017caj\u0105ca i uj\u0119drniaj\u0105ca. Dzi\u0119ki zastosowaniu CICA REEDLE\u2122 oraz unikalnej mieszance sk\u0142adnik\u00f3w, takich jak Cica Hyalon\u2122, niskocz\u0105steczkowy kolagen (500 Da) i ekstrakt z propolisu, produkt pomaga wzmocni\u0107 elastyczno\u015b\u0107 sk\u00f3ry, poprawi\u0107 jej nawil\u017cenie oraz przywr\u00f3ci\u0107 jej zdrowy, promienny wygl\u0105d.<\/p>\n<p>Korzy\u015bci dla sk\u00f3ry:<br \/>\nIntensywna regeneracja i uj\u0119drnienie \u2013 poprawia elastyczno\u015b\u0107 sk\u00f3ry, redukuj\u0105c oznaki jej zwiotczenia.<br \/>\nG\u0142\u0119bokie nawil\u017cenie \u2013 dostarcza sk\u00f3rze intensywnego nawil\u017cenia, przywracaj\u0105c jej zdrowy wygl\u0105d i blask.<br \/>\nWzmocnienie bariery ochronnej sk\u00f3ry \u2013 zawarte w produkcie sk\u0142adniki takie jak CICA REEDLE\u2122 pomagaj\u0105 w odbudowie i ochronie bariery sk\u00f3rnej.<br \/>\nRedukcja oznak starzenia \u2013 niskocz\u0105steczkowy kolagen wspomaga popraw\u0119 j\u0119drno\u015bci i elastyczno\u015bci sk\u00f3ry, zmniejszaj\u0105c widoczno\u015b\u0107 zmarszczek.<br \/>\nKoi i \u0142agodzi \u2013 Cica Hyalon\u2122 i Cica REEDLE\u2122 maj\u0105 w\u0142a\u015bciwo\u015bci \u0142agodz\u0105ce, kt\u00f3re pomagaj\u0105 ukoi\u0107 sk\u00f3r\u0119 i zmniejszy\u0107 podra\u017cnienia.<\/p>\n<p>Spos\u00f3b u\u017cycia:<br \/>\nPo oczyszczeniu twarzy na\u0142\u00f3\u017c odpowiedni\u0105 ilo\u015b\u0107 produktu z KROKU 1 (Collagen Reedle Shot 100) na oczyszczon\u0105 sk\u00f3r\u0119 twarzy i delikatnie wmasuj.<br \/>\nNast\u0119pnie otw\u00f3rz produkt z KROKU 2 (Collagen Reedle Shot Firming Hydrogel Mask) i na\u0142\u00f3\u017c mask\u0119 na twarz, dopasowuj\u0105c j\u0105 do kszta\u0142tu twarzy, szczeg\u00f3lnie wok\u00f3\u0142 oczu.<br \/>\nPozostaw mask\u0119 na 20-40 minut, a nast\u0119pnie zdejmij.<br \/>\nPozw\u00f3l pozosta\u0142emu esencjonalnemu preparatowi wch\u0142on\u0105\u0107 si\u0119 w sk\u00f3r\u0119.<br \/>\nAby uzyska\u0107 specjalne efekty, mo\u017cesz pozostawi\u0107 mask\u0119 na sk\u00f3rze nawet na 2-3 godziny.<\/p>\n","protected":false},"excerpt":{"rendered":"<p>VT Cosmetics Collagen Reedle Shot 100 2Step Mask to zaawansowana maska do piel\u0119gnacji sk\u00f3ry, kt\u00f3ra sk\u0142ada si\u0119 z dw\u00f3ch krok\u00f3w, maj\u0105cych na celu przywr\u00f3cenie j\u0119drno\u015bci i elastyczno\u015bci sk\u00f3ry. Pierwszy krok (STEP 01) to aktywator, kt\u00f3ry przygotowuje sk\u00f3r\u0119 do lepszego wch\u0142aniania sk\u0142adnik\u00f3w od\u017cywczych, podczas gdy drugi krok (STEP 02) to intensywna maska nawil\u017caj\u0105ca i uj\u0119drniaj\u0105ca. Dzi\u0119ki &#8230; <a title=\"VT COSMETICS COLLAGEN REEDLE SHOT 100 2STEP MASK 34.5 g &#8211; 2-etapowa maska do twarzy\" class=\"read-more\" href=\"https:\/\/selleetools.com\/pl\/product\/vt-cosmetics-collagen-reedle-shot-100-2step-mask-34-5-g-2-etapowa-maska-do-twarzy\/\">Read more<span class=\"screen-reader-text\">VT COSMETICS COLLAGEN REEDLE SHOT 100 2STEP MASK 34.5 g &#8211; 2-etapowa maska do twarzy<\/span><\/a><\/p>\n","protected":false},"featured_media":609692,"comment_status":"open","ping_status":"closed","template":"","meta":{"_links_to":"","_links_to_target":""},"yoast_head":"<!-- This site is optimized with the Yoast SEO plugin v19.4 - https:\/\/yoast.com\/wordpress\/plugins\/seo\/ -->\n<title>VT COSMETICS COLLAGEN REEDLE SHOT 100 2STEP MASK 34.5 g - 2-etapowa maska do twarzy - Selleetools.com<\/title>\n<meta name=\"robots\" content=\"index, follow, max-snippet:-1, max-image-preview:large, max-video-preview:-1\" \/>\n<link rel=\"canonical\" href=\"https:\/\/admincentral.selleetools.com\/product\/vt-cosmetics-collagen-reedle-shot-100-2step-mask-34-5-g-2-etapowa-maska-do-twarzy\/\" \/>\n<meta property=\"og:locale\" content=\"pl_PL\" \/>\n<meta property=\"og:type\" content=\"article\" \/>\n<meta property=\"og:title\" content=\"VT COSMETICS COLLAGEN REEDLE SHOT 100 2STEP MASK 34.5 g - 2-etapowa maska do twarzy - Selleetools.com\" \/>\n<meta property=\"og:description\" content=\"VT Cosmetics Collagen Reedle Shot 100 2Step Mask to zaawansowana maska do piel\u0119gnacji sk\u00f3ry, kt\u00f3ra sk\u0142ada si\u0119 z dw\u00f3ch krok\u00f3w, maj\u0105cych na celu przywr\u00f3cenie j\u0119drno\u015bci i elastyczno\u015bci sk\u00f3ry. Pierwszy krok (STEP 01) to aktywator, kt\u00f3ry przygotowuje sk\u00f3r\u0119 do lepszego wch\u0142aniania sk\u0142adnik\u00f3w od\u017cywczych, podczas gdy drugi krok (STEP 02) to intensywna maska nawil\u017caj\u0105ca i uj\u0119drniaj\u0105ca. Dzi\u0119ki ... Read moreVT COSMETICS COLLAGEN REEDLE SHOT 100 2STEP MASK 34.5 g &#8211; 2-etapowa maska do twarzy\" \/>\n<meta property=\"og:url\" content=\"https:\/\/admincentral.selleetools.com\/product\/vt-cosmetics-collagen-reedle-shot-100-2step-mask-34-5-g-2-etapowa-maska-do-twarzy\/\" \/>\n<meta property=\"og:site_name\" content=\"Selleetools.com\" \/>\n<meta property=\"article:modified_time\" content=\"2025-11-04T21:05:54+00:00\" \/>\n<meta property=\"og:image\" content=\"https:\/\/selleetools.com\/wp-content\/uploads\/2025\/10\/f2e2b7dfec9fa626c308506edef36751.jpg\" \/>\n\t<meta property=\"og:image:width\" content=\"1200\" \/>\n\t<meta property=\"og:image:height\" content=\"1200\" \/>\n\t<meta property=\"og:image:type\" content=\"image\/jpeg\" \/>\n<meta name=\"twitter:card\" content=\"summary_large_image\" \/>\n<meta name=\"twitter:label1\" content=\"Est. reading time\" \/>\n\t<meta name=\"twitter:data1\" content=\"2 minuty\" \/>\n<!-- \/ Yoast SEO plugin. -->","yoast_head_json":{"title":"VT COSMETICS COLLAGEN REEDLE SHOT 100 2STEP MASK 34.5 g - 2-etapowa maska do twarzy - Selleetools.com","robots":{"index":"index","follow":"follow","max-snippet":"max-snippet:-1","max-image-preview":"max-image-preview:large","max-video-preview":"max-video-preview:-1"},"canonical":"https:\/\/admincentral.selleetools.com\/product\/vt-cosmetics-collagen-reedle-shot-100-2step-mask-34-5-g-2-etapowa-maska-do-twarzy\/","og_locale":"pl_PL","og_type":"article","og_title":"VT COSMETICS COLLAGEN REEDLE SHOT 100 2STEP MASK 34.5 g - 2-etapowa maska do twarzy - Selleetools.com","og_description":"VT Cosmetics Collagen Reedle Shot 100 2Step Mask to zaawansowana maska do piel\u0119gnacji sk\u00f3ry, kt\u00f3ra sk\u0142ada si\u0119 z dw\u00f3ch krok\u00f3w, maj\u0105cych na celu przywr\u00f3cenie j\u0119drno\u015bci i elastyczno\u015bci sk\u00f3ry. Pierwszy krok (STEP 01) to aktywator, kt\u00f3ry przygotowuje sk\u00f3r\u0119 do lepszego wch\u0142aniania sk\u0142adnik\u00f3w od\u017cywczych, podczas gdy drugi krok (STEP 02) to intensywna maska nawil\u017caj\u0105ca i uj\u0119drniaj\u0105ca. Dzi\u0119ki ... Read moreVT COSMETICS COLLAGEN REEDLE SHOT 100 2STEP MASK 34.5 g &#8211; 2-etapowa maska do twarzy","og_url":"https:\/\/admincentral.selleetools.com\/product\/vt-cosmetics-collagen-reedle-shot-100-2step-mask-34-5-g-2-etapowa-maska-do-twarzy\/","og_site_name":"Selleetools.com","article_modified_time":"2025-11-04T21:05:54+00:00","og_image":[{"width":1200,"height":1200,"url":"https:\/\/selleetools.com\/wp-content\/uploads\/2025\/10\/f2e2b7dfec9fa626c308506edef36751.jpg","type":"image\/jpeg"}],"twitter_card":"summary_large_image","twitter_misc":{"Est. reading time":"2 minuty"},"schema":{"@context":"https:\/\/schema.org","@graph":[{"@type":"Organization","@id":"https:\/\/selleetools.com\/#organization","name":"Selleetools","url":"https:\/\/selleetools.com\/","sameAs":[],"logo":{"@type":"ImageObject","inLanguage":"pl-PL","@id":"https:\/\/selleetools.com\/#\/schema\/logo\/image\/","url":"https:\/\/selleetools.com\/wp-content\/uploads\/2021\/10\/logo-dark.png","contentUrl":"https:\/\/selleetools.com\/wp-content\/uploads\/2021\/10\/logo-dark.png","width":320,"height":76,"caption":"Selleetools"},"image":{"@id":"https:\/\/selleetools.com\/#\/schema\/logo\/image\/"}},{"@type":"WebSite","@id":"https:\/\/selleetools.com\/#website","url":"https:\/\/selleetools.com\/","name":"Selleetools.com","description":"","publisher":{"@id":"https:\/\/selleetools.com\/#organization"},"potentialAction":[{"@type":"SearchAction","target":{"@type":"EntryPoint","urlTemplate":"https:\/\/selleetools.com\/?s={search_term_string}"},"query-input":"required name=search_term_string"}],"inLanguage":"pl-PL"},{"@type":"WebPage","@id":"https:\/\/admincentral.selleetools.com\/product\/vt-cosmetics-collagen-reedle-shot-100-2step-mask-34-5-g-2-etapowa-maska-do-twarzy\/","url":"https:\/\/admincentral.selleetools.com\/product\/vt-cosmetics-collagen-reedle-shot-100-2step-mask-34-5-g-2-etapowa-maska-do-twarzy\/","name":"VT COSMETICS COLLAGEN REEDLE SHOT 100 2STEP MASK 34.5 g - 2-etapowa maska do twarzy - Selleetools.com","isPartOf":{"@id":"https:\/\/selleetools.com\/#website"},"datePublished":"2025-10-24T12:38:21+00:00","dateModified":"2025-11-04T21:05:54+00:00","breadcrumb":{"@id":"https:\/\/admincentral.selleetools.com\/product\/vt-cosmetics-collagen-reedle-shot-100-2step-mask-34-5-g-2-etapowa-maska-do-twarzy\/#breadcrumb"},"inLanguage":"pl-PL","potentialAction":[{"@type":"ReadAction","target":["https:\/\/admincentral.selleetools.com\/product\/vt-cosmetics-collagen-reedle-shot-100-2step-mask-34-5-g-2-etapowa-maska-do-twarzy\/"]}]},{"@type":"BreadcrumbList","@id":"https:\/\/admincentral.selleetools.com\/product\/vt-cosmetics-collagen-reedle-shot-100-2step-mask-34-5-g-2-etapowa-maska-do-twarzy\/#breadcrumb","itemListElement":[{"@type":"ListItem","position":1,"name":"Home","item":"https:\/\/selleetools.com\/pl\/"},{"@type":"ListItem","position":2,"name":"Katalog","item":"https:\/\/selleetools.com\/pl\/katalog\/"},{"@type":"ListItem","position":3,"name":"VT COSMETICS COLLAGEN REEDLE SHOT 100 2STEP MASK 34.5 g &#8211; 2-etapowa maska do twarzy"}]}]}},"_links":{"self":[{"href":"https:\/\/selleetools.com\/pl\/wp-json\/wp\/v2\/product\/609694"}],"collection":[{"href":"https:\/\/selleetools.com\/pl\/wp-json\/wp\/v2\/product"}],"about":[{"href":"https:\/\/selleetools.com\/pl\/wp-json\/wp\/v2\/types\/product"}],"replies":[{"embeddable":true,"href":"https:\/\/selleetools.com\/pl\/wp-json\/wp\/v2\/comments?post=609694"}],"wp:featuredmedia":[{"embeddable":true,"href":"https:\/\/selleetools.com\/pl\/wp-json\/wp\/v2\/media\/609692"}],"wp:attachment":[{"href":"https:\/\/selleetools.com\/pl\/wp-json\/wp\/v2\/media?parent=609694"}],"curies":[{"name":"wp","href":"https:\/\/api.w.org\/{rel}","templated":true}]}}