{"id":609643,"date":"2025-10-24T14:37:34","date_gmt":"2025-10-24T12:37:34","guid":{"rendered":"https:\/\/selleetools.com\/?post_type=product&#038;p=609643"},"modified":"2025-11-04T22:05:07","modified_gmt":"2025-11-04T21:05:07","slug":"pyunkang-yul-airy-protection-sun-stick-uva-uvb-spf50-pa-17-g-lekki-stick-przeciwsloneczny","status":"publish","type":"product","link":"https:\/\/selleetools.com\/pl\/product\/pyunkang-yul-airy-protection-sun-stick-uva-uvb-spf50-pa-17-g-lekki-stick-przeciwsloneczny\/","title":{"rendered":"Pyunkang yul Airy Protection Sun Stick UVA UVB SPF50+ PA++++ 17 g &#8211; lekki stick przeciws\u0142oneczny"},"content":{"rendered":"<p>Airy Protection Sun Stick od Pyunkang Yul to lekki stick przeciws\u0142oneczny, kt\u00f3ry zapewnia wysok\u0105 ochron\u0119 przed promieniowaniem UVA i UVB (SPF50+ PA++++), jednocze\u015bnie nie obci\u0105\u017caj\u0105c sk\u00f3ry. Formu\u0142a bez t\u0142ustego wyko\u0144czenia sprawia, \u017ce produkt jest idealny do stosowania w ci\u0105gu dnia, nawet na sk\u00f3rze t\u0142ustej czy mieszanej. Dzi\u0119ki sk\u0142adnikom nawil\u017caj\u0105cym i \u0142agodz\u0105cym, takim jak ceramidy, ekstrakt z centelli oraz mas\u0142o macadamia, sun stick zapewnia sk\u00f3rze nawil\u017cenie i ochron\u0119, nie pozostawiaj\u0105c bia\u0142ych \u015blad\u00f3w.<\/p>\n<p>Korzy\u015bci dla sk\u00f3ry:<br \/>\nWysoka ochrona przed UV (SPF50+ PA++++) zapewniaj\u0105ca ochron\u0119 przed promieniowaniem UVA i UVB<br \/>\nLekka formu\u0142a, kt\u00f3ra nie obci\u0105\u017ca sk\u00f3ry i nie pozostawia t\u0142ustego wyko\u0144czenia<br \/>\nNawil\u017cenie i regeneracja<br \/>\nOchrona przed podra\u017cnieniami<br \/>\nBezpieczny dla sk\u00f3ry wra\u017cliwej \u2013 formu\u0142a bez sztucznych zapach\u00f3w i paraben\u00f3w<\/p>\n<p>Spos\u00f3b u\u017cycia: Na\u0142\u00f3\u017c obficie na twarz w ko\u0144cowej fazie swojej piel\u0119gnacji, co najmniej 30 minut przed ekspozycj\u0105 na s\u0142o\u0144ce. Ponawiaj aplikacj\u0119 regularnie, zw\u0142aszcza po spoceniu si\u0119 lub k\u0105pieli, aby utrzyma\u0107 pe\u0142n\u0105 ochron\u0119. Produkt mo\u017cna stosowa\u0107 na sk\u00f3r\u0119 twarzy oraz dekoltu. Unikaj aplikowania w okolicach oczu.<\/p>\n","protected":false},"excerpt":{"rendered":"<p>Airy Protection Sun Stick od Pyunkang Yul to lekki stick przeciws\u0142oneczny, kt\u00f3ry zapewnia wysok\u0105 ochron\u0119 przed promieniowaniem UVA i UVB (SPF50+ PA++++), jednocze\u015bnie nie obci\u0105\u017caj\u0105c sk\u00f3ry. Formu\u0142a bez t\u0142ustego wyko\u0144czenia sprawia, \u017ce produkt jest idealny do stosowania w ci\u0105gu dnia, nawet na sk\u00f3rze t\u0142ustej czy mieszanej. Dzi\u0119ki sk\u0142adnikom nawil\u017caj\u0105cym i \u0142agodz\u0105cym, takim jak ceramidy, ekstrakt &#8230; <a title=\"Pyunkang yul Airy Protection Sun Stick UVA UVB SPF50+ PA++++ 17 g &#8211; lekki stick przeciws\u0142oneczny\" class=\"read-more\" href=\"https:\/\/selleetools.com\/pl\/product\/pyunkang-yul-airy-protection-sun-stick-uva-uvb-spf50-pa-17-g-lekki-stick-przeciwsloneczny\/\">Read more<span class=\"screen-reader-text\">Pyunkang yul Airy Protection Sun Stick UVA UVB SPF50+ PA++++ 17 g &#8211; lekki stick przeciws\u0142oneczny<\/span><\/a><\/p>\n","protected":false},"featured_media":609641,"comment_status":"open","ping_status":"closed","template":"","meta":{"_links_to":"","_links_to_target":""},"yoast_head":"<!-- This site is optimized with the Yoast SEO plugin v19.4 - https:\/\/yoast.com\/wordpress\/plugins\/seo\/ -->\n<title>Pyunkang yul Airy Protection Sun Stick UVA UVB SPF50+ PA++++ 17 g - lekki stick przeciws\u0142oneczny - Selleetools.com<\/title>\n<meta name=\"robots\" content=\"index, follow, max-snippet:-1, max-image-preview:large, max-video-preview:-1\" \/>\n<link rel=\"canonical\" href=\"https:\/\/selleetools.com\/pl\/product\/pyunkang-yul-airy-protection-sun-stick-uva-uvb-spf50-pa-17-g-lekki-stick-przeciwsloneczny\/\" \/>\n<meta property=\"og:locale\" content=\"pl_PL\" \/>\n<meta property=\"og:type\" content=\"article\" \/>\n<meta property=\"og:title\" content=\"Pyunkang yul Airy Protection Sun Stick UVA UVB SPF50+ PA++++ 17 g - lekki stick przeciws\u0142oneczny - Selleetools.com\" \/>\n<meta property=\"og:description\" content=\"Airy Protection Sun Stick od Pyunkang Yul to lekki stick przeciws\u0142oneczny, kt\u00f3ry zapewnia wysok\u0105 ochron\u0119 przed promieniowaniem UVA i UVB (SPF50+ PA++++), jednocze\u015bnie nie obci\u0105\u017caj\u0105c sk\u00f3ry. Formu\u0142a bez t\u0142ustego wyko\u0144czenia sprawia, \u017ce produkt jest idealny do stosowania w ci\u0105gu dnia, nawet na sk\u00f3rze t\u0142ustej czy mieszanej. Dzi\u0119ki sk\u0142adnikom nawil\u017caj\u0105cym i \u0142agodz\u0105cym, takim jak ceramidy, ekstrakt ... Read morePyunkang yul Airy Protection Sun Stick UVA UVB SPF50+ PA++++ 17 g &#8211; lekki stick przeciws\u0142oneczny\" \/>\n<meta property=\"og:url\" content=\"https:\/\/selleetools.com\/pl\/product\/pyunkang-yul-airy-protection-sun-stick-uva-uvb-spf50-pa-17-g-lekki-stick-przeciwsloneczny\/\" \/>\n<meta property=\"og:site_name\" content=\"Selleetools.com\" \/>\n<meta property=\"article:modified_time\" content=\"2025-11-04T21:05:07+00:00\" \/>\n<meta property=\"og:image\" content=\"https:\/\/selleetools.com\/wp-content\/uploads\/2025\/10\/b2e556839e1f06acc264eacb1b2f6c96.jpg\" \/>\n\t<meta property=\"og:image:width\" content=\"1200\" \/>\n\t<meta property=\"og:image:height\" content=\"1200\" \/>\n\t<meta property=\"og:image:type\" content=\"image\/jpeg\" \/>\n<meta name=\"twitter:card\" content=\"summary_large_image\" \/>\n<meta name=\"twitter:label1\" content=\"Est. reading time\" \/>\n\t<meta name=\"twitter:data1\" content=\"1 minuta\" \/>\n<!-- \/ Yoast SEO plugin. -->","yoast_head_json":{"title":"Pyunkang yul Airy Protection Sun Stick UVA UVB SPF50+ PA++++ 17 g - lekki stick przeciws\u0142oneczny - Selleetools.com","robots":{"index":"index","follow":"follow","max-snippet":"max-snippet:-1","max-image-preview":"max-image-preview:large","max-video-preview":"max-video-preview:-1"},"canonical":"https:\/\/selleetools.com\/pl\/product\/pyunkang-yul-airy-protection-sun-stick-uva-uvb-spf50-pa-17-g-lekki-stick-przeciwsloneczny\/","og_locale":"pl_PL","og_type":"article","og_title":"Pyunkang yul Airy Protection Sun Stick UVA UVB SPF50+ PA++++ 17 g - lekki stick przeciws\u0142oneczny - Selleetools.com","og_description":"Airy Protection Sun Stick od Pyunkang Yul to lekki stick przeciws\u0142oneczny, kt\u00f3ry zapewnia wysok\u0105 ochron\u0119 przed promieniowaniem UVA i UVB (SPF50+ PA++++), jednocze\u015bnie nie obci\u0105\u017caj\u0105c sk\u00f3ry. Formu\u0142a bez t\u0142ustego wyko\u0144czenia sprawia, \u017ce produkt jest idealny do stosowania w ci\u0105gu dnia, nawet na sk\u00f3rze t\u0142ustej czy mieszanej. Dzi\u0119ki sk\u0142adnikom nawil\u017caj\u0105cym i \u0142agodz\u0105cym, takim jak ceramidy, ekstrakt ... Read morePyunkang yul Airy Protection Sun Stick UVA UVB SPF50+ PA++++ 17 g &#8211; lekki stick przeciws\u0142oneczny","og_url":"https:\/\/selleetools.com\/pl\/product\/pyunkang-yul-airy-protection-sun-stick-uva-uvb-spf50-pa-17-g-lekki-stick-przeciwsloneczny\/","og_site_name":"Selleetools.com","article_modified_time":"2025-11-04T21:05:07+00:00","og_image":[{"width":1200,"height":1200,"url":"https:\/\/selleetools.com\/wp-content\/uploads\/2025\/10\/b2e556839e1f06acc264eacb1b2f6c96.jpg","type":"image\/jpeg"}],"twitter_card":"summary_large_image","twitter_misc":{"Est. reading time":"1 minuta"},"schema":{"@context":"https:\/\/schema.org","@graph":[{"@type":"Organization","@id":"https:\/\/selleetools.com\/#organization","name":"Selleetools","url":"https:\/\/selleetools.com\/","sameAs":[],"logo":{"@type":"ImageObject","inLanguage":"pl-PL","@id":"https:\/\/selleetools.com\/#\/schema\/logo\/image\/","url":"https:\/\/selleetools.com\/wp-content\/uploads\/2021\/10\/logo-dark.png","contentUrl":"https:\/\/selleetools.com\/wp-content\/uploads\/2021\/10\/logo-dark.png","width":320,"height":76,"caption":"Selleetools"},"image":{"@id":"https:\/\/selleetools.com\/#\/schema\/logo\/image\/"}},{"@type":"WebSite","@id":"https:\/\/selleetools.com\/#website","url":"https:\/\/selleetools.com\/","name":"Selleetools.com","description":"","publisher":{"@id":"https:\/\/selleetools.com\/#organization"},"potentialAction":[{"@type":"SearchAction","target":{"@type":"EntryPoint","urlTemplate":"https:\/\/selleetools.com\/?s={search_term_string}"},"query-input":"required name=search_term_string"}],"inLanguage":"pl-PL"},{"@type":"WebPage","@id":"https:\/\/selleetools.com\/pl\/product\/pyunkang-yul-airy-protection-sun-stick-uva-uvb-spf50-pa-17-g-lekki-stick-przeciwsloneczny\/","url":"https:\/\/selleetools.com\/pl\/product\/pyunkang-yul-airy-protection-sun-stick-uva-uvb-spf50-pa-17-g-lekki-stick-przeciwsloneczny\/","name":"Pyunkang yul Airy Protection Sun Stick UVA UVB SPF50+ PA++++ 17 g - lekki stick przeciws\u0142oneczny - Selleetools.com","isPartOf":{"@id":"https:\/\/selleetools.com\/#website"},"datePublished":"2025-10-24T12:37:34+00:00","dateModified":"2025-11-04T21:05:07+00:00","breadcrumb":{"@id":"https:\/\/selleetools.com\/pl\/product\/pyunkang-yul-airy-protection-sun-stick-uva-uvb-spf50-pa-17-g-lekki-stick-przeciwsloneczny\/#breadcrumb"},"inLanguage":"pl-PL","potentialAction":[{"@type":"ReadAction","target":["https:\/\/selleetools.com\/pl\/product\/pyunkang-yul-airy-protection-sun-stick-uva-uvb-spf50-pa-17-g-lekki-stick-przeciwsloneczny\/"]}]},{"@type":"BreadcrumbList","@id":"https:\/\/selleetools.com\/pl\/product\/pyunkang-yul-airy-protection-sun-stick-uva-uvb-spf50-pa-17-g-lekki-stick-przeciwsloneczny\/#breadcrumb","itemListElement":[{"@type":"ListItem","position":1,"name":"Home","item":"https:\/\/selleetools.com\/pl\/"},{"@type":"ListItem","position":2,"name":"Katalog","item":"https:\/\/selleetools.com\/pl\/katalog\/"},{"@type":"ListItem","position":3,"name":"Pyunkang yul Airy Protection Sun Stick UVA UVB SPF50+ PA++++ 17 g &#8211; lekki stick przeciws\u0142oneczny"}]}]}},"_links":{"self":[{"href":"https:\/\/selleetools.com\/pl\/wp-json\/wp\/v2\/product\/609643"}],"collection":[{"href":"https:\/\/selleetools.com\/pl\/wp-json\/wp\/v2\/product"}],"about":[{"href":"https:\/\/selleetools.com\/pl\/wp-json\/wp\/v2\/types\/product"}],"replies":[{"embeddable":true,"href":"https:\/\/selleetools.com\/pl\/wp-json\/wp\/v2\/comments?post=609643"}],"wp:featuredmedia":[{"embeddable":true,"href":"https:\/\/selleetools.com\/pl\/wp-json\/wp\/v2\/media\/609641"}],"wp:attachment":[{"href":"https:\/\/selleetools.com\/pl\/wp-json\/wp\/v2\/media?parent=609643"}],"curies":[{"name":"wp","href":"https:\/\/api.w.org\/{rel}","templated":true}]}}