{"id":609628,"date":"2025-10-24T14:37:22","date_gmt":"2025-10-24T12:37:22","guid":{"rendered":"https:\/\/selleetools.com\/?post_type=product&#038;p=609628"},"modified":"2025-11-04T22:04:53","modified_gmt":"2025-11-04T21:04:53","slug":"purederm-biome-energizing-under-eye-mask-30-szt-probiotyczne-weganskie-platki-pod-oczy","status":"publish","type":"product","link":"https:\/\/selleetools.com\/pl\/product\/purederm-biome-energizing-under-eye-mask-30-szt-probiotyczne-weganskie-platki-pod-oczy\/","title":{"rendered":"PUREDERM Biome Energizing Under Eye Mask 30 szt. &#8211; probiotyczne wega\u0144skie p\u0142atki pod oczy"},"content":{"rendered":"<p>PUREDERM Biome Energizing Under Eye Mask to innowacyjne, probiotyczne p\u0142atki pod oczy stworzone z my\u015bl\u0105 o kompleksowej piel\u0119gnacji delikatnej sk\u00f3ry w tej okolicy. Formu\u0142a oparta na fermentowanych sk\u0142adnikach ro\u015blinnych i probiotykach zosta\u0142a opracowana tak, aby przywraca\u0107 sk\u00f3rze r\u00f3wnowag\u0119 mikrobiologiczn\u0105, nawil\u017ca\u0107 i od\u015bwie\u017ca\u0107 spojrzenie. Produkt jest w pe\u0142ni wega\u0144ski i przeznaczony do ka\u017cdego typu sk\u00f3ry, w tym wra\u017cliwej.<\/p>\n<p>Korzy\u015bci ze stosowania:<br \/>\nRedukcja opuchlizny i oznak zm\u0119czenia \u2013 fermenty probiotyczne i naturalne ekstrakty wspomagaj\u0105 mikrocyrkulacj\u0119, niweluj\u0105c opuchlizn\u0119 i cienie pod oczami.<br \/>\nG\u0142\u0119bokie nawil\u017cenie i ukojenie \u2013 obecno\u015b\u0107 sk\u0142adnik\u00f3w takich jak beta-glukan, trehaloza, panthenol i betaina zapewnia d\u0142ugotrwa\u0142e nawodnienie i wyg\u0142adzenie sk\u00f3ry.<br \/>\nWzmocnienie bariery ochronnej sk\u00f3ry \u2013 kompleks probiotyczny wspiera r\u00f3wnowag\u0119 mikrobiomu, co pomaga chroni\u0107 sk\u00f3r\u0119 przed szkodliwym wp\u0142ywem czynnik\u00f3w zewn\u0119trznych.<br \/>\nEfekt od\u015bwie\u017cenia i roz\u015bwietlenia \u2013 regularne stosowanie sprawia, \u017ce spojrzenie staje si\u0119 bardziej wypocz\u0119te i promienne.<\/p>\n<p>Spos\u00f3b u\u017cycia:<br \/>\nOczy\u015b\u0107 i osusz sk\u00f3r\u0119 wok\u00f3\u0142 oczu.<br \/>\nWyjmij p\u0142atki z opakowania i na\u0142\u00f3\u017c je na doln\u0105 powiek\u0119, dopasowuj\u0105c do kszta\u0142tu oka.<br \/>\nPozostaw na 15\u201320 minut.<br \/>\nDelikatnie zdejmij p\u0142atki i wklep pozosta\u0142o\u015b\u0107 esencji opuszkami palc\u00f3w do ca\u0142kowitego wch\u0142oni\u0119cia.<br \/>\nStosuj 2\u20133 razy w tygodniu lub w razie potrzeby dla uzyskania efektu intensywnego od\u015bwie\u017cenia.<\/p>\n","protected":false},"excerpt":{"rendered":"<p>PUREDERM Biome Energizing Under Eye Mask to innowacyjne, probiotyczne p\u0142atki pod oczy stworzone z my\u015bl\u0105 o kompleksowej piel\u0119gnacji delikatnej sk\u00f3ry w tej okolicy. Formu\u0142a oparta na fermentowanych sk\u0142adnikach ro\u015blinnych i probiotykach zosta\u0142a opracowana tak, aby przywraca\u0107 sk\u00f3rze r\u00f3wnowag\u0119 mikrobiologiczn\u0105, nawil\u017ca\u0107 i od\u015bwie\u017ca\u0107 spojrzenie. Produkt jest w pe\u0142ni wega\u0144ski i przeznaczony do ka\u017cdego typu sk\u00f3ry, w &#8230; <a title=\"PUREDERM Biome Energizing Under Eye Mask 30 szt. &#8211; probiotyczne wega\u0144skie p\u0142atki pod oczy\" class=\"read-more\" href=\"https:\/\/selleetools.com\/pl\/product\/purederm-biome-energizing-under-eye-mask-30-szt-probiotyczne-weganskie-platki-pod-oczy\/\">Read more<span class=\"screen-reader-text\">PUREDERM Biome Energizing Under Eye Mask 30 szt. &#8211; probiotyczne wega\u0144skie p\u0142atki pod oczy<\/span><\/a><\/p>\n","protected":false},"featured_media":609626,"comment_status":"open","ping_status":"closed","template":"","meta":{"_links_to":"","_links_to_target":""},"yoast_head":"<!-- This site is optimized with the Yoast SEO plugin v19.4 - https:\/\/yoast.com\/wordpress\/plugins\/seo\/ -->\n<title>PUREDERM Biome Energizing Under Eye Mask 30 szt. - probiotyczne wega\u0144skie p\u0142atki pod oczy - Selleetools.com<\/title>\n<meta name=\"robots\" content=\"index, follow, max-snippet:-1, max-image-preview:large, max-video-preview:-1\" \/>\n<link rel=\"canonical\" href=\"https:\/\/admincentral.selleetools.com\/product\/purederm-biome-energizing-under-eye-mask-30-szt-probiotyczne-weganskie-platki-pod-oczy\/\" \/>\n<meta property=\"og:locale\" content=\"pl_PL\" \/>\n<meta property=\"og:type\" content=\"article\" \/>\n<meta property=\"og:title\" content=\"PUREDERM Biome Energizing Under Eye Mask 30 szt. - probiotyczne wega\u0144skie p\u0142atki pod oczy - Selleetools.com\" \/>\n<meta property=\"og:description\" content=\"PUREDERM Biome Energizing Under Eye Mask to innowacyjne, probiotyczne p\u0142atki pod oczy stworzone z my\u015bl\u0105 o kompleksowej piel\u0119gnacji delikatnej sk\u00f3ry w tej okolicy. Formu\u0142a oparta na fermentowanych sk\u0142adnikach ro\u015blinnych i probiotykach zosta\u0142a opracowana tak, aby przywraca\u0107 sk\u00f3rze r\u00f3wnowag\u0119 mikrobiologiczn\u0105, nawil\u017ca\u0107 i od\u015bwie\u017ca\u0107 spojrzenie. Produkt jest w pe\u0142ni wega\u0144ski i przeznaczony do ka\u017cdego typu sk\u00f3ry, w ... Read morePUREDERM Biome Energizing Under Eye Mask 30 szt. &#8211; probiotyczne wega\u0144skie p\u0142atki pod oczy\" \/>\n<meta property=\"og:url\" content=\"https:\/\/admincentral.selleetools.com\/product\/purederm-biome-energizing-under-eye-mask-30-szt-probiotyczne-weganskie-platki-pod-oczy\/\" \/>\n<meta property=\"og:site_name\" content=\"Selleetools.com\" \/>\n<meta property=\"article:modified_time\" content=\"2025-11-04T21:04:53+00:00\" \/>\n<meta property=\"og:image\" content=\"https:\/\/selleetools.com\/wp-content\/uploads\/2025\/10\/7aeca2967f5075a14a7068a035bc33be.jpg\" \/>\n\t<meta property=\"og:image:width\" content=\"1000\" \/>\n\t<meta property=\"og:image:height\" content=\"1000\" \/>\n\t<meta property=\"og:image:type\" content=\"image\/jpeg\" \/>\n<meta name=\"twitter:card\" content=\"summary_large_image\" \/>\n<meta name=\"twitter:label1\" content=\"Est. reading time\" \/>\n\t<meta name=\"twitter:data1\" content=\"1 minuta\" \/>\n<!-- \/ Yoast SEO plugin. -->","yoast_head_json":{"title":"PUREDERM Biome Energizing Under Eye Mask 30 szt. - probiotyczne wega\u0144skie p\u0142atki pod oczy - Selleetools.com","robots":{"index":"index","follow":"follow","max-snippet":"max-snippet:-1","max-image-preview":"max-image-preview:large","max-video-preview":"max-video-preview:-1"},"canonical":"https:\/\/admincentral.selleetools.com\/product\/purederm-biome-energizing-under-eye-mask-30-szt-probiotyczne-weganskie-platki-pod-oczy\/","og_locale":"pl_PL","og_type":"article","og_title":"PUREDERM Biome Energizing Under Eye Mask 30 szt. - probiotyczne wega\u0144skie p\u0142atki pod oczy - Selleetools.com","og_description":"PUREDERM Biome Energizing Under Eye Mask to innowacyjne, probiotyczne p\u0142atki pod oczy stworzone z my\u015bl\u0105 o kompleksowej piel\u0119gnacji delikatnej sk\u00f3ry w tej okolicy. Formu\u0142a oparta na fermentowanych sk\u0142adnikach ro\u015blinnych i probiotykach zosta\u0142a opracowana tak, aby przywraca\u0107 sk\u00f3rze r\u00f3wnowag\u0119 mikrobiologiczn\u0105, nawil\u017ca\u0107 i od\u015bwie\u017ca\u0107 spojrzenie. Produkt jest w pe\u0142ni wega\u0144ski i przeznaczony do ka\u017cdego typu sk\u00f3ry, w ... Read morePUREDERM Biome Energizing Under Eye Mask 30 szt. &#8211; probiotyczne wega\u0144skie p\u0142atki pod oczy","og_url":"https:\/\/admincentral.selleetools.com\/product\/purederm-biome-energizing-under-eye-mask-30-szt-probiotyczne-weganskie-platki-pod-oczy\/","og_site_name":"Selleetools.com","article_modified_time":"2025-11-04T21:04:53+00:00","og_image":[{"width":1000,"height":1000,"url":"https:\/\/selleetools.com\/wp-content\/uploads\/2025\/10\/7aeca2967f5075a14a7068a035bc33be.jpg","type":"image\/jpeg"}],"twitter_card":"summary_large_image","twitter_misc":{"Est. reading time":"1 minuta"},"schema":{"@context":"https:\/\/schema.org","@graph":[{"@type":"Organization","@id":"https:\/\/selleetools.com\/#organization","name":"Selleetools","url":"https:\/\/selleetools.com\/","sameAs":[],"logo":{"@type":"ImageObject","inLanguage":"pl-PL","@id":"https:\/\/selleetools.com\/#\/schema\/logo\/image\/","url":"https:\/\/selleetools.com\/wp-content\/uploads\/2021\/10\/logo-dark.png","contentUrl":"https:\/\/selleetools.com\/wp-content\/uploads\/2021\/10\/logo-dark.png","width":320,"height":76,"caption":"Selleetools"},"image":{"@id":"https:\/\/selleetools.com\/#\/schema\/logo\/image\/"}},{"@type":"WebSite","@id":"https:\/\/selleetools.com\/#website","url":"https:\/\/selleetools.com\/","name":"Selleetools.com","description":"","publisher":{"@id":"https:\/\/selleetools.com\/#organization"},"potentialAction":[{"@type":"SearchAction","target":{"@type":"EntryPoint","urlTemplate":"https:\/\/selleetools.com\/?s={search_term_string}"},"query-input":"required name=search_term_string"}],"inLanguage":"pl-PL"},{"@type":"WebPage","@id":"https:\/\/admincentral.selleetools.com\/product\/purederm-biome-energizing-under-eye-mask-30-szt-probiotyczne-weganskie-platki-pod-oczy\/","url":"https:\/\/admincentral.selleetools.com\/product\/purederm-biome-energizing-under-eye-mask-30-szt-probiotyczne-weganskie-platki-pod-oczy\/","name":"PUREDERM Biome Energizing Under Eye Mask 30 szt. - probiotyczne wega\u0144skie p\u0142atki pod oczy - Selleetools.com","isPartOf":{"@id":"https:\/\/selleetools.com\/#website"},"datePublished":"2025-10-24T12:37:22+00:00","dateModified":"2025-11-04T21:04:53+00:00","breadcrumb":{"@id":"https:\/\/admincentral.selleetools.com\/product\/purederm-biome-energizing-under-eye-mask-30-szt-probiotyczne-weganskie-platki-pod-oczy\/#breadcrumb"},"inLanguage":"pl-PL","potentialAction":[{"@type":"ReadAction","target":["https:\/\/admincentral.selleetools.com\/product\/purederm-biome-energizing-under-eye-mask-30-szt-probiotyczne-weganskie-platki-pod-oczy\/"]}]},{"@type":"BreadcrumbList","@id":"https:\/\/admincentral.selleetools.com\/product\/purederm-biome-energizing-under-eye-mask-30-szt-probiotyczne-weganskie-platki-pod-oczy\/#breadcrumb","itemListElement":[{"@type":"ListItem","position":1,"name":"Home","item":"https:\/\/selleetools.com\/pl\/"},{"@type":"ListItem","position":2,"name":"Katalog","item":"https:\/\/selleetools.com\/pl\/katalog\/"},{"@type":"ListItem","position":3,"name":"PUREDERM Biome Energizing Under Eye Mask 30 szt. &#8211; probiotyczne wega\u0144skie p\u0142atki pod oczy"}]}]}},"_links":{"self":[{"href":"https:\/\/selleetools.com\/pl\/wp-json\/wp\/v2\/product\/609628"}],"collection":[{"href":"https:\/\/selleetools.com\/pl\/wp-json\/wp\/v2\/product"}],"about":[{"href":"https:\/\/selleetools.com\/pl\/wp-json\/wp\/v2\/types\/product"}],"replies":[{"embeddable":true,"href":"https:\/\/selleetools.com\/pl\/wp-json\/wp\/v2\/comments?post=609628"}],"wp:featuredmedia":[{"embeddable":true,"href":"https:\/\/selleetools.com\/pl\/wp-json\/wp\/v2\/media\/609626"}],"wp:attachment":[{"href":"https:\/\/selleetools.com\/pl\/wp-json\/wp\/v2\/media?parent=609628"}],"curies":[{"name":"wp","href":"https:\/\/api.w.org\/{rel}","templated":true}]}}