{"id":609602,"date":"2025-10-24T14:36:59","date_gmt":"2025-10-24T12:36:59","guid":{"rendered":"https:\/\/selleetools.com\/?post_type=product&#038;p=609602"},"modified":"2025-11-04T22:04:07","modified_gmt":"2025-11-04T21:04:07","slug":"dasique-souffle-color-pot-07-burnt-sienna-6-5-g-balsam-do-ust-i-policzkow-ceglasty-roz","status":"publish","type":"product","link":"https:\/\/selleetools.com\/pl\/product\/dasique-souffle-color-pot-07-burnt-sienna-6-5-g-balsam-do-ust-i-policzkow-ceglasty-roz\/","title":{"rendered":"Dasique Souffle Color Pot #07 Burnt Sienna 6.5 g &#8211; balsam do ust i policzk\u00f3w ceglasty r\u00f3\u017c"},"content":{"rendered":"<p>Kremowy balsam do ust i policzk\u00f3w Dasique Souffle Color Pot w odcieniu #07 Burnt Sienna to wielozadaniowy produkt o aksamitnej formule i wyrazistym, ceglasto-r\u00f3\u017cowym kolorze. Odcie\u0144 inspirowany naturalnym rumie\u0144cem i ciep\u0142em ziemistych ton\u00f3w doskonale podkre\u015bla karnacj\u0119, nadaj\u0105c sk\u00f3rze \u015bwie\u017co\u015bci i promiennego wygl\u0105du.<\/p>\n<p>Korzy\u015bci ze stosowania:<br \/>\nNaturalny efekt makija\u017cu \u2013 mi\u0119kka formu\u0142a stapia si\u0119 ze sk\u00f3r\u0105, tworz\u0105c subtelny rumieniec lub delikatne podkre\u015blenie ust.<br \/>\n\u0141atwa aplikacja i budowanie koloru \u2013 od lekkiego mu\u015bni\u0119cia po bardziej intensywny efekt.<br \/>\nNawil\u017cenie i komfort \u2013 zawiera emolienty, kt\u00f3re zapobiegaj\u0105 przesuszeniu sk\u00f3ry.<br \/>\nLekka, piankowa konsystencja \u2013 nie obci\u0105\u017ca sk\u00f3ry i nie pozostawia uczucia lepko\u015bci.<\/p>\n<p>Spos\u00f3b u\u017cycia:<br \/>\nNa\u0142\u00f3\u017c niewielk\u0105 ilo\u015b\u0107 produktu na policzki lub usta za pomoc\u0105 palc\u00f3w, g\u0105beczki lub p\u0119dzla. Wklep delikatnie, rozprowadzaj\u0105c r\u00f3wnomiernie. Mo\u017cesz stopniowo budowa\u0107 intensywno\u015b\u0107 koloru wed\u0142ug w\u0142asnych preferencji.<\/p>\n","protected":false},"excerpt":{"rendered":"<p>Kremowy balsam do ust i policzk\u00f3w Dasique Souffle Color Pot w odcieniu #07 Burnt Sienna to wielozadaniowy produkt o aksamitnej formule i wyrazistym, ceglasto-r\u00f3\u017cowym kolorze. Odcie\u0144 inspirowany naturalnym rumie\u0144cem i ciep\u0142em ziemistych ton\u00f3w doskonale podkre\u015bla karnacj\u0119, nadaj\u0105c sk\u00f3rze \u015bwie\u017co\u015bci i promiennego wygl\u0105du. Korzy\u015bci ze stosowania: Naturalny efekt makija\u017cu \u2013 mi\u0119kka formu\u0142a stapia si\u0119 ze sk\u00f3r\u0105, &#8230; <a title=\"Dasique Souffle Color Pot #07 Burnt Sienna 6.5 g &#8211; balsam do ust i policzk\u00f3w ceglasty r\u00f3\u017c\" class=\"read-more\" href=\"https:\/\/selleetools.com\/pl\/product\/dasique-souffle-color-pot-07-burnt-sienna-6-5-g-balsam-do-ust-i-policzkow-ceglasty-roz\/\">Read more<span class=\"screen-reader-text\">Dasique Souffle Color Pot #07 Burnt Sienna 6.5 g &#8211; balsam do ust i policzk\u00f3w ceglasty r\u00f3\u017c<\/span><\/a><\/p>\n","protected":false},"featured_media":609600,"comment_status":"open","ping_status":"closed","template":"","meta":{"_links_to":"","_links_to_target":""},"yoast_head":"<!-- This site is optimized with the Yoast SEO plugin v19.4 - https:\/\/yoast.com\/wordpress\/plugins\/seo\/ -->\n<title>Dasique Souffle Color Pot #07 Burnt Sienna 6.5 g - balsam do ust i policzk\u00f3w ceglasty r\u00f3\u017c - Selleetools.com<\/title>\n<meta name=\"robots\" content=\"index, follow, max-snippet:-1, max-image-preview:large, max-video-preview:-1\" \/>\n<link rel=\"canonical\" href=\"https:\/\/selleetools.com\/pl\/product\/dasique-souffle-color-pot-07-burnt-sienna-6-5-g-balsam-do-ust-i-policzkow-ceglasty-roz\/\" \/>\n<meta property=\"og:locale\" content=\"pl_PL\" \/>\n<meta property=\"og:type\" content=\"article\" \/>\n<meta property=\"og:title\" content=\"Dasique Souffle Color Pot #07 Burnt Sienna 6.5 g - balsam do ust i policzk\u00f3w ceglasty r\u00f3\u017c - Selleetools.com\" \/>\n<meta property=\"og:description\" content=\"Kremowy balsam do ust i policzk\u00f3w Dasique Souffle Color Pot w odcieniu #07 Burnt Sienna to wielozadaniowy produkt o aksamitnej formule i wyrazistym, ceglasto-r\u00f3\u017cowym kolorze. Odcie\u0144 inspirowany naturalnym rumie\u0144cem i ciep\u0142em ziemistych ton\u00f3w doskonale podkre\u015bla karnacj\u0119, nadaj\u0105c sk\u00f3rze \u015bwie\u017co\u015bci i promiennego wygl\u0105du. Korzy\u015bci ze stosowania: Naturalny efekt makija\u017cu \u2013 mi\u0119kka formu\u0142a stapia si\u0119 ze sk\u00f3r\u0105, ... Read moreDasique Souffle Color Pot #07 Burnt Sienna 6.5 g &#8211; balsam do ust i policzk\u00f3w ceglasty r\u00f3\u017c\" \/>\n<meta property=\"og:url\" content=\"https:\/\/selleetools.com\/pl\/product\/dasique-souffle-color-pot-07-burnt-sienna-6-5-g-balsam-do-ust-i-policzkow-ceglasty-roz\/\" \/>\n<meta property=\"og:site_name\" content=\"Selleetools.com\" \/>\n<meta property=\"article:modified_time\" content=\"2025-11-04T21:04:07+00:00\" \/>\n<meta property=\"og:image\" content=\"https:\/\/selleetools.com\/wp-content\/uploads\/2025\/10\/db8aa66e16e909b0650652407c74107d.png\" \/>\n\t<meta property=\"og:image:width\" content=\"1080\" \/>\n\t<meta property=\"og:image:height\" content=\"1080\" \/>\n\t<meta property=\"og:image:type\" content=\"image\/png\" \/>\n<meta name=\"twitter:card\" content=\"summary_large_image\" \/>\n<meta name=\"twitter:label1\" content=\"Est. reading time\" \/>\n\t<meta name=\"twitter:data1\" content=\"1 minuta\" \/>\n<!-- \/ Yoast SEO plugin. -->","yoast_head_json":{"title":"Dasique Souffle Color Pot #07 Burnt Sienna 6.5 g - balsam do ust i policzk\u00f3w ceglasty r\u00f3\u017c - Selleetools.com","robots":{"index":"index","follow":"follow","max-snippet":"max-snippet:-1","max-image-preview":"max-image-preview:large","max-video-preview":"max-video-preview:-1"},"canonical":"https:\/\/selleetools.com\/pl\/product\/dasique-souffle-color-pot-07-burnt-sienna-6-5-g-balsam-do-ust-i-policzkow-ceglasty-roz\/","og_locale":"pl_PL","og_type":"article","og_title":"Dasique Souffle Color Pot #07 Burnt Sienna 6.5 g - balsam do ust i policzk\u00f3w ceglasty r\u00f3\u017c - Selleetools.com","og_description":"Kremowy balsam do ust i policzk\u00f3w Dasique Souffle Color Pot w odcieniu #07 Burnt Sienna to wielozadaniowy produkt o aksamitnej formule i wyrazistym, ceglasto-r\u00f3\u017cowym kolorze. Odcie\u0144 inspirowany naturalnym rumie\u0144cem i ciep\u0142em ziemistych ton\u00f3w doskonale podkre\u015bla karnacj\u0119, nadaj\u0105c sk\u00f3rze \u015bwie\u017co\u015bci i promiennego wygl\u0105du. Korzy\u015bci ze stosowania: Naturalny efekt makija\u017cu \u2013 mi\u0119kka formu\u0142a stapia si\u0119 ze sk\u00f3r\u0105, ... Read moreDasique Souffle Color Pot #07 Burnt Sienna 6.5 g &#8211; balsam do ust i policzk\u00f3w ceglasty r\u00f3\u017c","og_url":"https:\/\/selleetools.com\/pl\/product\/dasique-souffle-color-pot-07-burnt-sienna-6-5-g-balsam-do-ust-i-policzkow-ceglasty-roz\/","og_site_name":"Selleetools.com","article_modified_time":"2025-11-04T21:04:07+00:00","og_image":[{"width":1080,"height":1080,"url":"https:\/\/selleetools.com\/wp-content\/uploads\/2025\/10\/db8aa66e16e909b0650652407c74107d.png","type":"image\/png"}],"twitter_card":"summary_large_image","twitter_misc":{"Est. reading time":"1 minuta"},"schema":{"@context":"https:\/\/schema.org","@graph":[{"@type":"Organization","@id":"https:\/\/selleetools.com\/#organization","name":"Selleetools","url":"https:\/\/selleetools.com\/","sameAs":[],"logo":{"@type":"ImageObject","inLanguage":"pl-PL","@id":"https:\/\/selleetools.com\/#\/schema\/logo\/image\/","url":"https:\/\/selleetools.com\/wp-content\/uploads\/2021\/10\/logo-dark.png","contentUrl":"https:\/\/selleetools.com\/wp-content\/uploads\/2021\/10\/logo-dark.png","width":320,"height":76,"caption":"Selleetools"},"image":{"@id":"https:\/\/selleetools.com\/#\/schema\/logo\/image\/"}},{"@type":"WebSite","@id":"https:\/\/selleetools.com\/#website","url":"https:\/\/selleetools.com\/","name":"Selleetools.com","description":"","publisher":{"@id":"https:\/\/selleetools.com\/#organization"},"potentialAction":[{"@type":"SearchAction","target":{"@type":"EntryPoint","urlTemplate":"https:\/\/selleetools.com\/?s={search_term_string}"},"query-input":"required name=search_term_string"}],"inLanguage":"pl-PL"},{"@type":"WebPage","@id":"https:\/\/selleetools.com\/pl\/product\/dasique-souffle-color-pot-07-burnt-sienna-6-5-g-balsam-do-ust-i-policzkow-ceglasty-roz\/","url":"https:\/\/selleetools.com\/pl\/product\/dasique-souffle-color-pot-07-burnt-sienna-6-5-g-balsam-do-ust-i-policzkow-ceglasty-roz\/","name":"Dasique Souffle Color Pot #07 Burnt Sienna 6.5 g - balsam do ust i policzk\u00f3w ceglasty r\u00f3\u017c - Selleetools.com","isPartOf":{"@id":"https:\/\/selleetools.com\/#website"},"datePublished":"2025-10-24T12:36:59+00:00","dateModified":"2025-11-04T21:04:07+00:00","breadcrumb":{"@id":"https:\/\/selleetools.com\/pl\/product\/dasique-souffle-color-pot-07-burnt-sienna-6-5-g-balsam-do-ust-i-policzkow-ceglasty-roz\/#breadcrumb"},"inLanguage":"pl-PL","potentialAction":[{"@type":"ReadAction","target":["https:\/\/selleetools.com\/pl\/product\/dasique-souffle-color-pot-07-burnt-sienna-6-5-g-balsam-do-ust-i-policzkow-ceglasty-roz\/"]}]},{"@type":"BreadcrumbList","@id":"https:\/\/selleetools.com\/pl\/product\/dasique-souffle-color-pot-07-burnt-sienna-6-5-g-balsam-do-ust-i-policzkow-ceglasty-roz\/#breadcrumb","itemListElement":[{"@type":"ListItem","position":1,"name":"Home","item":"https:\/\/selleetools.com\/pl\/"},{"@type":"ListItem","position":2,"name":"Katalog","item":"https:\/\/selleetools.com\/pl\/katalog\/"},{"@type":"ListItem","position":3,"name":"Dasique Souffle Color Pot #07 Burnt Sienna 6.5 g &#8211; balsam do ust i policzk\u00f3w ceglasty r\u00f3\u017c"}]}]}},"_links":{"self":[{"href":"https:\/\/selleetools.com\/pl\/wp-json\/wp\/v2\/product\/609602"}],"collection":[{"href":"https:\/\/selleetools.com\/pl\/wp-json\/wp\/v2\/product"}],"about":[{"href":"https:\/\/selleetools.com\/pl\/wp-json\/wp\/v2\/types\/product"}],"replies":[{"embeddable":true,"href":"https:\/\/selleetools.com\/pl\/wp-json\/wp\/v2\/comments?post=609602"}],"wp:featuredmedia":[{"embeddable":true,"href":"https:\/\/selleetools.com\/pl\/wp-json\/wp\/v2\/media\/609600"}],"wp:attachment":[{"href":"https:\/\/selleetools.com\/pl\/wp-json\/wp\/v2\/media?parent=609602"}],"curies":[{"name":"wp","href":"https:\/\/api.w.org\/{rel}","templated":true}]}}