{"id":609593,"date":"2025-10-24T14:36:51","date_gmt":"2025-10-24T12:36:51","guid":{"rendered":"https:\/\/selleetools.com\/?post_type=product&#038;p=609593"},"modified":"2026-01-07T12:25:07","modified_gmt":"2026-01-07T11:25:07","slug":"dasique-shadow-palette-01-sugar-brownie-7-g-brazowa-paleta-cieni-do-powiek","status":"publish","type":"product","link":"https:\/\/selleetools.com\/pl\/product\/dasique-shadow-palette-01-sugar-brownie-7-g-brazowa-paleta-cieni-do-powiek\/","title":{"rendered":"Dasique Shadow Palette #01 Sugar Brownie 7 g &#8211; br\u0105zowa paleta cieni do powiek"},"content":{"rendered":"<p>Paleta Dasique #01 Sugar Brownie to harmonijna kompozycja dziewi\u0119ciu odcieni cieni do powiek w ciep\u0142ej, br\u0105zowej tonacji \u2013 od delikatnych be\u017cy i kremowych nude po g\u0142\u0119bokie, czekoladowe br\u0105zy z matowym, satynowym i po\u0142yskuj\u0105cym wyko\u0144czeniem. Odcienie takie jak Flat Beige, Vanilla Bean czy Cocoa Milk zosta\u0142y dobrane tak, aby umo\u017cliwi\u0107 stworzenie zar\u00f3wno codziennego makija\u017cu, jak i wieczorowego looku z efektem g\u0142\u0119bi.<\/p>\n<p>Korzy\u015bci ze stosowania:<br \/>\nUniwersalna gama kolorystyczna \u2013 idealna dla ka\u017cdego typu urody, szczeg\u00f3lnie przy makija\u017cu dziennym i neutralnym smokey eye.<br \/>\n\u0141atwa aplikacja i blendowanie \u2013 mi\u0119kka, drobno zmielona formu\u0142a dobrze si\u0119 rozprowadza i nie osypuje.<br \/>\nBogaty sk\u0142ad piel\u0119gnuj\u0105cy \u2013 zawiera m.in. mas\u0142o z nasion Shorea Robusta oraz olej z orzech\u00f3w makadamia, kt\u00f3re pomagaj\u0105 utrzyma\u0107 nawil\u017cenie sk\u00f3ry powiek.<br \/>\nWysoka trwa\u0142o\u015b\u0107 \u2013 cienie utrzymuj\u0105 si\u0119 na powiekach przez wiele godzin bez blakni\u0119cia.<\/p>\n<p>Spos\u00f3b u\u017cycia:<br \/>\nNa\u0142\u00f3\u017c ja\u015bniejszy cie\u0144 (np. Flat Beige lub Vanilla Bean) na ca\u0142\u0105 powiek\u0119 jako baz\u0119.<br \/>\nU\u017cyj \u015bredniego tonu (np. Nutty Cherry lub Almond Cream) do zaznaczenia za\u0142amania powieki.<br \/>\nNa\u0142\u00f3\u017c ciemniejszy cie\u0144 (np. Double Chocochip lub Roasted Chou) na zewn\u0119trzny k\u0105cik oka i doln\u0105 powiek\u0119, aby podkre\u015bli\u0107 spojrzenie.<br \/>\nNa \u015brodek powieki i wewn\u0119trzny k\u0105cik dodaj po\u0142yskuj\u0105cy odcie\u0144 (np. Candy Bomb), aby optycznie powi\u0119kszy\u0107 oko.<\/p>\n","protected":false},"excerpt":{"rendered":"<p>Paleta Dasique #01 Sugar Brownie to harmonijna kompozycja dziewi\u0119ciu odcieni cieni do powiek w ciep\u0142ej, br\u0105zowej tonacji \u2013 od delikatnych be\u017cy i kremowych nude po g\u0142\u0119bokie, czekoladowe br\u0105zy z matowym, satynowym i po\u0142yskuj\u0105cym wyko\u0144czeniem. Odcienie takie jak Flat Beige, Vanilla Bean czy Cocoa Milk zosta\u0142y dobrane tak, aby umo\u017cliwi\u0107 stworzenie zar\u00f3wno codziennego makija\u017cu, jak i &#8230; <a title=\"Dasique Shadow Palette #01 Sugar Brownie 7 g &#8211; br\u0105zowa paleta cieni do powiek\" class=\"read-more\" href=\"https:\/\/selleetools.com\/pl\/product\/dasique-shadow-palette-01-sugar-brownie-7-g-brazowa-paleta-cieni-do-powiek\/\">Read more<span class=\"screen-reader-text\">Dasique Shadow Palette #01 Sugar Brownie 7 g &#8211; br\u0105zowa paleta cieni do powiek<\/span><\/a><\/p>\n","protected":false},"featured_media":609591,"comment_status":"open","ping_status":"closed","template":"","meta":{"_links_to":"","_links_to_target":""},"yoast_head":"<!-- This site is optimized with the Yoast SEO plugin v19.4 - https:\/\/yoast.com\/wordpress\/plugins\/seo\/ -->\n<title>Dasique Shadow Palette #01 Sugar Brownie 7 g - br\u0105zowa paleta cieni do powiek - Selleetools.com<\/title>\n<meta name=\"robots\" content=\"index, follow, max-snippet:-1, max-image-preview:large, max-video-preview:-1\" \/>\n<link rel=\"canonical\" href=\"https:\/\/selleetools.com\/pl\/product\/dasique-shadow-palette-01-sugar-brownie-7-g-brazowa-paleta-cieni-do-powiek\/\" \/>\n<meta property=\"og:locale\" content=\"pl_PL\" \/>\n<meta property=\"og:type\" content=\"article\" \/>\n<meta property=\"og:title\" content=\"Dasique Shadow Palette #01 Sugar Brownie 7 g - br\u0105zowa paleta cieni do powiek - Selleetools.com\" \/>\n<meta property=\"og:description\" content=\"Paleta Dasique #01 Sugar Brownie to harmonijna kompozycja dziewi\u0119ciu odcieni cieni do powiek w ciep\u0142ej, br\u0105zowej tonacji \u2013 od delikatnych be\u017cy i kremowych nude po g\u0142\u0119bokie, czekoladowe br\u0105zy z matowym, satynowym i po\u0142yskuj\u0105cym wyko\u0144czeniem. Odcienie takie jak Flat Beige, Vanilla Bean czy Cocoa Milk zosta\u0142y dobrane tak, aby umo\u017cliwi\u0107 stworzenie zar\u00f3wno codziennego makija\u017cu, jak i ... Read moreDasique Shadow Palette #01 Sugar Brownie 7 g &#8211; br\u0105zowa paleta cieni do powiek\" \/>\n<meta property=\"og:url\" content=\"https:\/\/selleetools.com\/pl\/product\/dasique-shadow-palette-01-sugar-brownie-7-g-brazowa-paleta-cieni-do-powiek\/\" \/>\n<meta property=\"og:site_name\" content=\"Selleetools.com\" \/>\n<meta property=\"article:modified_time\" content=\"2026-01-07T11:25:07+00:00\" \/>\n<meta property=\"og:image\" content=\"https:\/\/selleetools.com\/wp-content\/uploads\/2025\/10\/bc5f00a701dae7f494424c5362bbd394.png\" \/>\n\t<meta property=\"og:image:width\" content=\"1080\" \/>\n\t<meta property=\"og:image:height\" content=\"1080\" \/>\n\t<meta property=\"og:image:type\" content=\"image\/png\" \/>\n<meta name=\"twitter:card\" content=\"summary_large_image\" \/>\n<meta name=\"twitter:label1\" content=\"Est. reading time\" \/>\n\t<meta name=\"twitter:data1\" content=\"1 minuta\" \/>\n<!-- \/ Yoast SEO plugin. -->","yoast_head_json":{"title":"Dasique Shadow Palette #01 Sugar Brownie 7 g - br\u0105zowa paleta cieni do powiek - Selleetools.com","robots":{"index":"index","follow":"follow","max-snippet":"max-snippet:-1","max-image-preview":"max-image-preview:large","max-video-preview":"max-video-preview:-1"},"canonical":"https:\/\/selleetools.com\/pl\/product\/dasique-shadow-palette-01-sugar-brownie-7-g-brazowa-paleta-cieni-do-powiek\/","og_locale":"pl_PL","og_type":"article","og_title":"Dasique Shadow Palette #01 Sugar Brownie 7 g - br\u0105zowa paleta cieni do powiek - Selleetools.com","og_description":"Paleta Dasique #01 Sugar Brownie to harmonijna kompozycja dziewi\u0119ciu odcieni cieni do powiek w ciep\u0142ej, br\u0105zowej tonacji \u2013 od delikatnych be\u017cy i kremowych nude po g\u0142\u0119bokie, czekoladowe br\u0105zy z matowym, satynowym i po\u0142yskuj\u0105cym wyko\u0144czeniem. Odcienie takie jak Flat Beige, Vanilla Bean czy Cocoa Milk zosta\u0142y dobrane tak, aby umo\u017cliwi\u0107 stworzenie zar\u00f3wno codziennego makija\u017cu, jak i ... Read moreDasique Shadow Palette #01 Sugar Brownie 7 g &#8211; br\u0105zowa paleta cieni do powiek","og_url":"https:\/\/selleetools.com\/pl\/product\/dasique-shadow-palette-01-sugar-brownie-7-g-brazowa-paleta-cieni-do-powiek\/","og_site_name":"Selleetools.com","article_modified_time":"2026-01-07T11:25:07+00:00","og_image":[{"width":1080,"height":1080,"url":"https:\/\/selleetools.com\/wp-content\/uploads\/2025\/10\/bc5f00a701dae7f494424c5362bbd394.png","type":"image\/png"}],"twitter_card":"summary_large_image","twitter_misc":{"Est. reading time":"1 minuta"},"schema":{"@context":"https:\/\/schema.org","@graph":[{"@type":"Organization","@id":"https:\/\/selleetools.com\/#organization","name":"Selleetools","url":"https:\/\/selleetools.com\/","sameAs":[],"logo":{"@type":"ImageObject","inLanguage":"pl-PL","@id":"https:\/\/selleetools.com\/#\/schema\/logo\/image\/","url":"https:\/\/selleetools.com\/wp-content\/uploads\/2021\/10\/logo-dark.png","contentUrl":"https:\/\/selleetools.com\/wp-content\/uploads\/2021\/10\/logo-dark.png","width":320,"height":76,"caption":"Selleetools"},"image":{"@id":"https:\/\/selleetools.com\/#\/schema\/logo\/image\/"}},{"@type":"WebSite","@id":"https:\/\/selleetools.com\/#website","url":"https:\/\/selleetools.com\/","name":"Selleetools.com","description":"","publisher":{"@id":"https:\/\/selleetools.com\/#organization"},"potentialAction":[{"@type":"SearchAction","target":{"@type":"EntryPoint","urlTemplate":"https:\/\/selleetools.com\/?s={search_term_string}"},"query-input":"required name=search_term_string"}],"inLanguage":"pl-PL"},{"@type":"WebPage","@id":"https:\/\/selleetools.com\/pl\/product\/dasique-shadow-palette-01-sugar-brownie-7-g-brazowa-paleta-cieni-do-powiek\/","url":"https:\/\/selleetools.com\/pl\/product\/dasique-shadow-palette-01-sugar-brownie-7-g-brazowa-paleta-cieni-do-powiek\/","name":"Dasique Shadow Palette #01 Sugar Brownie 7 g - br\u0105zowa paleta cieni do powiek - Selleetools.com","isPartOf":{"@id":"https:\/\/selleetools.com\/#website"},"datePublished":"2025-10-24T12:36:51+00:00","dateModified":"2026-01-07T11:25:07+00:00","breadcrumb":{"@id":"https:\/\/selleetools.com\/pl\/product\/dasique-shadow-palette-01-sugar-brownie-7-g-brazowa-paleta-cieni-do-powiek\/#breadcrumb"},"inLanguage":"pl-PL","potentialAction":[{"@type":"ReadAction","target":["https:\/\/selleetools.com\/pl\/product\/dasique-shadow-palette-01-sugar-brownie-7-g-brazowa-paleta-cieni-do-powiek\/"]}]},{"@type":"BreadcrumbList","@id":"https:\/\/selleetools.com\/pl\/product\/dasique-shadow-palette-01-sugar-brownie-7-g-brazowa-paleta-cieni-do-powiek\/#breadcrumb","itemListElement":[{"@type":"ListItem","position":1,"name":"Home","item":"https:\/\/selleetools.com\/pl\/"},{"@type":"ListItem","position":2,"name":"Katalog","item":"https:\/\/selleetools.com\/pl\/katalog\/"},{"@type":"ListItem","position":3,"name":"Dasique Shadow Palette #01 Sugar Brownie 7 g &#8211; br\u0105zowa paleta cieni do powiek"}]}]}},"_links":{"self":[{"href":"https:\/\/selleetools.com\/pl\/wp-json\/wp\/v2\/product\/609593"}],"collection":[{"href":"https:\/\/selleetools.com\/pl\/wp-json\/wp\/v2\/product"}],"about":[{"href":"https:\/\/selleetools.com\/pl\/wp-json\/wp\/v2\/types\/product"}],"replies":[{"embeddable":true,"href":"https:\/\/selleetools.com\/pl\/wp-json\/wp\/v2\/comments?post=609593"}],"wp:featuredmedia":[{"embeddable":true,"href":"https:\/\/selleetools.com\/pl\/wp-json\/wp\/v2\/media\/609591"}],"wp:attachment":[{"href":"https:\/\/selleetools.com\/pl\/wp-json\/wp\/v2\/media?parent=609593"}],"curies":[{"name":"wp","href":"https:\/\/api.w.org\/{rel}","templated":true}]}}