{"id":609583,"date":"2025-10-24T14:36:40","date_gmt":"2025-10-24T12:36:40","guid":{"rendered":"https:\/\/selleetools.com\/?post_type=product&#038;p=609583"},"modified":"2025-11-12T16:00:16","modified_gmt":"2025-11-12T15:00:16","slug":"dasique-melting-candy-balm-02-apple-cinnamon-1-5-g-balsam-do-ust-czerwone-jablko","status":"publish","type":"product","link":"https:\/\/selleetools.com\/pl\/product\/dasique-melting-candy-balm-02-apple-cinnamon-1-5-g-balsam-do-ust-czerwone-jablko\/","title":{"rendered":"Dasique Melting Candy Balm #02 Apple Cinnamon 1.5 g &#8211; balsam do ust czerwone jab\u0142ko"},"content":{"rendered":"<p>Dasique Melting Candy Balm #02 Apple Cinnamon to nawil\u017caj\u0105cy balsam do ust w odcieniu soczystej czerwieni inspirowanej dojrza\u0142ym jab\u0142kiem z delikatnie ciep\u0142\u0105, cynamonow\u0105 nut\u0105. Formu\u0142a o b\u0142yszcz\u0105cym, p\u00f3\u0142transparentnym wyko\u0144czeniu podkre\u015bla naturalny kolor ust i nadaje im zdrowy, \u015bwie\u017cy wygl\u0105d.<\/p>\n<p>Korzy\u015bci ze stosowania:<br \/>\nIntensywne nawil\u017cenie i wyg\u0142adzenie ust dzi\u0119ki zawarto\u015bci oleju arganowego i jojoba<br \/>\nLekka, nieklej\u0105ca si\u0119 konsystencja idealna do codziennego stosowania<br \/>\nOchrona i regeneracja ust za spraw\u0105 kompleksu ekstrakt\u00f3w owocowych (m.in. bor\u00f3wki, \u017curawiny, maliny)<br \/>\nSubtelny, naturalny kolor o b\u0142yszcz\u0105cym wyko\u0144czeniu \u2013 idealny jako samodzielny produkt lub top na szmink\u0119<\/p>\n<p>Spos\u00f3b u\u017cycia:<br \/>\nNak\u0142adaj bezpo\u015brednio na usta za pomoc\u0105 sztyftu. Mo\u017cesz aplikowa\u0107 jedn\u0105 warstw\u0119 dla delikatnego efektu lub do\u0142o\u017cy\u0107 kolejne, aby uzyska\u0107 bardziej intensywny kolor i po\u0142ysk. Stosuj wed\u0142ug potrzeb w ci\u0105gu dnia.<\/p>\n","protected":false},"excerpt":{"rendered":"<p>Dasique Melting Candy Balm #02 Apple Cinnamon to nawil\u017caj\u0105cy balsam do ust w odcieniu soczystej czerwieni inspirowanej dojrza\u0142ym jab\u0142kiem z delikatnie ciep\u0142\u0105, cynamonow\u0105 nut\u0105. Formu\u0142a o b\u0142yszcz\u0105cym, p\u00f3\u0142transparentnym wyko\u0144czeniu podkre\u015bla naturalny kolor ust i nadaje im zdrowy, \u015bwie\u017cy wygl\u0105d. Korzy\u015bci ze stosowania: Intensywne nawil\u017cenie i wyg\u0142adzenie ust dzi\u0119ki zawarto\u015bci oleju arganowego i jojoba Lekka, nieklej\u0105ca &#8230; <a title=\"Dasique Melting Candy Balm #02 Apple Cinnamon 1.5 g &#8211; balsam do ust czerwone jab\u0142ko\" class=\"read-more\" href=\"https:\/\/selleetools.com\/pl\/product\/dasique-melting-candy-balm-02-apple-cinnamon-1-5-g-balsam-do-ust-czerwone-jablko\/\">Read more<span class=\"screen-reader-text\">Dasique Melting Candy Balm #02 Apple Cinnamon 1.5 g &#8211; balsam do ust czerwone jab\u0142ko<\/span><\/a><\/p>\n","protected":false},"featured_media":609581,"comment_status":"open","ping_status":"closed","template":"","meta":{"_links_to":"","_links_to_target":""},"yoast_head":"<!-- This site is optimized with the Yoast SEO plugin v19.4 - https:\/\/yoast.com\/wordpress\/plugins\/seo\/ -->\n<title>Dasique Melting Candy Balm #02 Apple Cinnamon 1.5 g - balsam do ust czerwone jab\u0142ko - Selleetools.com<\/title>\n<meta name=\"robots\" content=\"index, follow, max-snippet:-1, max-image-preview:large, max-video-preview:-1\" \/>\n<link rel=\"canonical\" href=\"https:\/\/selleetools.com\/product\/dasique-melting-candy-balm-02-apple-cinnamon-1-5-g-balsam-do-ust-czerwone-jablko\/\" \/>\n<meta property=\"og:locale\" content=\"pl_PL\" \/>\n<meta property=\"og:type\" content=\"article\" \/>\n<meta property=\"og:title\" content=\"Dasique Melting Candy Balm #02 Apple Cinnamon 1.5 g - balsam do ust czerwone jab\u0142ko - Selleetools.com\" \/>\n<meta property=\"og:description\" content=\"Dasique Melting Candy Balm #02 Apple Cinnamon to nawil\u017caj\u0105cy balsam do ust w odcieniu soczystej czerwieni inspirowanej dojrza\u0142ym jab\u0142kiem z delikatnie ciep\u0142\u0105, cynamonow\u0105 nut\u0105. Formu\u0142a o b\u0142yszcz\u0105cym, p\u00f3\u0142transparentnym wyko\u0144czeniu podkre\u015bla naturalny kolor ust i nadaje im zdrowy, \u015bwie\u017cy wygl\u0105d. Korzy\u015bci ze stosowania: Intensywne nawil\u017cenie i wyg\u0142adzenie ust dzi\u0119ki zawarto\u015bci oleju arganowego i jojoba Lekka, nieklej\u0105ca ... Read moreDasique Melting Candy Balm #02 Apple Cinnamon 1.5 g &#8211; balsam do ust czerwone jab\u0142ko\" \/>\n<meta property=\"og:url\" content=\"https:\/\/selleetools.com\/product\/dasique-melting-candy-balm-02-apple-cinnamon-1-5-g-balsam-do-ust-czerwone-jablko\/\" \/>\n<meta property=\"og:site_name\" content=\"Selleetools.com\" \/>\n<meta property=\"article:modified_time\" content=\"2025-11-12T15:00:16+00:00\" \/>\n<meta property=\"og:image\" content=\"https:\/\/selleetools.com\/wp-content\/uploads\/2025\/10\/0ba8b9ad4c12d4808caba254e5fd9cc1.png\" \/>\n\t<meta property=\"og:image:width\" content=\"1080\" \/>\n\t<meta property=\"og:image:height\" content=\"1080\" \/>\n\t<meta property=\"og:image:type\" content=\"image\/png\" \/>\n<meta name=\"twitter:card\" content=\"summary_large_image\" \/>\n<meta name=\"twitter:label1\" content=\"Est. reading time\" \/>\n\t<meta name=\"twitter:data1\" content=\"1 minuta\" \/>\n<!-- \/ Yoast SEO plugin. -->","yoast_head_json":{"title":"Dasique Melting Candy Balm #02 Apple Cinnamon 1.5 g - balsam do ust czerwone jab\u0142ko - Selleetools.com","robots":{"index":"index","follow":"follow","max-snippet":"max-snippet:-1","max-image-preview":"max-image-preview:large","max-video-preview":"max-video-preview:-1"},"canonical":"https:\/\/selleetools.com\/product\/dasique-melting-candy-balm-02-apple-cinnamon-1-5-g-balsam-do-ust-czerwone-jablko\/","og_locale":"pl_PL","og_type":"article","og_title":"Dasique Melting Candy Balm #02 Apple Cinnamon 1.5 g - balsam do ust czerwone jab\u0142ko - Selleetools.com","og_description":"Dasique Melting Candy Balm #02 Apple Cinnamon to nawil\u017caj\u0105cy balsam do ust w odcieniu soczystej czerwieni inspirowanej dojrza\u0142ym jab\u0142kiem z delikatnie ciep\u0142\u0105, cynamonow\u0105 nut\u0105. Formu\u0142a o b\u0142yszcz\u0105cym, p\u00f3\u0142transparentnym wyko\u0144czeniu podkre\u015bla naturalny kolor ust i nadaje im zdrowy, \u015bwie\u017cy wygl\u0105d. Korzy\u015bci ze stosowania: Intensywne nawil\u017cenie i wyg\u0142adzenie ust dzi\u0119ki zawarto\u015bci oleju arganowego i jojoba Lekka, nieklej\u0105ca ... Read moreDasique Melting Candy Balm #02 Apple Cinnamon 1.5 g &#8211; balsam do ust czerwone jab\u0142ko","og_url":"https:\/\/selleetools.com\/product\/dasique-melting-candy-balm-02-apple-cinnamon-1-5-g-balsam-do-ust-czerwone-jablko\/","og_site_name":"Selleetools.com","article_modified_time":"2025-11-12T15:00:16+00:00","og_image":[{"width":1080,"height":1080,"url":"https:\/\/selleetools.com\/wp-content\/uploads\/2025\/10\/0ba8b9ad4c12d4808caba254e5fd9cc1.png","type":"image\/png"}],"twitter_card":"summary_large_image","twitter_misc":{"Est. reading time":"1 minuta"},"schema":{"@context":"https:\/\/schema.org","@graph":[{"@type":"Organization","@id":"https:\/\/selleetools.com\/#organization","name":"Selleetools","url":"https:\/\/selleetools.com\/","sameAs":[],"logo":{"@type":"ImageObject","inLanguage":"pl-PL","@id":"https:\/\/selleetools.com\/#\/schema\/logo\/image\/","url":"https:\/\/selleetools.com\/wp-content\/uploads\/2021\/10\/logo-dark.png","contentUrl":"https:\/\/selleetools.com\/wp-content\/uploads\/2021\/10\/logo-dark.png","width":320,"height":76,"caption":"Selleetools"},"image":{"@id":"https:\/\/selleetools.com\/#\/schema\/logo\/image\/"}},{"@type":"WebSite","@id":"https:\/\/selleetools.com\/#website","url":"https:\/\/selleetools.com\/","name":"Selleetools.com","description":"","publisher":{"@id":"https:\/\/selleetools.com\/#organization"},"potentialAction":[{"@type":"SearchAction","target":{"@type":"EntryPoint","urlTemplate":"https:\/\/selleetools.com\/?s={search_term_string}"},"query-input":"required name=search_term_string"}],"inLanguage":"pl-PL"},{"@type":"WebPage","@id":"https:\/\/selleetools.com\/product\/dasique-melting-candy-balm-02-apple-cinnamon-1-5-g-balsam-do-ust-czerwone-jablko\/","url":"https:\/\/selleetools.com\/product\/dasique-melting-candy-balm-02-apple-cinnamon-1-5-g-balsam-do-ust-czerwone-jablko\/","name":"Dasique Melting Candy Balm #02 Apple Cinnamon 1.5 g - balsam do ust czerwone jab\u0142ko - Selleetools.com","isPartOf":{"@id":"https:\/\/selleetools.com\/#website"},"datePublished":"2025-10-24T12:36:40+00:00","dateModified":"2025-11-12T15:00:16+00:00","breadcrumb":{"@id":"https:\/\/selleetools.com\/product\/dasique-melting-candy-balm-02-apple-cinnamon-1-5-g-balsam-do-ust-czerwone-jablko\/#breadcrumb"},"inLanguage":"pl-PL","potentialAction":[{"@type":"ReadAction","target":["https:\/\/selleetools.com\/product\/dasique-melting-candy-balm-02-apple-cinnamon-1-5-g-balsam-do-ust-czerwone-jablko\/"]}]},{"@type":"BreadcrumbList","@id":"https:\/\/selleetools.com\/product\/dasique-melting-candy-balm-02-apple-cinnamon-1-5-g-balsam-do-ust-czerwone-jablko\/#breadcrumb","itemListElement":[{"@type":"ListItem","position":1,"name":"Home","item":"https:\/\/selleetools.com\/pl\/"},{"@type":"ListItem","position":2,"name":"Katalog","item":"https:\/\/selleetools.com\/pl\/katalog\/"},{"@type":"ListItem","position":3,"name":"Dasique Melting Candy Balm #02 Apple Cinnamon 1.5 g &#8211; balsam do ust czerwone jab\u0142ko"}]}]}},"_links":{"self":[{"href":"https:\/\/selleetools.com\/pl\/wp-json\/wp\/v2\/product\/609583"}],"collection":[{"href":"https:\/\/selleetools.com\/pl\/wp-json\/wp\/v2\/product"}],"about":[{"href":"https:\/\/selleetools.com\/pl\/wp-json\/wp\/v2\/types\/product"}],"replies":[{"embeddable":true,"href":"https:\/\/selleetools.com\/pl\/wp-json\/wp\/v2\/comments?post=609583"}],"wp:featuredmedia":[{"embeddable":true,"href":"https:\/\/selleetools.com\/pl\/wp-json\/wp\/v2\/media\/609581"}],"wp:attachment":[{"href":"https:\/\/selleetools.com\/pl\/wp-json\/wp\/v2\/media?parent=609583"}],"curies":[{"name":"wp","href":"https:\/\/api.w.org\/{rel}","templated":true}]}}