{"id":609574,"date":"2025-10-24T14:36:31","date_gmt":"2025-10-24T12:36:31","guid":{"rendered":"https:\/\/selleetools.com\/?post_type=product&#038;p=609574"},"modified":"2026-03-23T13:30:15","modified_gmt":"2026-03-23T12:30:15","slug":"dasique-pro-concealer-palette-01-cover-9-g-paleta-9-korektorow-do-twarzy","status":"publish","type":"product","link":"https:\/\/selleetools.com\/pl\/product\/dasique-pro-concealer-palette-01-cover-9-g-paleta-9-korektorow-do-twarzy\/","title":{"rendered":"Dasique Pro Concealer Palette #01 Cover 9 g &#8211; paleta 9 korektor\u00f3w do twarzy"},"content":{"rendered":"<p>Dasique Pro Concealer Palette #01 Cover to profesjonalna paleta zawieraj\u0105ca 9 odcieni korektor\u00f3w do twarzy, zaprojektowana z my\u015bl\u0105 o precyzyjnym korygowaniu niedoskona\u0142o\u015bci, wyr\u00f3wnywaniu kolorytu sk\u00f3ry oraz konturowaniu. Znajduj\u0105 si\u0119 w niej kremowe formu\u0142y w naturalnych, be\u017cowo-\u017c\u00f3\u0142tawych i brzoskwiniowych tonacjach \u2013 od jasnych po \u015brednie i ciemniejsze odcienie, dzi\u0119ki czemu paleta sprawdzi si\u0119 przy wielu typach karnacji. Konsystencja pozwala na \u0142atwe rozprowadzanie i budowanie poziomu krycia bez efektu maski.<\/p>\n<p>Korzy\u015bci ze stosowania:<br \/>\nUmo\u017cliwia korekcj\u0119 przebarwie\u0144, zaczerwienie\u0144, cieni pod oczami i niedoskona\u0142o\u015bci.<br \/>\nDoskona\u0142a do konturowania i modelowania twarzy.<br \/>\nKremowa, \u0142atwa do rozblendowania formu\u0142a nie obci\u0105\u017ca sk\u00f3ry.<br \/>\nSk\u0142ad wzbogacony o pantenol, ekstrakt z drzewa herbacianego i Centella Asiatica wspiera piel\u0119gnacj\u0119 sk\u00f3ry wra\u017cliwej i problematycznej.<br \/>\nCeramidy i skwalan wspomagaj\u0105 regeneracj\u0119 bariery ochronnej sk\u00f3ry.<\/p>\n<p>Spos\u00f3b u\u017cycia:<br \/>\nNanie\u015b wybrane odcienie korektora za pomoc\u0105 p\u0119dzla, g\u0105bki lub opuszk\u00f3w palc\u00f3w. Jasne kolory stosuj do roz\u015bwietlania i kamuflowania, ciemniejsze do konturowania. Delikatnie wklep i rozblenduj na sk\u00f3rze. Dla d\u0142u\u017cszej trwa\u0142o\u015bci mo\u017cesz utrwali\u0107 makija\u017c pudrem.<\/p>\n","protected":false},"excerpt":{"rendered":"<p>Dasique Pro Concealer Palette #01 Cover to profesjonalna paleta zawieraj\u0105ca 9 odcieni korektor\u00f3w do twarzy, zaprojektowana z my\u015bl\u0105 o precyzyjnym korygowaniu niedoskona\u0142o\u015bci, wyr\u00f3wnywaniu kolorytu sk\u00f3ry oraz konturowaniu. Znajduj\u0105 si\u0119 w niej kremowe formu\u0142y w naturalnych, be\u017cowo-\u017c\u00f3\u0142tawych i brzoskwiniowych tonacjach \u2013 od jasnych po \u015brednie i ciemniejsze odcienie, dzi\u0119ki czemu paleta sprawdzi si\u0119 przy wielu typach &#8230; <a title=\"Dasique Pro Concealer Palette #01 Cover 9 g &#8211; paleta 9 korektor\u00f3w do twarzy\" class=\"read-more\" href=\"https:\/\/selleetools.com\/pl\/product\/dasique-pro-concealer-palette-01-cover-9-g-paleta-9-korektorow-do-twarzy\/\">Read more<span class=\"screen-reader-text\">Dasique Pro Concealer Palette #01 Cover 9 g &#8211; paleta 9 korektor\u00f3w do twarzy<\/span><\/a><\/p>\n","protected":false},"featured_media":609572,"comment_status":"open","ping_status":"closed","template":"","meta":{"_links_to":"","_links_to_target":""},"yoast_head":"<!-- This site is optimized with the Yoast SEO plugin v19.4 - https:\/\/yoast.com\/wordpress\/plugins\/seo\/ -->\n<title>Dasique Pro Concealer Palette #01 Cover 9 g - paleta 9 korektor\u00f3w do twarzy - Selleetools.com<\/title>\n<meta name=\"robots\" content=\"index, follow, max-snippet:-1, max-image-preview:large, max-video-preview:-1\" \/>\n<link rel=\"canonical\" href=\"https:\/\/selleetools.com\/pl\/product\/dasique-pro-concealer-palette-01-cover-9-g-paleta-9-korektorow-do-twarzy\/\" \/>\n<meta property=\"og:locale\" content=\"pl_PL\" \/>\n<meta property=\"og:type\" content=\"article\" \/>\n<meta property=\"og:title\" content=\"Dasique Pro Concealer Palette #01 Cover 9 g - paleta 9 korektor\u00f3w do twarzy - Selleetools.com\" \/>\n<meta property=\"og:description\" content=\"Dasique Pro Concealer Palette #01 Cover to profesjonalna paleta zawieraj\u0105ca 9 odcieni korektor\u00f3w do twarzy, zaprojektowana z my\u015bl\u0105 o precyzyjnym korygowaniu niedoskona\u0142o\u015bci, wyr\u00f3wnywaniu kolorytu sk\u00f3ry oraz konturowaniu. Znajduj\u0105 si\u0119 w niej kremowe formu\u0142y w naturalnych, be\u017cowo-\u017c\u00f3\u0142tawych i brzoskwiniowych tonacjach \u2013 od jasnych po \u015brednie i ciemniejsze odcienie, dzi\u0119ki czemu paleta sprawdzi si\u0119 przy wielu typach ... Read moreDasique Pro Concealer Palette #01 Cover 9 g &#8211; paleta 9 korektor\u00f3w do twarzy\" \/>\n<meta property=\"og:url\" content=\"https:\/\/selleetools.com\/pl\/product\/dasique-pro-concealer-palette-01-cover-9-g-paleta-9-korektorow-do-twarzy\/\" \/>\n<meta property=\"og:site_name\" content=\"Selleetools.com\" \/>\n<meta property=\"article:modified_time\" content=\"2026-03-23T12:30:15+00:00\" \/>\n<meta property=\"og:image\" content=\"https:\/\/selleetools.com\/wp-content\/uploads\/2025\/10\/1304d607e06566ff6a0b3ef28e98ec55.png\" \/>\n\t<meta property=\"og:image:width\" content=\"1080\" \/>\n\t<meta property=\"og:image:height\" content=\"1080\" \/>\n\t<meta property=\"og:image:type\" content=\"image\/png\" \/>\n<meta name=\"twitter:card\" content=\"summary_large_image\" \/>\n<meta name=\"twitter:label1\" content=\"Est. reading time\" \/>\n\t<meta name=\"twitter:data1\" content=\"1 minuta\" \/>\n<!-- \/ Yoast SEO plugin. -->","yoast_head_json":{"title":"Dasique Pro Concealer Palette #01 Cover 9 g - paleta 9 korektor\u00f3w do twarzy - Selleetools.com","robots":{"index":"index","follow":"follow","max-snippet":"max-snippet:-1","max-image-preview":"max-image-preview:large","max-video-preview":"max-video-preview:-1"},"canonical":"https:\/\/selleetools.com\/pl\/product\/dasique-pro-concealer-palette-01-cover-9-g-paleta-9-korektorow-do-twarzy\/","og_locale":"pl_PL","og_type":"article","og_title":"Dasique Pro Concealer Palette #01 Cover 9 g - paleta 9 korektor\u00f3w do twarzy - Selleetools.com","og_description":"Dasique Pro Concealer Palette #01 Cover to profesjonalna paleta zawieraj\u0105ca 9 odcieni korektor\u00f3w do twarzy, zaprojektowana z my\u015bl\u0105 o precyzyjnym korygowaniu niedoskona\u0142o\u015bci, wyr\u00f3wnywaniu kolorytu sk\u00f3ry oraz konturowaniu. Znajduj\u0105 si\u0119 w niej kremowe formu\u0142y w naturalnych, be\u017cowo-\u017c\u00f3\u0142tawych i brzoskwiniowych tonacjach \u2013 od jasnych po \u015brednie i ciemniejsze odcienie, dzi\u0119ki czemu paleta sprawdzi si\u0119 przy wielu typach ... Read moreDasique Pro Concealer Palette #01 Cover 9 g &#8211; paleta 9 korektor\u00f3w do twarzy","og_url":"https:\/\/selleetools.com\/pl\/product\/dasique-pro-concealer-palette-01-cover-9-g-paleta-9-korektorow-do-twarzy\/","og_site_name":"Selleetools.com","article_modified_time":"2026-03-23T12:30:15+00:00","og_image":[{"width":1080,"height":1080,"url":"https:\/\/selleetools.com\/wp-content\/uploads\/2025\/10\/1304d607e06566ff6a0b3ef28e98ec55.png","type":"image\/png"}],"twitter_card":"summary_large_image","twitter_misc":{"Est. reading time":"1 minuta"},"schema":{"@context":"https:\/\/schema.org","@graph":[{"@type":"Organization","@id":"https:\/\/selleetools.com\/#organization","name":"Selleetools","url":"https:\/\/selleetools.com\/","sameAs":[],"logo":{"@type":"ImageObject","inLanguage":"pl-PL","@id":"https:\/\/selleetools.com\/#\/schema\/logo\/image\/","url":"https:\/\/selleetools.com\/wp-content\/uploads\/2021\/10\/logo-dark.png","contentUrl":"https:\/\/selleetools.com\/wp-content\/uploads\/2021\/10\/logo-dark.png","width":320,"height":76,"caption":"Selleetools"},"image":{"@id":"https:\/\/selleetools.com\/#\/schema\/logo\/image\/"}},{"@type":"WebSite","@id":"https:\/\/selleetools.com\/#website","url":"https:\/\/selleetools.com\/","name":"Selleetools.com","description":"","publisher":{"@id":"https:\/\/selleetools.com\/#organization"},"potentialAction":[{"@type":"SearchAction","target":{"@type":"EntryPoint","urlTemplate":"https:\/\/selleetools.com\/?s={search_term_string}"},"query-input":"required name=search_term_string"}],"inLanguage":"pl-PL"},{"@type":"WebPage","@id":"https:\/\/selleetools.com\/pl\/product\/dasique-pro-concealer-palette-01-cover-9-g-paleta-9-korektorow-do-twarzy\/","url":"https:\/\/selleetools.com\/pl\/product\/dasique-pro-concealer-palette-01-cover-9-g-paleta-9-korektorow-do-twarzy\/","name":"Dasique Pro Concealer Palette #01 Cover 9 g - paleta 9 korektor\u00f3w do twarzy - Selleetools.com","isPartOf":{"@id":"https:\/\/selleetools.com\/#website"},"datePublished":"2025-10-24T12:36:31+00:00","dateModified":"2026-03-23T12:30:15+00:00","breadcrumb":{"@id":"https:\/\/selleetools.com\/pl\/product\/dasique-pro-concealer-palette-01-cover-9-g-paleta-9-korektorow-do-twarzy\/#breadcrumb"},"inLanguage":"pl-PL","potentialAction":[{"@type":"ReadAction","target":["https:\/\/selleetools.com\/pl\/product\/dasique-pro-concealer-palette-01-cover-9-g-paleta-9-korektorow-do-twarzy\/"]}]},{"@type":"BreadcrumbList","@id":"https:\/\/selleetools.com\/pl\/product\/dasique-pro-concealer-palette-01-cover-9-g-paleta-9-korektorow-do-twarzy\/#breadcrumb","itemListElement":[{"@type":"ListItem","position":1,"name":"Home","item":"https:\/\/selleetools.com\/pl\/"},{"@type":"ListItem","position":2,"name":"Katalog","item":"https:\/\/selleetools.com\/pl\/katalog\/"},{"@type":"ListItem","position":3,"name":"Dasique Pro Concealer Palette #01 Cover 9 g &#8211; paleta 9 korektor\u00f3w do twarzy"}]}]}},"_links":{"self":[{"href":"https:\/\/selleetools.com\/pl\/wp-json\/wp\/v2\/product\/609574"}],"collection":[{"href":"https:\/\/selleetools.com\/pl\/wp-json\/wp\/v2\/product"}],"about":[{"href":"https:\/\/selleetools.com\/pl\/wp-json\/wp\/v2\/types\/product"}],"replies":[{"embeddable":true,"href":"https:\/\/selleetools.com\/pl\/wp-json\/wp\/v2\/comments?post=609574"}],"wp:featuredmedia":[{"embeddable":true,"href":"https:\/\/selleetools.com\/pl\/wp-json\/wp\/v2\/media\/609572"}],"wp:attachment":[{"href":"https:\/\/selleetools.com\/pl\/wp-json\/wp\/v2\/media?parent=609574"}],"curies":[{"name":"wp","href":"https:\/\/api.w.org\/{rel}","templated":true}]}}