{"id":609568,"date":"2025-10-24T14:36:25","date_gmt":"2025-10-24T12:36:25","guid":{"rendered":"https:\/\/selleetools.com\/?post_type=product&#038;p=609568"},"modified":"2025-11-04T21:59:23","modified_gmt":"2025-11-04T20:59:23","slug":"dasique-blending-mood-cheek-04-beige-knit-11-4-g-paleta-rozy-do-policzkow-bezowo-brzoskwiniowych","status":"publish","type":"product","link":"https:\/\/selleetools.com\/pl\/product\/dasique-blending-mood-cheek-04-beige-knit-11-4-g-paleta-rozy-do-policzkow-bezowo-brzoskwiniowych\/","title":{"rendered":"Dasique Blending Mood Cheek #04 Beige Knit 11.4 g &#8211; paleta r\u00f3\u017cy do policzk\u00f3w be\u017cowo-brzoskwiniowych"},"content":{"rendered":"<p>Paleta r\u00f3\u017cy Dasique Blending Mood Cheek #04 Beige Knit to harmonijne po\u0142\u0105czenie sze\u015bciu odcieni w ciep\u0142ej, be\u017cowo-brzoskwiniowej tonacji, kt\u00f3re idealnie dopasowuj\u0105 si\u0119 do ka\u017cdego typu urody. Delikatne kolory \u2013 od nude beige po koralowe i brzoskwiniowe tony \u2013 pozwalaj\u0105 na subtelne konturowanie, naturalne o\u017cywienie cery oraz stworzenie efektu promiennej sk\u00f3ry. Produkt doskonale sprawdzi si\u0119 zar\u00f3wno na co dzie\u0144, jak i do wieczorowego makija\u017cu, daj\u0105c efekt naturalnego, \u015bwie\u017cego rumie\u0144ca.<\/p>\n<p>Korzy\u015bci ze stosowania:<br \/>\nNaturalny efekt \u2013 mi\u0119kkie, roz\u015bwietlaj\u0105ce wyko\u0144czenie bez pudrowo\u015bci.<br \/>\nMo\u017cliwo\u015b\u0107 mieszania kolor\u00f3w \u2013 idealna do personalizacji odcienia i intensywno\u015bci.<br \/>\nLekka, jedwabista formu\u0142a \u2013 \u0142atwa do rozcierania i budowania koloru.<br \/>\nWielozadaniowo\u015b\u0107 \u2013 sprawdzi si\u0119 r\u00f3wnie\u017c jako cie\u0144 do powiek.<br \/>\n\u0141agodna dla sk\u00f3ry \u2013 wzbogacona o witamin\u0119 E (Tocopherol) oraz emolienty, kt\u00f3re piel\u0119gnuj\u0105 cer\u0119.<\/p>\n<p>Spos\u00f3b u\u017cycia:<br \/>\nZa pomoc\u0105 p\u0119dzla do r\u00f3\u017cu nanie\u015b wybrane odcienie na ko\u015bci policzkowe. Mo\u017cesz u\u017cywa\u0107 pojedynczych kolor\u00f3w lub je miesza\u0107, aby uzyska\u0107 efekt naturalnego roz\u015bwietlenia i ocieplenia twarzy. Dla subtelnego konturu u\u017cyj ciemniejszych odcieni wzd\u0142u\u017c linii ko\u015bci policzkowych, a ja\u015bniejsze nanie\u015b wy\u017cej \u2013 dla efektu liftingu.<\/p>\n","protected":false},"excerpt":{"rendered":"<p>Paleta r\u00f3\u017cy Dasique Blending Mood Cheek #04 Beige Knit to harmonijne po\u0142\u0105czenie sze\u015bciu odcieni w ciep\u0142ej, be\u017cowo-brzoskwiniowej tonacji, kt\u00f3re idealnie dopasowuj\u0105 si\u0119 do ka\u017cdego typu urody. Delikatne kolory \u2013 od nude beige po koralowe i brzoskwiniowe tony \u2013 pozwalaj\u0105 na subtelne konturowanie, naturalne o\u017cywienie cery oraz stworzenie efektu promiennej sk\u00f3ry. Produkt doskonale sprawdzi si\u0119 zar\u00f3wno &#8230; <a title=\"Dasique Blending Mood Cheek #04 Beige Knit 11.4 g &#8211; paleta r\u00f3\u017cy do policzk\u00f3w be\u017cowo-brzoskwiniowych\" class=\"read-more\" href=\"https:\/\/selleetools.com\/pl\/product\/dasique-blending-mood-cheek-04-beige-knit-11-4-g-paleta-rozy-do-policzkow-bezowo-brzoskwiniowych\/\">Read more<span class=\"screen-reader-text\">Dasique Blending Mood Cheek #04 Beige Knit 11.4 g &#8211; paleta r\u00f3\u017cy do policzk\u00f3w be\u017cowo-brzoskwiniowych<\/span><\/a><\/p>\n","protected":false},"featured_media":609566,"comment_status":"open","ping_status":"closed","template":"","meta":{"_links_to":"","_links_to_target":""},"yoast_head":"<!-- This site is optimized with the Yoast SEO plugin v19.4 - https:\/\/yoast.com\/wordpress\/plugins\/seo\/ -->\n<title>Dasique Blending Mood Cheek #04 Beige Knit 11.4 g - paleta r\u00f3\u017cy do policzk\u00f3w be\u017cowo-brzoskwiniowych - Selleetools.com<\/title>\n<meta name=\"robots\" content=\"index, follow, max-snippet:-1, max-image-preview:large, max-video-preview:-1\" \/>\n<link rel=\"canonical\" href=\"https:\/\/admincentral.selleetools.com\/pl\/product\/dasique-blending-mood-cheek-04-beige-knit-11-4-g-paleta-rozy-do-policzkow-bezowo-brzoskwiniowych\/\" \/>\n<meta property=\"og:locale\" content=\"pl_PL\" \/>\n<meta property=\"og:type\" content=\"article\" \/>\n<meta property=\"og:title\" content=\"Dasique Blending Mood Cheek #04 Beige Knit 11.4 g - paleta r\u00f3\u017cy do policzk\u00f3w be\u017cowo-brzoskwiniowych - Selleetools.com\" \/>\n<meta property=\"og:description\" content=\"Paleta r\u00f3\u017cy Dasique Blending Mood Cheek #04 Beige Knit to harmonijne po\u0142\u0105czenie sze\u015bciu odcieni w ciep\u0142ej, be\u017cowo-brzoskwiniowej tonacji, kt\u00f3re idealnie dopasowuj\u0105 si\u0119 do ka\u017cdego typu urody. Delikatne kolory \u2013 od nude beige po koralowe i brzoskwiniowe tony \u2013 pozwalaj\u0105 na subtelne konturowanie, naturalne o\u017cywienie cery oraz stworzenie efektu promiennej sk\u00f3ry. Produkt doskonale sprawdzi si\u0119 zar\u00f3wno ... Read moreDasique Blending Mood Cheek #04 Beige Knit 11.4 g &#8211; paleta r\u00f3\u017cy do policzk\u00f3w be\u017cowo-brzoskwiniowych\" \/>\n<meta property=\"og:url\" content=\"https:\/\/admincentral.selleetools.com\/pl\/product\/dasique-blending-mood-cheek-04-beige-knit-11-4-g-paleta-rozy-do-policzkow-bezowo-brzoskwiniowych\/\" \/>\n<meta property=\"og:site_name\" content=\"Selleetools.com\" \/>\n<meta property=\"article:modified_time\" content=\"2025-11-04T20:59:23+00:00\" \/>\n<meta property=\"og:image\" content=\"https:\/\/selleetools.com\/wp-content\/uploads\/2025\/10\/e94f53a1b48625a0981a4e1203a120b2.png\" \/>\n\t<meta property=\"og:image:width\" content=\"1080\" \/>\n\t<meta property=\"og:image:height\" content=\"1080\" \/>\n\t<meta property=\"og:image:type\" content=\"image\/png\" \/>\n<meta name=\"twitter:card\" content=\"summary_large_image\" \/>\n<meta name=\"twitter:label1\" content=\"Est. reading time\" \/>\n\t<meta name=\"twitter:data1\" content=\"1 minuta\" \/>\n<!-- \/ Yoast SEO plugin. -->","yoast_head_json":{"title":"Dasique Blending Mood Cheek #04 Beige Knit 11.4 g - paleta r\u00f3\u017cy do policzk\u00f3w be\u017cowo-brzoskwiniowych - Selleetools.com","robots":{"index":"index","follow":"follow","max-snippet":"max-snippet:-1","max-image-preview":"max-image-preview:large","max-video-preview":"max-video-preview:-1"},"canonical":"https:\/\/admincentral.selleetools.com\/pl\/product\/dasique-blending-mood-cheek-04-beige-knit-11-4-g-paleta-rozy-do-policzkow-bezowo-brzoskwiniowych\/","og_locale":"pl_PL","og_type":"article","og_title":"Dasique Blending Mood Cheek #04 Beige Knit 11.4 g - paleta r\u00f3\u017cy do policzk\u00f3w be\u017cowo-brzoskwiniowych - Selleetools.com","og_description":"Paleta r\u00f3\u017cy Dasique Blending Mood Cheek #04 Beige Knit to harmonijne po\u0142\u0105czenie sze\u015bciu odcieni w ciep\u0142ej, be\u017cowo-brzoskwiniowej tonacji, kt\u00f3re idealnie dopasowuj\u0105 si\u0119 do ka\u017cdego typu urody. Delikatne kolory \u2013 od nude beige po koralowe i brzoskwiniowe tony \u2013 pozwalaj\u0105 na subtelne konturowanie, naturalne o\u017cywienie cery oraz stworzenie efektu promiennej sk\u00f3ry. Produkt doskonale sprawdzi si\u0119 zar\u00f3wno ... Read moreDasique Blending Mood Cheek #04 Beige Knit 11.4 g &#8211; paleta r\u00f3\u017cy do policzk\u00f3w be\u017cowo-brzoskwiniowych","og_url":"https:\/\/admincentral.selleetools.com\/pl\/product\/dasique-blending-mood-cheek-04-beige-knit-11-4-g-paleta-rozy-do-policzkow-bezowo-brzoskwiniowych\/","og_site_name":"Selleetools.com","article_modified_time":"2025-11-04T20:59:23+00:00","og_image":[{"width":1080,"height":1080,"url":"https:\/\/selleetools.com\/wp-content\/uploads\/2025\/10\/e94f53a1b48625a0981a4e1203a120b2.png","type":"image\/png"}],"twitter_card":"summary_large_image","twitter_misc":{"Est. reading time":"1 minuta"},"schema":{"@context":"https:\/\/schema.org","@graph":[{"@type":"Organization","@id":"https:\/\/selleetools.com\/#organization","name":"Selleetools","url":"https:\/\/selleetools.com\/","sameAs":[],"logo":{"@type":"ImageObject","inLanguage":"pl-PL","@id":"https:\/\/selleetools.com\/#\/schema\/logo\/image\/","url":"https:\/\/selleetools.com\/wp-content\/uploads\/2021\/10\/logo-dark.png","contentUrl":"https:\/\/selleetools.com\/wp-content\/uploads\/2021\/10\/logo-dark.png","width":320,"height":76,"caption":"Selleetools"},"image":{"@id":"https:\/\/selleetools.com\/#\/schema\/logo\/image\/"}},{"@type":"WebSite","@id":"https:\/\/selleetools.com\/#website","url":"https:\/\/selleetools.com\/","name":"Selleetools.com","description":"","publisher":{"@id":"https:\/\/selleetools.com\/#organization"},"potentialAction":[{"@type":"SearchAction","target":{"@type":"EntryPoint","urlTemplate":"https:\/\/selleetools.com\/?s={search_term_string}"},"query-input":"required name=search_term_string"}],"inLanguage":"pl-PL"},{"@type":"WebPage","@id":"https:\/\/admincentral.selleetools.com\/pl\/product\/dasique-blending-mood-cheek-04-beige-knit-11-4-g-paleta-rozy-do-policzkow-bezowo-brzoskwiniowych\/","url":"https:\/\/admincentral.selleetools.com\/pl\/product\/dasique-blending-mood-cheek-04-beige-knit-11-4-g-paleta-rozy-do-policzkow-bezowo-brzoskwiniowych\/","name":"Dasique Blending Mood Cheek #04 Beige Knit 11.4 g - paleta r\u00f3\u017cy do policzk\u00f3w be\u017cowo-brzoskwiniowych - Selleetools.com","isPartOf":{"@id":"https:\/\/selleetools.com\/#website"},"datePublished":"2025-10-24T12:36:25+00:00","dateModified":"2025-11-04T20:59:23+00:00","breadcrumb":{"@id":"https:\/\/admincentral.selleetools.com\/pl\/product\/dasique-blending-mood-cheek-04-beige-knit-11-4-g-paleta-rozy-do-policzkow-bezowo-brzoskwiniowych\/#breadcrumb"},"inLanguage":"pl-PL","potentialAction":[{"@type":"ReadAction","target":["https:\/\/admincentral.selleetools.com\/pl\/product\/dasique-blending-mood-cheek-04-beige-knit-11-4-g-paleta-rozy-do-policzkow-bezowo-brzoskwiniowych\/"]}]},{"@type":"BreadcrumbList","@id":"https:\/\/admincentral.selleetools.com\/pl\/product\/dasique-blending-mood-cheek-04-beige-knit-11-4-g-paleta-rozy-do-policzkow-bezowo-brzoskwiniowych\/#breadcrumb","itemListElement":[{"@type":"ListItem","position":1,"name":"Home","item":"https:\/\/selleetools.com\/pl\/"},{"@type":"ListItem","position":2,"name":"Katalog","item":"https:\/\/selleetools.com\/pl\/katalog\/"},{"@type":"ListItem","position":3,"name":"Dasique Blending Mood Cheek #04 Beige Knit 11.4 g &#8211; paleta r\u00f3\u017cy do policzk\u00f3w be\u017cowo-brzoskwiniowych"}]}]}},"_links":{"self":[{"href":"https:\/\/selleetools.com\/pl\/wp-json\/wp\/v2\/product\/609568"}],"collection":[{"href":"https:\/\/selleetools.com\/pl\/wp-json\/wp\/v2\/product"}],"about":[{"href":"https:\/\/selleetools.com\/pl\/wp-json\/wp\/v2\/types\/product"}],"replies":[{"embeddable":true,"href":"https:\/\/selleetools.com\/pl\/wp-json\/wp\/v2\/comments?post=609568"}],"wp:featuredmedia":[{"embeddable":true,"href":"https:\/\/selleetools.com\/pl\/wp-json\/wp\/v2\/media\/609566"}],"wp:attachment":[{"href":"https:\/\/selleetools.com\/pl\/wp-json\/wp\/v2\/media?parent=609568"}],"curies":[{"name":"wp","href":"https:\/\/api.w.org\/{rel}","templated":true}]}}