{"id":609556,"date":"2025-10-24T14:36:14","date_gmt":"2025-10-24T12:36:14","guid":{"rendered":"https:\/\/selleetools.com\/?post_type=product&#038;p=609556"},"modified":"2025-11-03T17:02:24","modified_gmt":"2025-11-03T16:02:24","slug":"medi-peel-hyal-kombucha-tea-tox-toner-150-ml-dwufazowy-tonik-nawilzajaco-regenerujacy","status":"publish","type":"product","link":"https:\/\/selleetools.com\/pl\/product\/medi-peel-hyal-kombucha-tea-tox-toner-150-ml-dwufazowy-tonik-nawilzajaco-regenerujacy\/","title":{"rendered":"MEDI-PEEL Hyal Kombucha Tea-Tox Toner 150 ml &#8211; dwufazowy tonik nawil\u017caj\u0105co-regeneruj\u0105cy"},"content":{"rendered":"<p>MEDI-PEEL Hyal Kombucha Tea-Tox Toner to innowacyjny, dwufazowy tonik piel\u0119gnacyjny o silnym dzia\u0142aniu nawil\u017caj\u0105cym, regeneruj\u0105cym i wzmacniaj\u0105cym barier\u0119 hydrolipidow\u0105 sk\u00f3ry. Jego g\u0142\u00f3wnym sk\u0142adnikiem jest fermentowana czarna herbata (Kombucha), kt\u00f3ra stanowi a\u017c 70% formu\u0142y i zapewnia dzia\u0142anie antyoksydacyjne, detoksykuj\u0105ce i rewitalizuj\u0105ce. Formu\u0142a wzbogacona zosta\u0142a o kompleks kwas\u00f3w hialuronowych i ceramid\u00f3w, kt\u00f3re intensywnie nawadniaj\u0105, wyg\u0142adzaj\u0105 i wspomagaj\u0105 odbudow\u0119 naturalnej bariery ochronnej sk\u00f3ry. Delikatna dwufazowa konsystencja (warstwa olejowa i wodna) umo\u017cliwia skuteczne od\u017cywienie i uelastycznienie sk\u00f3ry bez uczucia t\u0142usto\u015bci.<\/p>\n<p>Korzy\u015bci ze stosowania:<br \/>\nG\u0142\u0119bokie i d\u0142ugotrwa\u0142e nawil\u017cenie dzi\u0119ki obecno\u015bci wielu form kwasu hialuronowego<br \/>\nRegeneracja i ukojenie sk\u00f3ry dzi\u0119ki fermentowanym ekstraktom oraz Madecassoside<br \/>\nWzmocnienie bariery ochronnej nask\u00f3rka za spraw\u0105 ceramid\u00f3w (NP, NS, AS, OP, AP)<br \/>\nPoprawa kolorytu sk\u00f3ry i roz\u015bwietlenie dzi\u0119ki niacynamidowi<br \/>\nDzia\u0142anie antyoksydacyjne i przeciwzapalne, wspomagaj\u0105ce ochron\u0119 przed szkodliwym wp\u0142ywem \u015brodowiska<br \/>\nUelastycznienie sk\u00f3ry i wyg\u0142adzenie drobnych linii oraz poprawa jej struktury<\/p>\n<p>Spos\u00f3b u\u017cycia:<br \/>\nPrzed u\u017cyciem dok\u0142adnie wstrz\u0105\u015bnij butelk\u0105, aby po\u0142\u0105czy\u0107 faz\u0119 wodn\u0105 z olejow\u0105.<br \/>\nNanie\u015b niewielk\u0105 ilo\u015b\u0107 toniku na wacik lub bezpo\u015brednio na d\u0142onie.<br \/>\nDelikatnie rozprowad\u017a na oczyszczon\u0105 sk\u00f3r\u0119 twarzy, omijaj\u0105c okolice oczu.<br \/>\nStosuj codziennie rano i wieczorem jako pierwszy krok piel\u0119gnacji po oczyszczeniu sk\u00f3ry.<\/p>\n","protected":false},"excerpt":{"rendered":"<p>MEDI-PEEL Hyal Kombucha Tea-Tox Toner to innowacyjny, dwufazowy tonik piel\u0119gnacyjny o silnym dzia\u0142aniu nawil\u017caj\u0105cym, regeneruj\u0105cym i wzmacniaj\u0105cym barier\u0119 hydrolipidow\u0105 sk\u00f3ry. Jego g\u0142\u00f3wnym sk\u0142adnikiem jest fermentowana czarna herbata (Kombucha), kt\u00f3ra stanowi a\u017c 70% formu\u0142y i zapewnia dzia\u0142anie antyoksydacyjne, detoksykuj\u0105ce i rewitalizuj\u0105ce. Formu\u0142a wzbogacona zosta\u0142a o kompleks kwas\u00f3w hialuronowych i ceramid\u00f3w, kt\u00f3re intensywnie nawadniaj\u0105, wyg\u0142adzaj\u0105 i wspomagaj\u0105 &#8230; <a title=\"MEDI-PEEL Hyal Kombucha Tea-Tox Toner 150 ml &#8211; dwufazowy tonik nawil\u017caj\u0105co-regeneruj\u0105cy\" class=\"read-more\" href=\"https:\/\/selleetools.com\/pl\/product\/medi-peel-hyal-kombucha-tea-tox-toner-150-ml-dwufazowy-tonik-nawilzajaco-regenerujacy\/\">Read more<span class=\"screen-reader-text\">MEDI-PEEL Hyal Kombucha Tea-Tox Toner 150 ml &#8211; dwufazowy tonik nawil\u017caj\u0105co-regeneruj\u0105cy<\/span><\/a><\/p>\n","protected":false},"featured_media":609554,"comment_status":"open","ping_status":"closed","template":"","meta":{"_links_to":"","_links_to_target":""},"yoast_head":"<!-- This site is optimized with the Yoast SEO plugin v19.4 - https:\/\/yoast.com\/wordpress\/plugins\/seo\/ -->\n<title>MEDI-PEEL Hyal Kombucha Tea-Tox Toner 150 ml - dwufazowy tonik nawil\u017caj\u0105co-regeneruj\u0105cy - Selleetools.com<\/title>\n<meta name=\"robots\" content=\"index, follow, max-snippet:-1, max-image-preview:large, max-video-preview:-1\" \/>\n<link rel=\"canonical\" href=\"https:\/\/selleetools.com\/product\/medi-peel-hyal-kombucha-tea-tox-toner-150-ml-dwufazowy-tonik-nawilzajaco-regenerujacy\/\" \/>\n<meta property=\"og:locale\" content=\"pl_PL\" \/>\n<meta property=\"og:type\" content=\"article\" \/>\n<meta property=\"og:title\" content=\"MEDI-PEEL Hyal Kombucha Tea-Tox Toner 150 ml - dwufazowy tonik nawil\u017caj\u0105co-regeneruj\u0105cy - Selleetools.com\" \/>\n<meta property=\"og:description\" content=\"MEDI-PEEL Hyal Kombucha Tea-Tox Toner to innowacyjny, dwufazowy tonik piel\u0119gnacyjny o silnym dzia\u0142aniu nawil\u017caj\u0105cym, regeneruj\u0105cym i wzmacniaj\u0105cym barier\u0119 hydrolipidow\u0105 sk\u00f3ry. Jego g\u0142\u00f3wnym sk\u0142adnikiem jest fermentowana czarna herbata (Kombucha), kt\u00f3ra stanowi a\u017c 70% formu\u0142y i zapewnia dzia\u0142anie antyoksydacyjne, detoksykuj\u0105ce i rewitalizuj\u0105ce. Formu\u0142a wzbogacona zosta\u0142a o kompleks kwas\u00f3w hialuronowych i ceramid\u00f3w, kt\u00f3re intensywnie nawadniaj\u0105, wyg\u0142adzaj\u0105 i wspomagaj\u0105 ... Read moreMEDI-PEEL Hyal Kombucha Tea-Tox Toner 150 ml &#8211; dwufazowy tonik nawil\u017caj\u0105co-regeneruj\u0105cy\" \/>\n<meta property=\"og:url\" content=\"https:\/\/selleetools.com\/product\/medi-peel-hyal-kombucha-tea-tox-toner-150-ml-dwufazowy-tonik-nawilzajaco-regenerujacy\/\" \/>\n<meta property=\"og:site_name\" content=\"Selleetools.com\" \/>\n<meta property=\"article:modified_time\" content=\"2025-11-03T16:02:24+00:00\" \/>\n<meta property=\"og:image\" content=\"https:\/\/selleetools.com\/wp-content\/uploads\/2025\/10\/ebc27432c081e237900d71ca616637de.jpg\" \/>\n\t<meta property=\"og:image:width\" content=\"1000\" \/>\n\t<meta property=\"og:image:height\" content=\"1000\" \/>\n\t<meta property=\"og:image:type\" content=\"image\/jpeg\" \/>\n<meta name=\"twitter:card\" content=\"summary_large_image\" \/>\n<meta name=\"twitter:label1\" content=\"Est. reading time\" \/>\n\t<meta name=\"twitter:data1\" content=\"1 minuta\" \/>\n<!-- \/ Yoast SEO plugin. -->","yoast_head_json":{"title":"MEDI-PEEL Hyal Kombucha Tea-Tox Toner 150 ml - dwufazowy tonik nawil\u017caj\u0105co-regeneruj\u0105cy - Selleetools.com","robots":{"index":"index","follow":"follow","max-snippet":"max-snippet:-1","max-image-preview":"max-image-preview:large","max-video-preview":"max-video-preview:-1"},"canonical":"https:\/\/selleetools.com\/product\/medi-peel-hyal-kombucha-tea-tox-toner-150-ml-dwufazowy-tonik-nawilzajaco-regenerujacy\/","og_locale":"pl_PL","og_type":"article","og_title":"MEDI-PEEL Hyal Kombucha Tea-Tox Toner 150 ml - dwufazowy tonik nawil\u017caj\u0105co-regeneruj\u0105cy - Selleetools.com","og_description":"MEDI-PEEL Hyal Kombucha Tea-Tox Toner to innowacyjny, dwufazowy tonik piel\u0119gnacyjny o silnym dzia\u0142aniu nawil\u017caj\u0105cym, regeneruj\u0105cym i wzmacniaj\u0105cym barier\u0119 hydrolipidow\u0105 sk\u00f3ry. Jego g\u0142\u00f3wnym sk\u0142adnikiem jest fermentowana czarna herbata (Kombucha), kt\u00f3ra stanowi a\u017c 70% formu\u0142y i zapewnia dzia\u0142anie antyoksydacyjne, detoksykuj\u0105ce i rewitalizuj\u0105ce. Formu\u0142a wzbogacona zosta\u0142a o kompleks kwas\u00f3w hialuronowych i ceramid\u00f3w, kt\u00f3re intensywnie nawadniaj\u0105, wyg\u0142adzaj\u0105 i wspomagaj\u0105 ... Read moreMEDI-PEEL Hyal Kombucha Tea-Tox Toner 150 ml &#8211; dwufazowy tonik nawil\u017caj\u0105co-regeneruj\u0105cy","og_url":"https:\/\/selleetools.com\/product\/medi-peel-hyal-kombucha-tea-tox-toner-150-ml-dwufazowy-tonik-nawilzajaco-regenerujacy\/","og_site_name":"Selleetools.com","article_modified_time":"2025-11-03T16:02:24+00:00","og_image":[{"width":1000,"height":1000,"url":"https:\/\/selleetools.com\/wp-content\/uploads\/2025\/10\/ebc27432c081e237900d71ca616637de.jpg","type":"image\/jpeg"}],"twitter_card":"summary_large_image","twitter_misc":{"Est. reading time":"1 minuta"},"schema":{"@context":"https:\/\/schema.org","@graph":[{"@type":"Organization","@id":"https:\/\/selleetools.com\/#organization","name":"Selleetools","url":"https:\/\/selleetools.com\/","sameAs":[],"logo":{"@type":"ImageObject","inLanguage":"pl-PL","@id":"https:\/\/selleetools.com\/#\/schema\/logo\/image\/","url":"https:\/\/selleetools.com\/wp-content\/uploads\/2021\/10\/logo-dark.png","contentUrl":"https:\/\/selleetools.com\/wp-content\/uploads\/2021\/10\/logo-dark.png","width":320,"height":76,"caption":"Selleetools"},"image":{"@id":"https:\/\/selleetools.com\/#\/schema\/logo\/image\/"}},{"@type":"WebSite","@id":"https:\/\/selleetools.com\/#website","url":"https:\/\/selleetools.com\/","name":"Selleetools.com","description":"","publisher":{"@id":"https:\/\/selleetools.com\/#organization"},"potentialAction":[{"@type":"SearchAction","target":{"@type":"EntryPoint","urlTemplate":"https:\/\/selleetools.com\/?s={search_term_string}"},"query-input":"required name=search_term_string"}],"inLanguage":"pl-PL"},{"@type":"WebPage","@id":"https:\/\/selleetools.com\/product\/medi-peel-hyal-kombucha-tea-tox-toner-150-ml-dwufazowy-tonik-nawilzajaco-regenerujacy\/","url":"https:\/\/selleetools.com\/product\/medi-peel-hyal-kombucha-tea-tox-toner-150-ml-dwufazowy-tonik-nawilzajaco-regenerujacy\/","name":"MEDI-PEEL Hyal Kombucha Tea-Tox Toner 150 ml - dwufazowy tonik nawil\u017caj\u0105co-regeneruj\u0105cy - Selleetools.com","isPartOf":{"@id":"https:\/\/selleetools.com\/#website"},"datePublished":"2025-10-24T12:36:14+00:00","dateModified":"2025-11-03T16:02:24+00:00","breadcrumb":{"@id":"https:\/\/selleetools.com\/product\/medi-peel-hyal-kombucha-tea-tox-toner-150-ml-dwufazowy-tonik-nawilzajaco-regenerujacy\/#breadcrumb"},"inLanguage":"pl-PL","potentialAction":[{"@type":"ReadAction","target":["https:\/\/selleetools.com\/product\/medi-peel-hyal-kombucha-tea-tox-toner-150-ml-dwufazowy-tonik-nawilzajaco-regenerujacy\/"]}]},{"@type":"BreadcrumbList","@id":"https:\/\/selleetools.com\/product\/medi-peel-hyal-kombucha-tea-tox-toner-150-ml-dwufazowy-tonik-nawilzajaco-regenerujacy\/#breadcrumb","itemListElement":[{"@type":"ListItem","position":1,"name":"Home","item":"https:\/\/selleetools.com\/pl\/"},{"@type":"ListItem","position":2,"name":"Katalog","item":"https:\/\/selleetools.com\/pl\/katalog\/"},{"@type":"ListItem","position":3,"name":"MEDI-PEEL Hyal Kombucha Tea-Tox Toner 150 ml &#8211; dwufazowy tonik nawil\u017caj\u0105co-regeneruj\u0105cy"}]}]}},"_links":{"self":[{"href":"https:\/\/selleetools.com\/pl\/wp-json\/wp\/v2\/product\/609556"}],"collection":[{"href":"https:\/\/selleetools.com\/pl\/wp-json\/wp\/v2\/product"}],"about":[{"href":"https:\/\/selleetools.com\/pl\/wp-json\/wp\/v2\/types\/product"}],"replies":[{"embeddable":true,"href":"https:\/\/selleetools.com\/pl\/wp-json\/wp\/v2\/comments?post=609556"}],"wp:featuredmedia":[{"embeddable":true,"href":"https:\/\/selleetools.com\/pl\/wp-json\/wp\/v2\/media\/609554"}],"wp:attachment":[{"href":"https:\/\/selleetools.com\/pl\/wp-json\/wp\/v2\/media?parent=609556"}],"curies":[{"name":"wp","href":"https:\/\/api.w.org\/{rel}","templated":true}]}}