{"id":609553,"date":"2025-10-24T14:36:11","date_gmt":"2025-10-24T12:36:11","guid":{"rendered":"https:\/\/selleetools.com\/?post_type=product&#038;p=609553"},"modified":"2025-12-12T11:05:11","modified_gmt":"2025-12-12T10:05:11","slug":"medi-peel-hyal-kombucha-tea-tox-cream-50-ml-nawilzajaco-regenerujacy-krem-do-twarzy","status":"publish","type":"product","link":"https:\/\/selleetools.com\/pl\/product\/medi-peel-hyal-kombucha-tea-tox-cream-50-ml-nawilzajaco-regenerujacy-krem-do-twarzy\/","title":{"rendered":"MEDI-PEEL Hyal Kombucha Tea-Tox Cream 50 ml &#8211; nawil\u017caj\u0105co-regeneruj\u0105cy krem do twarzy"},"content":{"rendered":"<p>MEDI-PEEL Hyal Kombucha Tea-Tox Cream to intensywnie nawil\u017caj\u0105cy i regeneruj\u0105cy krem do twarzy, przeznaczony do codziennej piel\u0119gnacji sk\u00f3ry wymagaj\u0105cej ukojenia, wzmocnienia bariery hydrolipidowej i dog\u0142\u0119bnego nawodnienia. Jego zaawansowana formu\u0142a oparta na fermentowanej herbacie kombucha oraz kompleksie wielocz\u0105steczkowego kwasu hialuronowego wspiera naturalne mechanizmy regeneracyjne sk\u00f3ry, zapewniaj\u0105c jej zdrowy, promienny wygl\u0105d.<\/p>\n<p>Produkt \u0142\u0105czy dzia\u0142anie ferment\u00f3w, ceramid\u00f3w, niacynamidu i ro\u015blinnych ekstrakt\u00f3w, aby poprawi\u0107 j\u0119drno\u015b\u0107 sk\u00f3ry, wyr\u00f3wna\u0107 jej koloryt i zredukowa\u0107 oznaki zm\u0119czenia.<\/p>\n<p>Korzy\u015bci ze stosowania:<br \/>\nG\u0142\u0119bokie nawil\u017cenie: wielopoziomowy kompleks kwasu hialuronowego (w tym Sodium Hyaluronate, Hydrolyzed Hyaluronic Acid, Sodium Acetylated Hyaluronate) zapewnia natychmiastowe i d\u0142ugotrwa\u0142e nawodnienie sk\u00f3ry.<br \/>\nRegeneracja i wzmocnienie bariery sk\u00f3rnej: ceramidy (Ceramide NP, NS, AS, OP, AP) wspomagaj\u0105 odbudow\u0119 p\u0142aszcza hydrolipidowego i chroni\u0105 przed utrat\u0105 wilgoci.<br \/>\nWyr\u00f3wnanie kolorytu i roz\u015bwietlenie: niacynamid oraz fermenty (Yeast\/Xylinum\/Black Tea Fermentation, Yeast\/Rice Bran Fermented Product) dzia\u0142aj\u0105 przeciwstarzeniowo, rozja\u015bniaj\u0105 przebarwienia i wspomagaj\u0105 naturalne procesy odnowy sk\u00f3ry.<br \/>\nDzia\u0142anie \u0142agodz\u0105ce i koj\u0105ce: pantenol, alantoina i madecassoside przynosz\u0105 ulg\u0119 podra\u017cnionej cerze, zmniejszaj\u0105 zaczerwienienia.<br \/>\nBogactwo antyoksydant\u00f3w: ekstrakty owocowe i ro\u015blinne (r\u00f3\u017ca damasce\u0144ska, ja\u015bmin, melon, mandarynka, baobab) wspieraj\u0105 sk\u00f3r\u0119 w walce z wolnymi rodnikami i negatywnymi czynnikami \u015brodowiskowymi.<\/p>\n<p>Spos\u00f3b u\u017cycia:<br \/>\nPo oczyszczeniu i tonizacji sk\u00f3ry, na\u0142\u00f3\u017c niewielk\u0105 ilo\u015b\u0107 kremu na twarz, omijaj\u0105c okolice oczu.<br \/>\nDelikatnie wklep opuszkami palc\u00f3w a\u017c do pe\u0142nego wch\u0142oni\u0119cia.<br \/>\nStosuj rano i wieczorem jako ostatni krok piel\u0119gnacji.<\/p>\n","protected":false},"excerpt":{"rendered":"<p>MEDI-PEEL Hyal Kombucha Tea-Tox Cream to intensywnie nawil\u017caj\u0105cy i regeneruj\u0105cy krem do twarzy, przeznaczony do codziennej piel\u0119gnacji sk\u00f3ry wymagaj\u0105cej ukojenia, wzmocnienia bariery hydrolipidowej i dog\u0142\u0119bnego nawodnienia. Jego zaawansowana formu\u0142a oparta na fermentowanej herbacie kombucha oraz kompleksie wielocz\u0105steczkowego kwasu hialuronowego wspiera naturalne mechanizmy regeneracyjne sk\u00f3ry, zapewniaj\u0105c jej zdrowy, promienny wygl\u0105d. Produkt \u0142\u0105czy dzia\u0142anie ferment\u00f3w, ceramid\u00f3w, niacynamidu &#8230; <a title=\"MEDI-PEEL Hyal Kombucha Tea-Tox Cream 50 ml &#8211; nawil\u017caj\u0105co-regeneruj\u0105cy krem do twarzy\" class=\"read-more\" href=\"https:\/\/selleetools.com\/pl\/product\/medi-peel-hyal-kombucha-tea-tox-cream-50-ml-nawilzajaco-regenerujacy-krem-do-twarzy\/\">Read more<span class=\"screen-reader-text\">MEDI-PEEL Hyal Kombucha Tea-Tox Cream 50 ml &#8211; nawil\u017caj\u0105co-regeneruj\u0105cy krem do twarzy<\/span><\/a><\/p>\n","protected":false},"featured_media":609551,"comment_status":"open","ping_status":"closed","template":"","meta":{"_links_to":"","_links_to_target":""},"yoast_head":"<!-- This site is optimized with the Yoast SEO plugin v19.4 - https:\/\/yoast.com\/wordpress\/plugins\/seo\/ -->\n<title>MEDI-PEEL Hyal Kombucha Tea-Tox Cream 50 ml - nawil\u017caj\u0105co-regeneruj\u0105cy krem do twarzy - Selleetools.com<\/title>\n<meta name=\"robots\" content=\"index, follow, max-snippet:-1, max-image-preview:large, max-video-preview:-1\" \/>\n<link rel=\"canonical\" href=\"https:\/\/selleetools.com\/pl\/product\/medi-peel-hyal-kombucha-tea-tox-cream-50-ml-nawilzajaco-regenerujacy-krem-do-twarzy\/\" \/>\n<meta property=\"og:locale\" content=\"pl_PL\" \/>\n<meta property=\"og:type\" content=\"article\" \/>\n<meta property=\"og:title\" content=\"MEDI-PEEL Hyal Kombucha Tea-Tox Cream 50 ml - nawil\u017caj\u0105co-regeneruj\u0105cy krem do twarzy - Selleetools.com\" \/>\n<meta property=\"og:description\" content=\"MEDI-PEEL Hyal Kombucha Tea-Tox Cream to intensywnie nawil\u017caj\u0105cy i regeneruj\u0105cy krem do twarzy, przeznaczony do codziennej piel\u0119gnacji sk\u00f3ry wymagaj\u0105cej ukojenia, wzmocnienia bariery hydrolipidowej i dog\u0142\u0119bnego nawodnienia. Jego zaawansowana formu\u0142a oparta na fermentowanej herbacie kombucha oraz kompleksie wielocz\u0105steczkowego kwasu hialuronowego wspiera naturalne mechanizmy regeneracyjne sk\u00f3ry, zapewniaj\u0105c jej zdrowy, promienny wygl\u0105d. Produkt \u0142\u0105czy dzia\u0142anie ferment\u00f3w, ceramid\u00f3w, niacynamidu ... Read moreMEDI-PEEL Hyal Kombucha Tea-Tox Cream 50 ml &#8211; nawil\u017caj\u0105co-regeneruj\u0105cy krem do twarzy\" \/>\n<meta property=\"og:url\" content=\"https:\/\/selleetools.com\/pl\/product\/medi-peel-hyal-kombucha-tea-tox-cream-50-ml-nawilzajaco-regenerujacy-krem-do-twarzy\/\" \/>\n<meta property=\"og:site_name\" content=\"Selleetools.com\" \/>\n<meta property=\"article:modified_time\" content=\"2025-12-12T10:05:11+00:00\" \/>\n<meta property=\"og:image\" content=\"https:\/\/selleetools.com\/wp-content\/uploads\/2025\/10\/685ee26f65933e8cd1a774589ac2abea.jpg\" \/>\n\t<meta property=\"og:image:width\" content=\"1000\" \/>\n\t<meta property=\"og:image:height\" content=\"1000\" \/>\n\t<meta property=\"og:image:type\" content=\"image\/jpeg\" \/>\n<meta name=\"twitter:card\" content=\"summary_large_image\" \/>\n<meta name=\"twitter:label1\" content=\"Est. reading time\" \/>\n\t<meta name=\"twitter:data1\" content=\"1 minuta\" \/>\n<!-- \/ Yoast SEO plugin. -->","yoast_head_json":{"title":"MEDI-PEEL Hyal Kombucha Tea-Tox Cream 50 ml - nawil\u017caj\u0105co-regeneruj\u0105cy krem do twarzy - Selleetools.com","robots":{"index":"index","follow":"follow","max-snippet":"max-snippet:-1","max-image-preview":"max-image-preview:large","max-video-preview":"max-video-preview:-1"},"canonical":"https:\/\/selleetools.com\/pl\/product\/medi-peel-hyal-kombucha-tea-tox-cream-50-ml-nawilzajaco-regenerujacy-krem-do-twarzy\/","og_locale":"pl_PL","og_type":"article","og_title":"MEDI-PEEL Hyal Kombucha Tea-Tox Cream 50 ml - nawil\u017caj\u0105co-regeneruj\u0105cy krem do twarzy - Selleetools.com","og_description":"MEDI-PEEL Hyal Kombucha Tea-Tox Cream to intensywnie nawil\u017caj\u0105cy i regeneruj\u0105cy krem do twarzy, przeznaczony do codziennej piel\u0119gnacji sk\u00f3ry wymagaj\u0105cej ukojenia, wzmocnienia bariery hydrolipidowej i dog\u0142\u0119bnego nawodnienia. Jego zaawansowana formu\u0142a oparta na fermentowanej herbacie kombucha oraz kompleksie wielocz\u0105steczkowego kwasu hialuronowego wspiera naturalne mechanizmy regeneracyjne sk\u00f3ry, zapewniaj\u0105c jej zdrowy, promienny wygl\u0105d. Produkt \u0142\u0105czy dzia\u0142anie ferment\u00f3w, ceramid\u00f3w, niacynamidu ... Read moreMEDI-PEEL Hyal Kombucha Tea-Tox Cream 50 ml &#8211; nawil\u017caj\u0105co-regeneruj\u0105cy krem do twarzy","og_url":"https:\/\/selleetools.com\/pl\/product\/medi-peel-hyal-kombucha-tea-tox-cream-50-ml-nawilzajaco-regenerujacy-krem-do-twarzy\/","og_site_name":"Selleetools.com","article_modified_time":"2025-12-12T10:05:11+00:00","og_image":[{"width":1000,"height":1000,"url":"https:\/\/selleetools.com\/wp-content\/uploads\/2025\/10\/685ee26f65933e8cd1a774589ac2abea.jpg","type":"image\/jpeg"}],"twitter_card":"summary_large_image","twitter_misc":{"Est. reading time":"1 minuta"},"schema":{"@context":"https:\/\/schema.org","@graph":[{"@type":"Organization","@id":"https:\/\/selleetools.com\/#organization","name":"Selleetools","url":"https:\/\/selleetools.com\/","sameAs":[],"logo":{"@type":"ImageObject","inLanguage":"pl-PL","@id":"https:\/\/selleetools.com\/#\/schema\/logo\/image\/","url":"https:\/\/selleetools.com\/wp-content\/uploads\/2021\/10\/logo-dark.png","contentUrl":"https:\/\/selleetools.com\/wp-content\/uploads\/2021\/10\/logo-dark.png","width":320,"height":76,"caption":"Selleetools"},"image":{"@id":"https:\/\/selleetools.com\/#\/schema\/logo\/image\/"}},{"@type":"WebSite","@id":"https:\/\/selleetools.com\/#website","url":"https:\/\/selleetools.com\/","name":"Selleetools.com","description":"","publisher":{"@id":"https:\/\/selleetools.com\/#organization"},"potentialAction":[{"@type":"SearchAction","target":{"@type":"EntryPoint","urlTemplate":"https:\/\/selleetools.com\/?s={search_term_string}"},"query-input":"required name=search_term_string"}],"inLanguage":"pl-PL"},{"@type":"WebPage","@id":"https:\/\/selleetools.com\/pl\/product\/medi-peel-hyal-kombucha-tea-tox-cream-50-ml-nawilzajaco-regenerujacy-krem-do-twarzy\/","url":"https:\/\/selleetools.com\/pl\/product\/medi-peel-hyal-kombucha-tea-tox-cream-50-ml-nawilzajaco-regenerujacy-krem-do-twarzy\/","name":"MEDI-PEEL Hyal Kombucha Tea-Tox Cream 50 ml - nawil\u017caj\u0105co-regeneruj\u0105cy krem do twarzy - Selleetools.com","isPartOf":{"@id":"https:\/\/selleetools.com\/#website"},"datePublished":"2025-10-24T12:36:11+00:00","dateModified":"2025-12-12T10:05:11+00:00","breadcrumb":{"@id":"https:\/\/selleetools.com\/pl\/product\/medi-peel-hyal-kombucha-tea-tox-cream-50-ml-nawilzajaco-regenerujacy-krem-do-twarzy\/#breadcrumb"},"inLanguage":"pl-PL","potentialAction":[{"@type":"ReadAction","target":["https:\/\/selleetools.com\/pl\/product\/medi-peel-hyal-kombucha-tea-tox-cream-50-ml-nawilzajaco-regenerujacy-krem-do-twarzy\/"]}]},{"@type":"BreadcrumbList","@id":"https:\/\/selleetools.com\/pl\/product\/medi-peel-hyal-kombucha-tea-tox-cream-50-ml-nawilzajaco-regenerujacy-krem-do-twarzy\/#breadcrumb","itemListElement":[{"@type":"ListItem","position":1,"name":"Home","item":"https:\/\/selleetools.com\/pl\/"},{"@type":"ListItem","position":2,"name":"Katalog","item":"https:\/\/selleetools.com\/pl\/katalog\/"},{"@type":"ListItem","position":3,"name":"MEDI-PEEL Hyal Kombucha Tea-Tox Cream 50 ml &#8211; nawil\u017caj\u0105co-regeneruj\u0105cy krem do twarzy"}]}]}},"_links":{"self":[{"href":"https:\/\/selleetools.com\/pl\/wp-json\/wp\/v2\/product\/609553"}],"collection":[{"href":"https:\/\/selleetools.com\/pl\/wp-json\/wp\/v2\/product"}],"about":[{"href":"https:\/\/selleetools.com\/pl\/wp-json\/wp\/v2\/types\/product"}],"replies":[{"embeddable":true,"href":"https:\/\/selleetools.com\/pl\/wp-json\/wp\/v2\/comments?post=609553"}],"wp:featuredmedia":[{"embeddable":true,"href":"https:\/\/selleetools.com\/pl\/wp-json\/wp\/v2\/media\/609551"}],"wp:attachment":[{"href":"https:\/\/selleetools.com\/pl\/wp-json\/wp\/v2\/media?parent=609553"}],"curies":[{"name":"wp","href":"https:\/\/api.w.org\/{rel}","templated":true}]}}