{"id":609550,"date":"2025-10-24T14:36:08","date_gmt":"2025-10-24T12:36:08","guid":{"rendered":"https:\/\/selleetools.com\/?post_type=product&#038;p=609550"},"modified":"2025-11-04T21:58:49","modified_gmt":"2025-11-04T20:58:49","slug":"medi-peel-retinol-collagen-lifting-cream-50-ml-krem-przeciwstarzeniowy-z-retinoidami","status":"publish","type":"product","link":"https:\/\/selleetools.com\/pl\/product\/medi-peel-retinol-collagen-lifting-cream-50-ml-krem-przeciwstarzeniowy-z-retinoidami\/","title":{"rendered":"MEDI-PEEL Retinol Collagen Lifting Cream 50 ml &#8211; krem przeciwstarzeniowy z retinoidami"},"content":{"rendered":"<p>MEDI-PEEL Retinol Collagen Lifting Cream to zaawansowany dermokosmetyk, kt\u00f3ry \u0142\u0105czy dzia\u0142anie a\u017c pi\u0119ciu form retinoid\u00f3w z peptydami, kolagenem oraz ekstraktami ro\u015blinnymi. Jego formu\u0142a zosta\u0142a opracowana z my\u015bl\u0105 o intensywnym uj\u0119drnianiu, wyg\u0142adzaniu i odm\u0142adzaniu sk\u00f3ry dojrza\u0142ej, pozbawionej j\u0119drno\u015bci i blasku.<\/p>\n<p>Dzi\u0119ki synergicznemu dzia\u0142aniu sk\u0142adnik\u00f3w aktywnych, krem skutecznie redukuje oznaki starzenia, takie jak zmarszczki, utrata elastyczno\u015bci i nier\u00f3wny koloryt sk\u00f3ry, jednocze\u015bnie poprawiaj\u0105c jej struktur\u0119 i spr\u0119\u017cysto\u015b\u0107. Preparat mo\u017ce by\u0107 stosowany r\u00f3wnie\u017c profilaktycznie jako element piel\u0119gnacji anti-aging.<\/p>\n<p>Korzy\u015bci ze stosowania:<br \/>\nWielopoziomowe dzia\u0142anie przeciwzmarszczkowe dzi\u0119ki obecno\u015bci a\u017c pi\u0119ciu retinoid\u00f3w: Retinolu, Retinalu, Retinyl Retinoate, Retinyl Palmitate oraz Hydroxypinacolone Retinoate. Sk\u0142adniki te stymuluj\u0105 odnow\u0119 kom\u00f3rkow\u0105 i produkcj\u0119 kolagenu.<br \/>\nPoprawa elastyczno\u015bci i napi\u0119cia sk\u00f3ry za spraw\u0105 rozpuszczalnego kolagenu oraz peptyd\u00f3w biomimetycznych (Sh-Polypeptide-121), kt\u00f3re wspieraj\u0105 regeneracj\u0119 tkanek.<br \/>\nRozja\u015bnienie przebarwie\u0144 i ujednolicenie kolorytu sk\u00f3ry dzi\u0119ki zawarto\u015bci niacynamidu i ekstraktu z pomidora.<br \/>\nDzia\u0142anie \u0142agodz\u0105ce i regeneruj\u0105ce dzi\u0119ki obecno\u015bci madecassoside, panthenolu oraz wyci\u0105gu z r\u00f3\u017cy jerycho\u0144skiej i kamelii.<br \/>\nOchrona antyoksydacyjna i fotostabilizacja retinoid\u00f3w dzi\u0119ki sk\u0142adnikom takim jak silybin, witamina E (Tocopherol) i ekstrakty ro\u015blinne.<\/p>\n<p>Spos\u00f3b u\u017cycia:<br \/>\nStosuj wieczorem, na oczyszczon\u0105 i such\u0105 sk\u00f3r\u0119 twarzy, szyi i dekoltu.<br \/>\nNa\u0142\u00f3\u017c niewielk\u0105 ilo\u015b\u0107 kremu, omijaj\u0105c okolice oczu i ust.<br \/>\nPrzy pierwszym zastosowaniu stosuj produkt 2-3 razy w tygodniu, stopniowo zwi\u0119kszaj\u0105c cz\u0119stotliwo\u015b\u0107.<br \/>\nW ci\u0105gu dnia obowi\u0105zkowo stosuj krem z wysokim filtrem SPF.<\/p>\n","protected":false},"excerpt":{"rendered":"<p>MEDI-PEEL Retinol Collagen Lifting Cream to zaawansowany dermokosmetyk, kt\u00f3ry \u0142\u0105czy dzia\u0142anie a\u017c pi\u0119ciu form retinoid\u00f3w z peptydami, kolagenem oraz ekstraktami ro\u015blinnymi. Jego formu\u0142a zosta\u0142a opracowana z my\u015bl\u0105 o intensywnym uj\u0119drnianiu, wyg\u0142adzaniu i odm\u0142adzaniu sk\u00f3ry dojrza\u0142ej, pozbawionej j\u0119drno\u015bci i blasku. Dzi\u0119ki synergicznemu dzia\u0142aniu sk\u0142adnik\u00f3w aktywnych, krem skutecznie redukuje oznaki starzenia, takie jak zmarszczki, utrata elastyczno\u015bci i &#8230; <a title=\"MEDI-PEEL Retinol Collagen Lifting Cream 50 ml &#8211; krem przeciwstarzeniowy z retinoidami\" class=\"read-more\" href=\"https:\/\/selleetools.com\/pl\/product\/medi-peel-retinol-collagen-lifting-cream-50-ml-krem-przeciwstarzeniowy-z-retinoidami\/\">Read more<span class=\"screen-reader-text\">MEDI-PEEL Retinol Collagen Lifting Cream 50 ml &#8211; krem przeciwstarzeniowy z retinoidami<\/span><\/a><\/p>\n","protected":false},"featured_media":609548,"comment_status":"open","ping_status":"closed","template":"","meta":{"_links_to":"","_links_to_target":""},"yoast_head":"<!-- This site is optimized with the Yoast SEO plugin v19.4 - https:\/\/yoast.com\/wordpress\/plugins\/seo\/ -->\n<title>MEDI-PEEL Retinol Collagen Lifting Cream 50 ml - krem przeciwstarzeniowy z retinoidami - Selleetools.com<\/title>\n<meta name=\"robots\" content=\"index, follow, max-snippet:-1, max-image-preview:large, max-video-preview:-1\" \/>\n<link rel=\"canonical\" href=\"https:\/\/selleetools.com\/pl\/product\/medi-peel-retinol-collagen-lifting-cream-50-ml-krem-przeciwstarzeniowy-z-retinoidami\/\" \/>\n<meta property=\"og:locale\" content=\"pl_PL\" \/>\n<meta property=\"og:type\" content=\"article\" \/>\n<meta property=\"og:title\" content=\"MEDI-PEEL Retinol Collagen Lifting Cream 50 ml - krem przeciwstarzeniowy z retinoidami - Selleetools.com\" \/>\n<meta property=\"og:description\" content=\"MEDI-PEEL Retinol Collagen Lifting Cream to zaawansowany dermokosmetyk, kt\u00f3ry \u0142\u0105czy dzia\u0142anie a\u017c pi\u0119ciu form retinoid\u00f3w z peptydami, kolagenem oraz ekstraktami ro\u015blinnymi. Jego formu\u0142a zosta\u0142a opracowana z my\u015bl\u0105 o intensywnym uj\u0119drnianiu, wyg\u0142adzaniu i odm\u0142adzaniu sk\u00f3ry dojrza\u0142ej, pozbawionej j\u0119drno\u015bci i blasku. Dzi\u0119ki synergicznemu dzia\u0142aniu sk\u0142adnik\u00f3w aktywnych, krem skutecznie redukuje oznaki starzenia, takie jak zmarszczki, utrata elastyczno\u015bci i ... Read moreMEDI-PEEL Retinol Collagen Lifting Cream 50 ml &#8211; krem przeciwstarzeniowy z retinoidami\" \/>\n<meta property=\"og:url\" content=\"https:\/\/selleetools.com\/pl\/product\/medi-peel-retinol-collagen-lifting-cream-50-ml-krem-przeciwstarzeniowy-z-retinoidami\/\" \/>\n<meta property=\"og:site_name\" content=\"Selleetools.com\" \/>\n<meta property=\"article:modified_time\" content=\"2025-11-04T20:58:49+00:00\" \/>\n<meta property=\"og:image\" content=\"https:\/\/selleetools.com\/wp-content\/uploads\/2025\/10\/abdd289f570015cb06f9572bc731b89d.jpg\" \/>\n\t<meta property=\"og:image:width\" content=\"1000\" \/>\n\t<meta property=\"og:image:height\" content=\"1000\" \/>\n\t<meta property=\"og:image:type\" content=\"image\/jpeg\" \/>\n<meta name=\"twitter:card\" content=\"summary_large_image\" \/>\n<meta name=\"twitter:label1\" content=\"Est. reading time\" \/>\n\t<meta name=\"twitter:data1\" content=\"1 minuta\" \/>\n<!-- \/ Yoast SEO plugin. -->","yoast_head_json":{"title":"MEDI-PEEL Retinol Collagen Lifting Cream 50 ml - krem przeciwstarzeniowy z retinoidami - Selleetools.com","robots":{"index":"index","follow":"follow","max-snippet":"max-snippet:-1","max-image-preview":"max-image-preview:large","max-video-preview":"max-video-preview:-1"},"canonical":"https:\/\/selleetools.com\/pl\/product\/medi-peel-retinol-collagen-lifting-cream-50-ml-krem-przeciwstarzeniowy-z-retinoidami\/","og_locale":"pl_PL","og_type":"article","og_title":"MEDI-PEEL Retinol Collagen Lifting Cream 50 ml - krem przeciwstarzeniowy z retinoidami - Selleetools.com","og_description":"MEDI-PEEL Retinol Collagen Lifting Cream to zaawansowany dermokosmetyk, kt\u00f3ry \u0142\u0105czy dzia\u0142anie a\u017c pi\u0119ciu form retinoid\u00f3w z peptydami, kolagenem oraz ekstraktami ro\u015blinnymi. Jego formu\u0142a zosta\u0142a opracowana z my\u015bl\u0105 o intensywnym uj\u0119drnianiu, wyg\u0142adzaniu i odm\u0142adzaniu sk\u00f3ry dojrza\u0142ej, pozbawionej j\u0119drno\u015bci i blasku. Dzi\u0119ki synergicznemu dzia\u0142aniu sk\u0142adnik\u00f3w aktywnych, krem skutecznie redukuje oznaki starzenia, takie jak zmarszczki, utrata elastyczno\u015bci i ... Read moreMEDI-PEEL Retinol Collagen Lifting Cream 50 ml &#8211; krem przeciwstarzeniowy z retinoidami","og_url":"https:\/\/selleetools.com\/pl\/product\/medi-peel-retinol-collagen-lifting-cream-50-ml-krem-przeciwstarzeniowy-z-retinoidami\/","og_site_name":"Selleetools.com","article_modified_time":"2025-11-04T20:58:49+00:00","og_image":[{"width":1000,"height":1000,"url":"https:\/\/selleetools.com\/wp-content\/uploads\/2025\/10\/abdd289f570015cb06f9572bc731b89d.jpg","type":"image\/jpeg"}],"twitter_card":"summary_large_image","twitter_misc":{"Est. reading time":"1 minuta"},"schema":{"@context":"https:\/\/schema.org","@graph":[{"@type":"Organization","@id":"https:\/\/selleetools.com\/#organization","name":"Selleetools","url":"https:\/\/selleetools.com\/","sameAs":[],"logo":{"@type":"ImageObject","inLanguage":"pl-PL","@id":"https:\/\/selleetools.com\/#\/schema\/logo\/image\/","url":"https:\/\/selleetools.com\/wp-content\/uploads\/2021\/10\/logo-dark.png","contentUrl":"https:\/\/selleetools.com\/wp-content\/uploads\/2021\/10\/logo-dark.png","width":320,"height":76,"caption":"Selleetools"},"image":{"@id":"https:\/\/selleetools.com\/#\/schema\/logo\/image\/"}},{"@type":"WebSite","@id":"https:\/\/selleetools.com\/#website","url":"https:\/\/selleetools.com\/","name":"Selleetools.com","description":"","publisher":{"@id":"https:\/\/selleetools.com\/#organization"},"potentialAction":[{"@type":"SearchAction","target":{"@type":"EntryPoint","urlTemplate":"https:\/\/selleetools.com\/?s={search_term_string}"},"query-input":"required name=search_term_string"}],"inLanguage":"pl-PL"},{"@type":"WebPage","@id":"https:\/\/selleetools.com\/pl\/product\/medi-peel-retinol-collagen-lifting-cream-50-ml-krem-przeciwstarzeniowy-z-retinoidami\/","url":"https:\/\/selleetools.com\/pl\/product\/medi-peel-retinol-collagen-lifting-cream-50-ml-krem-przeciwstarzeniowy-z-retinoidami\/","name":"MEDI-PEEL Retinol Collagen Lifting Cream 50 ml - krem przeciwstarzeniowy z retinoidami - Selleetools.com","isPartOf":{"@id":"https:\/\/selleetools.com\/#website"},"datePublished":"2025-10-24T12:36:08+00:00","dateModified":"2025-11-04T20:58:49+00:00","breadcrumb":{"@id":"https:\/\/selleetools.com\/pl\/product\/medi-peel-retinol-collagen-lifting-cream-50-ml-krem-przeciwstarzeniowy-z-retinoidami\/#breadcrumb"},"inLanguage":"pl-PL","potentialAction":[{"@type":"ReadAction","target":["https:\/\/selleetools.com\/pl\/product\/medi-peel-retinol-collagen-lifting-cream-50-ml-krem-przeciwstarzeniowy-z-retinoidami\/"]}]},{"@type":"BreadcrumbList","@id":"https:\/\/selleetools.com\/pl\/product\/medi-peel-retinol-collagen-lifting-cream-50-ml-krem-przeciwstarzeniowy-z-retinoidami\/#breadcrumb","itemListElement":[{"@type":"ListItem","position":1,"name":"Home","item":"https:\/\/selleetools.com\/pl\/"},{"@type":"ListItem","position":2,"name":"Katalog","item":"https:\/\/selleetools.com\/pl\/katalog\/"},{"@type":"ListItem","position":3,"name":"MEDI-PEEL Retinol Collagen Lifting Cream 50 ml &#8211; krem przeciwstarzeniowy z retinoidami"}]}]}},"_links":{"self":[{"href":"https:\/\/selleetools.com\/pl\/wp-json\/wp\/v2\/product\/609550"}],"collection":[{"href":"https:\/\/selleetools.com\/pl\/wp-json\/wp\/v2\/product"}],"about":[{"href":"https:\/\/selleetools.com\/pl\/wp-json\/wp\/v2\/types\/product"}],"replies":[{"embeddable":true,"href":"https:\/\/selleetools.com\/pl\/wp-json\/wp\/v2\/comments?post=609550"}],"wp:featuredmedia":[{"embeddable":true,"href":"https:\/\/selleetools.com\/pl\/wp-json\/wp\/v2\/media\/609548"}],"wp:attachment":[{"href":"https:\/\/selleetools.com\/pl\/wp-json\/wp\/v2\/media?parent=609550"}],"curies":[{"name":"wp","href":"https:\/\/api.w.org\/{rel}","templated":true}]}}