{"id":609547,"date":"2025-10-24T14:36:06","date_gmt":"2025-10-24T12:36:06","guid":{"rendered":"https:\/\/selleetools.com\/?post_type=product&#038;p=609547"},"modified":"2026-03-03T11:19:05","modified_gmt":"2026-03-03T10:19:05","slug":"medi-peel-peptide-9-volume-lifting-eye-patch-pro-60-szt-hydrozelowe-platki-pod-oczy-z-peptydami","status":"publish","type":"product","link":"https:\/\/selleetools.com\/pl\/product\/medi-peel-peptide-9-volume-lifting-eye-patch-pro-60-szt-hydrozelowe-platki-pod-oczy-z-peptydami\/","title":{"rendered":"MEDI-PEEL Peptide 9 Volume Lifting Eye Patch Pro 60 szt &#8211; hydro\u017celowe p\u0142atki pod oczy z peptydami"},"content":{"rendered":"<p>MEDI-PEEL Peptide 9 Volume Lifting Eye Patch Pro to luksusowe hydro\u017celowe p\u0142atki pod oczy, opracowane z my\u015bl\u0105 o intensywnej piel\u0119gnacji sk\u00f3ry wra\u017cliwej i wymagaj\u0105cej w okolicach oczu. Ich formu\u0142a oparta na kompleksie 9 peptyd\u00f3w oraz sk\u0142adnikach aktywnych dzia\u0142a przeciwstarzeniowo, wyg\u0142adzaj\u0105co i uj\u0119drniaj\u0105co. P\u0142atki skutecznie redukuj\u0105 oznaki zm\u0119czenia, cienie i opuchlizn\u0119, a przy regularnym stosowaniu przyczyniaj\u0105 si\u0119 do poprawy elastyczno\u015bci sk\u00f3ry i jej og\u00f3lnej kondycji.<\/p>\n<p>Korzy\u015bci ze stosowania:<br \/>\nIntensywne dzia\u0142anie liftinguj\u0105ce \u2013 dzi\u0119ki zawarto\u015bci peptyd\u00f3w (w tym m.in. Acetyl Hexapeptide-8, Palmitoyl Tripeptide-5) wspieraj\u0105 syntez\u0119 kolagenu i poprawiaj\u0105 napi\u0119cie sk\u00f3ry.<br \/>\nRedukcja opuchlizny i cieni \u2013 ekstrakty ro\u015blinne (np. Epilobium Angustifolium, Scutellaria Baicalensis) oraz niacynamid rozja\u015bniaj\u0105 i koj\u0105 okolice oczu.<br \/>\nNawil\u017cenie i wyg\u0142adzenie \u2013 kompleks kwasu hialuronowego (w r\u00f3\u017cnych formach) intensywnie nawadnia i wyg\u0142adza drobne linie oraz zmarszczki.<br \/>\nDzia\u0142anie regeneruj\u0105ce i ochronne \u2013 zawarte w p\u0142atkach adenozyna, alantoina i ectoina wspomagaj\u0105 odnow\u0119 sk\u00f3ry oraz chroni\u0105 przed czynnikami zewn\u0119trznymi.<\/p>\n<p>Spos\u00f3b u\u017cycia:<br \/>\nDok\u0142adnie oczy\u015b\u0107 i osusz sk\u00f3r\u0119 twarzy.<br \/>\nNa\u0142\u00f3\u017c p\u0142atki pod oczy, dopasowuj\u0105c je do kszta\u0142tu dolnej powieki.<br \/>\nPozostaw na 15\u201320 minut, a nast\u0119pnie delikatnie zdejmij.<br \/>\nWklep pozosta\u0142o\u015b\u0107 esencji w sk\u00f3r\u0119 opuszkami palc\u00f3w do ca\u0142kowitego wch\u0142oni\u0119cia.<\/p>\n<p>P\u0142atki mo\u017cna r\u00f3wnie\u017c stosowa\u0107 miejscowo na inne partie twarzy (np. czo\u0142o, bruzdy nosowo-wargowe).<\/p>\n","protected":false},"excerpt":{"rendered":"<p>MEDI-PEEL Peptide 9 Volume Lifting Eye Patch Pro to luksusowe hydro\u017celowe p\u0142atki pod oczy, opracowane z my\u015bl\u0105 o intensywnej piel\u0119gnacji sk\u00f3ry wra\u017cliwej i wymagaj\u0105cej w okolicach oczu. Ich formu\u0142a oparta na kompleksie 9 peptyd\u00f3w oraz sk\u0142adnikach aktywnych dzia\u0142a przeciwstarzeniowo, wyg\u0142adzaj\u0105co i uj\u0119drniaj\u0105co. P\u0142atki skutecznie redukuj\u0105 oznaki zm\u0119czenia, cienie i opuchlizn\u0119, a przy regularnym stosowaniu przyczyniaj\u0105 &#8230; <a title=\"MEDI-PEEL Peptide 9 Volume Lifting Eye Patch Pro 60 szt &#8211; hydro\u017celowe p\u0142atki pod oczy z peptydami\" class=\"read-more\" href=\"https:\/\/selleetools.com\/pl\/product\/medi-peel-peptide-9-volume-lifting-eye-patch-pro-60-szt-hydrozelowe-platki-pod-oczy-z-peptydami\/\">Read more<span class=\"screen-reader-text\">MEDI-PEEL Peptide 9 Volume Lifting Eye Patch Pro 60 szt &#8211; hydro\u017celowe p\u0142atki pod oczy z peptydami<\/span><\/a><\/p>\n","protected":false},"featured_media":609545,"comment_status":"open","ping_status":"closed","template":"","meta":{"_links_to":"","_links_to_target":""},"yoast_head":"<!-- This site is optimized with the Yoast SEO plugin v19.4 - https:\/\/yoast.com\/wordpress\/plugins\/seo\/ -->\n<title>MEDI-PEEL Peptide 9 Volume Lifting Eye Patch Pro 60 szt - hydro\u017celowe p\u0142atki pod oczy z peptydami - Selleetools.com<\/title>\n<meta name=\"robots\" content=\"index, follow, max-snippet:-1, max-image-preview:large, max-video-preview:-1\" \/>\n<link rel=\"canonical\" href=\"https:\/\/selleetools.com\/product\/medi-peel-peptide-9-volume-lifting-eye-patch-pro-60-szt-hydrozelowe-platki-pod-oczy-z-peptydami\/\" \/>\n<meta property=\"og:locale\" content=\"pl_PL\" \/>\n<meta property=\"og:type\" content=\"article\" \/>\n<meta property=\"og:title\" content=\"MEDI-PEEL Peptide 9 Volume Lifting Eye Patch Pro 60 szt - hydro\u017celowe p\u0142atki pod oczy z peptydami - Selleetools.com\" \/>\n<meta property=\"og:description\" content=\"MEDI-PEEL Peptide 9 Volume Lifting Eye Patch Pro to luksusowe hydro\u017celowe p\u0142atki pod oczy, opracowane z my\u015bl\u0105 o intensywnej piel\u0119gnacji sk\u00f3ry wra\u017cliwej i wymagaj\u0105cej w okolicach oczu. Ich formu\u0142a oparta na kompleksie 9 peptyd\u00f3w oraz sk\u0142adnikach aktywnych dzia\u0142a przeciwstarzeniowo, wyg\u0142adzaj\u0105co i uj\u0119drniaj\u0105co. P\u0142atki skutecznie redukuj\u0105 oznaki zm\u0119czenia, cienie i opuchlizn\u0119, a przy regularnym stosowaniu przyczyniaj\u0105 ... Read moreMEDI-PEEL Peptide 9 Volume Lifting Eye Patch Pro 60 szt &#8211; hydro\u017celowe p\u0142atki pod oczy z peptydami\" \/>\n<meta property=\"og:url\" content=\"https:\/\/selleetools.com\/product\/medi-peel-peptide-9-volume-lifting-eye-patch-pro-60-szt-hydrozelowe-platki-pod-oczy-z-peptydami\/\" \/>\n<meta property=\"og:site_name\" content=\"Selleetools.com\" \/>\n<meta property=\"article:modified_time\" content=\"2026-03-03T10:19:05+00:00\" \/>\n<meta property=\"og:image\" content=\"https:\/\/selleetools.com\/wp-content\/uploads\/2025\/10\/39b75232cb79acb0536559676364ae0c.jpg\" \/>\n\t<meta property=\"og:image:width\" content=\"1000\" \/>\n\t<meta property=\"og:image:height\" content=\"1000\" \/>\n\t<meta property=\"og:image:type\" content=\"image\/jpeg\" \/>\n<meta name=\"twitter:card\" content=\"summary_large_image\" \/>\n<meta name=\"twitter:label1\" content=\"Est. reading time\" \/>\n\t<meta name=\"twitter:data1\" content=\"1 minuta\" \/>\n<!-- \/ Yoast SEO plugin. -->","yoast_head_json":{"title":"MEDI-PEEL Peptide 9 Volume Lifting Eye Patch Pro 60 szt - hydro\u017celowe p\u0142atki pod oczy z peptydami - Selleetools.com","robots":{"index":"index","follow":"follow","max-snippet":"max-snippet:-1","max-image-preview":"max-image-preview:large","max-video-preview":"max-video-preview:-1"},"canonical":"https:\/\/selleetools.com\/product\/medi-peel-peptide-9-volume-lifting-eye-patch-pro-60-szt-hydrozelowe-platki-pod-oczy-z-peptydami\/","og_locale":"pl_PL","og_type":"article","og_title":"MEDI-PEEL Peptide 9 Volume Lifting Eye Patch Pro 60 szt - hydro\u017celowe p\u0142atki pod oczy z peptydami - Selleetools.com","og_description":"MEDI-PEEL Peptide 9 Volume Lifting Eye Patch Pro to luksusowe hydro\u017celowe p\u0142atki pod oczy, opracowane z my\u015bl\u0105 o intensywnej piel\u0119gnacji sk\u00f3ry wra\u017cliwej i wymagaj\u0105cej w okolicach oczu. Ich formu\u0142a oparta na kompleksie 9 peptyd\u00f3w oraz sk\u0142adnikach aktywnych dzia\u0142a przeciwstarzeniowo, wyg\u0142adzaj\u0105co i uj\u0119drniaj\u0105co. P\u0142atki skutecznie redukuj\u0105 oznaki zm\u0119czenia, cienie i opuchlizn\u0119, a przy regularnym stosowaniu przyczyniaj\u0105 ... Read moreMEDI-PEEL Peptide 9 Volume Lifting Eye Patch Pro 60 szt &#8211; hydro\u017celowe p\u0142atki pod oczy z peptydami","og_url":"https:\/\/selleetools.com\/product\/medi-peel-peptide-9-volume-lifting-eye-patch-pro-60-szt-hydrozelowe-platki-pod-oczy-z-peptydami\/","og_site_name":"Selleetools.com","article_modified_time":"2026-03-03T10:19:05+00:00","og_image":[{"width":1000,"height":1000,"url":"https:\/\/selleetools.com\/wp-content\/uploads\/2025\/10\/39b75232cb79acb0536559676364ae0c.jpg","type":"image\/jpeg"}],"twitter_card":"summary_large_image","twitter_misc":{"Est. reading time":"1 minuta"},"schema":{"@context":"https:\/\/schema.org","@graph":[{"@type":"Organization","@id":"https:\/\/selleetools.com\/#organization","name":"Selleetools","url":"https:\/\/selleetools.com\/","sameAs":[],"logo":{"@type":"ImageObject","inLanguage":"pl-PL","@id":"https:\/\/selleetools.com\/#\/schema\/logo\/image\/","url":"https:\/\/selleetools.com\/wp-content\/uploads\/2021\/10\/logo-dark.png","contentUrl":"https:\/\/selleetools.com\/wp-content\/uploads\/2021\/10\/logo-dark.png","width":320,"height":76,"caption":"Selleetools"},"image":{"@id":"https:\/\/selleetools.com\/#\/schema\/logo\/image\/"}},{"@type":"WebSite","@id":"https:\/\/selleetools.com\/#website","url":"https:\/\/selleetools.com\/","name":"Selleetools.com","description":"","publisher":{"@id":"https:\/\/selleetools.com\/#organization"},"potentialAction":[{"@type":"SearchAction","target":{"@type":"EntryPoint","urlTemplate":"https:\/\/selleetools.com\/?s={search_term_string}"},"query-input":"required name=search_term_string"}],"inLanguage":"pl-PL"},{"@type":"WebPage","@id":"https:\/\/selleetools.com\/product\/medi-peel-peptide-9-volume-lifting-eye-patch-pro-60-szt-hydrozelowe-platki-pod-oczy-z-peptydami\/","url":"https:\/\/selleetools.com\/product\/medi-peel-peptide-9-volume-lifting-eye-patch-pro-60-szt-hydrozelowe-platki-pod-oczy-z-peptydami\/","name":"MEDI-PEEL Peptide 9 Volume Lifting Eye Patch Pro 60 szt - hydro\u017celowe p\u0142atki pod oczy z peptydami - Selleetools.com","isPartOf":{"@id":"https:\/\/selleetools.com\/#website"},"datePublished":"2025-10-24T12:36:06+00:00","dateModified":"2026-03-03T10:19:05+00:00","breadcrumb":{"@id":"https:\/\/selleetools.com\/product\/medi-peel-peptide-9-volume-lifting-eye-patch-pro-60-szt-hydrozelowe-platki-pod-oczy-z-peptydami\/#breadcrumb"},"inLanguage":"pl-PL","potentialAction":[{"@type":"ReadAction","target":["https:\/\/selleetools.com\/product\/medi-peel-peptide-9-volume-lifting-eye-patch-pro-60-szt-hydrozelowe-platki-pod-oczy-z-peptydami\/"]}]},{"@type":"BreadcrumbList","@id":"https:\/\/selleetools.com\/product\/medi-peel-peptide-9-volume-lifting-eye-patch-pro-60-szt-hydrozelowe-platki-pod-oczy-z-peptydami\/#breadcrumb","itemListElement":[{"@type":"ListItem","position":1,"name":"Home","item":"https:\/\/selleetools.com\/pl\/"},{"@type":"ListItem","position":2,"name":"Katalog","item":"https:\/\/selleetools.com\/pl\/katalog\/"},{"@type":"ListItem","position":3,"name":"MEDI-PEEL Peptide 9 Volume Lifting Eye Patch Pro 60 szt &#8211; hydro\u017celowe p\u0142atki pod oczy z peptydami"}]}]}},"_links":{"self":[{"href":"https:\/\/selleetools.com\/pl\/wp-json\/wp\/v2\/product\/609547"}],"collection":[{"href":"https:\/\/selleetools.com\/pl\/wp-json\/wp\/v2\/product"}],"about":[{"href":"https:\/\/selleetools.com\/pl\/wp-json\/wp\/v2\/types\/product"}],"replies":[{"embeddable":true,"href":"https:\/\/selleetools.com\/pl\/wp-json\/wp\/v2\/comments?post=609547"}],"wp:featuredmedia":[{"embeddable":true,"href":"https:\/\/selleetools.com\/pl\/wp-json\/wp\/v2\/media\/609545"}],"wp:attachment":[{"href":"https:\/\/selleetools.com\/pl\/wp-json\/wp\/v2\/media?parent=609547"}],"curies":[{"name":"wp","href":"https:\/\/api.w.org\/{rel}","templated":true}]}}