{"id":609544,"date":"2025-10-24T14:36:04","date_gmt":"2025-10-24T12:36:04","guid":{"rendered":"https:\/\/selleetools.com\/?post_type=product&#038;p=609544"},"modified":"2025-11-03T17:02:28","modified_gmt":"2025-11-03T16:02:28","slug":"medi-peel-hyaluron-rose-peptide9-ampoule-eye-patch-60-szt-nawilzajace-hydrozelowe-platki-pod-oczy","status":"publish","type":"product","link":"https:\/\/selleetools.com\/pl\/product\/medi-peel-hyaluron-rose-peptide9-ampoule-eye-patch-60-szt-nawilzajace-hydrozelowe-platki-pod-oczy\/","title":{"rendered":"MEDI-PEEL Hyaluron Rose Peptide9 Ampoule Eye Patch 60 szt &#8211; nawil\u017caj\u0105ce hydro\u017celowe p\u0142atki pod oczy"},"content":{"rendered":"<p>Hydro\u017celowe p\u0142atki pod oczy MEDI-PEEL Hyaluron Rose Peptide9 to intensywnie nawil\u017caj\u0105ca i od\u017cywcza kuracja stworzona z my\u015bl\u0105 o delikatnej sk\u00f3rze wok\u00f3\u0142 oczu. Innowacyjna formu\u0142a oparta na kompleksie peptyd\u00f3w, kwasie hialuronowym oraz wodzie r\u00f3\u017canej wspomaga redukcj\u0119 opuchlizny, cieni i pierwszych oznak starzenia. Ich przyjemna, ch\u0142odz\u0105ca konsystencja zapewnia natychmiastowy komfort i efekt od\u015bwie\u017cenia.<\/p>\n<p>Korzy\u015bci ze stosowania:<br \/>\nG\u0142\u0119bokie nawil\u017cenie i wyg\u0142adzenie dzi\u0119ki obecno\u015bci r\u00f3\u017cnych form kwasu hialuronowego (Sodium Hyaluronate, Hydrolyzed Hyaluronic Acid, Hyaluronic Acid).<br \/>\nWzmocnienie elastyczno\u015bci i redukcja zmarszczek za spraw\u0105 peptyd\u00f3w takich jak Palmitoyl Tripeptide-5, Copper Tripeptide-1 i Acetyl Hexapeptide-8.<br \/>\n\u0141agodzenie i regeneracja sk\u00f3ry poprzez dzia\u0142anie ekstrakt\u00f3w ro\u015blinnych: Centella Asiatica, r\u00f3\u017ca damasce\u0144ska, w\u0105krota azjatycka, mi\u0142orz\u0105b japo\u0144ski.<br \/>\nEfekt roz\u015bwietlenia i poprawa kolorytu sk\u00f3ry dzi\u0119ki obecno\u015bci niacynamidu.<br \/>\nOd\u015bwie\u017cenie i dzia\u0142anie ch\u0142odz\u0105ce, idealne przy zm\u0119czonych lub opuchni\u0119tych oczach.<\/p>\n<p>Spos\u00f3b u\u017cycia:<br \/>\nOczy\u015b\u0107 i osusz sk\u00f3r\u0119 wok\u00f3\u0142 oczu.<br \/>\nZa pomoc\u0105 do\u0142\u0105czonej szpatu\u0142ki na\u0142\u00f3\u017c p\u0142atki pod oczy.<br \/>\nPozostaw na sk\u00f3rze przez 15\u201320 minut.<br \/>\nPo zdj\u0119ciu delikatnie wmasuj pozosta\u0142o\u015b\u0107 esencji w sk\u00f3r\u0119 a\u017c do wch\u0142oni\u0119cia.<br \/>\nProdukt mo\u017ce by\u0107 r\u00f3wnie\u017c stosowany na inne partie twarzy, np. czo\u0142o czy okolice ust.<\/p>\n","protected":false},"excerpt":{"rendered":"<p>Hydro\u017celowe p\u0142atki pod oczy MEDI-PEEL Hyaluron Rose Peptide9 to intensywnie nawil\u017caj\u0105ca i od\u017cywcza kuracja stworzona z my\u015bl\u0105 o delikatnej sk\u00f3rze wok\u00f3\u0142 oczu. Innowacyjna formu\u0142a oparta na kompleksie peptyd\u00f3w, kwasie hialuronowym oraz wodzie r\u00f3\u017canej wspomaga redukcj\u0119 opuchlizny, cieni i pierwszych oznak starzenia. Ich przyjemna, ch\u0142odz\u0105ca konsystencja zapewnia natychmiastowy komfort i efekt od\u015bwie\u017cenia. Korzy\u015bci ze stosowania: G\u0142\u0119bokie &#8230; <a title=\"MEDI-PEEL Hyaluron Rose Peptide9 Ampoule Eye Patch 60 szt &#8211; nawil\u017caj\u0105ce hydro\u017celowe p\u0142atki pod oczy\" class=\"read-more\" href=\"https:\/\/selleetools.com\/pl\/product\/medi-peel-hyaluron-rose-peptide9-ampoule-eye-patch-60-szt-nawilzajace-hydrozelowe-platki-pod-oczy\/\">Read more<span class=\"screen-reader-text\">MEDI-PEEL Hyaluron Rose Peptide9 Ampoule Eye Patch 60 szt &#8211; nawil\u017caj\u0105ce hydro\u017celowe p\u0142atki pod oczy<\/span><\/a><\/p>\n","protected":false},"featured_media":609542,"comment_status":"open","ping_status":"closed","template":"","meta":{"_links_to":"","_links_to_target":""},"yoast_head":"<!-- This site is optimized with the Yoast SEO plugin v19.4 - https:\/\/yoast.com\/wordpress\/plugins\/seo\/ -->\n<title>MEDI-PEEL Hyaluron Rose Peptide9 Ampoule Eye Patch 60 szt - nawil\u017caj\u0105ce hydro\u017celowe p\u0142atki pod oczy - Selleetools.com<\/title>\n<meta name=\"robots\" content=\"index, follow, max-snippet:-1, max-image-preview:large, max-video-preview:-1\" \/>\n<link rel=\"canonical\" href=\"https:\/\/admincentral.selleetools.com\/pl\/product\/medi-peel-hyaluron-rose-peptide9-ampoule-eye-patch-60-szt-nawilzajace-hydrozelowe-platki-pod-oczy\/\" \/>\n<meta property=\"og:locale\" content=\"pl_PL\" \/>\n<meta property=\"og:type\" content=\"article\" \/>\n<meta property=\"og:title\" content=\"MEDI-PEEL Hyaluron Rose Peptide9 Ampoule Eye Patch 60 szt - nawil\u017caj\u0105ce hydro\u017celowe p\u0142atki pod oczy - Selleetools.com\" \/>\n<meta property=\"og:description\" content=\"Hydro\u017celowe p\u0142atki pod oczy MEDI-PEEL Hyaluron Rose Peptide9 to intensywnie nawil\u017caj\u0105ca i od\u017cywcza kuracja stworzona z my\u015bl\u0105 o delikatnej sk\u00f3rze wok\u00f3\u0142 oczu. Innowacyjna formu\u0142a oparta na kompleksie peptyd\u00f3w, kwasie hialuronowym oraz wodzie r\u00f3\u017canej wspomaga redukcj\u0119 opuchlizny, cieni i pierwszych oznak starzenia. Ich przyjemna, ch\u0142odz\u0105ca konsystencja zapewnia natychmiastowy komfort i efekt od\u015bwie\u017cenia. Korzy\u015bci ze stosowania: G\u0142\u0119bokie ... Read moreMEDI-PEEL Hyaluron Rose Peptide9 Ampoule Eye Patch 60 szt &#8211; nawil\u017caj\u0105ce hydro\u017celowe p\u0142atki pod oczy\" \/>\n<meta property=\"og:url\" content=\"https:\/\/admincentral.selleetools.com\/pl\/product\/medi-peel-hyaluron-rose-peptide9-ampoule-eye-patch-60-szt-nawilzajace-hydrozelowe-platki-pod-oczy\/\" \/>\n<meta property=\"og:site_name\" content=\"Selleetools.com\" \/>\n<meta property=\"article:modified_time\" content=\"2025-11-03T16:02:28+00:00\" \/>\n<meta property=\"og:image\" content=\"https:\/\/selleetools.com\/wp-content\/uploads\/2025\/10\/9f74e810505f21b913ccb223c9e0c417.jpg\" \/>\n\t<meta property=\"og:image:width\" content=\"1000\" \/>\n\t<meta property=\"og:image:height\" content=\"1000\" \/>\n\t<meta property=\"og:image:type\" content=\"image\/jpeg\" \/>\n<meta name=\"twitter:card\" content=\"summary_large_image\" \/>\n<meta name=\"twitter:label1\" content=\"Est. reading time\" \/>\n\t<meta name=\"twitter:data1\" content=\"1 minuta\" \/>\n<!-- \/ Yoast SEO plugin. -->","yoast_head_json":{"title":"MEDI-PEEL Hyaluron Rose Peptide9 Ampoule Eye Patch 60 szt - nawil\u017caj\u0105ce hydro\u017celowe p\u0142atki pod oczy - Selleetools.com","robots":{"index":"index","follow":"follow","max-snippet":"max-snippet:-1","max-image-preview":"max-image-preview:large","max-video-preview":"max-video-preview:-1"},"canonical":"https:\/\/admincentral.selleetools.com\/pl\/product\/medi-peel-hyaluron-rose-peptide9-ampoule-eye-patch-60-szt-nawilzajace-hydrozelowe-platki-pod-oczy\/","og_locale":"pl_PL","og_type":"article","og_title":"MEDI-PEEL Hyaluron Rose Peptide9 Ampoule Eye Patch 60 szt - nawil\u017caj\u0105ce hydro\u017celowe p\u0142atki pod oczy - Selleetools.com","og_description":"Hydro\u017celowe p\u0142atki pod oczy MEDI-PEEL Hyaluron Rose Peptide9 to intensywnie nawil\u017caj\u0105ca i od\u017cywcza kuracja stworzona z my\u015bl\u0105 o delikatnej sk\u00f3rze wok\u00f3\u0142 oczu. Innowacyjna formu\u0142a oparta na kompleksie peptyd\u00f3w, kwasie hialuronowym oraz wodzie r\u00f3\u017canej wspomaga redukcj\u0119 opuchlizny, cieni i pierwszych oznak starzenia. Ich przyjemna, ch\u0142odz\u0105ca konsystencja zapewnia natychmiastowy komfort i efekt od\u015bwie\u017cenia. Korzy\u015bci ze stosowania: G\u0142\u0119bokie ... Read moreMEDI-PEEL Hyaluron Rose Peptide9 Ampoule Eye Patch 60 szt &#8211; nawil\u017caj\u0105ce hydro\u017celowe p\u0142atki pod oczy","og_url":"https:\/\/admincentral.selleetools.com\/pl\/product\/medi-peel-hyaluron-rose-peptide9-ampoule-eye-patch-60-szt-nawilzajace-hydrozelowe-platki-pod-oczy\/","og_site_name":"Selleetools.com","article_modified_time":"2025-11-03T16:02:28+00:00","og_image":[{"width":1000,"height":1000,"url":"https:\/\/selleetools.com\/wp-content\/uploads\/2025\/10\/9f74e810505f21b913ccb223c9e0c417.jpg","type":"image\/jpeg"}],"twitter_card":"summary_large_image","twitter_misc":{"Est. reading time":"1 minuta"},"schema":{"@context":"https:\/\/schema.org","@graph":[{"@type":"Organization","@id":"https:\/\/selleetools.com\/#organization","name":"Selleetools","url":"https:\/\/selleetools.com\/","sameAs":[],"logo":{"@type":"ImageObject","inLanguage":"pl-PL","@id":"https:\/\/selleetools.com\/#\/schema\/logo\/image\/","url":"https:\/\/selleetools.com\/wp-content\/uploads\/2021\/10\/logo-dark.png","contentUrl":"https:\/\/selleetools.com\/wp-content\/uploads\/2021\/10\/logo-dark.png","width":320,"height":76,"caption":"Selleetools"},"image":{"@id":"https:\/\/selleetools.com\/#\/schema\/logo\/image\/"}},{"@type":"WebSite","@id":"https:\/\/selleetools.com\/#website","url":"https:\/\/selleetools.com\/","name":"Selleetools.com","description":"","publisher":{"@id":"https:\/\/selleetools.com\/#organization"},"potentialAction":[{"@type":"SearchAction","target":{"@type":"EntryPoint","urlTemplate":"https:\/\/selleetools.com\/?s={search_term_string}"},"query-input":"required name=search_term_string"}],"inLanguage":"pl-PL"},{"@type":"WebPage","@id":"https:\/\/admincentral.selleetools.com\/pl\/product\/medi-peel-hyaluron-rose-peptide9-ampoule-eye-patch-60-szt-nawilzajace-hydrozelowe-platki-pod-oczy\/","url":"https:\/\/admincentral.selleetools.com\/pl\/product\/medi-peel-hyaluron-rose-peptide9-ampoule-eye-patch-60-szt-nawilzajace-hydrozelowe-platki-pod-oczy\/","name":"MEDI-PEEL Hyaluron Rose Peptide9 Ampoule Eye Patch 60 szt - nawil\u017caj\u0105ce hydro\u017celowe p\u0142atki pod oczy - Selleetools.com","isPartOf":{"@id":"https:\/\/selleetools.com\/#website"},"datePublished":"2025-10-24T12:36:04+00:00","dateModified":"2025-11-03T16:02:28+00:00","breadcrumb":{"@id":"https:\/\/admincentral.selleetools.com\/pl\/product\/medi-peel-hyaluron-rose-peptide9-ampoule-eye-patch-60-szt-nawilzajace-hydrozelowe-platki-pod-oczy\/#breadcrumb"},"inLanguage":"pl-PL","potentialAction":[{"@type":"ReadAction","target":["https:\/\/admincentral.selleetools.com\/pl\/product\/medi-peel-hyaluron-rose-peptide9-ampoule-eye-patch-60-szt-nawilzajace-hydrozelowe-platki-pod-oczy\/"]}]},{"@type":"BreadcrumbList","@id":"https:\/\/admincentral.selleetools.com\/pl\/product\/medi-peel-hyaluron-rose-peptide9-ampoule-eye-patch-60-szt-nawilzajace-hydrozelowe-platki-pod-oczy\/#breadcrumb","itemListElement":[{"@type":"ListItem","position":1,"name":"Home","item":"https:\/\/selleetools.com\/pl\/"},{"@type":"ListItem","position":2,"name":"Katalog","item":"https:\/\/selleetools.com\/pl\/katalog\/"},{"@type":"ListItem","position":3,"name":"MEDI-PEEL Hyaluron Rose Peptide9 Ampoule Eye Patch 60 szt &#8211; nawil\u017caj\u0105ce hydro\u017celowe p\u0142atki pod oczy"}]}]}},"_links":{"self":[{"href":"https:\/\/selleetools.com\/pl\/wp-json\/wp\/v2\/product\/609544"}],"collection":[{"href":"https:\/\/selleetools.com\/pl\/wp-json\/wp\/v2\/product"}],"about":[{"href":"https:\/\/selleetools.com\/pl\/wp-json\/wp\/v2\/types\/product"}],"replies":[{"embeddable":true,"href":"https:\/\/selleetools.com\/pl\/wp-json\/wp\/v2\/comments?post=609544"}],"wp:featuredmedia":[{"embeddable":true,"href":"https:\/\/selleetools.com\/pl\/wp-json\/wp\/v2\/media\/609542"}],"wp:attachment":[{"href":"https:\/\/selleetools.com\/pl\/wp-json\/wp\/v2\/media?parent=609544"}],"curies":[{"name":"wp","href":"https:\/\/api.w.org\/{rel}","templated":true}]}}