{"id":609176,"date":"2025-10-24T14:30:38","date_gmt":"2025-10-24T12:30:38","guid":{"rendered":"https:\/\/selleetools.com\/?post_type=product&#038;p=609176"},"modified":"2025-12-12T11:05:29","modified_gmt":"2025-12-12T10:05:29","slug":"medi-peel-bor-tox-peptide-tone-180-ml-tonik-przeciwstarzeniowy-liftingujacy","status":"publish","type":"product","link":"https:\/\/selleetools.com\/pl\/product\/medi-peel-bor-tox-peptide-tone-180-ml-tonik-przeciwstarzeniowy-liftingujacy\/","title":{"rendered":"MEDI-PEEL Bor-Tox Peptide Tone 180 ml &#8211; tonik przeciwstarzeniowy liftinguj\u0105cy"},"content":{"rendered":"<p>MEDI-PEEL Bor-Tox Peptide Tone to zaawansowany tonik piel\u0119gnacyjny o dzia\u0142aniu przeciwstarzeniowym i uj\u0119drniaj\u0105cym, stworzony z my\u015bl\u0105 o cerze wymagaj\u0105cej poprawy elastyczno\u015bci i wyg\u0142adzenia. Dzi\u0119ki wysokiej zawarto\u015bci peptyd\u00f3w oraz fermentowanych ekstrakt\u00f3w ro\u015blinnych, formu\u0142a wspiera naturaln\u0105 odnow\u0119 sk\u00f3ry, poprawia jej g\u0119sto\u015b\u0107 i j\u0119drno\u015b\u0107, a tak\u017ce przywraca zdrowy, promienny wygl\u0105d. Lekka, szybko wch\u0142aniaj\u0105ca si\u0119 konsystencja idealnie przygotowuje sk\u00f3r\u0119 do dalszej piel\u0119gnacji, nie obci\u0105\u017caj\u0105c jej. Tonik rekomendowany jest szczeg\u00f3lnie dla sk\u00f3ry dojrza\u0142ej, zwiotcza\u0142ej, z oznakami zm\u0119czenia i utraty spr\u0119\u017cysto\u015bci.<\/p>\n<p>Korzy\u015bci ze stosowania:<br \/>\nEfekt liftingu i wyg\u0142adzenia \u2013 peptydy biomimetyczne oraz kolagen i elastyna dzia\u0142aj\u0105 uj\u0119drniaj\u0105co i redukuj\u0105 widoczno\u015b\u0107 zmarszczek.<br \/>\nSilne nawil\u017cenie i regeneracja \u2013 dzi\u0119ki obecno\u015bci trehalozy, pantenolu oraz kwasu hialuronowego.<br \/>\nPoprawa elastyczno\u015bci sk\u00f3ry \u2013 kompleks fermentowanych ekstrakt\u00f3w i sk\u0142adnik\u00f3w ro\u015blinnych stymuluje odnow\u0119 kom\u00f3rkow\u0105 i wzmacnia barier\u0119 ochronn\u0105.<br \/>\nDzia\u0142anie \u0142agodz\u0105ce \u2013 allantoin i betaina redukuj\u0105 podra\u017cnienia i wspieraj\u0105 komfort sk\u00f3ry.<br \/>\nWsparcie mikrobiomu sk\u00f3ry \u2013 fermenty z ry\u017cu, j\u0119czmienia, granatu, gruszki i soi dzia\u0142aj\u0105 probiotycznie, wspomagaj\u0105c r\u00f3wnowag\u0119 sk\u00f3ry.<\/p>\n<p>Spos\u00f3b u\u017cycia:<br \/>\nPo oczyszczeniu sk\u00f3ry, nanie\u015b odpowiedni\u0105 ilo\u015b\u0107 toniku na d\u0142onie lub wacik i delikatnie wklep w sk\u00f3r\u0119 twarzy i szyi. Stosuj rano i wieczorem jako pierwszy krok piel\u0119gnacyjny po myciu.<\/p>\n","protected":false},"excerpt":{"rendered":"<p>MEDI-PEEL Bor-Tox Peptide Tone to zaawansowany tonik piel\u0119gnacyjny o dzia\u0142aniu przeciwstarzeniowym i uj\u0119drniaj\u0105cym, stworzony z my\u015bl\u0105 o cerze wymagaj\u0105cej poprawy elastyczno\u015bci i wyg\u0142adzenia. Dzi\u0119ki wysokiej zawarto\u015bci peptyd\u00f3w oraz fermentowanych ekstrakt\u00f3w ro\u015blinnych, formu\u0142a wspiera naturaln\u0105 odnow\u0119 sk\u00f3ry, poprawia jej g\u0119sto\u015b\u0107 i j\u0119drno\u015b\u0107, a tak\u017ce przywraca zdrowy, promienny wygl\u0105d. Lekka, szybko wch\u0142aniaj\u0105ca si\u0119 konsystencja idealnie przygotowuje sk\u00f3r\u0119 &#8230; <a title=\"MEDI-PEEL Bor-Tox Peptide Tone 180 ml &#8211; tonik przeciwstarzeniowy liftinguj\u0105cy\" class=\"read-more\" href=\"https:\/\/selleetools.com\/pl\/product\/medi-peel-bor-tox-peptide-tone-180-ml-tonik-przeciwstarzeniowy-liftingujacy\/\">Read more<span class=\"screen-reader-text\">MEDI-PEEL Bor-Tox Peptide Tone 180 ml &#8211; tonik przeciwstarzeniowy liftinguj\u0105cy<\/span><\/a><\/p>\n","protected":false},"featured_media":609174,"comment_status":"open","ping_status":"closed","template":"","meta":{"_links_to":"","_links_to_target":""},"yoast_head":"<!-- This site is optimized with the Yoast SEO plugin v19.4 - https:\/\/yoast.com\/wordpress\/plugins\/seo\/ -->\n<title>MEDI-PEEL Bor-Tox Peptide Tone 180 ml - tonik przeciwstarzeniowy liftinguj\u0105cy - Selleetools.com<\/title>\n<meta name=\"robots\" content=\"index, follow, max-snippet:-1, max-image-preview:large, max-video-preview:-1\" \/>\n<link rel=\"canonical\" href=\"https:\/\/admincentral.selleetools.com\/pl\/product\/medi-peel-bor-tox-peptide-tone-180-ml-tonik-przeciwstarzeniowy-liftingujacy\/\" \/>\n<meta property=\"og:locale\" content=\"pl_PL\" \/>\n<meta property=\"og:type\" content=\"article\" \/>\n<meta property=\"og:title\" content=\"MEDI-PEEL Bor-Tox Peptide Tone 180 ml - tonik przeciwstarzeniowy liftinguj\u0105cy - Selleetools.com\" \/>\n<meta property=\"og:description\" content=\"MEDI-PEEL Bor-Tox Peptide Tone to zaawansowany tonik piel\u0119gnacyjny o dzia\u0142aniu przeciwstarzeniowym i uj\u0119drniaj\u0105cym, stworzony z my\u015bl\u0105 o cerze wymagaj\u0105cej poprawy elastyczno\u015bci i wyg\u0142adzenia. Dzi\u0119ki wysokiej zawarto\u015bci peptyd\u00f3w oraz fermentowanych ekstrakt\u00f3w ro\u015blinnych, formu\u0142a wspiera naturaln\u0105 odnow\u0119 sk\u00f3ry, poprawia jej g\u0119sto\u015b\u0107 i j\u0119drno\u015b\u0107, a tak\u017ce przywraca zdrowy, promienny wygl\u0105d. Lekka, szybko wch\u0142aniaj\u0105ca si\u0119 konsystencja idealnie przygotowuje sk\u00f3r\u0119 ... Read moreMEDI-PEEL Bor-Tox Peptide Tone 180 ml &#8211; tonik przeciwstarzeniowy liftinguj\u0105cy\" \/>\n<meta property=\"og:url\" content=\"https:\/\/admincentral.selleetools.com\/pl\/product\/medi-peel-bor-tox-peptide-tone-180-ml-tonik-przeciwstarzeniowy-liftingujacy\/\" \/>\n<meta property=\"og:site_name\" content=\"Selleetools.com\" \/>\n<meta property=\"article:modified_time\" content=\"2025-12-12T10:05:29+00:00\" \/>\n<meta property=\"og:image\" content=\"https:\/\/selleetools.com\/wp-content\/uploads\/2025\/10\/884ef11f62cfea1b8a7e265f108f6d5d.png\" \/>\n\t<meta property=\"og:image:width\" content=\"1200\" \/>\n\t<meta property=\"og:image:height\" content=\"1200\" \/>\n\t<meta property=\"og:image:type\" content=\"image\/png\" \/>\n<meta name=\"twitter:card\" content=\"summary_large_image\" \/>\n<meta name=\"twitter:label1\" content=\"Est. reading time\" \/>\n\t<meta name=\"twitter:data1\" content=\"1 minuta\" \/>\n<!-- \/ Yoast SEO plugin. -->","yoast_head_json":{"title":"MEDI-PEEL Bor-Tox Peptide Tone 180 ml - tonik przeciwstarzeniowy liftinguj\u0105cy - Selleetools.com","robots":{"index":"index","follow":"follow","max-snippet":"max-snippet:-1","max-image-preview":"max-image-preview:large","max-video-preview":"max-video-preview:-1"},"canonical":"https:\/\/admincentral.selleetools.com\/pl\/product\/medi-peel-bor-tox-peptide-tone-180-ml-tonik-przeciwstarzeniowy-liftingujacy\/","og_locale":"pl_PL","og_type":"article","og_title":"MEDI-PEEL Bor-Tox Peptide Tone 180 ml - tonik przeciwstarzeniowy liftinguj\u0105cy - Selleetools.com","og_description":"MEDI-PEEL Bor-Tox Peptide Tone to zaawansowany tonik piel\u0119gnacyjny o dzia\u0142aniu przeciwstarzeniowym i uj\u0119drniaj\u0105cym, stworzony z my\u015bl\u0105 o cerze wymagaj\u0105cej poprawy elastyczno\u015bci i wyg\u0142adzenia. Dzi\u0119ki wysokiej zawarto\u015bci peptyd\u00f3w oraz fermentowanych ekstrakt\u00f3w ro\u015blinnych, formu\u0142a wspiera naturaln\u0105 odnow\u0119 sk\u00f3ry, poprawia jej g\u0119sto\u015b\u0107 i j\u0119drno\u015b\u0107, a tak\u017ce przywraca zdrowy, promienny wygl\u0105d. Lekka, szybko wch\u0142aniaj\u0105ca si\u0119 konsystencja idealnie przygotowuje sk\u00f3r\u0119 ... Read moreMEDI-PEEL Bor-Tox Peptide Tone 180 ml &#8211; tonik przeciwstarzeniowy liftinguj\u0105cy","og_url":"https:\/\/admincentral.selleetools.com\/pl\/product\/medi-peel-bor-tox-peptide-tone-180-ml-tonik-przeciwstarzeniowy-liftingujacy\/","og_site_name":"Selleetools.com","article_modified_time":"2025-12-12T10:05:29+00:00","og_image":[{"width":1200,"height":1200,"url":"https:\/\/selleetools.com\/wp-content\/uploads\/2025\/10\/884ef11f62cfea1b8a7e265f108f6d5d.png","type":"image\/png"}],"twitter_card":"summary_large_image","twitter_misc":{"Est. reading time":"1 minuta"},"schema":{"@context":"https:\/\/schema.org","@graph":[{"@type":"Organization","@id":"https:\/\/selleetools.com\/#organization","name":"Selleetools","url":"https:\/\/selleetools.com\/","sameAs":[],"logo":{"@type":"ImageObject","inLanguage":"pl-PL","@id":"https:\/\/selleetools.com\/#\/schema\/logo\/image\/","url":"https:\/\/selleetools.com\/wp-content\/uploads\/2021\/10\/logo-dark.png","contentUrl":"https:\/\/selleetools.com\/wp-content\/uploads\/2021\/10\/logo-dark.png","width":320,"height":76,"caption":"Selleetools"},"image":{"@id":"https:\/\/selleetools.com\/#\/schema\/logo\/image\/"}},{"@type":"WebSite","@id":"https:\/\/selleetools.com\/#website","url":"https:\/\/selleetools.com\/","name":"Selleetools.com","description":"","publisher":{"@id":"https:\/\/selleetools.com\/#organization"},"potentialAction":[{"@type":"SearchAction","target":{"@type":"EntryPoint","urlTemplate":"https:\/\/selleetools.com\/?s={search_term_string}"},"query-input":"required name=search_term_string"}],"inLanguage":"pl-PL"},{"@type":"WebPage","@id":"https:\/\/admincentral.selleetools.com\/pl\/product\/medi-peel-bor-tox-peptide-tone-180-ml-tonik-przeciwstarzeniowy-liftingujacy\/","url":"https:\/\/admincentral.selleetools.com\/pl\/product\/medi-peel-bor-tox-peptide-tone-180-ml-tonik-przeciwstarzeniowy-liftingujacy\/","name":"MEDI-PEEL Bor-Tox Peptide Tone 180 ml - tonik przeciwstarzeniowy liftinguj\u0105cy - Selleetools.com","isPartOf":{"@id":"https:\/\/selleetools.com\/#website"},"datePublished":"2025-10-24T12:30:38+00:00","dateModified":"2025-12-12T10:05:29+00:00","breadcrumb":{"@id":"https:\/\/admincentral.selleetools.com\/pl\/product\/medi-peel-bor-tox-peptide-tone-180-ml-tonik-przeciwstarzeniowy-liftingujacy\/#breadcrumb"},"inLanguage":"pl-PL","potentialAction":[{"@type":"ReadAction","target":["https:\/\/admincentral.selleetools.com\/pl\/product\/medi-peel-bor-tox-peptide-tone-180-ml-tonik-przeciwstarzeniowy-liftingujacy\/"]}]},{"@type":"BreadcrumbList","@id":"https:\/\/admincentral.selleetools.com\/pl\/product\/medi-peel-bor-tox-peptide-tone-180-ml-tonik-przeciwstarzeniowy-liftingujacy\/#breadcrumb","itemListElement":[{"@type":"ListItem","position":1,"name":"Home","item":"https:\/\/selleetools.com\/pl\/"},{"@type":"ListItem","position":2,"name":"Katalog","item":"https:\/\/selleetools.com\/pl\/katalog\/"},{"@type":"ListItem","position":3,"name":"MEDI-PEEL Bor-Tox Peptide Tone 180 ml &#8211; tonik przeciwstarzeniowy liftinguj\u0105cy"}]}]}},"_links":{"self":[{"href":"https:\/\/selleetools.com\/pl\/wp-json\/wp\/v2\/product\/609176"}],"collection":[{"href":"https:\/\/selleetools.com\/pl\/wp-json\/wp\/v2\/product"}],"about":[{"href":"https:\/\/selleetools.com\/pl\/wp-json\/wp\/v2\/types\/product"}],"replies":[{"embeddable":true,"href":"https:\/\/selleetools.com\/pl\/wp-json\/wp\/v2\/comments?post=609176"}],"wp:featuredmedia":[{"embeddable":true,"href":"https:\/\/selleetools.com\/pl\/wp-json\/wp\/v2\/media\/609174"}],"wp:attachment":[{"href":"https:\/\/selleetools.com\/pl\/wp-json\/wp\/v2\/media?parent=609176"}],"curies":[{"name":"wp","href":"https:\/\/api.w.org\/{rel}","templated":true}]}}