{"id":609143,"date":"2025-10-24T14:30:11","date_gmt":"2025-10-24T12:30:11","guid":{"rendered":"https:\/\/selleetools.com\/?post_type=product&#038;p=609143"},"modified":"2025-12-12T11:05:45","modified_gmt":"2025-12-12T10:05:45","slug":"medi-peel-melanon-x-cream-30-ml-rozjasniajacy-krem-do-twarzy","status":"publish","type":"product","link":"https:\/\/selleetools.com\/pl\/product\/medi-peel-melanon-x-cream-30-ml-rozjasniajacy-krem-do-twarzy\/","title":{"rendered":"MEDI-PEEL Melanon X Cream 30 ml &#8211; rozja\u015bniaj\u0105cy krem do twarzy"},"content":{"rendered":"<p>MEDI-PEEL Melanon X Cream to krem rozja\u015bniaj\u0105cy, kt\u00f3ry skutecznie redukuje przebarwienia i poprawia koloryt sk\u00f3ry, dzi\u0119ki zawarto\u015bci kwasu traneksamowego i niacynamidu. Krem dzia\u0142a intensywnie na ciemne plamy i niedoskona\u0142o\u015bci, poprawiaj\u0105c og\u00f3lny wygl\u0105d sk\u00f3ry, sprawiaj\u0105c, \u017ce staje si\u0119 ona ja\u015bniejsza, bardziej jednolita i promienna. Formu\u0142a wzbogacona o witamin\u0119 C, kwas askorbinowy oraz alpha-arbutyn\u0119 dodatkowo pomaga w rozja\u015bnianiu sk\u00f3ry, wspomagaj\u0105c jej regeneracj\u0119 i ochron\u0119 przed wolnymi rodnikami. Peptydy wspieraj\u0105 procesy regeneracyjne sk\u00f3ry, poprawiaj\u0105c jej elastyczno\u015b\u0107 i napi\u0119cie.<\/p>\n<p>Korzy\u015bci dla sk\u00f3ry:<br \/>\nRedukcja przebarwie\u0144 i nier\u00f3wno\u015bci kolorytu sk\u00f3ry<br \/>\nPoprawa elastyczno\u015bci i j\u0119drno\u015bci sk\u00f3ry<br \/>\nRozja\u015bnienie sk\u00f3ry i poprawa jej og\u00f3lnego wygl\u0105du<br \/>\nDzia\u0142anie regeneruj\u0105ce i nawil\u017caj\u0105ce<\/p>\n<p>Spos\u00f3b u\u017cycia: Na oczyszczon\u0105 sk\u00f3r\u0119 twarzy na\u0142\u00f3\u017c odpowiedni\u0105 ilo\u015b\u0107 kremu i delikatnie wmasuj, a\u017c do ca\u0142kowitego wch\u0142oni\u0119cia. Stosuj codziennie rano i wieczorem dla najlepszych efekt\u00f3w.<\/p>\n","protected":false},"excerpt":{"rendered":"<p>MEDI-PEEL Melanon X Cream to krem rozja\u015bniaj\u0105cy, kt\u00f3ry skutecznie redukuje przebarwienia i poprawia koloryt sk\u00f3ry, dzi\u0119ki zawarto\u015bci kwasu traneksamowego i niacynamidu. Krem dzia\u0142a intensywnie na ciemne plamy i niedoskona\u0142o\u015bci, poprawiaj\u0105c og\u00f3lny wygl\u0105d sk\u00f3ry, sprawiaj\u0105c, \u017ce staje si\u0119 ona ja\u015bniejsza, bardziej jednolita i promienna. Formu\u0142a wzbogacona o witamin\u0119 C, kwas askorbinowy oraz alpha-arbutyn\u0119 dodatkowo pomaga w &#8230; <a title=\"MEDI-PEEL Melanon X Cream 30 ml &#8211; rozja\u015bniaj\u0105cy krem do twarzy\" class=\"read-more\" href=\"https:\/\/selleetools.com\/pl\/product\/medi-peel-melanon-x-cream-30-ml-rozjasniajacy-krem-do-twarzy\/\">Read more<span class=\"screen-reader-text\">MEDI-PEEL Melanon X Cream 30 ml &#8211; rozja\u015bniaj\u0105cy krem do twarzy<\/span><\/a><\/p>\n","protected":false},"featured_media":609141,"comment_status":"open","ping_status":"closed","template":"","meta":{"_links_to":"","_links_to_target":""},"yoast_head":"<!-- This site is optimized with the Yoast SEO plugin v19.4 - https:\/\/yoast.com\/wordpress\/plugins\/seo\/ -->\n<title>MEDI-PEEL Melanon X Cream 30 ml - rozja\u015bniaj\u0105cy krem do twarzy - Selleetools.com<\/title>\n<meta name=\"robots\" content=\"index, follow, max-snippet:-1, max-image-preview:large, max-video-preview:-1\" \/>\n<link rel=\"canonical\" href=\"https:\/\/selleetools.com\/pl\/product\/medi-peel-melanon-x-cream-30-ml-rozjasniajacy-krem-do-twarzy\/\" \/>\n<meta property=\"og:locale\" content=\"pl_PL\" \/>\n<meta property=\"og:type\" content=\"article\" \/>\n<meta property=\"og:title\" content=\"MEDI-PEEL Melanon X Cream 30 ml - rozja\u015bniaj\u0105cy krem do twarzy - Selleetools.com\" \/>\n<meta property=\"og:description\" content=\"MEDI-PEEL Melanon X Cream to krem rozja\u015bniaj\u0105cy, kt\u00f3ry skutecznie redukuje przebarwienia i poprawia koloryt sk\u00f3ry, dzi\u0119ki zawarto\u015bci kwasu traneksamowego i niacynamidu. Krem dzia\u0142a intensywnie na ciemne plamy i niedoskona\u0142o\u015bci, poprawiaj\u0105c og\u00f3lny wygl\u0105d sk\u00f3ry, sprawiaj\u0105c, \u017ce staje si\u0119 ona ja\u015bniejsza, bardziej jednolita i promienna. Formu\u0142a wzbogacona o witamin\u0119 C, kwas askorbinowy oraz alpha-arbutyn\u0119 dodatkowo pomaga w ... Read moreMEDI-PEEL Melanon X Cream 30 ml &#8211; rozja\u015bniaj\u0105cy krem do twarzy\" \/>\n<meta property=\"og:url\" content=\"https:\/\/selleetools.com\/pl\/product\/medi-peel-melanon-x-cream-30-ml-rozjasniajacy-krem-do-twarzy\/\" \/>\n<meta property=\"og:site_name\" content=\"Selleetools.com\" \/>\n<meta property=\"article:modified_time\" content=\"2025-12-12T10:05:45+00:00\" \/>\n<meta property=\"og:image\" content=\"https:\/\/selleetools.com\/wp-content\/uploads\/2025\/10\/a470ae2afbef472a58b67cd0ebb055d9.jpg\" \/>\n\t<meta property=\"og:image:width\" content=\"1200\" \/>\n\t<meta property=\"og:image:height\" content=\"1200\" \/>\n\t<meta property=\"og:image:type\" content=\"image\/jpeg\" \/>\n<meta name=\"twitter:card\" content=\"summary_large_image\" \/>\n<meta name=\"twitter:label1\" content=\"Est. reading time\" \/>\n\t<meta name=\"twitter:data1\" content=\"1 minuta\" \/>\n<!-- \/ Yoast SEO plugin. -->","yoast_head_json":{"title":"MEDI-PEEL Melanon X Cream 30 ml - rozja\u015bniaj\u0105cy krem do twarzy - Selleetools.com","robots":{"index":"index","follow":"follow","max-snippet":"max-snippet:-1","max-image-preview":"max-image-preview:large","max-video-preview":"max-video-preview:-1"},"canonical":"https:\/\/selleetools.com\/pl\/product\/medi-peel-melanon-x-cream-30-ml-rozjasniajacy-krem-do-twarzy\/","og_locale":"pl_PL","og_type":"article","og_title":"MEDI-PEEL Melanon X Cream 30 ml - rozja\u015bniaj\u0105cy krem do twarzy - Selleetools.com","og_description":"MEDI-PEEL Melanon X Cream to krem rozja\u015bniaj\u0105cy, kt\u00f3ry skutecznie redukuje przebarwienia i poprawia koloryt sk\u00f3ry, dzi\u0119ki zawarto\u015bci kwasu traneksamowego i niacynamidu. Krem dzia\u0142a intensywnie na ciemne plamy i niedoskona\u0142o\u015bci, poprawiaj\u0105c og\u00f3lny wygl\u0105d sk\u00f3ry, sprawiaj\u0105c, \u017ce staje si\u0119 ona ja\u015bniejsza, bardziej jednolita i promienna. Formu\u0142a wzbogacona o witamin\u0119 C, kwas askorbinowy oraz alpha-arbutyn\u0119 dodatkowo pomaga w ... Read moreMEDI-PEEL Melanon X Cream 30 ml &#8211; rozja\u015bniaj\u0105cy krem do twarzy","og_url":"https:\/\/selleetools.com\/pl\/product\/medi-peel-melanon-x-cream-30-ml-rozjasniajacy-krem-do-twarzy\/","og_site_name":"Selleetools.com","article_modified_time":"2025-12-12T10:05:45+00:00","og_image":[{"width":1200,"height":1200,"url":"https:\/\/selleetools.com\/wp-content\/uploads\/2025\/10\/a470ae2afbef472a58b67cd0ebb055d9.jpg","type":"image\/jpeg"}],"twitter_card":"summary_large_image","twitter_misc":{"Est. reading time":"1 minuta"},"schema":{"@context":"https:\/\/schema.org","@graph":[{"@type":"Organization","@id":"https:\/\/selleetools.com\/#organization","name":"Selleetools","url":"https:\/\/selleetools.com\/","sameAs":[],"logo":{"@type":"ImageObject","inLanguage":"pl-PL","@id":"https:\/\/selleetools.com\/#\/schema\/logo\/image\/","url":"https:\/\/selleetools.com\/wp-content\/uploads\/2021\/10\/logo-dark.png","contentUrl":"https:\/\/selleetools.com\/wp-content\/uploads\/2021\/10\/logo-dark.png","width":320,"height":76,"caption":"Selleetools"},"image":{"@id":"https:\/\/selleetools.com\/#\/schema\/logo\/image\/"}},{"@type":"WebSite","@id":"https:\/\/selleetools.com\/#website","url":"https:\/\/selleetools.com\/","name":"Selleetools.com","description":"","publisher":{"@id":"https:\/\/selleetools.com\/#organization"},"potentialAction":[{"@type":"SearchAction","target":{"@type":"EntryPoint","urlTemplate":"https:\/\/selleetools.com\/?s={search_term_string}"},"query-input":"required name=search_term_string"}],"inLanguage":"pl-PL"},{"@type":"WebPage","@id":"https:\/\/selleetools.com\/pl\/product\/medi-peel-melanon-x-cream-30-ml-rozjasniajacy-krem-do-twarzy\/","url":"https:\/\/selleetools.com\/pl\/product\/medi-peel-melanon-x-cream-30-ml-rozjasniajacy-krem-do-twarzy\/","name":"MEDI-PEEL Melanon X Cream 30 ml - rozja\u015bniaj\u0105cy krem do twarzy - Selleetools.com","isPartOf":{"@id":"https:\/\/selleetools.com\/#website"},"datePublished":"2025-10-24T12:30:11+00:00","dateModified":"2025-12-12T10:05:45+00:00","breadcrumb":{"@id":"https:\/\/selleetools.com\/pl\/product\/medi-peel-melanon-x-cream-30-ml-rozjasniajacy-krem-do-twarzy\/#breadcrumb"},"inLanguage":"pl-PL","potentialAction":[{"@type":"ReadAction","target":["https:\/\/selleetools.com\/pl\/product\/medi-peel-melanon-x-cream-30-ml-rozjasniajacy-krem-do-twarzy\/"]}]},{"@type":"BreadcrumbList","@id":"https:\/\/selleetools.com\/pl\/product\/medi-peel-melanon-x-cream-30-ml-rozjasniajacy-krem-do-twarzy\/#breadcrumb","itemListElement":[{"@type":"ListItem","position":1,"name":"Home","item":"https:\/\/selleetools.com\/pl\/"},{"@type":"ListItem","position":2,"name":"Katalog","item":"https:\/\/selleetools.com\/pl\/katalog\/"},{"@type":"ListItem","position":3,"name":"MEDI-PEEL Melanon X Cream 30 ml &#8211; rozja\u015bniaj\u0105cy krem do twarzy"}]}]}},"_links":{"self":[{"href":"https:\/\/selleetools.com\/pl\/wp-json\/wp\/v2\/product\/609143"}],"collection":[{"href":"https:\/\/selleetools.com\/pl\/wp-json\/wp\/v2\/product"}],"about":[{"href":"https:\/\/selleetools.com\/pl\/wp-json\/wp\/v2\/types\/product"}],"replies":[{"embeddable":true,"href":"https:\/\/selleetools.com\/pl\/wp-json\/wp\/v2\/comments?post=609143"}],"wp:featuredmedia":[{"embeddable":true,"href":"https:\/\/selleetools.com\/pl\/wp-json\/wp\/v2\/media\/609141"}],"wp:attachment":[{"href":"https:\/\/selleetools.com\/pl\/wp-json\/wp\/v2\/media?parent=609143"}],"curies":[{"name":"wp","href":"https:\/\/api.w.org\/{rel}","templated":true}]}}