{"id":609119,"date":"2025-10-24T14:29:50","date_gmt":"2025-10-24T12:29:50","guid":{"rendered":"https:\/\/selleetools.com\/?post_type=product&#038;p=609119"},"modified":"2026-03-03T11:12:52","modified_gmt":"2026-03-03T10:12:52","slug":"medicube-age-r-pdrn-booster-gel-300-ml-zel-do-twarzy-regenerujacy-z-pdrn-i-peptydami","status":"publish","type":"product","link":"https:\/\/selleetools.com\/pl\/product\/medicube-age-r-pdrn-booster-gel-300-ml-zel-do-twarzy-regenerujacy-z-pdrn-i-peptydami\/","title":{"rendered":"Medicube AGE-R PDRN Booster Gel 300 ml &#8211; \u017cel do twarzy regeneruj\u0105cy z PDRN i peptydami"},"content":{"rendered":"<p>Przywr\u00f3\u0107 swojej sk\u00f3rze m\u0142odzie\u0144czy blask z regeneruj\u0105cym \u017celem Medicube AGE-R PDRN Booster Gel. Ten lekki, przezroczysty \u017cel o przyjemnej, ch\u0142odz\u0105cej konsystencji zosta\u0142 opracowany z my\u015bl\u0105 o intensywnej regeneracji, nawil\u017ceniu i wyg\u0142adzeniu sk\u00f3ry twarzy. Idealnie sprawdza si\u0119 jako baza do masa\u017cer\u00f3w, roller\u00f3w i urz\u0105dze\u0144 typu RF\/EMS.<\/p>\n<p>Korzy\u015bci ze stosowania:<br \/>\nRegeneracja i odm\u0142odzenie sk\u00f3ry \u2013 dzi\u0119ki zawarto\u015bci Sodium DNA (PDRN) \u017cel wspiera naturalne procesy odnowy kom\u00f3rkowej, przyspiesza gojenie mikrouszkodze\u0144 i poprawia elastyczno\u015b\u0107 sk\u00f3ry.<br \/>\nDzia\u0142anie przeciwzmarszczkowe \u2013 bogata kompozycja peptyd\u00f3w, takich jak Acetyl Hexapeptide-8, Copper Tripeptide-1 czy Palmitoyl Pentapeptide-4, stymuluje produkcj\u0119 kolagenu, wyg\u0142adza zmarszczki i poprawia napi\u0119cie sk\u00f3ry.<br \/>\nRozja\u015bnienie i wyr\u00f3wnanie kolorytu \u2013 obecno\u015b\u0107 niacynamidu pomaga rozja\u015bni\u0107 przebarwienia i ujednolici\u0107 cer\u0119.<br \/>\nIntensywne nawil\u017cenie i ukojenie \u2013 kompleks humektant\u00f3w (gliceryna, butylene glycol, betaina) zapewnia d\u0142ugotrwa\u0142e nawodnienie sk\u00f3ry, a wyci\u0105gi ro\u015blinne \u0142agodz\u0105 podra\u017cnienia i wzmacniaj\u0105 barier\u0119 ochronn\u0105.<\/p>\n<p>Spos\u00f3b u\u017cycia:<br \/>\nNa\u0142\u00f3\u017c odpowiedni\u0105 ilo\u015b\u0107 \u017celu na oczyszczon\u0105 sk\u00f3r\u0119 twarzy. Delikatnie rozprowad\u017a i wmasuj a\u017c do wch\u0142oni\u0119cia. Mo\u017cesz stosowa\u0107 samodzielnie lub jako \u017cel przewodz\u0105cy do masa\u017cer\u00f3w, urz\u0105dze\u0144 RF\/EMS czy mezoterapii bezig\u0142owej. Produkt odpowiedni do codziennego u\u017cytku, rano i wieczorem.<\/p>\n","protected":false},"excerpt":{"rendered":"<p>Przywr\u00f3\u0107 swojej sk\u00f3rze m\u0142odzie\u0144czy blask z regeneruj\u0105cym \u017celem Medicube AGE-R PDRN Booster Gel. Ten lekki, przezroczysty \u017cel o przyjemnej, ch\u0142odz\u0105cej konsystencji zosta\u0142 opracowany z my\u015bl\u0105 o intensywnej regeneracji, nawil\u017ceniu i wyg\u0142adzeniu sk\u00f3ry twarzy. Idealnie sprawdza si\u0119 jako baza do masa\u017cer\u00f3w, roller\u00f3w i urz\u0105dze\u0144 typu RF\/EMS. Korzy\u015bci ze stosowania: Regeneracja i odm\u0142odzenie sk\u00f3ry \u2013 dzi\u0119ki zawarto\u015bci &#8230; <a title=\"Medicube AGE-R PDRN Booster Gel 300 ml &#8211; \u017cel do twarzy regeneruj\u0105cy z PDRN i peptydami\" class=\"read-more\" href=\"https:\/\/selleetools.com\/pl\/product\/medicube-age-r-pdrn-booster-gel-300-ml-zel-do-twarzy-regenerujacy-z-pdrn-i-peptydami\/\">Read more<span class=\"screen-reader-text\">Medicube AGE-R PDRN Booster Gel 300 ml &#8211; \u017cel do twarzy regeneruj\u0105cy z PDRN i peptydami<\/span><\/a><\/p>\n","protected":false},"featured_media":609117,"comment_status":"open","ping_status":"closed","template":"","meta":{"_links_to":"","_links_to_target":""},"yoast_head":"<!-- This site is optimized with the Yoast SEO plugin v19.4 - https:\/\/yoast.com\/wordpress\/plugins\/seo\/ -->\n<title>Medicube AGE-R PDRN Booster Gel 300 ml - \u017cel do twarzy regeneruj\u0105cy z PDRN i peptydami - Selleetools.com<\/title>\n<meta name=\"robots\" content=\"index, follow, max-snippet:-1, max-image-preview:large, max-video-preview:-1\" \/>\n<link rel=\"canonical\" href=\"https:\/\/admincentral.selleetools.com\/pl\/product\/medicube-age-r-pdrn-booster-gel-300-ml-zel-do-twarzy-regenerujacy-z-pdrn-i-peptydami\/\" \/>\n<meta property=\"og:locale\" content=\"pl_PL\" \/>\n<meta property=\"og:type\" content=\"article\" \/>\n<meta property=\"og:title\" content=\"Medicube AGE-R PDRN Booster Gel 300 ml - \u017cel do twarzy regeneruj\u0105cy z PDRN i peptydami - Selleetools.com\" \/>\n<meta property=\"og:description\" content=\"Przywr\u00f3\u0107 swojej sk\u00f3rze m\u0142odzie\u0144czy blask z regeneruj\u0105cym \u017celem Medicube AGE-R PDRN Booster Gel. Ten lekki, przezroczysty \u017cel o przyjemnej, ch\u0142odz\u0105cej konsystencji zosta\u0142 opracowany z my\u015bl\u0105 o intensywnej regeneracji, nawil\u017ceniu i wyg\u0142adzeniu sk\u00f3ry twarzy. Idealnie sprawdza si\u0119 jako baza do masa\u017cer\u00f3w, roller\u00f3w i urz\u0105dze\u0144 typu RF\/EMS. Korzy\u015bci ze stosowania: Regeneracja i odm\u0142odzenie sk\u00f3ry \u2013 dzi\u0119ki zawarto\u015bci ... Read moreMedicube AGE-R PDRN Booster Gel 300 ml &#8211; \u017cel do twarzy regeneruj\u0105cy z PDRN i peptydami\" \/>\n<meta property=\"og:url\" content=\"https:\/\/admincentral.selleetools.com\/pl\/product\/medicube-age-r-pdrn-booster-gel-300-ml-zel-do-twarzy-regenerujacy-z-pdrn-i-peptydami\/\" \/>\n<meta property=\"og:site_name\" content=\"Selleetools.com\" \/>\n<meta property=\"article:modified_time\" content=\"2026-03-03T10:12:52+00:00\" \/>\n<meta property=\"og:image\" content=\"https:\/\/selleetools.com\/wp-content\/uploads\/2025\/10\/3e1ecc4f29649c84f2279d572857d5be.png\" \/>\n\t<meta property=\"og:image:width\" content=\"1080\" \/>\n\t<meta property=\"og:image:height\" content=\"1080\" \/>\n\t<meta property=\"og:image:type\" content=\"image\/png\" \/>\n<meta name=\"twitter:card\" content=\"summary_large_image\" \/>\n<meta name=\"twitter:label1\" content=\"Est. reading time\" \/>\n\t<meta name=\"twitter:data1\" content=\"1 minuta\" \/>\n<!-- \/ Yoast SEO plugin. -->","yoast_head_json":{"title":"Medicube AGE-R PDRN Booster Gel 300 ml - \u017cel do twarzy regeneruj\u0105cy z PDRN i peptydami - Selleetools.com","robots":{"index":"index","follow":"follow","max-snippet":"max-snippet:-1","max-image-preview":"max-image-preview:large","max-video-preview":"max-video-preview:-1"},"canonical":"https:\/\/admincentral.selleetools.com\/pl\/product\/medicube-age-r-pdrn-booster-gel-300-ml-zel-do-twarzy-regenerujacy-z-pdrn-i-peptydami\/","og_locale":"pl_PL","og_type":"article","og_title":"Medicube AGE-R PDRN Booster Gel 300 ml - \u017cel do twarzy regeneruj\u0105cy z PDRN i peptydami - Selleetools.com","og_description":"Przywr\u00f3\u0107 swojej sk\u00f3rze m\u0142odzie\u0144czy blask z regeneruj\u0105cym \u017celem Medicube AGE-R PDRN Booster Gel. Ten lekki, przezroczysty \u017cel o przyjemnej, ch\u0142odz\u0105cej konsystencji zosta\u0142 opracowany z my\u015bl\u0105 o intensywnej regeneracji, nawil\u017ceniu i wyg\u0142adzeniu sk\u00f3ry twarzy. Idealnie sprawdza si\u0119 jako baza do masa\u017cer\u00f3w, roller\u00f3w i urz\u0105dze\u0144 typu RF\/EMS. Korzy\u015bci ze stosowania: Regeneracja i odm\u0142odzenie sk\u00f3ry \u2013 dzi\u0119ki zawarto\u015bci ... Read moreMedicube AGE-R PDRN Booster Gel 300 ml &#8211; \u017cel do twarzy regeneruj\u0105cy z PDRN i peptydami","og_url":"https:\/\/admincentral.selleetools.com\/pl\/product\/medicube-age-r-pdrn-booster-gel-300-ml-zel-do-twarzy-regenerujacy-z-pdrn-i-peptydami\/","og_site_name":"Selleetools.com","article_modified_time":"2026-03-03T10:12:52+00:00","og_image":[{"width":1080,"height":1080,"url":"https:\/\/selleetools.com\/wp-content\/uploads\/2025\/10\/3e1ecc4f29649c84f2279d572857d5be.png","type":"image\/png"}],"twitter_card":"summary_large_image","twitter_misc":{"Est. reading time":"1 minuta"},"schema":{"@context":"https:\/\/schema.org","@graph":[{"@type":"Organization","@id":"https:\/\/selleetools.com\/#organization","name":"Selleetools","url":"https:\/\/selleetools.com\/","sameAs":[],"logo":{"@type":"ImageObject","inLanguage":"pl-PL","@id":"https:\/\/selleetools.com\/#\/schema\/logo\/image\/","url":"https:\/\/selleetools.com\/wp-content\/uploads\/2021\/10\/logo-dark.png","contentUrl":"https:\/\/selleetools.com\/wp-content\/uploads\/2021\/10\/logo-dark.png","width":320,"height":76,"caption":"Selleetools"},"image":{"@id":"https:\/\/selleetools.com\/#\/schema\/logo\/image\/"}},{"@type":"WebSite","@id":"https:\/\/selleetools.com\/#website","url":"https:\/\/selleetools.com\/","name":"Selleetools.com","description":"","publisher":{"@id":"https:\/\/selleetools.com\/#organization"},"potentialAction":[{"@type":"SearchAction","target":{"@type":"EntryPoint","urlTemplate":"https:\/\/selleetools.com\/?s={search_term_string}"},"query-input":"required name=search_term_string"}],"inLanguage":"pl-PL"},{"@type":"WebPage","@id":"https:\/\/admincentral.selleetools.com\/pl\/product\/medicube-age-r-pdrn-booster-gel-300-ml-zel-do-twarzy-regenerujacy-z-pdrn-i-peptydami\/","url":"https:\/\/admincentral.selleetools.com\/pl\/product\/medicube-age-r-pdrn-booster-gel-300-ml-zel-do-twarzy-regenerujacy-z-pdrn-i-peptydami\/","name":"Medicube AGE-R PDRN Booster Gel 300 ml - \u017cel do twarzy regeneruj\u0105cy z PDRN i peptydami - Selleetools.com","isPartOf":{"@id":"https:\/\/selleetools.com\/#website"},"datePublished":"2025-10-24T12:29:50+00:00","dateModified":"2026-03-03T10:12:52+00:00","breadcrumb":{"@id":"https:\/\/admincentral.selleetools.com\/pl\/product\/medicube-age-r-pdrn-booster-gel-300-ml-zel-do-twarzy-regenerujacy-z-pdrn-i-peptydami\/#breadcrumb"},"inLanguage":"pl-PL","potentialAction":[{"@type":"ReadAction","target":["https:\/\/admincentral.selleetools.com\/pl\/product\/medicube-age-r-pdrn-booster-gel-300-ml-zel-do-twarzy-regenerujacy-z-pdrn-i-peptydami\/"]}]},{"@type":"BreadcrumbList","@id":"https:\/\/admincentral.selleetools.com\/pl\/product\/medicube-age-r-pdrn-booster-gel-300-ml-zel-do-twarzy-regenerujacy-z-pdrn-i-peptydami\/#breadcrumb","itemListElement":[{"@type":"ListItem","position":1,"name":"Home","item":"https:\/\/selleetools.com\/pl\/"},{"@type":"ListItem","position":2,"name":"Katalog","item":"https:\/\/selleetools.com\/pl\/katalog\/"},{"@type":"ListItem","position":3,"name":"Medicube AGE-R PDRN Booster Gel 300 ml &#8211; \u017cel do twarzy regeneruj\u0105cy z PDRN i peptydami"}]}]}},"_links":{"self":[{"href":"https:\/\/selleetools.com\/pl\/wp-json\/wp\/v2\/product\/609119"}],"collection":[{"href":"https:\/\/selleetools.com\/pl\/wp-json\/wp\/v2\/product"}],"about":[{"href":"https:\/\/selleetools.com\/pl\/wp-json\/wp\/v2\/types\/product"}],"replies":[{"embeddable":true,"href":"https:\/\/selleetools.com\/pl\/wp-json\/wp\/v2\/comments?post=609119"}],"wp:featuredmedia":[{"embeddable":true,"href":"https:\/\/selleetools.com\/pl\/wp-json\/wp\/v2\/media\/609117"}],"wp:attachment":[{"href":"https:\/\/selleetools.com\/pl\/wp-json\/wp\/v2\/media?parent=609119"}],"curies":[{"name":"wp","href":"https:\/\/api.w.org\/{rel}","templated":true}]}}