{"id":609104,"date":"2025-10-24T14:29:36","date_gmt":"2025-10-24T12:29:36","guid":{"rendered":"https:\/\/selleetools.com\/?post_type=product&#038;p=609104"},"modified":"2026-01-04T15:27:00","modified_gmt":"2026-01-04T14:27:00","slug":"medicube-deep-vita-c-pad-70-ea-rozjasniajace-platki-z-witamina-c","status":"publish","type":"product","link":"https:\/\/selleetools.com\/pl\/product\/medicube-deep-vita-c-pad-70-ea-rozjasniajace-platki-z-witamina-c\/","title":{"rendered":"Medicube Deep Vita C Pad 70 ea &#8211; rozja\u015bniaj\u0105ce p\u0142atki z witamin\u0105 C"},"content":{"rendered":"<p>Roz\u015bwietl swoj\u0105 piel\u0119gnacj\u0119 z p\u0142atkami Medicube Deep Vita C Pad! Te dwustronne, nas\u0105czone jasno\u017c\u00f3\u0142tym roztworem p\u0142atki nas\u0105czone s\u0105 silnie skoncentrowan\u0105 wod\u0105 z rokitnika (500 000 ppm) oraz stabiln\u0105 form\u0105 witaminy C \u2013 3-O-Ethyl Ascorbic Acid (1 000 ppm). Dzi\u0119ki lekkiej, cytrusowej formule idealnie sprawdzaj\u0105 si\u0119 w codziennej piel\u0119gnacji sk\u00f3ry poszarza\u0142ej, zm\u0119czonej i z przebarwieniami.<\/p>\n<p>Korzy\u015bci ze stosowania:<br \/>\nwidoczne rozja\u015bnienie cery i poprawa jej kolorytu dzi\u0119ki witaminie C i niacynamidowi,<br \/>\ndzia\u0142anie antyoksydacyjne \u2013 ochrona przed szkodliwym wp\u0142ywem \u015brodowiska,<br \/>\nwyg\u0142adzenie i nawil\u017cenie sk\u00f3ry dzi\u0119ki kwasowi hialuronowemu, beta-glukanowi i pantenolowi,<br \/>\n\u0142agodzenie podra\u017cnie\u0144 dzi\u0119ki ekstraktowi z rokitnika, alantoinie i fermentowanym sk\u0142adnikom,<br \/>\ndelikatne z\u0142uszczanie i oczyszczenie por\u00f3w za spraw\u0105 gluconolaktonu (PHA),<br \/>\ndzia\u0142anie przeciwstarzeniowe \u2013 obecno\u015b\u0107 peptyd\u00f3w, koenzymu Q10 i tokoferolu wspiera j\u0119drno\u015b\u0107 sk\u00f3ry.<\/p>\n<p>Spos\u00f3b u\u017cycia:<br \/>\nPo oczyszczeniu twarzy przetrzyj sk\u00f3r\u0119 wypuk\u0142\u0105 stron\u0105 p\u0142atka, omijaj\u0105c okolice oczu.<br \/>\nNast\u0119pnie obr\u00f3\u0107 p\u0142atek na g\u0142adk\u0105 stron\u0119 i delikatnie wklep pozosta\u0142o\u015b\u0107 esencji w sk\u00f3r\u0119.<br \/>\nStosuj codziennie rano lub wieczorem. W ci\u0105gu dnia obowi\u0105zkowo stosuj krem z filtrem SPF.<\/p>\n","protected":false},"excerpt":{"rendered":"<p>Roz\u015bwietl swoj\u0105 piel\u0119gnacj\u0119 z p\u0142atkami Medicube Deep Vita C Pad! Te dwustronne, nas\u0105czone jasno\u017c\u00f3\u0142tym roztworem p\u0142atki nas\u0105czone s\u0105 silnie skoncentrowan\u0105 wod\u0105 z rokitnika (500 000 ppm) oraz stabiln\u0105 form\u0105 witaminy C \u2013 3-O-Ethyl Ascorbic Acid (1 000 ppm). Dzi\u0119ki lekkiej, cytrusowej formule idealnie sprawdzaj\u0105 si\u0119 w codziennej piel\u0119gnacji sk\u00f3ry poszarza\u0142ej, zm\u0119czonej i z przebarwieniami. Korzy\u015bci &#8230; <a title=\"Medicube Deep Vita C Pad 70 ea &#8211; rozja\u015bniaj\u0105ce p\u0142atki z witamin\u0105 C\" class=\"read-more\" href=\"https:\/\/selleetools.com\/pl\/product\/medicube-deep-vita-c-pad-70-ea-rozjasniajace-platki-z-witamina-c\/\">Read more<span class=\"screen-reader-text\">Medicube Deep Vita C Pad 70 ea &#8211; rozja\u015bniaj\u0105ce p\u0142atki z witamin\u0105 C<\/span><\/a><\/p>\n","protected":false},"featured_media":609102,"comment_status":"open","ping_status":"closed","template":"","meta":{"_links_to":"","_links_to_target":""},"yoast_head":"<!-- This site is optimized with the Yoast SEO plugin v19.4 - https:\/\/yoast.com\/wordpress\/plugins\/seo\/ -->\n<title>Medicube Deep Vita C Pad 70 ea - rozja\u015bniaj\u0105ce p\u0142atki z witamin\u0105 C - Selleetools.com<\/title>\n<meta name=\"robots\" content=\"index, follow, max-snippet:-1, max-image-preview:large, max-video-preview:-1\" \/>\n<link rel=\"canonical\" href=\"https:\/\/admincentral.selleetools.com\/pl\/product\/medicube-deep-vita-c-pad-70-ea-rozjasniajace-platki-z-witamina-c\/\" \/>\n<meta property=\"og:locale\" content=\"pl_PL\" \/>\n<meta property=\"og:type\" content=\"article\" \/>\n<meta property=\"og:title\" content=\"Medicube Deep Vita C Pad 70 ea - rozja\u015bniaj\u0105ce p\u0142atki z witamin\u0105 C - Selleetools.com\" \/>\n<meta property=\"og:description\" content=\"Roz\u015bwietl swoj\u0105 piel\u0119gnacj\u0119 z p\u0142atkami Medicube Deep Vita C Pad! Te dwustronne, nas\u0105czone jasno\u017c\u00f3\u0142tym roztworem p\u0142atki nas\u0105czone s\u0105 silnie skoncentrowan\u0105 wod\u0105 z rokitnika (500 000 ppm) oraz stabiln\u0105 form\u0105 witaminy C \u2013 3-O-Ethyl Ascorbic Acid (1 000 ppm). Dzi\u0119ki lekkiej, cytrusowej formule idealnie sprawdzaj\u0105 si\u0119 w codziennej piel\u0119gnacji sk\u00f3ry poszarza\u0142ej, zm\u0119czonej i z przebarwieniami. Korzy\u015bci ... Read moreMedicube Deep Vita C Pad 70 ea &#8211; rozja\u015bniaj\u0105ce p\u0142atki z witamin\u0105 C\" \/>\n<meta property=\"og:url\" content=\"https:\/\/admincentral.selleetools.com\/pl\/product\/medicube-deep-vita-c-pad-70-ea-rozjasniajace-platki-z-witamina-c\/\" \/>\n<meta property=\"og:site_name\" content=\"Selleetools.com\" \/>\n<meta property=\"article:modified_time\" content=\"2026-01-04T14:27:00+00:00\" \/>\n<meta property=\"og:image\" content=\"https:\/\/selleetools.com\/wp-content\/uploads\/2025\/10\/7d6edfbf68c516e44fbfca2aff6cc949.png\" \/>\n\t<meta property=\"og:image:width\" content=\"1200\" \/>\n\t<meta property=\"og:image:height\" content=\"1200\" \/>\n\t<meta property=\"og:image:type\" content=\"image\/png\" \/>\n<meta name=\"twitter:card\" content=\"summary_large_image\" \/>\n<meta name=\"twitter:label1\" content=\"Est. reading time\" \/>\n\t<meta name=\"twitter:data1\" content=\"1 minuta\" \/>\n<!-- \/ Yoast SEO plugin. -->","yoast_head_json":{"title":"Medicube Deep Vita C Pad 70 ea - rozja\u015bniaj\u0105ce p\u0142atki z witamin\u0105 C - Selleetools.com","robots":{"index":"index","follow":"follow","max-snippet":"max-snippet:-1","max-image-preview":"max-image-preview:large","max-video-preview":"max-video-preview:-1"},"canonical":"https:\/\/admincentral.selleetools.com\/pl\/product\/medicube-deep-vita-c-pad-70-ea-rozjasniajace-platki-z-witamina-c\/","og_locale":"pl_PL","og_type":"article","og_title":"Medicube Deep Vita C Pad 70 ea - rozja\u015bniaj\u0105ce p\u0142atki z witamin\u0105 C - Selleetools.com","og_description":"Roz\u015bwietl swoj\u0105 piel\u0119gnacj\u0119 z p\u0142atkami Medicube Deep Vita C Pad! Te dwustronne, nas\u0105czone jasno\u017c\u00f3\u0142tym roztworem p\u0142atki nas\u0105czone s\u0105 silnie skoncentrowan\u0105 wod\u0105 z rokitnika (500 000 ppm) oraz stabiln\u0105 form\u0105 witaminy C \u2013 3-O-Ethyl Ascorbic Acid (1 000 ppm). Dzi\u0119ki lekkiej, cytrusowej formule idealnie sprawdzaj\u0105 si\u0119 w codziennej piel\u0119gnacji sk\u00f3ry poszarza\u0142ej, zm\u0119czonej i z przebarwieniami. Korzy\u015bci ... Read moreMedicube Deep Vita C Pad 70 ea &#8211; rozja\u015bniaj\u0105ce p\u0142atki z witamin\u0105 C","og_url":"https:\/\/admincentral.selleetools.com\/pl\/product\/medicube-deep-vita-c-pad-70-ea-rozjasniajace-platki-z-witamina-c\/","og_site_name":"Selleetools.com","article_modified_time":"2026-01-04T14:27:00+00:00","og_image":[{"width":1200,"height":1200,"url":"https:\/\/selleetools.com\/wp-content\/uploads\/2025\/10\/7d6edfbf68c516e44fbfca2aff6cc949.png","type":"image\/png"}],"twitter_card":"summary_large_image","twitter_misc":{"Est. reading time":"1 minuta"},"schema":{"@context":"https:\/\/schema.org","@graph":[{"@type":"Organization","@id":"https:\/\/selleetools.com\/#organization","name":"Selleetools","url":"https:\/\/selleetools.com\/","sameAs":[],"logo":{"@type":"ImageObject","inLanguage":"pl-PL","@id":"https:\/\/selleetools.com\/#\/schema\/logo\/image\/","url":"https:\/\/selleetools.com\/wp-content\/uploads\/2021\/10\/logo-dark.png","contentUrl":"https:\/\/selleetools.com\/wp-content\/uploads\/2021\/10\/logo-dark.png","width":320,"height":76,"caption":"Selleetools"},"image":{"@id":"https:\/\/selleetools.com\/#\/schema\/logo\/image\/"}},{"@type":"WebSite","@id":"https:\/\/selleetools.com\/#website","url":"https:\/\/selleetools.com\/","name":"Selleetools.com","description":"","publisher":{"@id":"https:\/\/selleetools.com\/#organization"},"potentialAction":[{"@type":"SearchAction","target":{"@type":"EntryPoint","urlTemplate":"https:\/\/selleetools.com\/?s={search_term_string}"},"query-input":"required name=search_term_string"}],"inLanguage":"pl-PL"},{"@type":"WebPage","@id":"https:\/\/admincentral.selleetools.com\/pl\/product\/medicube-deep-vita-c-pad-70-ea-rozjasniajace-platki-z-witamina-c\/","url":"https:\/\/admincentral.selleetools.com\/pl\/product\/medicube-deep-vita-c-pad-70-ea-rozjasniajace-platki-z-witamina-c\/","name":"Medicube Deep Vita C Pad 70 ea - rozja\u015bniaj\u0105ce p\u0142atki z witamin\u0105 C - Selleetools.com","isPartOf":{"@id":"https:\/\/selleetools.com\/#website"},"datePublished":"2025-10-24T12:29:36+00:00","dateModified":"2026-01-04T14:27:00+00:00","breadcrumb":{"@id":"https:\/\/admincentral.selleetools.com\/pl\/product\/medicube-deep-vita-c-pad-70-ea-rozjasniajace-platki-z-witamina-c\/#breadcrumb"},"inLanguage":"pl-PL","potentialAction":[{"@type":"ReadAction","target":["https:\/\/admincentral.selleetools.com\/pl\/product\/medicube-deep-vita-c-pad-70-ea-rozjasniajace-platki-z-witamina-c\/"]}]},{"@type":"BreadcrumbList","@id":"https:\/\/admincentral.selleetools.com\/pl\/product\/medicube-deep-vita-c-pad-70-ea-rozjasniajace-platki-z-witamina-c\/#breadcrumb","itemListElement":[{"@type":"ListItem","position":1,"name":"Home","item":"https:\/\/selleetools.com\/pl\/"},{"@type":"ListItem","position":2,"name":"Katalog","item":"https:\/\/selleetools.com\/pl\/katalog\/"},{"@type":"ListItem","position":3,"name":"Medicube Deep Vita C Pad 70 ea &#8211; rozja\u015bniaj\u0105ce p\u0142atki z witamin\u0105 C"}]}]}},"_links":{"self":[{"href":"https:\/\/selleetools.com\/pl\/wp-json\/wp\/v2\/product\/609104"}],"collection":[{"href":"https:\/\/selleetools.com\/pl\/wp-json\/wp\/v2\/product"}],"about":[{"href":"https:\/\/selleetools.com\/pl\/wp-json\/wp\/v2\/types\/product"}],"replies":[{"embeddable":true,"href":"https:\/\/selleetools.com\/pl\/wp-json\/wp\/v2\/comments?post=609104"}],"wp:featuredmedia":[{"embeddable":true,"href":"https:\/\/selleetools.com\/pl\/wp-json\/wp\/v2\/media\/609102"}],"wp:attachment":[{"href":"https:\/\/selleetools.com\/pl\/wp-json\/wp\/v2\/media?parent=609104"}],"curies":[{"name":"wp","href":"https:\/\/api.w.org\/{rel}","templated":true}]}}