{"id":609036,"date":"2025-10-24T14:28:31","date_gmt":"2025-10-24T12:28:31","guid":{"rendered":"https:\/\/selleetools.com\/?post_type=product&#038;p=609036"},"modified":"2025-11-04T21:35:40","modified_gmt":"2025-11-04T20:35:40","slug":"medi-peel-peptide-tox-bor-cream-50-g-krem-przeciwstarzeniowy","status":"publish","type":"product","link":"https:\/\/selleetools.com\/pl\/product\/medi-peel-peptide-tox-bor-cream-50-g-krem-przeciwstarzeniowy\/","title":{"rendered":"MEDI-PEEL Peptide-Tox Bor Cream 50 g &#8211; krem przeciwstarzeniowy"},"content":{"rendered":"<p>Peptide Tox Bor Cream to krem intensywnie piel\u0119gnuj\u0105cy sk\u00f3r\u0119, kt\u00f3ry skutecznie dba o r\u00f3\u017cne rodzaje zmarszczek, przywracaj\u0105c jej elastyczno\u015b\u0107 i g\u0142adko\u015b\u0107. Dzi\u0119ki zaawansowanej formule wzbogaconej o peptydy i fermenty ro\u015blinne, krem skutecznie wyg\u0142adza sk\u00f3r\u0119, poprawiaj\u0105c jej napi\u0119cie i przywracaj\u0105c m\u0142odszy wygl\u0105d. Peptydy wspieraj\u0105 odbudow\u0119 sk\u00f3ry, stymuluj\u0105c produkcj\u0119 kolagenu i elastyny, co pomaga w redukcji zmarszczek i poprawie spr\u0119\u017cysto\u015bci sk\u00f3ry. Kwas hialuronowy oraz trehaloza zapewniaj\u0105 intensywne nawil\u017cenie, utrzymuj\u0105c odpowiedni poziom wilgoci w sk\u00f3rze przez d\u0142ugi czas.<\/p>\n<p>Korzy\u015bci dla sk\u00f3ry:<br \/>\nRedukcja zmarszczek i poprawa elastyczno\u015bci sk\u00f3ry<br \/>\nIntensywne nawil\u017cenie i wyg\u0142adzenie<br \/>\nOdbudowa struktury sk\u00f3ry i poprawa jej napi\u0119cia<br \/>\nSk\u00f3ra staje si\u0119 g\u0142adka, spr\u0119\u017cysta i m\u0142odsza<\/p>\n<p>Spos\u00f3b u\u017cycia: Na oczyszczon\u0105 sk\u00f3r\u0119 na\u0142\u00f3\u017c odpowiedni\u0105 ilo\u015b\u0107 kremu i delikatnie wmasuj, a\u017c do ca\u0142kowitego wch\u0142oni\u0119cia. Stosuj codziennie rano i wieczorem dla najlepszych efekt\u00f3w.<\/p>\n","protected":false},"excerpt":{"rendered":"<p>Peptide Tox Bor Cream to krem intensywnie piel\u0119gnuj\u0105cy sk\u00f3r\u0119, kt\u00f3ry skutecznie dba o r\u00f3\u017cne rodzaje zmarszczek, przywracaj\u0105c jej elastyczno\u015b\u0107 i g\u0142adko\u015b\u0107. Dzi\u0119ki zaawansowanej formule wzbogaconej o peptydy i fermenty ro\u015blinne, krem skutecznie wyg\u0142adza sk\u00f3r\u0119, poprawiaj\u0105c jej napi\u0119cie i przywracaj\u0105c m\u0142odszy wygl\u0105d. Peptydy wspieraj\u0105 odbudow\u0119 sk\u00f3ry, stymuluj\u0105c produkcj\u0119 kolagenu i elastyny, co pomaga w redukcji zmarszczek &#8230; <a title=\"MEDI-PEEL Peptide-Tox Bor Cream 50 g &#8211; krem przeciwstarzeniowy\" class=\"read-more\" href=\"https:\/\/selleetools.com\/pl\/product\/medi-peel-peptide-tox-bor-cream-50-g-krem-przeciwstarzeniowy\/\">Read more<span class=\"screen-reader-text\">MEDI-PEEL Peptide-Tox Bor Cream 50 g &#8211; krem przeciwstarzeniowy<\/span><\/a><\/p>\n","protected":false},"featured_media":609034,"comment_status":"open","ping_status":"closed","template":"","meta":{"_links_to":"","_links_to_target":""},"yoast_head":"<!-- This site is optimized with the Yoast SEO plugin v19.4 - https:\/\/yoast.com\/wordpress\/plugins\/seo\/ -->\n<title>MEDI-PEEL Peptide-Tox Bor Cream 50 g - krem przeciwstarzeniowy - Selleetools.com<\/title>\n<meta name=\"robots\" content=\"index, follow, max-snippet:-1, max-image-preview:large, max-video-preview:-1\" \/>\n<link rel=\"canonical\" href=\"https:\/\/admincentral.selleetools.com\/pl\/product\/medi-peel-peptide-tox-bor-cream-50-g-krem-przeciwstarzeniowy\/\" \/>\n<meta property=\"og:locale\" content=\"pl_PL\" \/>\n<meta property=\"og:type\" content=\"article\" \/>\n<meta property=\"og:title\" content=\"MEDI-PEEL Peptide-Tox Bor Cream 50 g - krem przeciwstarzeniowy - Selleetools.com\" \/>\n<meta property=\"og:description\" content=\"Peptide Tox Bor Cream to krem intensywnie piel\u0119gnuj\u0105cy sk\u00f3r\u0119, kt\u00f3ry skutecznie dba o r\u00f3\u017cne rodzaje zmarszczek, przywracaj\u0105c jej elastyczno\u015b\u0107 i g\u0142adko\u015b\u0107. Dzi\u0119ki zaawansowanej formule wzbogaconej o peptydy i fermenty ro\u015blinne, krem skutecznie wyg\u0142adza sk\u00f3r\u0119, poprawiaj\u0105c jej napi\u0119cie i przywracaj\u0105c m\u0142odszy wygl\u0105d. Peptydy wspieraj\u0105 odbudow\u0119 sk\u00f3ry, stymuluj\u0105c produkcj\u0119 kolagenu i elastyny, co pomaga w redukcji zmarszczek ... Read moreMEDI-PEEL Peptide-Tox Bor Cream 50 g &#8211; krem przeciwstarzeniowy\" \/>\n<meta property=\"og:url\" content=\"https:\/\/admincentral.selleetools.com\/pl\/product\/medi-peel-peptide-tox-bor-cream-50-g-krem-przeciwstarzeniowy\/\" \/>\n<meta property=\"og:site_name\" content=\"Selleetools.com\" \/>\n<meta property=\"article:modified_time\" content=\"2025-11-04T20:35:40+00:00\" \/>\n<meta property=\"og:image\" content=\"https:\/\/selleetools.com\/wp-content\/uploads\/2025\/10\/d74401de81bf6c7cc3739efd88d1972b.jpg\" \/>\n\t<meta property=\"og:image:width\" content=\"1200\" \/>\n\t<meta property=\"og:image:height\" content=\"1200\" \/>\n\t<meta property=\"og:image:type\" content=\"image\/jpeg\" \/>\n<meta name=\"twitter:card\" content=\"summary_large_image\" \/>\n<meta name=\"twitter:label1\" content=\"Est. reading time\" \/>\n\t<meta name=\"twitter:data1\" content=\"1 minuta\" \/>\n<!-- \/ Yoast SEO plugin. -->","yoast_head_json":{"title":"MEDI-PEEL Peptide-Tox Bor Cream 50 g - krem przeciwstarzeniowy - Selleetools.com","robots":{"index":"index","follow":"follow","max-snippet":"max-snippet:-1","max-image-preview":"max-image-preview:large","max-video-preview":"max-video-preview:-1"},"canonical":"https:\/\/admincentral.selleetools.com\/pl\/product\/medi-peel-peptide-tox-bor-cream-50-g-krem-przeciwstarzeniowy\/","og_locale":"pl_PL","og_type":"article","og_title":"MEDI-PEEL Peptide-Tox Bor Cream 50 g - krem przeciwstarzeniowy - Selleetools.com","og_description":"Peptide Tox Bor Cream to krem intensywnie piel\u0119gnuj\u0105cy sk\u00f3r\u0119, kt\u00f3ry skutecznie dba o r\u00f3\u017cne rodzaje zmarszczek, przywracaj\u0105c jej elastyczno\u015b\u0107 i g\u0142adko\u015b\u0107. Dzi\u0119ki zaawansowanej formule wzbogaconej o peptydy i fermenty ro\u015blinne, krem skutecznie wyg\u0142adza sk\u00f3r\u0119, poprawiaj\u0105c jej napi\u0119cie i przywracaj\u0105c m\u0142odszy wygl\u0105d. Peptydy wspieraj\u0105 odbudow\u0119 sk\u00f3ry, stymuluj\u0105c produkcj\u0119 kolagenu i elastyny, co pomaga w redukcji zmarszczek ... Read moreMEDI-PEEL Peptide-Tox Bor Cream 50 g &#8211; krem przeciwstarzeniowy","og_url":"https:\/\/admincentral.selleetools.com\/pl\/product\/medi-peel-peptide-tox-bor-cream-50-g-krem-przeciwstarzeniowy\/","og_site_name":"Selleetools.com","article_modified_time":"2025-11-04T20:35:40+00:00","og_image":[{"width":1200,"height":1200,"url":"https:\/\/selleetools.com\/wp-content\/uploads\/2025\/10\/d74401de81bf6c7cc3739efd88d1972b.jpg","type":"image\/jpeg"}],"twitter_card":"summary_large_image","twitter_misc":{"Est. reading time":"1 minuta"},"schema":{"@context":"https:\/\/schema.org","@graph":[{"@type":"Organization","@id":"https:\/\/selleetools.com\/#organization","name":"Selleetools","url":"https:\/\/selleetools.com\/","sameAs":[],"logo":{"@type":"ImageObject","inLanguage":"pl-PL","@id":"https:\/\/selleetools.com\/#\/schema\/logo\/image\/","url":"https:\/\/selleetools.com\/wp-content\/uploads\/2021\/10\/logo-dark.png","contentUrl":"https:\/\/selleetools.com\/wp-content\/uploads\/2021\/10\/logo-dark.png","width":320,"height":76,"caption":"Selleetools"},"image":{"@id":"https:\/\/selleetools.com\/#\/schema\/logo\/image\/"}},{"@type":"WebSite","@id":"https:\/\/selleetools.com\/#website","url":"https:\/\/selleetools.com\/","name":"Selleetools.com","description":"","publisher":{"@id":"https:\/\/selleetools.com\/#organization"},"potentialAction":[{"@type":"SearchAction","target":{"@type":"EntryPoint","urlTemplate":"https:\/\/selleetools.com\/?s={search_term_string}"},"query-input":"required name=search_term_string"}],"inLanguage":"pl-PL"},{"@type":"WebPage","@id":"https:\/\/admincentral.selleetools.com\/pl\/product\/medi-peel-peptide-tox-bor-cream-50-g-krem-przeciwstarzeniowy\/","url":"https:\/\/admincentral.selleetools.com\/pl\/product\/medi-peel-peptide-tox-bor-cream-50-g-krem-przeciwstarzeniowy\/","name":"MEDI-PEEL Peptide-Tox Bor Cream 50 g - krem przeciwstarzeniowy - Selleetools.com","isPartOf":{"@id":"https:\/\/selleetools.com\/#website"},"datePublished":"2025-10-24T12:28:31+00:00","dateModified":"2025-11-04T20:35:40+00:00","breadcrumb":{"@id":"https:\/\/admincentral.selleetools.com\/pl\/product\/medi-peel-peptide-tox-bor-cream-50-g-krem-przeciwstarzeniowy\/#breadcrumb"},"inLanguage":"pl-PL","potentialAction":[{"@type":"ReadAction","target":["https:\/\/admincentral.selleetools.com\/pl\/product\/medi-peel-peptide-tox-bor-cream-50-g-krem-przeciwstarzeniowy\/"]}]},{"@type":"BreadcrumbList","@id":"https:\/\/admincentral.selleetools.com\/pl\/product\/medi-peel-peptide-tox-bor-cream-50-g-krem-przeciwstarzeniowy\/#breadcrumb","itemListElement":[{"@type":"ListItem","position":1,"name":"Home","item":"https:\/\/selleetools.com\/pl\/"},{"@type":"ListItem","position":2,"name":"Katalog","item":"https:\/\/selleetools.com\/pl\/katalog\/"},{"@type":"ListItem","position":3,"name":"MEDI-PEEL Peptide-Tox Bor Cream 50 g &#8211; krem przeciwstarzeniowy"}]}]}},"_links":{"self":[{"href":"https:\/\/selleetools.com\/pl\/wp-json\/wp\/v2\/product\/609036"}],"collection":[{"href":"https:\/\/selleetools.com\/pl\/wp-json\/wp\/v2\/product"}],"about":[{"href":"https:\/\/selleetools.com\/pl\/wp-json\/wp\/v2\/types\/product"}],"replies":[{"embeddable":true,"href":"https:\/\/selleetools.com\/pl\/wp-json\/wp\/v2\/comments?post=609036"}],"wp:featuredmedia":[{"embeddable":true,"href":"https:\/\/selleetools.com\/pl\/wp-json\/wp\/v2\/media\/609034"}],"wp:attachment":[{"href":"https:\/\/selleetools.com\/pl\/wp-json\/wp\/v2\/media?parent=609036"}],"curies":[{"name":"wp","href":"https:\/\/api.w.org\/{rel}","templated":true}]}}