{"id":609030,"date":"2025-10-24T14:28:26","date_gmt":"2025-10-24T12:28:26","guid":{"rendered":"https:\/\/selleetools.com\/?post_type=product&#038;p=609030"},"modified":"2025-12-03T21:00:14","modified_gmt":"2025-12-03T20:00:14","slug":"abib-green-lha-pore-pad-clear-touch-60-szt-platki-oczyszczajace-do-twarzy","status":"publish","type":"product","link":"https:\/\/selleetools.com\/pl\/product\/abib-green-lha-pore-pad-clear-touch-60-szt-platki-oczyszczajace-do-twarzy\/","title":{"rendered":"Abib Green LHA Pore Pad Clear Touch 60 szt &#8211; p\u0142atki oczyszczaj\u0105ce do twarzy"},"content":{"rendered":"<p>Abib Green LHA Pore Pad Clear Touch to innowacyjne tonizuj\u0105ce p\u0142atki, kt\u00f3re skutecznie pomagaj\u0105 w oczyszczaniu por\u00f3w, redukcji sebum i zapobieganiu powstawaniu niedoskona\u0142o\u015bci. Dzi\u0119ki zawarto\u015bci kwasu salicylowego (BHA), LHA oraz wielu ro\u015blinnych ekstrakt\u00f3w, p\u0142atki te s\u0105 idealne dla sk\u00f3ry t\u0142ustej i sk\u0142onnej do tr\u0105dziku, a tak\u017ce dla os\u00f3b borykaj\u0105cych si\u0119 z rozszerzonymi porami. Dodatkowo niacynamid w sk\u0142adzie poprawia kondycj\u0119 sk\u00f3ry, redukuj\u0105c zaczerwienienia oraz nier\u00f3wno\u015bci.<\/p>\n<p>Korzy\u015bci dla sk\u00f3ry:<br \/>\nOczyszczanie por\u00f3w \u2013 Kwas salicylowy i LHA skutecznie oczyszczaj\u0105 pory z zanieczyszcze\u0144 i nadmiaru sebum, zapobiegaj\u0105c powstawaniu niedoskona\u0142o\u015bci.<br \/>\nPoprawa struktury sk\u00f3ry \u2013 Ekstrakty ro\u015blinne wspomagaj\u0105 regeneracj\u0119 sk\u00f3ry, \u0142agodz\u0105 podra\u017cnienia i poprawiaj\u0105 jej wygl\u0105d.<br \/>\nRedukcja sebum i rozszerzonych por\u00f3w \u2013 Regularne stosowanie p\u0142atk\u00f3w przyczynia si\u0119 do zmniejszenia widoczno\u015bci por\u00f3w i kontrolowania wydzielania sebum, co prowadzi do g\u0142adkiej i matowej cery.<br \/>\nPoprawa nawil\u017cenia \u2013 P\u0142atki pomagaj\u0105 utrzyma\u0107 odpowiedni poziom nawil\u017cenia sk\u00f3ry, zapobiegaj\u0105c jej wysuszeniu.<\/p>\n<p>Spos\u00f3b u\u017cycia:<br \/>\nOtw\u00f3rz opakowanie i za pomoc\u0105 p\u0119sety wyjmij p\u0142atek.<br \/>\nNa\u0142\u00f3\u017c p\u0142atek na ca\u0142\u0105 twarz i szyj\u0119, unikaj\u0105c okolic oczu.<br \/>\nDla skoncentrowanego dzia\u0142ania na obszarach wymagaj\u0105cych intensywniejszej piel\u0119gnacji por\u00f3w, podziel p\u0142atek na dwie cz\u0119\u015bci i przy\u0142\u00f3\u017c jak mask\u0119.<br \/>\nPo u\u017cyciu dok\u0142adnie zamknij opakowanie, aby zapobiec wysychaniu p\u0142atk\u00f3w.<\/p>\n","protected":false},"excerpt":{"rendered":"<p>Abib Green LHA Pore Pad Clear Touch to innowacyjne tonizuj\u0105ce p\u0142atki, kt\u00f3re skutecznie pomagaj\u0105 w oczyszczaniu por\u00f3w, redukcji sebum i zapobieganiu powstawaniu niedoskona\u0142o\u015bci. Dzi\u0119ki zawarto\u015bci kwasu salicylowego (BHA), LHA oraz wielu ro\u015blinnych ekstrakt\u00f3w, p\u0142atki te s\u0105 idealne dla sk\u00f3ry t\u0142ustej i sk\u0142onnej do tr\u0105dziku, a tak\u017ce dla os\u00f3b borykaj\u0105cych si\u0119 z rozszerzonymi porami. Dodatkowo niacynamid &#8230; <a title=\"Abib Green LHA Pore Pad Clear Touch 60 szt &#8211; p\u0142atki oczyszczaj\u0105ce do twarzy\" class=\"read-more\" href=\"https:\/\/selleetools.com\/pl\/product\/abib-green-lha-pore-pad-clear-touch-60-szt-platki-oczyszczajace-do-twarzy\/\">Read more<span class=\"screen-reader-text\">Abib Green LHA Pore Pad Clear Touch 60 szt &#8211; p\u0142atki oczyszczaj\u0105ce do twarzy<\/span><\/a><\/p>\n","protected":false},"featured_media":609028,"comment_status":"open","ping_status":"closed","template":"","meta":{"_links_to":"","_links_to_target":""},"yoast_head":"<!-- This site is optimized with the Yoast SEO plugin v19.4 - https:\/\/yoast.com\/wordpress\/plugins\/seo\/ -->\n<title>Abib Green LHA Pore Pad Clear Touch 60 szt - p\u0142atki oczyszczaj\u0105ce do twarzy - Selleetools.com<\/title>\n<meta name=\"robots\" content=\"index, follow, max-snippet:-1, max-image-preview:large, max-video-preview:-1\" \/>\n<link rel=\"canonical\" href=\"https:\/\/selleetools.com\/product\/abib-green-lha-pore-pad-clear-touch-60-szt-platki-oczyszczajace-do-twarzy\/\" \/>\n<meta property=\"og:locale\" content=\"pl_PL\" \/>\n<meta property=\"og:type\" content=\"article\" \/>\n<meta property=\"og:title\" content=\"Abib Green LHA Pore Pad Clear Touch 60 szt - p\u0142atki oczyszczaj\u0105ce do twarzy - Selleetools.com\" \/>\n<meta property=\"og:description\" content=\"Abib Green LHA Pore Pad Clear Touch to innowacyjne tonizuj\u0105ce p\u0142atki, kt\u00f3re skutecznie pomagaj\u0105 w oczyszczaniu por\u00f3w, redukcji sebum i zapobieganiu powstawaniu niedoskona\u0142o\u015bci. Dzi\u0119ki zawarto\u015bci kwasu salicylowego (BHA), LHA oraz wielu ro\u015blinnych ekstrakt\u00f3w, p\u0142atki te s\u0105 idealne dla sk\u00f3ry t\u0142ustej i sk\u0142onnej do tr\u0105dziku, a tak\u017ce dla os\u00f3b borykaj\u0105cych si\u0119 z rozszerzonymi porami. Dodatkowo niacynamid ... Read moreAbib Green LHA Pore Pad Clear Touch 60 szt &#8211; p\u0142atki oczyszczaj\u0105ce do twarzy\" \/>\n<meta property=\"og:url\" content=\"https:\/\/selleetools.com\/product\/abib-green-lha-pore-pad-clear-touch-60-szt-platki-oczyszczajace-do-twarzy\/\" \/>\n<meta property=\"og:site_name\" content=\"Selleetools.com\" \/>\n<meta property=\"article:modified_time\" content=\"2025-12-03T20:00:14+00:00\" \/>\n<meta property=\"og:image\" content=\"https:\/\/selleetools.com\/wp-content\/uploads\/2025\/10\/14f11a329720bea00f40c1734fdd1e6d.jpg\" \/>\n\t<meta property=\"og:image:width\" content=\"1200\" \/>\n\t<meta property=\"og:image:height\" content=\"1200\" \/>\n\t<meta property=\"og:image:type\" content=\"image\/jpeg\" \/>\n<meta name=\"twitter:card\" content=\"summary_large_image\" \/>\n<meta name=\"twitter:label1\" content=\"Est. reading time\" \/>\n\t<meta name=\"twitter:data1\" content=\"1 minuta\" \/>\n<!-- \/ Yoast SEO plugin. -->","yoast_head_json":{"title":"Abib Green LHA Pore Pad Clear Touch 60 szt - p\u0142atki oczyszczaj\u0105ce do twarzy - Selleetools.com","robots":{"index":"index","follow":"follow","max-snippet":"max-snippet:-1","max-image-preview":"max-image-preview:large","max-video-preview":"max-video-preview:-1"},"canonical":"https:\/\/selleetools.com\/product\/abib-green-lha-pore-pad-clear-touch-60-szt-platki-oczyszczajace-do-twarzy\/","og_locale":"pl_PL","og_type":"article","og_title":"Abib Green LHA Pore Pad Clear Touch 60 szt - p\u0142atki oczyszczaj\u0105ce do twarzy - Selleetools.com","og_description":"Abib Green LHA Pore Pad Clear Touch to innowacyjne tonizuj\u0105ce p\u0142atki, kt\u00f3re skutecznie pomagaj\u0105 w oczyszczaniu por\u00f3w, redukcji sebum i zapobieganiu powstawaniu niedoskona\u0142o\u015bci. Dzi\u0119ki zawarto\u015bci kwasu salicylowego (BHA), LHA oraz wielu ro\u015blinnych ekstrakt\u00f3w, p\u0142atki te s\u0105 idealne dla sk\u00f3ry t\u0142ustej i sk\u0142onnej do tr\u0105dziku, a tak\u017ce dla os\u00f3b borykaj\u0105cych si\u0119 z rozszerzonymi porami. Dodatkowo niacynamid ... Read moreAbib Green LHA Pore Pad Clear Touch 60 szt &#8211; p\u0142atki oczyszczaj\u0105ce do twarzy","og_url":"https:\/\/selleetools.com\/product\/abib-green-lha-pore-pad-clear-touch-60-szt-platki-oczyszczajace-do-twarzy\/","og_site_name":"Selleetools.com","article_modified_time":"2025-12-03T20:00:14+00:00","og_image":[{"width":1200,"height":1200,"url":"https:\/\/selleetools.com\/wp-content\/uploads\/2025\/10\/14f11a329720bea00f40c1734fdd1e6d.jpg","type":"image\/jpeg"}],"twitter_card":"summary_large_image","twitter_misc":{"Est. reading time":"1 minuta"},"schema":{"@context":"https:\/\/schema.org","@graph":[{"@type":"Organization","@id":"https:\/\/selleetools.com\/#organization","name":"Selleetools","url":"https:\/\/selleetools.com\/","sameAs":[],"logo":{"@type":"ImageObject","inLanguage":"pl-PL","@id":"https:\/\/selleetools.com\/#\/schema\/logo\/image\/","url":"https:\/\/selleetools.com\/wp-content\/uploads\/2021\/10\/logo-dark.png","contentUrl":"https:\/\/selleetools.com\/wp-content\/uploads\/2021\/10\/logo-dark.png","width":320,"height":76,"caption":"Selleetools"},"image":{"@id":"https:\/\/selleetools.com\/#\/schema\/logo\/image\/"}},{"@type":"WebSite","@id":"https:\/\/selleetools.com\/#website","url":"https:\/\/selleetools.com\/","name":"Selleetools.com","description":"","publisher":{"@id":"https:\/\/selleetools.com\/#organization"},"potentialAction":[{"@type":"SearchAction","target":{"@type":"EntryPoint","urlTemplate":"https:\/\/selleetools.com\/?s={search_term_string}"},"query-input":"required name=search_term_string"}],"inLanguage":"pl-PL"},{"@type":"WebPage","@id":"https:\/\/selleetools.com\/product\/abib-green-lha-pore-pad-clear-touch-60-szt-platki-oczyszczajace-do-twarzy\/","url":"https:\/\/selleetools.com\/product\/abib-green-lha-pore-pad-clear-touch-60-szt-platki-oczyszczajace-do-twarzy\/","name":"Abib Green LHA Pore Pad Clear Touch 60 szt - p\u0142atki oczyszczaj\u0105ce do twarzy - Selleetools.com","isPartOf":{"@id":"https:\/\/selleetools.com\/#website"},"datePublished":"2025-10-24T12:28:26+00:00","dateModified":"2025-12-03T20:00:14+00:00","breadcrumb":{"@id":"https:\/\/selleetools.com\/product\/abib-green-lha-pore-pad-clear-touch-60-szt-platki-oczyszczajace-do-twarzy\/#breadcrumb"},"inLanguage":"pl-PL","potentialAction":[{"@type":"ReadAction","target":["https:\/\/selleetools.com\/product\/abib-green-lha-pore-pad-clear-touch-60-szt-platki-oczyszczajace-do-twarzy\/"]}]},{"@type":"BreadcrumbList","@id":"https:\/\/selleetools.com\/product\/abib-green-lha-pore-pad-clear-touch-60-szt-platki-oczyszczajace-do-twarzy\/#breadcrumb","itemListElement":[{"@type":"ListItem","position":1,"name":"Home","item":"https:\/\/selleetools.com\/pl\/"},{"@type":"ListItem","position":2,"name":"Katalog","item":"https:\/\/selleetools.com\/pl\/katalog\/"},{"@type":"ListItem","position":3,"name":"Abib Green LHA Pore Pad Clear Touch 60 szt &#8211; p\u0142atki oczyszczaj\u0105ce do twarzy"}]}]}},"_links":{"self":[{"href":"https:\/\/selleetools.com\/pl\/wp-json\/wp\/v2\/product\/609030"}],"collection":[{"href":"https:\/\/selleetools.com\/pl\/wp-json\/wp\/v2\/product"}],"about":[{"href":"https:\/\/selleetools.com\/pl\/wp-json\/wp\/v2\/types\/product"}],"replies":[{"embeddable":true,"href":"https:\/\/selleetools.com\/pl\/wp-json\/wp\/v2\/comments?post=609030"}],"wp:featuredmedia":[{"embeddable":true,"href":"https:\/\/selleetools.com\/pl\/wp-json\/wp\/v2\/media\/609028"}],"wp:attachment":[{"href":"https:\/\/selleetools.com\/pl\/wp-json\/wp\/v2\/media?parent=609030"}],"curies":[{"name":"wp","href":"https:\/\/api.w.org\/{rel}","templated":true}]}}