{"id":609009,"date":"2025-10-24T14:28:08","date_gmt":"2025-10-24T12:28:08","guid":{"rendered":"https:\/\/selleetools.com\/?post_type=product&#038;p=609009"},"modified":"2026-02-25T19:14:08","modified_gmt":"2026-02-25T18:14:08","slug":"peripera-ink-airy-velvet-ad-14-rosy-pink-4-g-tint-do-ust-chlodny-roz","status":"publish","type":"product","link":"https:\/\/selleetools.com\/pl\/product\/peripera-ink-airy-velvet-ad-14-rosy-pink-4-g-tint-do-ust-chlodny-roz\/","title":{"rendered":"Peripera Ink Airy Velvet AD #14 Rosy Pink 4 g &#8211; tint do ust ch\u0142odny r\u00f3\u017c"},"content":{"rendered":"<p>Peripera Ink Airy Velvet AD w odcieniu #14 Rosy Pink to lekki tint o jedwabistej, piankowej formule, kt\u00f3ry nadaje ustom elegancki, ch\u0142odny r\u00f3\u017cowy kolor z subtelnym wyko\u0144czeniem soft-matte. Ten odcie\u0144 doskonale podkre\u015bla naturaln\u0105 urod\u0119, dodaj\u0105c \u015bwie\u017co\u015bci i delikatno\u015bci ka\u017cdemu makija\u017cowi \u2013 idealny zar\u00f3wno na co dzie\u0144, jak i na specjalne okazje.<\/p>\n<p>Korzy\u015bci ze stosowania:<br \/>\nD\u0142ugotrwa\u0142y kolor, kt\u00f3ry utrzymuje si\u0119 na ustach przez wiele godzin bez uczucia ci\u0119\u017cko\u015bci<br \/>\nFormu\u0142a wzbogacona o piel\u0119gnuj\u0105ce oleje: z nasion bawe\u0142ny, zielonej herbaty i mango \u2013 zapewnia nawil\u017cenie i komfort<br \/>\nMi\u0119kkie, welwetowe wyko\u0144czenie, kt\u00f3re nie podkre\u015bla suchych sk\u00f3rek<br \/>\nLekka konsystencja, kt\u00f3ra \u0142atwo si\u0119 rozprowadza i stapia z ustami, daj\u0105c naturalny efekt blur<\/p>\n<p>Spos\u00f3b u\u017cycia:<br \/>\nNa\u0142\u00f3\u017c niewielk\u0105 ilo\u015b\u0107 produktu na \u015brodek ust i rozprowad\u017a opuszkami palc\u00f3w lub aplikatorem w kierunku kraw\u0119dzi, aby uzyska\u0107 efekt delikatnego gradientu. Dla pe\u0142niejszego krycia na\u0142\u00f3\u017c dodatkow\u0105 warstw\u0119.<\/p>\n","protected":false},"excerpt":{"rendered":"<p>Peripera Ink Airy Velvet AD w odcieniu #14 Rosy Pink to lekki tint o jedwabistej, piankowej formule, kt\u00f3ry nadaje ustom elegancki, ch\u0142odny r\u00f3\u017cowy kolor z subtelnym wyko\u0144czeniem soft-matte. Ten odcie\u0144 doskonale podkre\u015bla naturaln\u0105 urod\u0119, dodaj\u0105c \u015bwie\u017co\u015bci i delikatno\u015bci ka\u017cdemu makija\u017cowi \u2013 idealny zar\u00f3wno na co dzie\u0144, jak i na specjalne okazje. Korzy\u015bci ze stosowania: D\u0142ugotrwa\u0142y &#8230; <a title=\"Peripera Ink Airy Velvet AD #14 Rosy Pink 4 g &#8211; tint do ust ch\u0142odny r\u00f3\u017c\" class=\"read-more\" href=\"https:\/\/selleetools.com\/pl\/product\/peripera-ink-airy-velvet-ad-14-rosy-pink-4-g-tint-do-ust-chlodny-roz\/\">Read more<span class=\"screen-reader-text\">Peripera Ink Airy Velvet AD #14 Rosy Pink 4 g &#8211; tint do ust ch\u0142odny r\u00f3\u017c<\/span><\/a><\/p>\n","protected":false},"featured_media":609007,"comment_status":"open","ping_status":"closed","template":"","meta":{"_links_to":"","_links_to_target":""},"yoast_head":"<!-- This site is optimized with the Yoast SEO plugin v19.4 - https:\/\/yoast.com\/wordpress\/plugins\/seo\/ -->\n<title>Peripera Ink Airy Velvet AD #14 Rosy Pink 4 g - tint do ust ch\u0142odny r\u00f3\u017c - Selleetools.com<\/title>\n<meta name=\"robots\" content=\"index, follow, max-snippet:-1, max-image-preview:large, max-video-preview:-1\" \/>\n<link rel=\"canonical\" href=\"https:\/\/admincentral.selleetools.com\/pl\/product\/peripera-ink-airy-velvet-ad-14-rosy-pink-4-g-tint-do-ust-chlodny-roz\/\" \/>\n<meta property=\"og:locale\" content=\"pl_PL\" \/>\n<meta property=\"og:type\" content=\"article\" \/>\n<meta property=\"og:title\" content=\"Peripera Ink Airy Velvet AD #14 Rosy Pink 4 g - tint do ust ch\u0142odny r\u00f3\u017c - Selleetools.com\" \/>\n<meta property=\"og:description\" content=\"Peripera Ink Airy Velvet AD w odcieniu #14 Rosy Pink to lekki tint o jedwabistej, piankowej formule, kt\u00f3ry nadaje ustom elegancki, ch\u0142odny r\u00f3\u017cowy kolor z subtelnym wyko\u0144czeniem soft-matte. Ten odcie\u0144 doskonale podkre\u015bla naturaln\u0105 urod\u0119, dodaj\u0105c \u015bwie\u017co\u015bci i delikatno\u015bci ka\u017cdemu makija\u017cowi \u2013 idealny zar\u00f3wno na co dzie\u0144, jak i na specjalne okazje. Korzy\u015bci ze stosowania: D\u0142ugotrwa\u0142y ... Read morePeripera Ink Airy Velvet AD #14 Rosy Pink 4 g &#8211; tint do ust ch\u0142odny r\u00f3\u017c\" \/>\n<meta property=\"og:url\" content=\"https:\/\/admincentral.selleetools.com\/pl\/product\/peripera-ink-airy-velvet-ad-14-rosy-pink-4-g-tint-do-ust-chlodny-roz\/\" \/>\n<meta property=\"og:site_name\" content=\"Selleetools.com\" \/>\n<meta property=\"article:modified_time\" content=\"2026-02-25T18:14:08+00:00\" \/>\n<meta property=\"og:image\" content=\"https:\/\/selleetools.com\/wp-content\/uploads\/2025\/10\/638e2067bc49e8221a037a0c9663c44a.png\" \/>\n\t<meta property=\"og:image:width\" content=\"1080\" \/>\n\t<meta property=\"og:image:height\" content=\"1080\" \/>\n\t<meta property=\"og:image:type\" content=\"image\/png\" \/>\n<meta name=\"twitter:card\" content=\"summary_large_image\" \/>\n<meta name=\"twitter:label1\" content=\"Est. reading time\" \/>\n\t<meta name=\"twitter:data1\" content=\"1 minuta\" \/>\n<!-- \/ Yoast SEO plugin. -->","yoast_head_json":{"title":"Peripera Ink Airy Velvet AD #14 Rosy Pink 4 g - tint do ust ch\u0142odny r\u00f3\u017c - Selleetools.com","robots":{"index":"index","follow":"follow","max-snippet":"max-snippet:-1","max-image-preview":"max-image-preview:large","max-video-preview":"max-video-preview:-1"},"canonical":"https:\/\/admincentral.selleetools.com\/pl\/product\/peripera-ink-airy-velvet-ad-14-rosy-pink-4-g-tint-do-ust-chlodny-roz\/","og_locale":"pl_PL","og_type":"article","og_title":"Peripera Ink Airy Velvet AD #14 Rosy Pink 4 g - tint do ust ch\u0142odny r\u00f3\u017c - Selleetools.com","og_description":"Peripera Ink Airy Velvet AD w odcieniu #14 Rosy Pink to lekki tint o jedwabistej, piankowej formule, kt\u00f3ry nadaje ustom elegancki, ch\u0142odny r\u00f3\u017cowy kolor z subtelnym wyko\u0144czeniem soft-matte. Ten odcie\u0144 doskonale podkre\u015bla naturaln\u0105 urod\u0119, dodaj\u0105c \u015bwie\u017co\u015bci i delikatno\u015bci ka\u017cdemu makija\u017cowi \u2013 idealny zar\u00f3wno na co dzie\u0144, jak i na specjalne okazje. Korzy\u015bci ze stosowania: D\u0142ugotrwa\u0142y ... Read morePeripera Ink Airy Velvet AD #14 Rosy Pink 4 g &#8211; tint do ust ch\u0142odny r\u00f3\u017c","og_url":"https:\/\/admincentral.selleetools.com\/pl\/product\/peripera-ink-airy-velvet-ad-14-rosy-pink-4-g-tint-do-ust-chlodny-roz\/","og_site_name":"Selleetools.com","article_modified_time":"2026-02-25T18:14:08+00:00","og_image":[{"width":1080,"height":1080,"url":"https:\/\/selleetools.com\/wp-content\/uploads\/2025\/10\/638e2067bc49e8221a037a0c9663c44a.png","type":"image\/png"}],"twitter_card":"summary_large_image","twitter_misc":{"Est. reading time":"1 minuta"},"schema":{"@context":"https:\/\/schema.org","@graph":[{"@type":"Organization","@id":"https:\/\/selleetools.com\/#organization","name":"Selleetools","url":"https:\/\/selleetools.com\/","sameAs":[],"logo":{"@type":"ImageObject","inLanguage":"pl-PL","@id":"https:\/\/selleetools.com\/#\/schema\/logo\/image\/","url":"https:\/\/selleetools.com\/wp-content\/uploads\/2021\/10\/logo-dark.png","contentUrl":"https:\/\/selleetools.com\/wp-content\/uploads\/2021\/10\/logo-dark.png","width":320,"height":76,"caption":"Selleetools"},"image":{"@id":"https:\/\/selleetools.com\/#\/schema\/logo\/image\/"}},{"@type":"WebSite","@id":"https:\/\/selleetools.com\/#website","url":"https:\/\/selleetools.com\/","name":"Selleetools.com","description":"","publisher":{"@id":"https:\/\/selleetools.com\/#organization"},"potentialAction":[{"@type":"SearchAction","target":{"@type":"EntryPoint","urlTemplate":"https:\/\/selleetools.com\/?s={search_term_string}"},"query-input":"required name=search_term_string"}],"inLanguage":"pl-PL"},{"@type":"WebPage","@id":"https:\/\/admincentral.selleetools.com\/pl\/product\/peripera-ink-airy-velvet-ad-14-rosy-pink-4-g-tint-do-ust-chlodny-roz\/","url":"https:\/\/admincentral.selleetools.com\/pl\/product\/peripera-ink-airy-velvet-ad-14-rosy-pink-4-g-tint-do-ust-chlodny-roz\/","name":"Peripera Ink Airy Velvet AD #14 Rosy Pink 4 g - tint do ust ch\u0142odny r\u00f3\u017c - Selleetools.com","isPartOf":{"@id":"https:\/\/selleetools.com\/#website"},"datePublished":"2025-10-24T12:28:08+00:00","dateModified":"2026-02-25T18:14:08+00:00","breadcrumb":{"@id":"https:\/\/admincentral.selleetools.com\/pl\/product\/peripera-ink-airy-velvet-ad-14-rosy-pink-4-g-tint-do-ust-chlodny-roz\/#breadcrumb"},"inLanguage":"pl-PL","potentialAction":[{"@type":"ReadAction","target":["https:\/\/admincentral.selleetools.com\/pl\/product\/peripera-ink-airy-velvet-ad-14-rosy-pink-4-g-tint-do-ust-chlodny-roz\/"]}]},{"@type":"BreadcrumbList","@id":"https:\/\/admincentral.selleetools.com\/pl\/product\/peripera-ink-airy-velvet-ad-14-rosy-pink-4-g-tint-do-ust-chlodny-roz\/#breadcrumb","itemListElement":[{"@type":"ListItem","position":1,"name":"Home","item":"https:\/\/selleetools.com\/pl\/"},{"@type":"ListItem","position":2,"name":"Katalog","item":"https:\/\/selleetools.com\/pl\/katalog\/"},{"@type":"ListItem","position":3,"name":"Peripera Ink Airy Velvet AD #14 Rosy Pink 4 g &#8211; tint do ust ch\u0142odny r\u00f3\u017c"}]}]}},"_links":{"self":[{"href":"https:\/\/selleetools.com\/pl\/wp-json\/wp\/v2\/product\/609009"}],"collection":[{"href":"https:\/\/selleetools.com\/pl\/wp-json\/wp\/v2\/product"}],"about":[{"href":"https:\/\/selleetools.com\/pl\/wp-json\/wp\/v2\/types\/product"}],"replies":[{"embeddable":true,"href":"https:\/\/selleetools.com\/pl\/wp-json\/wp\/v2\/comments?post=609009"}],"wp:featuredmedia":[{"embeddable":true,"href":"https:\/\/selleetools.com\/pl\/wp-json\/wp\/v2\/media\/609007"}],"wp:attachment":[{"href":"https:\/\/selleetools.com\/pl\/wp-json\/wp\/v2\/media?parent=609009"}],"curies":[{"name":"wp","href":"https:\/\/api.w.org\/{rel}","templated":true}]}}