{"id":608979,"date":"2025-10-24T14:27:40","date_gmt":"2025-10-24T12:27:40","guid":{"rendered":"https:\/\/selleetools.com\/?post_type=product&#038;p=608979"},"modified":"2025-11-04T21:34:54","modified_gmt":"2025-11-04T20:34:54","slug":"peripera-ink-jellable-tint-05-cool-luck-cool-luck-3-7-g-zelowy-tint-do-ust-fioletowy","status":"publish","type":"product","link":"https:\/\/selleetools.com\/pl\/product\/peripera-ink-jellable-tint-05-cool-luck-cool-luck-3-7-g-zelowy-tint-do-ust-fioletowy\/","title":{"rendered":"Peripera Ink Jellable Tint #05 Cool Luck Cool Luck 3.7 g &#8211; \u017celowy tint do ust fioletowy"},"content":{"rendered":"<p>Poznaj nowy wymiar makija\u017cu ust z \u017celowym tintem Peripera Ink Jellable Tint w odcieniu #05 Cool Luck Cool Luck \u2013 to wyj\u0105tkowy ch\u0142odny fiolet z nut\u0105 magenty, kt\u00f3ry subtelnie podkre\u015bla naturalne pi\u0119kno ust i dodaje im nowoczesnego, intryguj\u0105cego charakteru. Kolor idealny dla mi\u0142o\u015bniczek oryginalnych, ale wci\u0105\u017c noszalnych odcieni.<\/p>\n<p>Korzy\u015bci ze stosowania:<br \/>\nLekka, \u017celowa konsystencja zapewnia komfort noszenia bez uczucia lepko\u015bci.<br \/>\nFormu\u0142a oparta na silikonach i nawil\u017caj\u0105cych sk\u0142adnikach (gliceryna, butylene glycol) tworzy elastyczn\u0105 warstw\u0119 ochronn\u0105 i zapobiega przesuszaniu.<br \/>\nEfekt &#8220;jelly lips&#8221; \u2013 po\u0142yskuj\u0105ce, mi\u0119kkie usta o kusz\u0105cym, wilgotnym wyko\u0144czeniu.<br \/>\nD\u0142ugotrwa\u0142y kolor, kt\u00f3ry delikatnie barwi usta, nie wymagaj\u0105c cz\u0119stych poprawek.<br \/>\nOdpowiedni do stosowania solo lub jako warstwa na matowe pomadki dla uzyskania efektu gradientu.<\/p>\n<p>Spos\u00f3b u\u017cycia:<br \/>\nNa\u0142\u00f3\u017c odpowiedni\u0105 ilo\u015b\u0107 tintu na \u015brodek ust i delikatnie rozprowad\u017a na zewn\u0105trz opuszkami palc\u00f3w lub aplikatorem, aby uzyska\u0107 naturalny efekt. Dla mocniejszego koloru \u2013 na\u0142\u00f3\u017c drug\u0105 warstw\u0119.<\/p>\n","protected":false},"excerpt":{"rendered":"<p>Poznaj nowy wymiar makija\u017cu ust z \u017celowym tintem Peripera Ink Jellable Tint w odcieniu #05 Cool Luck Cool Luck \u2013 to wyj\u0105tkowy ch\u0142odny fiolet z nut\u0105 magenty, kt\u00f3ry subtelnie podkre\u015bla naturalne pi\u0119kno ust i dodaje im nowoczesnego, intryguj\u0105cego charakteru. Kolor idealny dla mi\u0142o\u015bniczek oryginalnych, ale wci\u0105\u017c noszalnych odcieni. Korzy\u015bci ze stosowania: Lekka, \u017celowa konsystencja zapewnia &#8230; <a title=\"Peripera Ink Jellable Tint #05 Cool Luck Cool Luck 3.7 g &#8211; \u017celowy tint do ust fioletowy\" class=\"read-more\" href=\"https:\/\/selleetools.com\/pl\/product\/peripera-ink-jellable-tint-05-cool-luck-cool-luck-3-7-g-zelowy-tint-do-ust-fioletowy\/\">Read more<span class=\"screen-reader-text\">Peripera Ink Jellable Tint #05 Cool Luck Cool Luck 3.7 g &#8211; \u017celowy tint do ust fioletowy<\/span><\/a><\/p>\n","protected":false},"featured_media":608977,"comment_status":"open","ping_status":"closed","template":"","meta":{"_links_to":"","_links_to_target":""},"yoast_head":"<!-- This site is optimized with the Yoast SEO plugin v19.4 - https:\/\/yoast.com\/wordpress\/plugins\/seo\/ -->\n<title>Peripera Ink Jellable Tint #05 Cool Luck Cool Luck 3.7 g - \u017celowy tint do ust fioletowy - Selleetools.com<\/title>\n<meta name=\"robots\" content=\"index, follow, max-snippet:-1, max-image-preview:large, max-video-preview:-1\" \/>\n<link rel=\"canonical\" href=\"https:\/\/admincentral.selleetools.com\/pl\/product\/peripera-ink-jellable-tint-05-cool-luck-cool-luck-3-7-g-zelowy-tint-do-ust-fioletowy\/\" \/>\n<meta property=\"og:locale\" content=\"pl_PL\" \/>\n<meta property=\"og:type\" content=\"article\" \/>\n<meta property=\"og:title\" content=\"Peripera Ink Jellable Tint #05 Cool Luck Cool Luck 3.7 g - \u017celowy tint do ust fioletowy - Selleetools.com\" \/>\n<meta property=\"og:description\" content=\"Poznaj nowy wymiar makija\u017cu ust z \u017celowym tintem Peripera Ink Jellable Tint w odcieniu #05 Cool Luck Cool Luck \u2013 to wyj\u0105tkowy ch\u0142odny fiolet z nut\u0105 magenty, kt\u00f3ry subtelnie podkre\u015bla naturalne pi\u0119kno ust i dodaje im nowoczesnego, intryguj\u0105cego charakteru. Kolor idealny dla mi\u0142o\u015bniczek oryginalnych, ale wci\u0105\u017c noszalnych odcieni. Korzy\u015bci ze stosowania: Lekka, \u017celowa konsystencja zapewnia ... Read morePeripera Ink Jellable Tint #05 Cool Luck Cool Luck 3.7 g &#8211; \u017celowy tint do ust fioletowy\" \/>\n<meta property=\"og:url\" content=\"https:\/\/admincentral.selleetools.com\/pl\/product\/peripera-ink-jellable-tint-05-cool-luck-cool-luck-3-7-g-zelowy-tint-do-ust-fioletowy\/\" \/>\n<meta property=\"og:site_name\" content=\"Selleetools.com\" \/>\n<meta property=\"article:modified_time\" content=\"2025-11-04T20:34:54+00:00\" \/>\n<meta property=\"og:image\" content=\"https:\/\/selleetools.com\/wp-content\/uploads\/2025\/10\/747a04f86fb759e769312cdfa1e89460.png\" \/>\n\t<meta property=\"og:image:width\" content=\"1080\" \/>\n\t<meta property=\"og:image:height\" content=\"1080\" \/>\n\t<meta property=\"og:image:type\" content=\"image\/png\" \/>\n<meta name=\"twitter:card\" content=\"summary_large_image\" \/>\n<meta name=\"twitter:label1\" content=\"Est. reading time\" \/>\n\t<meta name=\"twitter:data1\" content=\"1 minuta\" \/>\n<!-- \/ Yoast SEO plugin. -->","yoast_head_json":{"title":"Peripera Ink Jellable Tint #05 Cool Luck Cool Luck 3.7 g - \u017celowy tint do ust fioletowy - Selleetools.com","robots":{"index":"index","follow":"follow","max-snippet":"max-snippet:-1","max-image-preview":"max-image-preview:large","max-video-preview":"max-video-preview:-1"},"canonical":"https:\/\/admincentral.selleetools.com\/pl\/product\/peripera-ink-jellable-tint-05-cool-luck-cool-luck-3-7-g-zelowy-tint-do-ust-fioletowy\/","og_locale":"pl_PL","og_type":"article","og_title":"Peripera Ink Jellable Tint #05 Cool Luck Cool Luck 3.7 g - \u017celowy tint do ust fioletowy - Selleetools.com","og_description":"Poznaj nowy wymiar makija\u017cu ust z \u017celowym tintem Peripera Ink Jellable Tint w odcieniu #05 Cool Luck Cool Luck \u2013 to wyj\u0105tkowy ch\u0142odny fiolet z nut\u0105 magenty, kt\u00f3ry subtelnie podkre\u015bla naturalne pi\u0119kno ust i dodaje im nowoczesnego, intryguj\u0105cego charakteru. Kolor idealny dla mi\u0142o\u015bniczek oryginalnych, ale wci\u0105\u017c noszalnych odcieni. Korzy\u015bci ze stosowania: Lekka, \u017celowa konsystencja zapewnia ... Read morePeripera Ink Jellable Tint #05 Cool Luck Cool Luck 3.7 g &#8211; \u017celowy tint do ust fioletowy","og_url":"https:\/\/admincentral.selleetools.com\/pl\/product\/peripera-ink-jellable-tint-05-cool-luck-cool-luck-3-7-g-zelowy-tint-do-ust-fioletowy\/","og_site_name":"Selleetools.com","article_modified_time":"2025-11-04T20:34:54+00:00","og_image":[{"width":1080,"height":1080,"url":"https:\/\/selleetools.com\/wp-content\/uploads\/2025\/10\/747a04f86fb759e769312cdfa1e89460.png","type":"image\/png"}],"twitter_card":"summary_large_image","twitter_misc":{"Est. reading time":"1 minuta"},"schema":{"@context":"https:\/\/schema.org","@graph":[{"@type":"Organization","@id":"https:\/\/selleetools.com\/#organization","name":"Selleetools","url":"https:\/\/selleetools.com\/","sameAs":[],"logo":{"@type":"ImageObject","inLanguage":"pl-PL","@id":"https:\/\/selleetools.com\/#\/schema\/logo\/image\/","url":"https:\/\/selleetools.com\/wp-content\/uploads\/2021\/10\/logo-dark.png","contentUrl":"https:\/\/selleetools.com\/wp-content\/uploads\/2021\/10\/logo-dark.png","width":320,"height":76,"caption":"Selleetools"},"image":{"@id":"https:\/\/selleetools.com\/#\/schema\/logo\/image\/"}},{"@type":"WebSite","@id":"https:\/\/selleetools.com\/#website","url":"https:\/\/selleetools.com\/","name":"Selleetools.com","description":"","publisher":{"@id":"https:\/\/selleetools.com\/#organization"},"potentialAction":[{"@type":"SearchAction","target":{"@type":"EntryPoint","urlTemplate":"https:\/\/selleetools.com\/?s={search_term_string}"},"query-input":"required name=search_term_string"}],"inLanguage":"pl-PL"},{"@type":"WebPage","@id":"https:\/\/admincentral.selleetools.com\/pl\/product\/peripera-ink-jellable-tint-05-cool-luck-cool-luck-3-7-g-zelowy-tint-do-ust-fioletowy\/","url":"https:\/\/admincentral.selleetools.com\/pl\/product\/peripera-ink-jellable-tint-05-cool-luck-cool-luck-3-7-g-zelowy-tint-do-ust-fioletowy\/","name":"Peripera Ink Jellable Tint #05 Cool Luck Cool Luck 3.7 g - \u017celowy tint do ust fioletowy - Selleetools.com","isPartOf":{"@id":"https:\/\/selleetools.com\/#website"},"datePublished":"2025-10-24T12:27:40+00:00","dateModified":"2025-11-04T20:34:54+00:00","breadcrumb":{"@id":"https:\/\/admincentral.selleetools.com\/pl\/product\/peripera-ink-jellable-tint-05-cool-luck-cool-luck-3-7-g-zelowy-tint-do-ust-fioletowy\/#breadcrumb"},"inLanguage":"pl-PL","potentialAction":[{"@type":"ReadAction","target":["https:\/\/admincentral.selleetools.com\/pl\/product\/peripera-ink-jellable-tint-05-cool-luck-cool-luck-3-7-g-zelowy-tint-do-ust-fioletowy\/"]}]},{"@type":"BreadcrumbList","@id":"https:\/\/admincentral.selleetools.com\/pl\/product\/peripera-ink-jellable-tint-05-cool-luck-cool-luck-3-7-g-zelowy-tint-do-ust-fioletowy\/#breadcrumb","itemListElement":[{"@type":"ListItem","position":1,"name":"Home","item":"https:\/\/selleetools.com\/pl\/"},{"@type":"ListItem","position":2,"name":"Katalog","item":"https:\/\/selleetools.com\/pl\/katalog\/"},{"@type":"ListItem","position":3,"name":"Peripera Ink Jellable Tint #05 Cool Luck Cool Luck 3.7 g &#8211; \u017celowy tint do ust fioletowy"}]}]}},"_links":{"self":[{"href":"https:\/\/selleetools.com\/pl\/wp-json\/wp\/v2\/product\/608979"}],"collection":[{"href":"https:\/\/selleetools.com\/pl\/wp-json\/wp\/v2\/product"}],"about":[{"href":"https:\/\/selleetools.com\/pl\/wp-json\/wp\/v2\/types\/product"}],"replies":[{"embeddable":true,"href":"https:\/\/selleetools.com\/pl\/wp-json\/wp\/v2\/comments?post=608979"}],"wp:featuredmedia":[{"embeddable":true,"href":"https:\/\/selleetools.com\/pl\/wp-json\/wp\/v2\/media\/608977"}],"wp:attachment":[{"href":"https:\/\/selleetools.com\/pl\/wp-json\/wp\/v2\/media?parent=608979"}],"curies":[{"name":"wp","href":"https:\/\/api.w.org\/{rel}","templated":true}]}}