{"id":608973,"date":"2025-10-24T14:27:35","date_gmt":"2025-10-24T12:27:35","guid":{"rendered":"https:\/\/selleetools.com\/?post_type=product&#038;p=608973"},"modified":"2025-11-04T21:34:44","modified_gmt":"2025-11-04T20:34:44","slug":"peripera-ink-jellable-tint-02-pink-difference-3-7-g-zelowy-tint-do-ust-rozowy","status":"publish","type":"product","link":"https:\/\/selleetools.com\/pl\/product\/peripera-ink-jellable-tint-02-pink-difference-3-7-g-zelowy-tint-do-ust-rozowy\/","title":{"rendered":"Peripera Ink Jellable Tint #02 Pink Difference 3.7 g &#8211; \u017celowy tint do ust r\u00f3\u017cowy"},"content":{"rendered":"<p>Nadaj swoim ustom \u015bwie\u017cy, dziewcz\u0119cy wygl\u0105d dzi\u0119ki \u017celowemu tintowi Peripera Ink Jellable Tint #02 Pink Difference \u2013 w odcieniu soczystego r\u00f3\u017cu z ch\u0142odnymi podtonami. Jego lekka, galaretkowata konsystencja g\u0142adko rozprowadza si\u0119 na ustach, pozostawiaj\u0105c efekt wilgotnych, pe\u0142nych warg bez uczucia lepko\u015bci.<\/p>\n<p>Korzy\u015bci ze stosowania:<br \/>\nIntensywny kolor: ch\u0142odny r\u00f3\u017c o \u017cywym wyko\u0144czeniu, kt\u00f3ry dopasowuje si\u0119 do odcienia ust i podkre\u015bla naturalne pi\u0119kno.<br \/>\nNawil\u017caj\u0105ca formu\u0142a: zawarto\u015b\u0107 glicerolu, glikolu butylenowego i olejk\u00f3w silikonowych pomaga utrzyma\u0107 odpowiedni poziom nawil\u017cenia.<br \/>\nG\u0142adka aplikacja: innowacyjna konsystencja \u017celu otula usta mi\u0119kk\u0105 warstw\u0105 koloru bez smug i grudek.<br \/>\nD\u0142ugotrwa\u0142y efekt: pigmenty barwi\u0105ce pozostaj\u0105 na ustach przez wiele godzin, nawet po jedzeniu czy piciu.<\/p>\n<p>Spos\u00f3b u\u017cycia:<br \/>\nNa\u0142\u00f3\u017c niewielk\u0105 ilo\u015b\u0107 tintu na \u015brodek ust i rozprowad\u017a palcem lub aplikatorem ku zewn\u0119trznym kraw\u0119dziom, uzyskuj\u0105c efekt delikatnego ombr\u00e9 lub pe\u0142nego krycia. Aby uzyska\u0107 intensywniejszy kolor, na\u0142\u00f3\u017c kolejn\u0105 warstw\u0119.<\/p>\n","protected":false},"excerpt":{"rendered":"<p>Nadaj swoim ustom \u015bwie\u017cy, dziewcz\u0119cy wygl\u0105d dzi\u0119ki \u017celowemu tintowi Peripera Ink Jellable Tint #02 Pink Difference \u2013 w odcieniu soczystego r\u00f3\u017cu z ch\u0142odnymi podtonami. Jego lekka, galaretkowata konsystencja g\u0142adko rozprowadza si\u0119 na ustach, pozostawiaj\u0105c efekt wilgotnych, pe\u0142nych warg bez uczucia lepko\u015bci. Korzy\u015bci ze stosowania: Intensywny kolor: ch\u0142odny r\u00f3\u017c o \u017cywym wyko\u0144czeniu, kt\u00f3ry dopasowuje si\u0119 do &#8230; <a title=\"Peripera Ink Jellable Tint #02 Pink Difference 3.7 g &#8211; \u017celowy tint do ust r\u00f3\u017cowy\" class=\"read-more\" href=\"https:\/\/selleetools.com\/pl\/product\/peripera-ink-jellable-tint-02-pink-difference-3-7-g-zelowy-tint-do-ust-rozowy\/\">Read more<span class=\"screen-reader-text\">Peripera Ink Jellable Tint #02 Pink Difference 3.7 g &#8211; \u017celowy tint do ust r\u00f3\u017cowy<\/span><\/a><\/p>\n","protected":false},"featured_media":608971,"comment_status":"open","ping_status":"closed","template":"","meta":{"_links_to":"","_links_to_target":""},"yoast_head":"<!-- This site is optimized with the Yoast SEO plugin v19.4 - https:\/\/yoast.com\/wordpress\/plugins\/seo\/ -->\n<title>Peripera Ink Jellable Tint #02 Pink Difference 3.7 g - \u017celowy tint do ust r\u00f3\u017cowy - Selleetools.com<\/title>\n<meta name=\"robots\" content=\"index, follow, max-snippet:-1, max-image-preview:large, max-video-preview:-1\" \/>\n<link rel=\"canonical\" href=\"https:\/\/admincentral.selleetools.com\/pl\/product\/peripera-ink-jellable-tint-02-pink-difference-3-7-g-zelowy-tint-do-ust-rozowy\/\" \/>\n<meta property=\"og:locale\" content=\"pl_PL\" \/>\n<meta property=\"og:type\" content=\"article\" \/>\n<meta property=\"og:title\" content=\"Peripera Ink Jellable Tint #02 Pink Difference 3.7 g - \u017celowy tint do ust r\u00f3\u017cowy - Selleetools.com\" \/>\n<meta property=\"og:description\" content=\"Nadaj swoim ustom \u015bwie\u017cy, dziewcz\u0119cy wygl\u0105d dzi\u0119ki \u017celowemu tintowi Peripera Ink Jellable Tint #02 Pink Difference \u2013 w odcieniu soczystego r\u00f3\u017cu z ch\u0142odnymi podtonami. Jego lekka, galaretkowata konsystencja g\u0142adko rozprowadza si\u0119 na ustach, pozostawiaj\u0105c efekt wilgotnych, pe\u0142nych warg bez uczucia lepko\u015bci. Korzy\u015bci ze stosowania: Intensywny kolor: ch\u0142odny r\u00f3\u017c o \u017cywym wyko\u0144czeniu, kt\u00f3ry dopasowuje si\u0119 do ... Read morePeripera Ink Jellable Tint #02 Pink Difference 3.7 g &#8211; \u017celowy tint do ust r\u00f3\u017cowy\" \/>\n<meta property=\"og:url\" content=\"https:\/\/admincentral.selleetools.com\/pl\/product\/peripera-ink-jellable-tint-02-pink-difference-3-7-g-zelowy-tint-do-ust-rozowy\/\" \/>\n<meta property=\"og:site_name\" content=\"Selleetools.com\" \/>\n<meta property=\"article:modified_time\" content=\"2025-11-04T20:34:44+00:00\" \/>\n<meta property=\"og:image\" content=\"https:\/\/selleetools.com\/wp-content\/uploads\/2025\/10\/73ce91c11cf23128f8dd3526c727c9aa.png\" \/>\n\t<meta property=\"og:image:width\" content=\"1080\" \/>\n\t<meta property=\"og:image:height\" content=\"1080\" \/>\n\t<meta property=\"og:image:type\" content=\"image\/png\" \/>\n<meta name=\"twitter:card\" content=\"summary_large_image\" \/>\n<meta name=\"twitter:label1\" content=\"Est. reading time\" \/>\n\t<meta name=\"twitter:data1\" content=\"1 minuta\" \/>\n<!-- \/ Yoast SEO plugin. -->","yoast_head_json":{"title":"Peripera Ink Jellable Tint #02 Pink Difference 3.7 g - \u017celowy tint do ust r\u00f3\u017cowy - Selleetools.com","robots":{"index":"index","follow":"follow","max-snippet":"max-snippet:-1","max-image-preview":"max-image-preview:large","max-video-preview":"max-video-preview:-1"},"canonical":"https:\/\/admincentral.selleetools.com\/pl\/product\/peripera-ink-jellable-tint-02-pink-difference-3-7-g-zelowy-tint-do-ust-rozowy\/","og_locale":"pl_PL","og_type":"article","og_title":"Peripera Ink Jellable Tint #02 Pink Difference 3.7 g - \u017celowy tint do ust r\u00f3\u017cowy - Selleetools.com","og_description":"Nadaj swoim ustom \u015bwie\u017cy, dziewcz\u0119cy wygl\u0105d dzi\u0119ki \u017celowemu tintowi Peripera Ink Jellable Tint #02 Pink Difference \u2013 w odcieniu soczystego r\u00f3\u017cu z ch\u0142odnymi podtonami. Jego lekka, galaretkowata konsystencja g\u0142adko rozprowadza si\u0119 na ustach, pozostawiaj\u0105c efekt wilgotnych, pe\u0142nych warg bez uczucia lepko\u015bci. Korzy\u015bci ze stosowania: Intensywny kolor: ch\u0142odny r\u00f3\u017c o \u017cywym wyko\u0144czeniu, kt\u00f3ry dopasowuje si\u0119 do ... Read morePeripera Ink Jellable Tint #02 Pink Difference 3.7 g &#8211; \u017celowy tint do ust r\u00f3\u017cowy","og_url":"https:\/\/admincentral.selleetools.com\/pl\/product\/peripera-ink-jellable-tint-02-pink-difference-3-7-g-zelowy-tint-do-ust-rozowy\/","og_site_name":"Selleetools.com","article_modified_time":"2025-11-04T20:34:44+00:00","og_image":[{"width":1080,"height":1080,"url":"https:\/\/selleetools.com\/wp-content\/uploads\/2025\/10\/73ce91c11cf23128f8dd3526c727c9aa.png","type":"image\/png"}],"twitter_card":"summary_large_image","twitter_misc":{"Est. reading time":"1 minuta"},"schema":{"@context":"https:\/\/schema.org","@graph":[{"@type":"Organization","@id":"https:\/\/selleetools.com\/#organization","name":"Selleetools","url":"https:\/\/selleetools.com\/","sameAs":[],"logo":{"@type":"ImageObject","inLanguage":"pl-PL","@id":"https:\/\/selleetools.com\/#\/schema\/logo\/image\/","url":"https:\/\/selleetools.com\/wp-content\/uploads\/2021\/10\/logo-dark.png","contentUrl":"https:\/\/selleetools.com\/wp-content\/uploads\/2021\/10\/logo-dark.png","width":320,"height":76,"caption":"Selleetools"},"image":{"@id":"https:\/\/selleetools.com\/#\/schema\/logo\/image\/"}},{"@type":"WebSite","@id":"https:\/\/selleetools.com\/#website","url":"https:\/\/selleetools.com\/","name":"Selleetools.com","description":"","publisher":{"@id":"https:\/\/selleetools.com\/#organization"},"potentialAction":[{"@type":"SearchAction","target":{"@type":"EntryPoint","urlTemplate":"https:\/\/selleetools.com\/?s={search_term_string}"},"query-input":"required name=search_term_string"}],"inLanguage":"pl-PL"},{"@type":"WebPage","@id":"https:\/\/admincentral.selleetools.com\/pl\/product\/peripera-ink-jellable-tint-02-pink-difference-3-7-g-zelowy-tint-do-ust-rozowy\/","url":"https:\/\/admincentral.selleetools.com\/pl\/product\/peripera-ink-jellable-tint-02-pink-difference-3-7-g-zelowy-tint-do-ust-rozowy\/","name":"Peripera Ink Jellable Tint #02 Pink Difference 3.7 g - \u017celowy tint do ust r\u00f3\u017cowy - Selleetools.com","isPartOf":{"@id":"https:\/\/selleetools.com\/#website"},"datePublished":"2025-10-24T12:27:35+00:00","dateModified":"2025-11-04T20:34:44+00:00","breadcrumb":{"@id":"https:\/\/admincentral.selleetools.com\/pl\/product\/peripera-ink-jellable-tint-02-pink-difference-3-7-g-zelowy-tint-do-ust-rozowy\/#breadcrumb"},"inLanguage":"pl-PL","potentialAction":[{"@type":"ReadAction","target":["https:\/\/admincentral.selleetools.com\/pl\/product\/peripera-ink-jellable-tint-02-pink-difference-3-7-g-zelowy-tint-do-ust-rozowy\/"]}]},{"@type":"BreadcrumbList","@id":"https:\/\/admincentral.selleetools.com\/pl\/product\/peripera-ink-jellable-tint-02-pink-difference-3-7-g-zelowy-tint-do-ust-rozowy\/#breadcrumb","itemListElement":[{"@type":"ListItem","position":1,"name":"Home","item":"https:\/\/selleetools.com\/pl\/"},{"@type":"ListItem","position":2,"name":"Katalog","item":"https:\/\/selleetools.com\/pl\/katalog\/"},{"@type":"ListItem","position":3,"name":"Peripera Ink Jellable Tint #02 Pink Difference 3.7 g &#8211; \u017celowy tint do ust r\u00f3\u017cowy"}]}]}},"_links":{"self":[{"href":"https:\/\/selleetools.com\/pl\/wp-json\/wp\/v2\/product\/608973"}],"collection":[{"href":"https:\/\/selleetools.com\/pl\/wp-json\/wp\/v2\/product"}],"about":[{"href":"https:\/\/selleetools.com\/pl\/wp-json\/wp\/v2\/types\/product"}],"replies":[{"embeddable":true,"href":"https:\/\/selleetools.com\/pl\/wp-json\/wp\/v2\/comments?post=608973"}],"wp:featuredmedia":[{"embeddable":true,"href":"https:\/\/selleetools.com\/pl\/wp-json\/wp\/v2\/media\/608971"}],"wp:attachment":[{"href":"https:\/\/selleetools.com\/pl\/wp-json\/wp\/v2\/media?parent=608973"}],"curies":[{"name":"wp","href":"https:\/\/api.w.org\/{rel}","templated":true}]}}